{"id":3721,"date":"2024-04-22T07:22:40","date_gmt":"2024-04-22T07:22:40","guid":{"rendered":"https:\/\/moyahousehold.com\/?post_type=product&#038;p=3721"},"modified":"2025-01-09T02:49:16","modified_gmt":"2025-01-09T02:49:16","slug":"wholesale-high-quality-salad-bowls","status":"publish","type":"product","link":"https:\/\/moyahousehold.com\/es\/producto\/wholesale-high-quality-salad-bowls\/","title":{"rendered":"Mayorista Ensaladera Personalizada con Cesta Filtrante, Soporte OEM &amp; ODM"},"content":{"rendered":"<div class=\"wp-block-columns is-layout-flex wp-container-core-columns-is-layout-9d6595d7 wp-block-columns-is-layout-flex\">\n<div class=\"wp-block-column is-layout-flow wp-block-column-is-layout-flow\">\n<h3 class=\"wp-block-heading\">Par\u00e1metros de la ensaladera personalizable<\/h3>\n\n\n\n<figure class=\"wp-block-table\"><table class=\"has-fixed-layout\"><tbody><tr><td>N\u00famero de modelo<\/td><td>Material<\/td><td>Color<\/td><td>Capacidad<\/td><td>Tama\u00f1o del producto\/cm<\/td><td>Tama\u00f1o de la caja exterior\/cm<\/td><td>N.W.\/kg<\/td><td>G.W\/kg\/Caja<\/td><\/tr><tr><td>MYTY001<\/td><td rowspan=\"5\">304<\/td><td rowspan=\"5\">Acero<\/td><td>16 cm<\/td><td>16*16*7<\/td><td>32*16*27<\/td><td>0.13<\/td><td>39.6<\/td><\/tr><tr><td>MYTY002<\/td><td>19 cm<\/td><td>19*19*8<\/td><td>38*19*29<\/td><td>0.2<\/td><td>40<\/td><\/tr><tr><td>MYTY003<\/td><td>22 cm<\/td><td>22*22*10<\/td><td>22*22*37<\/td><td>0.24<\/td><td>35.2<\/td><\/tr><tr><td>MYTY004<\/td><td>25 cm<\/td><td>25*25*10.5<\/td><td>25*25*32<\/td><td>0.34<\/td><td>32.4<\/td><\/tr><tr><td>MYTY005<\/td><td>28 cm<\/td><td>28*28*12<\/td><td>28*28*26<\/td><td>0.43<\/td><td>25.2<\/td><\/tr><\/tbody><\/table><\/figure>\n\n\n\n<h3 class=\"wp-block-heading\">Opciones de ensaladeras personalizadas<\/h3>\n\n\n\n<p><strong>Logotipo<\/strong>Personalice el logotipo de su marca en los envases y embalajes de alimentos.<br><strong>Opciones de logotipo<\/strong>: Le ofrecemos m\u00e9todos de grabado por l\u00e1ser o transferencia t\u00e9rmica para a\u00f1adir su logotipo a la ensaladera.<br><strong>Patr\u00f3n<\/strong>Impresi\u00f3n de motivos en ensaladera.<br><strong>Tecnolog\u00eda de impresi\u00f3n<\/strong>: Ofrecemos serigraf\u00eda, transferencia de calor, impresi\u00f3n por transferencia de agua para a\u00f1adir patrones a sus productos.<br><strong>Paquete<\/strong>:Puede enviarnos el archivo y le personalizaremos la caja de color para ensaladera.<br><a href=\"https:\/\/moyahousehold.com\/es\/solucion-personalizada\/\"><strong>M\u00e1s personalizaci\u00f3n<\/strong><\/a><\/p>\n<\/div>\n<\/div>\n\n\n\n<div class=\"wp-block-columns is-layout-flex wp-container-core-columns-is-layout-9d6595d7 wp-block-columns-is-layout-flex\">\n<div class=\"wp-block-column is-layout-flow wp-block-column-is-layout-flow\">\n<figure class=\"wp-block-image size-full\"><img fetchpriority=\"high\" decoding=\"async\" width=\"3587\" height=\"3587\" src=\"https:\/\/moyahousehold.com\/wp-content\/uploads\/2024\/04\/custom-salad-bowl-detail-1.webp\" alt=\"detalle de ensaladera personalizada (1)\" class=\"wp-image-7923\" srcset=\"https:\/\/moyahousehold.com\/wp-content\/uploads\/2024\/04\/custom-salad-bowl-detail-1.webp 3587w, https:\/\/moyahousehold.com\/wp-content\/uploads\/2024\/04\/custom-salad-bowl-detail-1-300x300.webp 300w, https:\/\/moyahousehold.com\/wp-content\/uploads\/2024\/04\/custom-salad-bowl-detail-1-150x150.webp 150w, https:\/\/moyahousehold.com\/wp-content\/uploads\/2024\/04\/custom-salad-bowl-detail-1-768x768.webp 768w, https:\/\/moyahousehold.com\/wp-content\/uploads\/2024\/04\/custom-salad-bowl-detail-1-12x12.webp 12w, https:\/\/moyahousehold.com\/wp-content\/uploads\/2024\/04\/custom-salad-bowl-detail-1-285x285.webp 285w, https:\/\/moyahousehold.com\/wp-content\/uploads\/2024\/04\/custom-salad-bowl-detail-1-1600x1600.webp 1600w, https:\/\/moyahousehold.com\/wp-content\/uploads\/2024\/04\/custom-salad-bowl-detail-1-270x270.webp 270w, https:\/\/moyahousehold.com\/wp-content\/uploads\/2024\/04\/custom-salad-bowl-detail-1-540x540.webp 540w, https:\/\/moyahousehold.com\/wp-content\/uploads\/2024\/04\/custom-salad-bowl-detail-1-660x660.webp 660w\" sizes=\"(max-width: 3587px) 100vw, 3587px\" \/><\/figure>\n<\/div>\n\n\n\n<div class=\"wp-block-column is-layout-flow wp-block-column-is-layout-flow\">\n<figure class=\"wp-block-image size-full\"><img decoding=\"async\" width=\"3441\" height=\"3441\" src=\"https:\/\/moyahousehold.com\/wp-content\/uploads\/2024\/04\/custom-salad-bowl-detail.webp\" alt=\"detalle de ensaladera personalizada\" class=\"wp-image-7924\" srcset=\"https:\/\/moyahousehold.com\/wp-content\/uploads\/2024\/04\/custom-salad-bowl-detail.webp 3441w, https:\/\/moyahousehold.com\/wp-content\/uploads\/2024\/04\/custom-salad-bowl-detail-300x300.webp 300w, https:\/\/moyahousehold.com\/wp-content\/uploads\/2024\/04\/custom-salad-bowl-detail-150x150.webp 150w, https:\/\/moyahousehold.com\/wp-content\/uploads\/2024\/04\/custom-salad-bowl-detail-768x768.webp 768w, https:\/\/moyahousehold.com\/wp-content\/uploads\/2024\/04\/custom-salad-bowl-detail-12x12.webp 12w, https:\/\/moyahousehold.com\/wp-content\/uploads\/2024\/04\/custom-salad-bowl-detail-285x285.webp 285w, https:\/\/moyahousehold.com\/wp-content\/uploads\/2024\/04\/custom-salad-bowl-detail-1600x1600.webp 1600w, https:\/\/moyahousehold.com\/wp-content\/uploads\/2024\/04\/custom-salad-bowl-detail-270x270.webp 270w, https:\/\/moyahousehold.com\/wp-content\/uploads\/2024\/04\/custom-salad-bowl-detail-540x540.webp 540w, https:\/\/moyahousehold.com\/wp-content\/uploads\/2024\/04\/custom-salad-bowl-detail-660x660.webp 660w\" sizes=\"(max-width: 3441px) 100vw, 3441px\" \/><\/figure>\n<\/div>\n<\/div>\n\n\n\n<div class=\"wp-block-columns is-layout-flex wp-container-core-columns-is-layout-9d6595d7 wp-block-columns-is-layout-flex\">\n<div class=\"wp-block-column is-layout-flow wp-block-column-is-layout-flow\"><\/div>\n\n\n\n<div class=\"wp-block-column is-layout-flow wp-block-column-is-layout-flow\"><\/div>\n<\/div>","protected":false},"excerpt":{"rendered":"<p>Mayorista de ensaladeras personalizadas con eficaz cesta coladora, adecuadas para mezclar ensalada de verduras y lavar arroz. Ofrecemos una variedad de opciones de personalizaci\u00f3n, puede elegir su patr\u00f3n y color favoritos para personalizar una ensaladera \u00fanica. P\u00f3ngase en contacto con nosotros.<\/p>\n<h3>Caracter\u00edsticas y ventajas de la ensaladera personalizable<\/h3>\n<div>\n<p><strong>Material de acero inoxidable 304:<\/strong> Esta ensaladera est\u00e1 fabricada en acero inoxidable 304 de alta calidad, y la pared interior est\u00e1 pulida para evitar eficazmente que los alimentos se peguen y facilitar su limpieza.<\/p>\n<p><strong>Marcas de escala incorporadas:<\/strong> Esta ensaladera personalizable lleva incorporadas marcas de escala claras y f\u00e1ciles de leer para ayudarle a controlar con precisi\u00f3n la cantidad de ingredientes, evitar el desperdicio y garantizar que cada plato tenga el sabor justo.<\/p>\n<p><strong>Versatilidad:<\/strong> No s\u00f3lo puede utilizarse como bol de sala, sino que tambi\u00e9n es adecuado para lavar arroz, verduras, frutas u otros ingredientes de grano peque\u00f1o, con diversas funciones.<\/p>\n<p><strong>Eficaz cesta filtrante de drenaje:<\/strong> Equipado con una cesta filtrante de acero inoxidable, el filtro tiene finos orificios filtrantes, que pueden drenar el agua de forma r\u00e1pida y eficaz y evitar que se pierdan los granos de arroz.<\/p>\n<p><strong>Servicio de ensaladera personalizada OEM y ODM:<\/strong> Como fabricantes de ensaladeras, ofrecemos soluciones de ensaladeras personalizadas de calidad profesional para ayudarle a crear la ensaladera de la mejor marca a partir de m\u00faltiples dimensiones.<\/p>\n<p>7. Como fabricante de ensaladeras, podemos personalizar el aspecto, el tama\u00f1o y el logotipo de la ensaladera para usted. P\u00f3ngase en contacto con nosotros para obtener soluciones personalizadas.<\/div>","protected":false},"featured_media":9832,"comment_status":"open","ping_status":"closed","template":"","meta":[],"product_cat":[55],"product_tag":[],"class_list":{"0":"post-3721","1":"product","2":"type-product","3":"status-publish","4":"has-post-thumbnail","6":"product_cat-salad-bowl-wholesale","8":"first","9":"instock","10":"shipping-taxable","11":"product-type-simple"},"_links":{"self":[{"href":"https:\/\/moyahousehold.com\/es\/wp-json\/wp\/v2\/product\/3721","targetHints":{"allow":["GET"]}}],"collection":[{"href":"https:\/\/moyahousehold.com\/es\/wp-json\/wp\/v2\/product"}],"about":[{"href":"https:\/\/moyahousehold.com\/es\/wp-json\/wp\/v2\/types\/product"}],"replies":[{"embeddable":true,"href":"https:\/\/moyahousehold.com\/es\/wp-json\/wp\/v2\/comments?post=3721"}],"version-history":[{"count":1,"href":"https:\/\/moyahousehold.com\/es\/wp-json\/wp\/v2\/product\/3721\/revisions"}],"predecessor-version":[{"id":12941,"href":"https:\/\/moyahousehold.com\/es\/wp-json\/wp\/v2\/product\/3721\/revisions\/12941"}],"wp:featuredmedia":[{"embeddable":true,"href":"https:\/\/moyahousehold.com\/es\/wp-json\/wp\/v2\/media\/9832"}],"wp:attachment":[{"href":"https:\/\/moyahousehold.com\/es\/wp-json\/wp\/v2\/media?parent=3721"}],"wp:term":[{"taxonomy":"product_cat","embeddable":true,"href":"https:\/\/moyahousehold.com\/es\/wp-json\/wp\/v2\/product_cat?post=3721"},{"taxonomy":"product_tag","embeddable":true,"href":"https:\/\/moyahousehold.com\/es\/wp-json\/wp\/v2\/product_tag?post=3721"}],"curies":[{"name":"wp","href":"https:\/\/api.w.org\/{rel}","templated":true}]}}