{"id":3772,"date":"2024-04-22T13:41:38","date_gmt":"2024-04-22T13:41:38","guid":{"rendered":"https:\/\/moyahousehold.com\/?post_type=product&#038;p=3772"},"modified":"2026-04-12T03:36:09","modified_gmt":"2026-04-12T03:36:09","slug":"custom-bento-box-wholesale","status":"publish","type":"product","link":"https:\/\/moyahousehold.com\/es\/producto\/custom-bento-box-wholesale\/","title":{"rendered":"Caja Bento Personalizada al por Mayor con Asa Port\u00e1til y Aspecto Bonito"},"content":{"rendered":"<h2 class=\"wp-block-heading\">Parameters of Customizable Bento Box<\/h2>\n\n\n\n<figure class=\"wp-block-table\"><table class=\"has-fixed-layout\"><tbody><tr><td><strong>Art\u00edculo<\/strong><\/td><td><strong>Material<\/strong><\/td><td><strong>Color<\/strong><\/td><td><strong>Capacidad<\/strong><\/td><td><strong>Dimensi\u00f3n<\/strong><\/td><td><strong>N.W.\/PCS<\/strong><\/td><\/tr><tr><td>MYJD001<\/td><td>304 + PP<\/td><td>Beige\/caqui<\/td><td>920ml<\/td><td>21.5x15x8cm<\/td><td>0.43<\/td><\/tr><\/tbody><\/table><\/figure>\n\n\n\n<div class=\"wp-block-columns is-layout-flex wp-container-core-columns-is-layout-9d6595d7 wp-block-columns-is-layout-flex\">\n<div class=\"wp-block-column is-layout-flow wp-block-column-is-layout-flow\">\n<h3 class=\"wp-block-heading\">Opciones de cajas Bento personalizadas<\/h3>\n\n\n\n<p><strong>Logotipo:<\/strong> Custom your brand logo on product and package.<br><strong>Logo Options:<\/strong> Printed logo, laser engraved logo, etc.<br><strong>Patr\u00f3n: <\/strong>Printing patterns on Bento Boxs<br><strong>Printing Technology:<\/strong> Water transfer printing, silk screen printing, heat transfer printing, sublimation transfer, etc.<br><strong>Paquete:<\/strong> Color box<br><a href=\"https:\/\/moyahousehold.com\/es\/solucion-personalizada\/\"><strong>M\u00e1s personalizaci\u00f3n<\/strong><\/a><\/p>\n<\/div>\n<\/div>\n\n\n\n<div class=\"wp-block-columns is-layout-flex wp-container-core-columns-is-layout-9d6595d7 wp-block-columns-is-layout-flex\">\n<div class=\"wp-block-column is-layout-flow wp-block-column-is-layout-flow\">\n<figure class=\"wp-block-image size-full\"><img fetchpriority=\"high\" decoding=\"async\" width=\"3648\" height=\"3648\" src=\"https:\/\/moyahousehold.com\/wp-content\/uploads\/2024\/04\/JD-\u52a0\u9ad8\u996d\u76d2-2.jpg\" alt=\"Bento Box with Stainless Steel Compartments, Leakproof Lid, and Built-in Utensil - Beige Lunch Box for Work\/School\" class=\"wp-image-12947\" srcset=\"https:\/\/moyahousehold.com\/wp-content\/uploads\/2024\/04\/JD-\u52a0\u9ad8\u996d\u76d2-2.jpg 3648w, https:\/\/moyahousehold.com\/wp-content\/uploads\/2024\/04\/JD-\u52a0\u9ad8\u996d\u76d2-2-300x300.jpg 300w, https:\/\/moyahousehold.com\/wp-content\/uploads\/2024\/04\/JD-\u52a0\u9ad8\u996d\u76d2-2-150x150.jpg 150w, https:\/\/moyahousehold.com\/wp-content\/uploads\/2024\/04\/JD-\u52a0\u9ad8\u996d\u76d2-2-768x768.jpg 768w, https:\/\/moyahousehold.com\/wp-content\/uploads\/2024\/04\/JD-\u52a0\u9ad8\u996d\u76d2-2-12x12.jpg 12w, https:\/\/moyahousehold.com\/wp-content\/uploads\/2024\/04\/JD-\u52a0\u9ad8\u996d\u76d2-2-285x285.jpg 285w, https:\/\/moyahousehold.com\/wp-content\/uploads\/2024\/04\/JD-\u52a0\u9ad8\u996d\u76d2-2-1600x1600.jpg 1600w, https:\/\/moyahousehold.com\/wp-content\/uploads\/2024\/04\/JD-\u52a0\u9ad8\u996d\u76d2-2-270x270.jpg 270w, https:\/\/moyahousehold.com\/wp-content\/uploads\/2024\/04\/JD-\u52a0\u9ad8\u996d\u76d2-2-540x540.jpg 540w, https:\/\/moyahousehold.com\/wp-content\/uploads\/2024\/04\/JD-\u52a0\u9ad8\u996d\u76d2-2-660x660.jpg 660w\" sizes=\"(max-width: 3648px) 100vw, 3648px\" \/><\/figure>\n<\/div>\n\n\n\n<div class=\"wp-block-column is-layout-flow wp-block-column-is-layout-flow\">\n<figure class=\"wp-block-image size-full\"><img decoding=\"async\" width=\"3585\" height=\"3585\" src=\"https:\/\/moyahousehold.com\/wp-content\/uploads\/2024\/04\/JD-\u52a0\u9ad8\u996d\u76d2-13.jpg\" alt=\"Bento Box with Stainless Steel Compartments, Leakproof Lid, and Built-in Utensil - Beige Lunch Box for Work\/School\" class=\"wp-image-12945\" srcset=\"https:\/\/moyahousehold.com\/wp-content\/uploads\/2024\/04\/JD-\u52a0\u9ad8\u996d\u76d2-13.jpg 3585w, https:\/\/moyahousehold.com\/wp-content\/uploads\/2024\/04\/JD-\u52a0\u9ad8\u996d\u76d2-13-300x300.jpg 300w, https:\/\/moyahousehold.com\/wp-content\/uploads\/2024\/04\/JD-\u52a0\u9ad8\u996d\u76d2-13-150x150.jpg 150w, https:\/\/moyahousehold.com\/wp-content\/uploads\/2024\/04\/JD-\u52a0\u9ad8\u996d\u76d2-13-768x768.jpg 768w, https:\/\/moyahousehold.com\/wp-content\/uploads\/2024\/04\/JD-\u52a0\u9ad8\u996d\u76d2-13-12x12.jpg 12w, https:\/\/moyahousehold.com\/wp-content\/uploads\/2024\/04\/JD-\u52a0\u9ad8\u996d\u76d2-13-285x285.jpg 285w, https:\/\/moyahousehold.com\/wp-content\/uploads\/2024\/04\/JD-\u52a0\u9ad8\u996d\u76d2-13-1600x1600.jpg 1600w, https:\/\/moyahousehold.com\/wp-content\/uploads\/2024\/04\/JD-\u52a0\u9ad8\u996d\u76d2-13-270x270.jpg 270w, https:\/\/moyahousehold.com\/wp-content\/uploads\/2024\/04\/JD-\u52a0\u9ad8\u996d\u76d2-13-540x540.jpg 540w, https:\/\/moyahousehold.com\/wp-content\/uploads\/2024\/04\/JD-\u52a0\u9ad8\u996d\u76d2-13-660x660.jpg 660w\" sizes=\"(max-width: 3585px) 100vw, 3585px\" \/><\/figure>\n<\/div>\n<\/div>\n\n\n\n<div class=\"wp-block-columns is-layout-flex wp-container-core-columns-is-layout-9d6595d7 wp-block-columns-is-layout-flex\">\n<div class=\"wp-block-column is-layout-flow wp-block-column-is-layout-flow\">\n<figure class=\"wp-block-image size-full\"><img decoding=\"async\" width=\"3642\" height=\"3642\" src=\"https:\/\/moyahousehold.com\/wp-content\/uploads\/2024\/04\/JD-\u52a0\u9ad8\u996d\u76d2-3.jpg\" alt=\"Bento Box with Stainless Steel Compartments, Leakproof Lid, and Built-in Utensil - Beige Lunch Box for Work\/School\" class=\"wp-image-12944\" srcset=\"https:\/\/moyahousehold.com\/wp-content\/uploads\/2024\/04\/JD-\u52a0\u9ad8\u996d\u76d2-3.jpg 3642w, https:\/\/moyahousehold.com\/wp-content\/uploads\/2024\/04\/JD-\u52a0\u9ad8\u996d\u76d2-3-300x300.jpg 300w, https:\/\/moyahousehold.com\/wp-content\/uploads\/2024\/04\/JD-\u52a0\u9ad8\u996d\u76d2-3-150x150.jpg 150w, https:\/\/moyahousehold.com\/wp-content\/uploads\/2024\/04\/JD-\u52a0\u9ad8\u996d\u76d2-3-768x768.jpg 768w, https:\/\/moyahousehold.com\/wp-content\/uploads\/2024\/04\/JD-\u52a0\u9ad8\u996d\u76d2-3-12x12.jpg 12w, https:\/\/moyahousehold.com\/wp-content\/uploads\/2024\/04\/JD-\u52a0\u9ad8\u996d\u76d2-3-285x285.jpg 285w, https:\/\/moyahousehold.com\/wp-content\/uploads\/2024\/04\/JD-\u52a0\u9ad8\u996d\u76d2-3-1600x1600.jpg 1600w, https:\/\/moyahousehold.com\/wp-content\/uploads\/2024\/04\/JD-\u52a0\u9ad8\u996d\u76d2-3-270x270.jpg 270w, https:\/\/moyahousehold.com\/wp-content\/uploads\/2024\/04\/JD-\u52a0\u9ad8\u996d\u76d2-3-540x540.jpg 540w, https:\/\/moyahousehold.com\/wp-content\/uploads\/2024\/04\/JD-\u52a0\u9ad8\u996d\u76d2-3-660x660.jpg 660w\" sizes=\"(max-width: 3642px) 100vw, 3642px\" \/><\/figure>\n<\/div>\n\n\n\n<div class=\"wp-block-column is-layout-flow wp-block-column-is-layout-flow\">\n<figure class=\"wp-block-image size-full\"><img loading=\"lazy\" decoding=\"async\" width=\"3610\" height=\"3610\" src=\"https:\/\/moyahousehold.com\/wp-content\/uploads\/2024\/04\/JD-\u52a0\u9ad8\u996d\u76d2-15.jpg\" alt=\"Bento Box with Stainless Steel Compartments, Leakproof Lid, and Built-in Utensil - Beige Lunch Box for Work\/School\" class=\"wp-image-12946\" srcset=\"https:\/\/moyahousehold.com\/wp-content\/uploads\/2024\/04\/JD-\u52a0\u9ad8\u996d\u76d2-15.jpg 3610w, https:\/\/moyahousehold.com\/wp-content\/uploads\/2024\/04\/JD-\u52a0\u9ad8\u996d\u76d2-15-300x300.jpg 300w, https:\/\/moyahousehold.com\/wp-content\/uploads\/2024\/04\/JD-\u52a0\u9ad8\u996d\u76d2-15-150x150.jpg 150w, https:\/\/moyahousehold.com\/wp-content\/uploads\/2024\/04\/JD-\u52a0\u9ad8\u996d\u76d2-15-768x768.jpg 768w, https:\/\/moyahousehold.com\/wp-content\/uploads\/2024\/04\/JD-\u52a0\u9ad8\u996d\u76d2-15-12x12.jpg 12w, https:\/\/moyahousehold.com\/wp-content\/uploads\/2024\/04\/JD-\u52a0\u9ad8\u996d\u76d2-15-285x285.jpg 285w, https:\/\/moyahousehold.com\/wp-content\/uploads\/2024\/04\/JD-\u52a0\u9ad8\u996d\u76d2-15-1600x1600.jpg 1600w, https:\/\/moyahousehold.com\/wp-content\/uploads\/2024\/04\/JD-\u52a0\u9ad8\u996d\u76d2-15-270x270.jpg 270w, https:\/\/moyahousehold.com\/wp-content\/uploads\/2024\/04\/JD-\u52a0\u9ad8\u996d\u76d2-15-540x540.jpg 540w, https:\/\/moyahousehold.com\/wp-content\/uploads\/2024\/04\/JD-\u52a0\u9ad8\u996d\u76d2-15-660x660.jpg 660w\" sizes=\"(max-width: 3610px) 100vw, 3610px\" \/><\/figure>\n<\/div>\n<\/div>\n\n\n\n<p><\/p>","protected":false},"excerpt":{"rendered":"<p>Wholesale bento boxes. The bento boxes are made of high-quality stainless steel, lightweight and easy to carry, there are very suitable for outdoor picnics. Tightly fastened on all sides, no need to worry about spillage.\u00a0\u00a0<\/p>\n<h3>Caracter\u00edsticas y ventajas de la caja Bento<\/h3>\n<p><strong>Premium 304 Stainless Steel <\/strong>\u00a0Crafted with durable 304 stainless steel, the inner liner resists dents, rust, and corrosion while its smooth, non-porous surface ensures quick and thorough cleaning, keeping your meals hygienic and fresh for long-term daily use.<\/p>\n<p>&nbsp;<\/p>\n<div><strong> Leakproof 4-Side Lock<\/strong><\/div>\n<div>With a food-grade silicone seal and strong four-side locking buckles, this lunch box forms a tight, spill-proof barrier that securely contains liquids and sauces\u2014ideal for carrying in bags without worry.<\/div>\n<p>&nbsp;<\/p>\n<p><strong>Hidden Carry Handle\u00a0 \u00a0 \u00a0 \u00a0 \u00a0 \u00a0 \u00a0 \u00a0 <\/strong>Designed for on-the-go convenience, the discreet built-in handle offers a comfortable grip for easy transport to work, school, or outings, blending portability with a clean, compact look.<\/p>\n<h3>Servicios de personalizaci\u00f3n\u00a0<\/h3>\n<p>Como fabricante, ofrecemos opciones OEM y ODM. Personalice el aspecto, el tama\u00f1o y el logotipo para crear una ensaladera \u00fanica y adaptada a su marca. P\u00f3ngase en contacto con nosotros para obtener soluciones a medida.<\/p>\n<p><strong><a href=\"https:\/\/moyahousehold.com\/es\/solucion-personalizada\/\">Support OEM&amp;ODM<\/a><\/strong><\/p>","protected":false},"featured_media":8885,"comment_status":"closed","ping_status":"closed","template":"","meta":[],"product_cat":[58],"product_tag":[159,87,92],"class_list":{"0":"post-3772","1":"product","2":"type-product","3":"status-publish","4":"has-post-thumbnail","6":"product_cat-lunch-box-wholesale","7":"product_tag-bento-box-with-handle","8":"product_tag-wholesale-multi-compartment-lunch-box","9":"product_tag-wholesale-rectangle-lunch-box","11":"first","12":"instock","13":"shipping-taxable","14":"product-type-simple"},"_links":{"self":[{"href":"https:\/\/moyahousehold.com\/es\/wp-json\/wp\/v2\/product\/3772","targetHints":{"allow":["GET"]}}],"collection":[{"href":"https:\/\/moyahousehold.com\/es\/wp-json\/wp\/v2\/product"}],"about":[{"href":"https:\/\/moyahousehold.com\/es\/wp-json\/wp\/v2\/types\/product"}],"replies":[{"embeddable":true,"href":"https:\/\/moyahousehold.com\/es\/wp-json\/wp\/v2\/comments?post=3772"}],"version-history":[{"count":7,"href":"https:\/\/moyahousehold.com\/es\/wp-json\/wp\/v2\/product\/3772\/revisions"}],"predecessor-version":[{"id":12958,"href":"https:\/\/moyahousehold.com\/es\/wp-json\/wp\/v2\/product\/3772\/revisions\/12958"}],"wp:featuredmedia":[{"embeddable":true,"href":"https:\/\/moyahousehold.com\/es\/wp-json\/wp\/v2\/media\/8885"}],"wp:attachment":[{"href":"https:\/\/moyahousehold.com\/es\/wp-json\/wp\/v2\/media?parent=3772"}],"wp:term":[{"taxonomy":"product_cat","embeddable":true,"href":"https:\/\/moyahousehold.com\/es\/wp-json\/wp\/v2\/product_cat?post=3772"},{"taxonomy":"product_tag","embeddable":true,"href":"https:\/\/moyahousehold.com\/es\/wp-json\/wp\/v2\/product_tag?post=3772"}],"curies":[{"name":"wp","href":"https:\/\/api.w.org\/{rel}","templated":true}]}}