{"id":3794,"date":"2024-04-23T00:41:19","date_gmt":"2024-04-23T00:41:19","guid":{"rendered":"https:\/\/moyahousehold.com\/?post_type=product&#038;p=3794"},"modified":"2025-02-05T10:24:58","modified_gmt":"2025-02-05T10:24:58","slug":"wholesale-environmentally-friendly-food-storage-containers","status":"publish","type":"product","link":"https:\/\/moyahousehold.com\/es\/producto\/mayorista-de-envases-para-alimentos\/","title":{"rendered":"Mayorista de Envases Ecol\u00f3gicos para Conservar Alimentos: Los Envases Reutilizables para Alimentos"},"content":{"rendered":"<div class=\"wp-block-columns is-layout-flex wp-container-core-columns-is-layout-9d6595d7 wp-block-columns-is-layout-flex\">\n<div class=\"wp-block-column is-layout-flow wp-block-column-is-layout-flow\">\n<h3 class=\"wp-block-heading\">Par\u00e1metros de los recipientes reutilizables de acero inoxidable para alimentos<\/h3>\n\n\n\n<figure class=\"wp-block-table\"><table class=\"has-fixed-layout\"><tbody><tr><td>N\u00famero de modelo<\/td><td>Material<\/td><td>Color<\/td><td>Capacidad<\/td><td>Tama\u00f1o del producto<\/td><td>Dimensiones de la caja exterior<\/td><td>CANT\/CTN<\/td><td>N.O.<\/td><td>G.W.<\/td><\/tr><tr><td>MYJD016<\/td><td rowspan=\"3\">304+PP<\/td><td rowspan=\"3\">Tapa negra<br>cuerpo de acero<\/td><td>350 ml<\/td><td>14.5*11.5*5<\/td><td>58*45*56<\/td><td>160<\/td><td>0.13&nbsp;<\/td><td>23.8<\/td><\/tr><tr><td>MYJD017<\/td><td>550 ml<\/td><td>16.5*12.5*5.5<\/td><td>64*50*50<\/td><td>120<\/td><td>0.16&nbsp;<\/td><td>22.2<\/td><\/tr><tr><td>MYJD018<\/td><td>850 ml<\/td><td>19.5*14.5*6.5<\/td><td>76*54*43<\/td><td>96<\/td><td>0.23&nbsp;<\/td><td>25.08<\/td><\/tr><\/tbody><\/table><\/figure>\n<\/div>\n<\/div>\n\n\n\n<div class=\"wp-block-columns is-layout-flex wp-container-core-columns-is-layout-9d6595d7 wp-block-columns-is-layout-flex\">\n<div class=\"wp-block-column is-layout-flow wp-block-column-is-layout-flow\">\n<h3 class=\"wp-block-heading\">Opciones de envases personalizados para alimentos<\/h3>\n\n\n\n<p><strong>Logotipo<\/strong>: personalice el logotipo de su marca en envases y embalajes para alimentos.<br><strong>Tapa<\/strong>tapas de vidrio \/ tapas de PP<br><strong>Opciones de logotipo<\/strong>: Ponemos a su disposici\u00f3n m\u00e9todos de grabado por l\u00e1ser o transferencia t\u00e9rmica para a\u00f1adir su logotipo a los envases alimentarios.<br><strong>Patr\u00f3n<\/strong>Impresi\u00f3n de motivos en contadores de alimentos.<br><strong>Tecnolog\u00eda de impresi\u00f3n<\/strong>: Ofrecemos serigraf\u00eda, transferencia de calor, impresi\u00f3n por transferencia de agua para a\u00f1adir patrones a sus productos.<br><strong>Paquete<\/strong>:Caja de color<br><a href=\"https:\/\/moyahousehold.com\/es\/solucion-personalizada\/\"><strong>Descubra m\u00e1s soluciones de envases alimentarios personalizados. <\/strong><\/a><\/p>\n<\/div>\n<\/div>\n\n\n\n<div class=\"wp-block-columns is-layout-flex wp-container-core-columns-is-layout-9d6595d7 wp-block-columns-is-layout-flex\">\n<div class=\"wp-block-column is-layout-flow wp-block-column-is-layout-flow\">\n<figure class=\"wp-block-image size-full\"><img fetchpriority=\"high\" decoding=\"async\" width=\"1500\" height=\"1500\" src=\"https:\/\/moyahousehold.com\/wp-content\/uploads\/2024\/04\/Wholesale-Environmentally-Friendly-Food-Storage-Containers-1.jpg\" alt=\"Mayorista Recipientes ecol\u00f3gicos para alimentos (1)\" class=\"wp-image-9277\" srcset=\"https:\/\/moyahousehold.com\/wp-content\/uploads\/2024\/04\/Wholesale-Environmentally-Friendly-Food-Storage-Containers-1.jpg 1500w, https:\/\/moyahousehold.com\/wp-content\/uploads\/2024\/04\/Wholesale-Environmentally-Friendly-Food-Storage-Containers-1-300x300.jpg 300w, https:\/\/moyahousehold.com\/wp-content\/uploads\/2024\/04\/Wholesale-Environmentally-Friendly-Food-Storage-Containers-1-150x150.jpg 150w, https:\/\/moyahousehold.com\/wp-content\/uploads\/2024\/04\/Wholesale-Environmentally-Friendly-Food-Storage-Containers-1-768x768.jpg 768w, https:\/\/moyahousehold.com\/wp-content\/uploads\/2024\/04\/Wholesale-Environmentally-Friendly-Food-Storage-Containers-1-12x12.jpg 12w, https:\/\/moyahousehold.com\/wp-content\/uploads\/2024\/04\/Wholesale-Environmentally-Friendly-Food-Storage-Containers-1-285x285.jpg 285w, https:\/\/moyahousehold.com\/wp-content\/uploads\/2024\/04\/Wholesale-Environmentally-Friendly-Food-Storage-Containers-1-270x270.jpg 270w, https:\/\/moyahousehold.com\/wp-content\/uploads\/2024\/04\/Wholesale-Environmentally-Friendly-Food-Storage-Containers-1-540x540.jpg 540w, https:\/\/moyahousehold.com\/wp-content\/uploads\/2024\/04\/Wholesale-Environmentally-Friendly-Food-Storage-Containers-1-660x660.jpg 660w\" sizes=\"(max-width: 1500px) 100vw, 1500px\" \/><\/figure>\n<\/div>\n\n\n\n<div class=\"wp-block-column is-layout-flow wp-block-column-is-layout-flow\">\n<figure class=\"wp-block-image size-full\"><img decoding=\"async\" width=\"1500\" height=\"1500\" src=\"https:\/\/moyahousehold.com\/wp-content\/uploads\/2024\/04\/Wholesale-Environmentally-Friendly-Food-Storage-Containers-2.jpg\" alt=\"Mayorista Recipientes ecol\u00f3gicos para alimentos (2)\" class=\"wp-image-9278\" srcset=\"https:\/\/moyahousehold.com\/wp-content\/uploads\/2024\/04\/Wholesale-Environmentally-Friendly-Food-Storage-Containers-2.jpg 1500w, https:\/\/moyahousehold.com\/wp-content\/uploads\/2024\/04\/Wholesale-Environmentally-Friendly-Food-Storage-Containers-2-300x300.jpg 300w, https:\/\/moyahousehold.com\/wp-content\/uploads\/2024\/04\/Wholesale-Environmentally-Friendly-Food-Storage-Containers-2-150x150.jpg 150w, https:\/\/moyahousehold.com\/wp-content\/uploads\/2024\/04\/Wholesale-Environmentally-Friendly-Food-Storage-Containers-2-768x768.jpg 768w, https:\/\/moyahousehold.com\/wp-content\/uploads\/2024\/04\/Wholesale-Environmentally-Friendly-Food-Storage-Containers-2-12x12.jpg 12w, https:\/\/moyahousehold.com\/wp-content\/uploads\/2024\/04\/Wholesale-Environmentally-Friendly-Food-Storage-Containers-2-285x285.jpg 285w, https:\/\/moyahousehold.com\/wp-content\/uploads\/2024\/04\/Wholesale-Environmentally-Friendly-Food-Storage-Containers-2-270x270.jpg 270w, https:\/\/moyahousehold.com\/wp-content\/uploads\/2024\/04\/Wholesale-Environmentally-Friendly-Food-Storage-Containers-2-540x540.jpg 540w, https:\/\/moyahousehold.com\/wp-content\/uploads\/2024\/04\/Wholesale-Environmentally-Friendly-Food-Storage-Containers-2-660x660.jpg 660w\" sizes=\"(max-width: 1500px) 100vw, 1500px\" \/><\/figure>\n<\/div>\n<\/div>","protected":false},"excerpt":{"rendered":"<p>Mayorista de Envases de Acero Inoxidable para Conservaci\u00f3n de Alimentos Nuestros envases de acero inoxidable para conservaci\u00f3n de alimentos son conocidos por su reutilizaci\u00f3n respetuosa con el medio ambiente y su multifuncionalidad. Los recipientes tienen un excelente rendimiento de sellado y son adecuados para almacenar una gran variedad de alimentos, incluidos alimentos frescos, alimentos cocinados, sopas, etc., al tiempo que admiten refrigeraci\u00f3n, congelaci\u00f3n y microondas, sustituyendo eficazmente a los recipientes de pl\u00e1stico desechables. Ofrecemos una gran variedad de especificaciones y opciones de venta al por mayor, y apoyamos los servicios de personalizaci\u00f3n OEM y ODM, no dude en contactar con nosotros.<\/p>\n<h3>Caracter\u00edsticas y ventajas del contenedor de alimentos<\/h3>\n<p><strong>Respetuoso con el medio ambiente y reutilizable: <\/strong>Fabricado en acero inoxidable engrosado de alta calidad para uso alimentario, es reutilizable y tiene una larga vida \u00fatil, lo que reduce eficazmente el uso de envases alimentarios desechables cada a\u00f1o.<\/p>\n<p><strong>Dise\u00f1o a prueba de fugas:<\/strong> Esta tapa de acero inoxidable para recipientes de alimentos adopta un mecanismo de cierre por los cuatro lados y est\u00e1 equipada con un anillo de sellado de silicona flexible en el interior para garantizar que los alimentos no se derramen.<\/p>\n<p><strong>F\u00e1cil de limpiar:<\/strong> La superficie del acero inoxidable est\u00e1 tratada con un proceso electrol\u00edtico, que no es f\u00e1cil de manchar con manchas de aceite, y el anillo de silicona incorporado se puede quitar f\u00e1cilmente, lo que hace que este recipiente para alimentos sea f\u00e1cil de limpiar.<\/p>\n<p><strong>Polivalente:<\/strong> Este contenedor de alimentos puede utilizarse para guardar ingredientes y restos de comidas, y tambi\u00e9n admite refrigeraci\u00f3n y congelaci\u00f3n para mantener los alimentos frescos.<\/p>\n<p><strong>Calentamiento por microondas:<\/strong> Su dise\u00f1o especial permite utilizarlo directamente para calentar en el microondas sin cambiar el recipiente, lo que lo convierte en un aliado perfecto para su cocina y su vida diaria.<\/p>","protected":false},"featured_media":9274,"comment_status":"closed","ping_status":"closed","template":"","meta":[],"product_cat":[57],"product_tag":[99],"class_list":{"0":"post-3794","1":"product","2":"type-product","3":"status-publish","4":"has-post-thumbnail","6":"product_cat-food-storage-container-wholesale","7":"product_tag-wholesale-rectangle-food-storage-containers","9":"first","10":"instock","11":"shipping-taxable","12":"product-type-simple"},"_links":{"self":[{"href":"https:\/\/moyahousehold.com\/es\/wp-json\/wp\/v2\/product\/3794","targetHints":{"allow":["GET"]}}],"collection":[{"href":"https:\/\/moyahousehold.com\/es\/wp-json\/wp\/v2\/product"}],"about":[{"href":"https:\/\/moyahousehold.com\/es\/wp-json\/wp\/v2\/types\/product"}],"replies":[{"embeddable":true,"href":"https:\/\/moyahousehold.com\/es\/wp-json\/wp\/v2\/comments?post=3794"}],"version-history":[{"count":0,"href":"https:\/\/moyahousehold.com\/es\/wp-json\/wp\/v2\/product\/3794\/revisions"}],"wp:featuredmedia":[{"embeddable":true,"href":"https:\/\/moyahousehold.com\/es\/wp-json\/wp\/v2\/media\/9274"}],"wp:attachment":[{"href":"https:\/\/moyahousehold.com\/es\/wp-json\/wp\/v2\/media?parent=3794"}],"wp:term":[{"taxonomy":"product_cat","embeddable":true,"href":"https:\/\/moyahousehold.com\/es\/wp-json\/wp\/v2\/product_cat?post=3794"},{"taxonomy":"product_tag","embeddable":true,"href":"https:\/\/moyahousehold.com\/es\/wp-json\/wp\/v2\/product_tag?post=3794"}],"curies":[{"name":"wp","href":"https:\/\/api.w.org\/{rel}","templated":true}]}}