{"id":3814,"date":"2024-04-23T03:07:09","date_gmt":"2024-04-23T03:07:09","guid":{"rendered":"https:\/\/moyahousehold.com\/?post_type=product&#038;p=3814"},"modified":"2024-12-04T04:31:41","modified_gmt":"2024-12-04T04:31:41","slug":"wholesale-milk-pot","status":"publish","type":"product","link":"https:\/\/moyahousehold.com\/es\/producto\/wholesale-milk-pot\/","title":{"rendered":"Mayorista Olla de Leche de Acero Inoxidable,Olla de Leche Hirviendo de Alta Calidad para Estufa y Horno Microondas"},"content":{"rendered":"<div class=\"wp-block-columns is-layout-flex wp-container-core-columns-is-layout-9d6595d7 wp-block-columns-is-layout-flex\">\n<div class=\"wp-block-column is-layout-flow wp-block-column-is-layout-flow\">\n<h3 class=\"wp-block-heading\">Par\u00e1metros del tarro de leche de acero inoxidable<\/h3>\n\n\n\n<figure class=\"wp-block-table\"><table class=\"has-fixed-layout\"><tbody><tr><td>N\u00famero de modelo<\/td><td>Con vaporizador<\/td><td>Capacidad<\/td><td>Dimensiones del producto (cm)<\/td><td>Tama\u00f1o exterior de la caja (cm)<\/td><td>Cantidad por caja<\/td><td>Peso neto (kg)<\/td><td>Peso bruto por caja (kg)<\/td><\/tr><tr><td>MYHL001<\/td><td>No<\/td><td>2L<\/td><td>18 x 18 x 10<\/td><td>79 x 41 x 43<\/td><td>12<\/td><td>1.28<\/td><td>17.36<\/td><\/tr><tr><td>MYHL002<\/td><td>S\u00ed<\/td><td>2L<\/td><td>18 x 18 x 10<\/td><td>79 x 41 x 43<\/td><td>12<\/td><td>1.53<\/td><td>20.36<\/td><\/tr><\/tbody><\/table><\/figure>\n\n\n\n<h2 class=\"wp-block-heading\">Opciones de bater\u00eda de cocina a medida<\/h2>\n\n\n\n<p><strong>Logotipo: <\/strong>personalice el logotipo de su marca en productos y envases de utensilios de cocina.<br><strong>Opciones de logotipo personalizadas:<\/strong> logotipo impreso, logotipo grabado con l\u00e1ser, etc.<br><strong>Superficie exterior: <\/strong>personalice el aspecto de sus utensilios de cocina.<br><strong>Embalaje: <\/strong>caja de color<br><strong>Tama\u00f1o y capacidad<\/strong>: personalice el tama\u00f1o y la capacidad de la bater\u00eda de cocina<br><strong><a href=\"https:\/\/moyahousehold.com\/es\/solucion-personalizada\/\" target=\"_blank\" rel=\"noreferrer noopener\">M\u00e1s informaci\u00f3n sobre soluciones de menaje a medida<\/a><\/strong><\/p>\n<\/div>\n<\/div>\n\n\n\n<div class=\"wp-block-columns is-layout-flex wp-container-core-columns-is-layout-9d6595d7 wp-block-columns-is-layout-flex\">\n<div class=\"wp-block-column is-layout-flow wp-block-column-is-layout-flow\">\n<figure class=\"wp-block-image size-full\"><img fetchpriority=\"high\" decoding=\"async\" width=\"1024\" height=\"1024\" src=\"https:\/\/moyahousehold.com\/wp-content\/uploads\/2024\/04\/wholesale-stainless-steel-milk-pot-2.webp\" alt=\"mayorista tarro de leche de acero inoxidable (2)\" class=\"wp-image-9689\" srcset=\"https:\/\/moyahousehold.com\/wp-content\/uploads\/2024\/04\/wholesale-stainless-steel-milk-pot-2.webp 1024w, https:\/\/moyahousehold.com\/wp-content\/uploads\/2024\/04\/wholesale-stainless-steel-milk-pot-2-300x300.webp 300w, https:\/\/moyahousehold.com\/wp-content\/uploads\/2024\/04\/wholesale-stainless-steel-milk-pot-2-150x150.webp 150w, https:\/\/moyahousehold.com\/wp-content\/uploads\/2024\/04\/wholesale-stainless-steel-milk-pot-2-768x768.webp 768w, https:\/\/moyahousehold.com\/wp-content\/uploads\/2024\/04\/wholesale-stainless-steel-milk-pot-2-12x12.webp 12w, https:\/\/moyahousehold.com\/wp-content\/uploads\/2024\/04\/wholesale-stainless-steel-milk-pot-2-285x285.webp 285w, https:\/\/moyahousehold.com\/wp-content\/uploads\/2024\/04\/wholesale-stainless-steel-milk-pot-2-270x270.webp 270w, https:\/\/moyahousehold.com\/wp-content\/uploads\/2024\/04\/wholesale-stainless-steel-milk-pot-2-540x540.webp 540w, https:\/\/moyahousehold.com\/wp-content\/uploads\/2024\/04\/wholesale-stainless-steel-milk-pot-2-660x660.webp 660w\" sizes=\"(max-width: 1024px) 100vw, 1024px\" \/><\/figure>\n<\/div>\n\n\n\n<div class=\"wp-block-column is-layout-flow wp-block-column-is-layout-flow\">\n<figure class=\"wp-block-image size-full\"><img decoding=\"async\" width=\"1024\" height=\"1024\" src=\"https:\/\/moyahousehold.com\/wp-content\/uploads\/2024\/04\/wholesale-stainless-steel-milk-pot-5.webp\" alt=\"mayorista tarro de leche de acero inoxidable (5)\" class=\"wp-image-9692\" srcset=\"https:\/\/moyahousehold.com\/wp-content\/uploads\/2024\/04\/wholesale-stainless-steel-milk-pot-5.webp 1024w, https:\/\/moyahousehold.com\/wp-content\/uploads\/2024\/04\/wholesale-stainless-steel-milk-pot-5-300x300.webp 300w, https:\/\/moyahousehold.com\/wp-content\/uploads\/2024\/04\/wholesale-stainless-steel-milk-pot-5-150x150.webp 150w, https:\/\/moyahousehold.com\/wp-content\/uploads\/2024\/04\/wholesale-stainless-steel-milk-pot-5-768x768.webp 768w, https:\/\/moyahousehold.com\/wp-content\/uploads\/2024\/04\/wholesale-stainless-steel-milk-pot-5-12x12.webp 12w, https:\/\/moyahousehold.com\/wp-content\/uploads\/2024\/04\/wholesale-stainless-steel-milk-pot-5-285x285.webp 285w, https:\/\/moyahousehold.com\/wp-content\/uploads\/2024\/04\/wholesale-stainless-steel-milk-pot-5-270x270.webp 270w, https:\/\/moyahousehold.com\/wp-content\/uploads\/2024\/04\/wholesale-stainless-steel-milk-pot-5-540x540.webp 540w, https:\/\/moyahousehold.com\/wp-content\/uploads\/2024\/04\/wholesale-stainless-steel-milk-pot-5-660x660.webp 660w\" sizes=\"(max-width: 1024px) 100vw, 1024px\" \/><\/figure>\n<\/div>\n<\/div>","protected":false},"excerpt":{"rendered":"<p>Elegante lechera de acero inoxidable al por mayor. Fabricada en triple acero inoxidable, esta lechera tiene un buen efecto de acumulaci\u00f3n de calor y se utiliza para calentar leche, cocinar sopas y salsas. Es una opci\u00f3n ideal para cocinas dom\u00e9sticas y comerciales. P\u00f3ngase en contacto con nosotros para solicitar un presupuesto.<\/p>\n<h3>Caracter\u00edsticas del tarro de leche<\/h3>\n<p><strong>Fondo compuesto multicapa<\/strong>: El fondo de esta olla de leche de acero inoxidable est\u00e1 dise\u00f1ado con un material compuesto multicapa, para que los alimentos de la olla se calienten r\u00e1pidamente y se cocinen de manera uniforme.<\/p>\n<p><strong>Dise\u00f1o de aspecto moderno<\/strong>: Este tarro de leche tiene un aspecto beige y es muy ornamental. La exquisita apariencia de la olla hace que te enamores de la cocina y trae m\u00e1s diversi\u00f3n en la cocina.<\/p>\n<p><strong>Aplicable a una gran variedad de estufas:<\/strong> Este tarro de leche se puede utilizar en diferentes tipos de cocinas, incluidas las de inducci\u00f3n y las de gas, por lo que se adapta a distintos tipos de cocinas.<\/p>\n<p><strong>Equipado con una olla para cocinar al vapor:<\/strong> Esta olla lechera est\u00e1 equipada con una vaporera, que puede hervir leche y cocer bollos al vapor, adecuada para la cocina familiar diaria o el uso multitarea en la cocina.<\/p>\n<p><strong>Admite personalizaci\u00f3n OEM y ODM:<\/strong> Ofrecemos servicios flexibles de personalizaci\u00f3n OEM y ODM, y podemos personalizar diferentes capacidades, colores o logotipos de marca seg\u00fan las necesidades del cliente.<\/p>","protected":false},"featured_media":9693,"comment_status":"open","ping_status":"closed","template":"","meta":[],"product_cat":[56],"product_tag":[70],"class_list":{"0":"post-3814","1":"product","2":"type-product","3":"status-publish","4":"has-post-thumbnail","6":"product_cat-stainless-steel-cookware-wholesale","7":"product_tag-wholesale-2000ml-thermos-carafe","9":"first","10":"instock","11":"shipping-taxable","12":"product-type-simple"},"_links":{"self":[{"href":"https:\/\/moyahousehold.com\/es\/wp-json\/wp\/v2\/product\/3814","targetHints":{"allow":["GET"]}}],"collection":[{"href":"https:\/\/moyahousehold.com\/es\/wp-json\/wp\/v2\/product"}],"about":[{"href":"https:\/\/moyahousehold.com\/es\/wp-json\/wp\/v2\/types\/product"}],"replies":[{"embeddable":true,"href":"https:\/\/moyahousehold.com\/es\/wp-json\/wp\/v2\/comments?post=3814"}],"version-history":[{"count":0,"href":"https:\/\/moyahousehold.com\/es\/wp-json\/wp\/v2\/product\/3814\/revisions"}],"wp:featuredmedia":[{"embeddable":true,"href":"https:\/\/moyahousehold.com\/es\/wp-json\/wp\/v2\/media\/9693"}],"wp:attachment":[{"href":"https:\/\/moyahousehold.com\/es\/wp-json\/wp\/v2\/media?parent=3814"}],"wp:term":[{"taxonomy":"product_cat","embeddable":true,"href":"https:\/\/moyahousehold.com\/es\/wp-json\/wp\/v2\/product_cat?post=3814"},{"taxonomy":"product_tag","embeddable":true,"href":"https:\/\/moyahousehold.com\/es\/wp-json\/wp\/v2\/product_tag?post=3814"}],"curies":[{"name":"wp","href":"https:\/\/api.w.org\/{rel}","templated":true}]}}