{"id":3908,"date":"2024-04-30T08:35:41","date_gmt":"2024-04-30T08:35:41","guid":{"rendered":"https:\/\/moyahousehold.com\/?post_type=product&#038;p=3908"},"modified":"2025-01-09T01:37:42","modified_gmt":"2025-01-09T01:37:42","slug":"wholesale-rice-washer-strainer-bowl","status":"publish","type":"product","link":"https:\/\/moyahousehold.com\/es\/producto\/wholesale-rice-washer-strainer-bowl\/","title":{"rendered":"Taz\u00f3n de limpieza de arroz colorido al por mayor, taz\u00f3n de mezcla a granel para la venta"},"content":{"rendered":"<div class=\"wp-block-columns is-layout-flex wp-container-core-columns-is-layout-9d6595d7 wp-block-columns-is-layout-flex\">\n<div class=\"wp-block-column is-layout-flow wp-block-column-is-layout-flow\">\n<h2 class=\"wp-block-heading\">Par\u00e1metros del cuenco limpiador de arroz<\/h2>\n\n\n\n<figure class=\"wp-block-table\"><table class=\"has-fixed-layout\"><tbody><tr><td>N\u00famero de modelo<\/td><td>Material<\/td><td>Color<\/td><td>Capacidad<\/td><td>Tama\u00f1o del producto\/cm<\/td><td>Tama\u00f1o de la caja exterior\/cm<\/td><td>N.W.\/kg<\/td><td>G.W\/kg\/Caja<\/td><\/tr><tr><td>MYJD112<\/td><td rowspan=\"3\">304+PP<\/td><td rowspan=\"3\">Beige\/caqui\/amarillo\/blanco<\/td><td>19CM<\/td><td>19*19*8<\/td><td>38*19*29<\/td><td>0.2<\/td><td>40<\/td><\/tr><tr><td>MYJD113<\/td><td>21CM<\/td><td>21*21*9<\/td><td>24*23*33<\/td><td>0.23<\/td><td>43<\/td><\/tr><tr><td>MYJD114<\/td><td>24CM<\/td><td>24*24*10.5<\/td><td>31*31*17.5<\/td><td>0.4<\/td><td>60<\/td><\/tr><\/tbody><\/table><\/figure>\n\n\n\n<h2 class=\"wp-block-heading\" style=\"font-size:25px\">Opciones personalizadas de cuencos limpiadores de arroz<\/h2>\n\n\n\n<p><strong>Logotipo<\/strong>Personalice el logotipo de su marca en el producto y el envase.<br><strong>Opciones de logotipo<\/strong>Logotipo impreso, logotipo grabado con l\u00e1ser, etc.<br><strong>Patr\u00f3n<\/strong>: Patrones de impresi\u00f3n.<br><strong>Tecnolog\u00eda de impresi\u00f3n<\/strong>Impresi\u00f3n por transferencia de agua, serigraf\u00eda, impresi\u00f3n por transferencia de calor, etc.<br><strong>Paquete<\/strong>:caja de color.<br><a href=\"https:\/\/moyahousehold.com\/es\/solucion-personalizada\/\" target=\"_blank\" rel=\"noreferrer noopener\"><strong>M\u00e1s personalizaci\u00f3n<\/strong><\/a><\/p>\n<\/div>\n<\/div>\n\n\n\n<div class=\"wp-block-columns is-layout-flex wp-container-core-columns-is-layout-9d6595d7 wp-block-columns-is-layout-flex\">\n<div class=\"wp-block-column is-layout-flow wp-block-column-is-layout-flow\">\n<figure class=\"wp-block-image size-full\"><img fetchpriority=\"high\" decoding=\"async\" width=\"761\" height=\"761\" src=\"https:\/\/moyahousehold.com\/wp-content\/uploads\/2024\/05\/wholesale-rice-washer-strainer-bowl-14.webp\" alt=\"\" class=\"wp-image-4747\" srcset=\"https:\/\/moyahousehold.com\/wp-content\/uploads\/2024\/05\/wholesale-rice-washer-strainer-bowl-14.webp 761w, https:\/\/moyahousehold.com\/wp-content\/uploads\/2024\/05\/wholesale-rice-washer-strainer-bowl-14-300x300.webp 300w, https:\/\/moyahousehold.com\/wp-content\/uploads\/2024\/05\/wholesale-rice-washer-strainer-bowl-14-150x150.webp 150w, https:\/\/moyahousehold.com\/wp-content\/uploads\/2024\/05\/wholesale-rice-washer-strainer-bowl-14-285x285.webp 285w, https:\/\/moyahousehold.com\/wp-content\/uploads\/2024\/05\/wholesale-rice-washer-strainer-bowl-14-270x270.webp 270w, https:\/\/moyahousehold.com\/wp-content\/uploads\/2024\/05\/wholesale-rice-washer-strainer-bowl-14-540x540.webp 540w, https:\/\/moyahousehold.com\/wp-content\/uploads\/2024\/05\/wholesale-rice-washer-strainer-bowl-14-660x660.webp 660w\" sizes=\"(max-width: 761px) 100vw, 761px\" \/><\/figure>\n<\/div>\n\n\n\n<div class=\"wp-block-column is-layout-flow wp-block-column-is-layout-flow\">\n<figure class=\"wp-block-image size-full\"><img decoding=\"async\" width=\"703\" height=\"703\" src=\"https:\/\/moyahousehold.com\/wp-content\/uploads\/2024\/04\/wholesale-rice-washer-strainer-bowl-1.jpg\" alt=\"venta al por mayor taz\u00f3n colador lavadora de arroz \" class=\"wp-image-4748\" srcset=\"https:\/\/moyahousehold.com\/wp-content\/uploads\/2024\/04\/wholesale-rice-washer-strainer-bowl-1.jpg 703w, https:\/\/moyahousehold.com\/wp-content\/uploads\/2024\/04\/wholesale-rice-washer-strainer-bowl-1-300x300.jpg 300w, https:\/\/moyahousehold.com\/wp-content\/uploads\/2024\/04\/wholesale-rice-washer-strainer-bowl-1-150x150.jpg 150w, https:\/\/moyahousehold.com\/wp-content\/uploads\/2024\/04\/wholesale-rice-washer-strainer-bowl-1-285x285.jpg 285w, https:\/\/moyahousehold.com\/wp-content\/uploads\/2024\/04\/wholesale-rice-washer-strainer-bowl-1-270x270.jpg 270w, https:\/\/moyahousehold.com\/wp-content\/uploads\/2024\/04\/wholesale-rice-washer-strainer-bowl-1-540x540.jpg 540w, https:\/\/moyahousehold.com\/wp-content\/uploads\/2024\/04\/wholesale-rice-washer-strainer-bowl-1-660x660.jpg 660w\" sizes=\"(max-width: 703px) 100vw, 703px\" \/><\/figure>\n<\/div>\n<\/div>","protected":false},"excerpt":{"rendered":"<p>Fabricado en acero inoxidable de alta calidad, con una gran variedad de colores y especificaciones para elegir. Es su mejor ayudante para lavar arroz, lavar verduras y mezclar ensaladas. Es adecuado para el hogar y cocinas comerciales.<\/p>\n<h3>Caracter\u00edsticas y ventajas del cuenco colador lavador de arroz<\/h3>\n<p><strong>Material apto para uso alimentario:<\/strong> Este cuenco limpiador de arroz est\u00e1 fabricado en acero inoxidable 304 de calidad alimentaria para garantizar la salubridad y seguridad de la limpieza de los alimentos.<\/p>\n<p><strong>Marcas de escala claras<\/strong>: La pared interior de este cuenco limpiador de arroz est\u00e1 equipada con claras marcas en forma de escala que ayudan a captar con precisi\u00f3n la cantidad de ingredientes, para que cada plato tenga el sabor justo.<\/p>\n<p><strong>Dise\u00f1o abierto de gran capacidad:<\/strong> Puede utilizarse como ensaladera. Tiene una gran capacidad y un dise\u00f1o abierto, proporcionando un amplio espacio para remover y mezclar f\u00e1cilmente una variedad de ingredientes, adecuado para reuniones familiares y necesidades culinarias de fiesta.<\/p>\n<p><strong>Equipado con una cesta de filtro mejorada:<\/strong> La cesta del filtro adopta un dise\u00f1o perforado, que hace que el drenaje sea m\u00e1s r\u00e1pido y eficiente, proporcionando una gran comodidad para las operaciones de cocina.<\/p>\n<p><strong>Dise\u00f1o del pedalier:<\/strong> El soporte inferior del Rice Cleaning Bowl eleva el bol de lavado para evitar el contacto directo con la mesa o la encimera, manteniendo el fondo higi\u00e9nico y f\u00e1cil de limpiar.<\/p>\n<p><strong><a href=\"https:\/\/moyahousehold.com\/es\/solucion-personalizada\/\" target=\"_blank\" rel=\"noopener\">Ofrecemos soluciones personalizadas OEM&amp;ODM.<\/a>\u00a0<\/strong><\/p>","protected":false},"featured_media":7905,"comment_status":"open","ping_status":"closed","template":"","meta":[],"product_cat":[55],"product_tag":[],"class_list":{"0":"post-3908","1":"product","2":"type-product","3":"status-publish","4":"has-post-thumbnail","6":"product_cat-salad-bowl-wholesale","8":"first","9":"instock","10":"shipping-taxable","11":"product-type-simple"},"_links":{"self":[{"href":"https:\/\/moyahousehold.com\/es\/wp-json\/wp\/v2\/product\/3908","targetHints":{"allow":["GET"]}}],"collection":[{"href":"https:\/\/moyahousehold.com\/es\/wp-json\/wp\/v2\/product"}],"about":[{"href":"https:\/\/moyahousehold.com\/es\/wp-json\/wp\/v2\/types\/product"}],"replies":[{"embeddable":true,"href":"https:\/\/moyahousehold.com\/es\/wp-json\/wp\/v2\/comments?post=3908"}],"version-history":[{"count":0,"href":"https:\/\/moyahousehold.com\/es\/wp-json\/wp\/v2\/product\/3908\/revisions"}],"wp:featuredmedia":[{"embeddable":true,"href":"https:\/\/moyahousehold.com\/es\/wp-json\/wp\/v2\/media\/7905"}],"wp:attachment":[{"href":"https:\/\/moyahousehold.com\/es\/wp-json\/wp\/v2\/media?parent=3908"}],"wp:term":[{"taxonomy":"product_cat","embeddable":true,"href":"https:\/\/moyahousehold.com\/es\/wp-json\/wp\/v2\/product_cat?post=3908"},{"taxonomy":"product_tag","embeddable":true,"href":"https:\/\/moyahousehold.com\/es\/wp-json\/wp\/v2\/product_tag?post=3908"}],"curies":[{"name":"wp","href":"https:\/\/api.w.org\/{rel}","templated":true}]}}