{"id":4695,"date":"2024-05-14T14:29:08","date_gmt":"2024-05-14T14:29:08","guid":{"rendered":"https:\/\/moyahousehold.com\/?post_type=product&#038;p=4695"},"modified":"2026-04-13T09:03:34","modified_gmt":"2026-04-13T09:03:34","slug":"wholesale-thermos-jug-korean-style","status":"publish","type":"product","link":"https:\/\/moyahousehold.com\/es\/producto\/wholesale-thermos-jug-korean-style\/","title":{"rendered":"Wholesale 800ML Thermos Jug Korean Style with Comfortable Handle Easy to Hold"},"content":{"rendered":"<figure class=\"wp-block-image size-full\"><img fetchpriority=\"high\" decoding=\"async\" width=\"5961\" height=\"3355\" src=\"https:\/\/moyahousehold.com\/wp-content\/uploads\/2024\/05\/JS-\u97e9\u5f0f\u58f6\u5927\u5408\u7167.jpg\" alt=\"Portable Stainless Steel Vacuum Insulated Thermos Pot with Cylindrical Wooden Handle\" class=\"wp-image-12465\" srcset=\"https:\/\/moyahousehold.com\/wp-content\/uploads\/2024\/05\/JS-\u97e9\u5f0f\u58f6\u5927\u5408\u7167.jpg 5961w, https:\/\/moyahousehold.com\/wp-content\/uploads\/2024\/05\/JS-\u97e9\u5f0f\u58f6\u5927\u5408\u7167-300x169.jpg 300w, https:\/\/moyahousehold.com\/wp-content\/uploads\/2024\/05\/JS-\u97e9\u5f0f\u58f6\u5927\u5408\u7167-768x432.jpg 768w, https:\/\/moyahousehold.com\/wp-content\/uploads\/2024\/05\/JS-\u97e9\u5f0f\u58f6\u5927\u5408\u7167-18x10.jpg 18w, https:\/\/moyahousehold.com\/wp-content\/uploads\/2024\/05\/JS-\u97e9\u5f0f\u58f6\u5927\u5408\u7167-285x160.jpg 285w, https:\/\/moyahousehold.com\/wp-content\/uploads\/2024\/05\/JS-\u97e9\u5f0f\u58f6\u5927\u5408\u7167-1600x901.jpg 1600w, https:\/\/moyahousehold.com\/wp-content\/uploads\/2024\/05\/JS-\u97e9\u5f0f\u58f6\u5927\u5408\u7167-660x371.jpg 660w, https:\/\/moyahousehold.com\/wp-content\/uploads\/2024\/05\/JS-\u97e9\u5f0f\u58f6\u5927\u5408\u7167-150x84.jpg 150w\" sizes=\"(max-width: 5961px) 100vw, 5961px\" \/><\/figure>\n\n\n\n<h3 class=\"wp-block-heading\">Par\u00e1metros de la jarra termo<\/h3>\n\n\n\n<figure class=\"wp-block-table\"><table class=\"has-fixed-layout\"><tbody><tr><td><strong>Art\u00edculo<\/strong><\/td><td><strong>Material<\/strong><\/td><td><strong>Color<\/strong><\/td><td><strong>Dimensi\u00f3n<\/strong><\/td><td><strong>G.W.\/PCS<\/strong><\/td><\/tr><tr><td>MY0838<\/td><td>Borosilicate +PP + Silica Gel + Acrylic\/Beech<\/td><td>White\/Black\/Natural<\/td><td>19.1*10.3*18cm<\/td><td>0.6<\/td><\/tr><\/tbody><\/table><\/figure>\n\n\n\n<div class=\"wp-block-columns is-layout-flex wp-container-core-columns-is-layout-9d6595d7 wp-block-columns-is-layout-flex\">\n<div class=\"wp-block-column is-layout-flow wp-block-column-is-layout-flow\">\n<h2 class=\"wp-block-heading\">Custom Thermos Jug Options<\/h2>\n\n\n\n<p><strong>Tapas<\/strong>: Stainless steel pressure lid.<br><strong>Logotipo<\/strong>: Custom your brand logo on product and package.<br><strong>Logo Options<\/strong>: Printed logo, laser engraved logo, etc.<br><strong>Patr\u00f3n<\/strong>: Impresi\u00f3n de motivos en la jarra t\u00e9rmica.<br><strong>Tecnolog\u00eda de impresi\u00f3n<\/strong>: Water transfer printing, silk screen printing, heat transfer printing, sublimation transfer, etc.<br><strong>Paquete<\/strong>: Caja de color<br><a href=\"https:\/\/moyahousehold.com\/es\/solucion-personalizada\/\"><strong>M\u00e1s personalizaci\u00f3n<\/strong><\/a><\/p>\n<\/div>\n<\/div>\n\n\n\n<div class=\"wp-block-columns is-layout-flex wp-container-core-columns-is-layout-9d6595d7 wp-block-columns-is-layout-flex\">\n<div class=\"wp-block-column is-layout-flow wp-block-column-is-layout-flow\">\n<figure class=\"wp-block-image size-full\"><img decoding=\"async\" width=\"800\" height=\"800\" src=\"https:\/\/moyahousehold.com\/wp-content\/uploads\/2024\/05\/JS-\u97e9\u5f0f\u58f6-18.jpg\" alt=\"Portable Stainless Steel Vacuum Insulated Thermos Pot with Cylindrical Wooden Handle\" class=\"wp-image-12468\" srcset=\"https:\/\/moyahousehold.com\/wp-content\/uploads\/2024\/05\/JS-\u97e9\u5f0f\u58f6-18.jpg 800w, https:\/\/moyahousehold.com\/wp-content\/uploads\/2024\/05\/JS-\u97e9\u5f0f\u58f6-18-300x300.jpg 300w, https:\/\/moyahousehold.com\/wp-content\/uploads\/2024\/05\/JS-\u97e9\u5f0f\u58f6-18-150x150.jpg 150w, https:\/\/moyahousehold.com\/wp-content\/uploads\/2024\/05\/JS-\u97e9\u5f0f\u58f6-18-768x768.jpg 768w, https:\/\/moyahousehold.com\/wp-content\/uploads\/2024\/05\/JS-\u97e9\u5f0f\u58f6-18-12x12.jpg 12w, https:\/\/moyahousehold.com\/wp-content\/uploads\/2024\/05\/JS-\u97e9\u5f0f\u58f6-18-285x285.jpg 285w, https:\/\/moyahousehold.com\/wp-content\/uploads\/2024\/05\/JS-\u97e9\u5f0f\u58f6-18-270x270.jpg 270w, https:\/\/moyahousehold.com\/wp-content\/uploads\/2024\/05\/JS-\u97e9\u5f0f\u58f6-18-540x540.jpg 540w, https:\/\/moyahousehold.com\/wp-content\/uploads\/2024\/05\/JS-\u97e9\u5f0f\u58f6-18-660x660.jpg 660w\" sizes=\"(max-width: 800px) 100vw, 800px\" \/><\/figure>\n<\/div>\n\n\n\n<div class=\"wp-block-column is-layout-flow wp-block-column-is-layout-flow\">\n<figure class=\"wp-block-image size-full\"><img decoding=\"async\" width=\"3776\" height=\"3776\" src=\"https:\/\/moyahousehold.com\/wp-content\/uploads\/2024\/05\/0.8L-black-thermos-jug-detail-2.jpg\" alt=\"Detalle jarra termo negra 0,8L (2)\" class=\"wp-image-7461\" srcset=\"https:\/\/moyahousehold.com\/wp-content\/uploads\/2024\/05\/0.8L-black-thermos-jug-detail-2.jpg 3776w, https:\/\/moyahousehold.com\/wp-content\/uploads\/2024\/05\/0.8L-black-thermos-jug-detail-2-300x300.jpg 300w, https:\/\/moyahousehold.com\/wp-content\/uploads\/2024\/05\/0.8L-black-thermos-jug-detail-2-150x150.jpg 150w, https:\/\/moyahousehold.com\/wp-content\/uploads\/2024\/05\/0.8L-black-thermos-jug-detail-2-768x768.jpg 768w, https:\/\/moyahousehold.com\/wp-content\/uploads\/2024\/05\/0.8L-black-thermos-jug-detail-2-12x12.jpg 12w, https:\/\/moyahousehold.com\/wp-content\/uploads\/2024\/05\/0.8L-black-thermos-jug-detail-2-285x285.jpg 285w, https:\/\/moyahousehold.com\/wp-content\/uploads\/2024\/05\/0.8L-black-thermos-jug-detail-2-1600x1600.jpg 1600w, https:\/\/moyahousehold.com\/wp-content\/uploads\/2024\/05\/0.8L-black-thermos-jug-detail-2-270x270.jpg 270w, https:\/\/moyahousehold.com\/wp-content\/uploads\/2024\/05\/0.8L-black-thermos-jug-detail-2-540x540.jpg 540w, https:\/\/moyahousehold.com\/wp-content\/uploads\/2024\/05\/0.8L-black-thermos-jug-detail-2-660x660.jpg 660w\" sizes=\"(max-width: 3776px) 100vw, 3776px\" \/><\/figure>\n<\/div>\n<\/div>\n\n\n\n<div class=\"wp-block-columns is-layout-flex wp-container-core-columns-is-layout-9d6595d7 wp-block-columns-is-layout-flex\">\n<div class=\"wp-block-column is-layout-flow wp-block-column-is-layout-flow\">\n<figure class=\"wp-block-image size-full\"><img loading=\"lazy\" decoding=\"async\" width=\"800\" height=\"800\" src=\"https:\/\/moyahousehold.com\/wp-content\/uploads\/2024\/05\/7-1.jpg\" alt=\"Portable Stainless Steel Vacuum Insulated Thermos Pot with Cylindrical Wooden Handle\" class=\"wp-image-12463\" srcset=\"https:\/\/moyahousehold.com\/wp-content\/uploads\/2024\/05\/7-1.jpg 800w, https:\/\/moyahousehold.com\/wp-content\/uploads\/2024\/05\/7-1-300x300.jpg 300w, https:\/\/moyahousehold.com\/wp-content\/uploads\/2024\/05\/7-1-150x150.jpg 150w, https:\/\/moyahousehold.com\/wp-content\/uploads\/2024\/05\/7-1-768x768.jpg 768w, https:\/\/moyahousehold.com\/wp-content\/uploads\/2024\/05\/7-1-12x12.jpg 12w, https:\/\/moyahousehold.com\/wp-content\/uploads\/2024\/05\/7-1-285x285.jpg 285w, https:\/\/moyahousehold.com\/wp-content\/uploads\/2024\/05\/7-1-270x270.jpg 270w, https:\/\/moyahousehold.com\/wp-content\/uploads\/2024\/05\/7-1-540x540.jpg 540w, https:\/\/moyahousehold.com\/wp-content\/uploads\/2024\/05\/7-1-660x660.jpg 660w\" sizes=\"(max-width: 800px) 100vw, 800px\" \/><\/figure>\n<\/div>\n\n\n\n<div class=\"wp-block-column is-layout-flow wp-block-column-is-layout-flow\">\n<figure class=\"wp-block-image size-full\"><img loading=\"lazy\" decoding=\"async\" width=\"800\" height=\"800\" src=\"https:\/\/moyahousehold.com\/wp-content\/uploads\/2024\/05\/6-1.jpg\" alt=\"Portable Stainless Steel Vacuum Insulated Thermos Pot with Cylindrical Wooden Handle\" class=\"wp-image-12464\" srcset=\"https:\/\/moyahousehold.com\/wp-content\/uploads\/2024\/05\/6-1.jpg 800w, https:\/\/moyahousehold.com\/wp-content\/uploads\/2024\/05\/6-1-300x300.jpg 300w, https:\/\/moyahousehold.com\/wp-content\/uploads\/2024\/05\/6-1-150x150.jpg 150w, https:\/\/moyahousehold.com\/wp-content\/uploads\/2024\/05\/6-1-768x768.jpg 768w, https:\/\/moyahousehold.com\/wp-content\/uploads\/2024\/05\/6-1-12x12.jpg 12w, https:\/\/moyahousehold.com\/wp-content\/uploads\/2024\/05\/6-1-285x285.jpg 285w, https:\/\/moyahousehold.com\/wp-content\/uploads\/2024\/05\/6-1-270x270.jpg 270w, https:\/\/moyahousehold.com\/wp-content\/uploads\/2024\/05\/6-1-540x540.jpg 540w, https:\/\/moyahousehold.com\/wp-content\/uploads\/2024\/05\/6-1-660x660.jpg 660w\" sizes=\"(max-width: 800px) 100vw, 800px\" \/><\/figure>\n<\/div>\n<\/div>\n\n\n\n<p><\/p>","protected":false},"excerpt":{"rendered":"<p>Esta elegante jarra termo de color no s\u00f3lo tiene un dise\u00f1o minimalista y moderno de estilo coreano, sino que llamar\u00e1 la atenci\u00f3n all\u00e1 donde vaya. La c\u00f3moda asa de madera ofrece a los usuarios una mejor experiencia de uso, se siente c\u00e1lida y natural, y es f\u00e1cil de usar. La jarra termo est\u00e1 equipada con un eficaz revestimiento aislante para garantizar un rendimiento superaislante y mantener la temperatura de la bebida durante mucho tiempo. Ya sea en la oficina, en casa o al aire libre, esta jarra termo es una elecci\u00f3n ideal que combina belleza y practicidad, permiti\u00e9ndole disfrutar de la calidez y la exquisitez de las bebidas calientes en cualquier momento y lugar.<\/p>\n<h3>Features and Benefits of Thermos Jug<\/h3>\n<div><strong>Conservaci\u00f3n en fr\u00edo y en caliente a largo plazo<\/strong>: Con el revestimiento de vidrio de mejor rendimiento y la tecnolog\u00eda de aislamiento al vac\u00edo de doble capa, el tiempo de conservaci\u00f3n del calor puede ser de hasta 24 horas, garantizando siempre su suministro de agua caliente.<\/div>\n<div><strong>Dos especificaciones<\/strong>: Disponemos de jarras termo de 0,8L y 1,2L para satisfacer sus necesidades de capacidad. <\/div>\n<div><strong>Wooden Handle:<\/strong> El asa de la jarra termo es de madera de alta calidad, que resulta c\u00f3moda de sujetar y evita quemaduras durante su uso. <\/div>\n<div><strong>Minimalist Design<\/strong>: La forma general adopta un dise\u00f1o minimalista, que es muy adecuado para la oficina, el hogar o el restaurante, a\u00f1adiendo belleza al entorno circundante. <\/div>\n<div><strong>Anti-slip Design<\/strong>: La parte inferior tiene un dise\u00f1o antideslizante, y la jarra termo se puede colocar firmemente sobre la mesa, que es seguro y fiable de usar. <\/div>\n<div><strong>Disposici\u00f3n tipo<\/strong>: Proporcionamos muestras para facilitarle una mejor comprensi\u00f3n de nuestros productos y tomar decisiones razonables. <\/div>\n<div><strong>Customization Plan<\/strong>: Podemos personalizar el logotipo y el embalaje del producto para ayudarle a mejorar su imagen de marca. <\/div>\n<p>&nbsp;<\/p>","protected":false},"featured_media":7458,"comment_status":"open","ping_status":"closed","template":"","meta":[],"product_cat":[54],"product_tag":[83,73,85],"class_list":{"0":"post-4695","1":"product","2":"type-product","3":"status-publish","4":"has-post-thumbnail","6":"product_cat-thermal-carafe-wholesale","7":"product_tag-wholesale-800ml-thermos-carafe","8":"product_tag-wholesale-1200ml-thermos-carafe","9":"product_tag-wholesale-stainless-steel-liner-thermos-carafe","11":"first","12":"instock","13":"shipping-taxable","14":"product-type-simple"},"_links":{"self":[{"href":"https:\/\/moyahousehold.com\/es\/wp-json\/wp\/v2\/product\/4695","targetHints":{"allow":["GET"]}}],"collection":[{"href":"https:\/\/moyahousehold.com\/es\/wp-json\/wp\/v2\/product"}],"about":[{"href":"https:\/\/moyahousehold.com\/es\/wp-json\/wp\/v2\/types\/product"}],"replies":[{"embeddable":true,"href":"https:\/\/moyahousehold.com\/es\/wp-json\/wp\/v2\/comments?post=4695"}],"version-history":[{"count":2,"href":"https:\/\/moyahousehold.com\/es\/wp-json\/wp\/v2\/product\/4695\/revisions"}],"predecessor-version":[{"id":13013,"href":"https:\/\/moyahousehold.com\/es\/wp-json\/wp\/v2\/product\/4695\/revisions\/13013"}],"wp:featuredmedia":[{"embeddable":true,"href":"https:\/\/moyahousehold.com\/es\/wp-json\/wp\/v2\/media\/7458"}],"wp:attachment":[{"href":"https:\/\/moyahousehold.com\/es\/wp-json\/wp\/v2\/media?parent=4695"}],"wp:term":[{"taxonomy":"product_cat","embeddable":true,"href":"https:\/\/moyahousehold.com\/es\/wp-json\/wp\/v2\/product_cat?post=4695"},{"taxonomy":"product_tag","embeddable":true,"href":"https:\/\/moyahousehold.com\/es\/wp-json\/wp\/v2\/product_tag?post=4695"}],"curies":[{"name":"wp","href":"https:\/\/api.w.org\/{rel}","templated":true}]}}