{"id":4696,"date":"2024-05-14T14:29:10","date_gmt":"2024-05-14T14:29:10","guid":{"rendered":"https:\/\/moyahousehold.com\/?post_type=product&#038;p=4696"},"modified":"2025-04-19T09:52:58","modified_gmt":"2025-04-19T09:52:58","slug":"wholesale-japanese-style-thermos-carafe","status":"publish","type":"product","link":"https:\/\/moyahousehold.com\/es\/producto\/wholesale-japanese-style-thermos-carafe\/","title":{"rendered":"Mayorista Jarra T\u00e9rmica Estilo Japon\u00e9s 1.2L, Granel Jarra T\u00e9rmica para Caf\u00e9 en Venta"},"content":{"rendered":"<div class=\"wp-block-columns is-layout-flex wp-container-core-columns-is-layout-9d6595d7 wp-block-columns-is-layout-flex\">\n<div class=\"wp-block-column is-layout-flow wp-block-column-is-layout-flow\">\n<h3 class=\"wp-block-heading\">Par\u00e1metros de la jarra termo con asa de madera <\/h3>\n\n\n\n<p><strong>N\u00famero de modelo:<\/strong> MY0880<br><strong>Material:<\/strong> borosilicato +PP + gel de s\u00edlice + playa<br><strong>Peso bruto:<\/strong> 1kg<br><strong>Dimensi\u00f3n:<\/strong> 204x130x212mm<br><strong>Color: <\/strong>beige\/caqui\/blanco\/negro\/gris claro<br><strong>Sin BPA<\/strong><\/p>\n<\/div>\n\n\n\n<div class=\"wp-block-column is-layout-flow wp-block-column-is-layout-flow\">\n<h3 class=\"wp-block-heading\">Opciones de jarra termo personalizada<\/h3>\n\n\n\n<p><strong>Tapas:<\/strong> tapa a presi\u00f3n de acero inoxidable.<br><strong>Logotipo: <\/strong>personalice el logotipo de su marca en el producto y el envase.<br><strong>Opciones de logotipo:<\/strong> logotipo impreso, logotipo grabado con l\u00e1ser, etc.<br><strong>Patr\u00f3n:<\/strong> impresi\u00f3n de motivos en la jarra t\u00e9rmica.<br><strong>Tecnolog\u00eda de impresi\u00f3n:<\/strong> impresi\u00f3n por transferencia de agua, serigraf\u00eda, impresi\u00f3n por transferencia de calor, transferencia por sublimaci\u00f3n, etc.<br><strong>Embalaje:<\/strong> caja de color<br><a href=\"https:\/\/moyahousehold.com\/es\/solucion-personalizada\/\" target=\"_blank\" rel=\"noreferrer noopener\"><strong>M\u00e1s informaci\u00f3n sobre soluciones personalizadas de garrafas t\u00e9rmicas<\/strong><\/a><\/p>\n\n\n\n<p><br><\/p>\n<\/div>\n<\/div>\n\n\n\n<div class=\"wp-block-columns is-layout-flex wp-container-core-columns-is-layout-9d6595d7 wp-block-columns-is-layout-flex\">\n<div class=\"wp-block-column is-layout-flow wp-block-column-is-layout-flow\">\n<figure class=\"wp-block-image size-full\"><img fetchpriority=\"high\" decoding=\"async\" width=\"523\" height=\"523\" src=\"https:\/\/moyahousehold.com\/wp-content\/uploads\/2024\/05\/Exquisite-Thermos-Carafe-Display-3.webp\" alt=\"Exquisito expositor de jarras termo (3)\" class=\"wp-image-9934\" srcset=\"https:\/\/moyahousehold.com\/wp-content\/uploads\/2024\/05\/Exquisite-Thermos-Carafe-Display-3.webp 523w, https:\/\/moyahousehold.com\/wp-content\/uploads\/2024\/05\/Exquisite-Thermos-Carafe-Display-3-300x300.webp 300w, https:\/\/moyahousehold.com\/wp-content\/uploads\/2024\/05\/Exquisite-Thermos-Carafe-Display-3-150x150.webp 150w, https:\/\/moyahousehold.com\/wp-content\/uploads\/2024\/05\/Exquisite-Thermos-Carafe-Display-3-12x12.webp 12w, https:\/\/moyahousehold.com\/wp-content\/uploads\/2024\/05\/Exquisite-Thermos-Carafe-Display-3-285x285.webp 285w, https:\/\/moyahousehold.com\/wp-content\/uploads\/2024\/05\/Exquisite-Thermos-Carafe-Display-3-270x270.webp 270w\" sizes=\"(max-width: 523px) 100vw, 523px\" \/><\/figure>\n<\/div>\n\n\n\n<div class=\"wp-block-column is-layout-flow wp-block-column-is-layout-flow\">\n<figure class=\"wp-block-image size-full\"><img decoding=\"async\" width=\"488\" height=\"488\" src=\"https:\/\/moyahousehold.com\/wp-content\/uploads\/2024\/05\/Exquisite-Thermos-Carafe-Display-4.webp\" alt=\"Exquisito expositor de jarras termo (4)\" class=\"wp-image-9935\" srcset=\"https:\/\/moyahousehold.com\/wp-content\/uploads\/2024\/05\/Exquisite-Thermos-Carafe-Display-4.webp 488w, https:\/\/moyahousehold.com\/wp-content\/uploads\/2024\/05\/Exquisite-Thermos-Carafe-Display-4-300x300.webp 300w, https:\/\/moyahousehold.com\/wp-content\/uploads\/2024\/05\/Exquisite-Thermos-Carafe-Display-4-150x150.webp 150w, https:\/\/moyahousehold.com\/wp-content\/uploads\/2024\/05\/Exquisite-Thermos-Carafe-Display-4-12x12.webp 12w, https:\/\/moyahousehold.com\/wp-content\/uploads\/2024\/05\/Exquisite-Thermos-Carafe-Display-4-285x285.webp 285w, https:\/\/moyahousehold.com\/wp-content\/uploads\/2024\/05\/Exquisite-Thermos-Carafe-Display-4-270x270.webp 270w\" sizes=\"(max-width: 488px) 100vw, 488px\" \/><\/figure>\n<\/div>\n<\/div>","protected":false},"excerpt":{"rendered":"<p>Jarra termo al por mayor de estilo japon\u00e9s, con un aspecto sencillo y bonito, combinada con un elegante asa de madera aislante, adecuada para todo tipo de estilos de hogar. Los materiales de revestimiento de alta calidad le permiten mantener las cosas calientes y fr\u00edas durante mucho tiempo. Adecuado para restaurantes, hoteles y uso dom\u00e9stico. Admite OEM y ODM. P\u00f3ngase en contacto con nosotros para solicitar un presupuesto.<\/p>\n<h3>Caracter\u00edsticas y ventajas del termo para caf\u00e9 Customizbale<\/h3>\n<div>\n<p><strong>Dise\u00f1o \u00fanico:<\/strong> Esta jarra termo combina el estilo minimalista moderno con elementos naturales, y el asa de madera a\u00f1ade una sensaci\u00f3n de calidez, que es a la vez pr\u00e1ctica y bonita.<\/p>\n<p><strong>C\u00f3modo dise\u00f1o de la salida de agua:<\/strong> La jarra t\u00e9rmica adopta un dise\u00f1o de interruptor de un solo toque, que resulta c\u00f3modo y r\u00e1pido para verter agua, evita el desbordamiento y hace que la experiencia de uso sea m\u00e1s c\u00f3moda.<\/p>\n<p><strong>Asa humanizada:<\/strong> El mango de madera no s\u00f3lo es bonito, sino que tambi\u00e9n proporciona un buen agarre, lo que resulta m\u00e1s c\u00f3modo al usarlo y evita resbalones.<\/p>\n<p><strong>Polivalente:<\/strong> Esta jarra termo es adecuada para contener una gran variedad de bebidas, como agua, t\u00e9, zumo, etc., para satisfacer distintos estilos de vida. La parte inferior se puede desmontar para extraer el dep\u00f3sito interior y facilitar su limpieza.<\/p>\n<p><strong>Dise\u00f1o desmontable:<\/strong> La tapa se puede desmontar en tres partes para limpiarla, y no oculta la suciedad.<\/p>\n<\/div>\n<p><a href=\"https:\/\/moyahousehold.com\/es\/wholesale-japanese-style-thermos-coffee-carafe-series\/\" target=\"_blank\" rel=\"noopener\"><strong>M\u00e1s informaci\u00f3n sobre la jarra t\u00e9rmica de caf\u00e9 estilo japon\u00e9s.<\/strong><\/a><\/p>","protected":false},"featured_media":9943,"comment_status":"closed","ping_status":"closed","template":"","meta":[],"product_cat":[54],"product_tag":[73,85],"class_list":{"0":"post-4696","1":"product","2":"type-product","3":"status-publish","4":"has-post-thumbnail","6":"product_cat-thermal-carafe-wholesale","7":"product_tag-wholesale-1200ml-thermos-carafe","8":"product_tag-wholesale-stainless-steel-liner-thermos-carafe","10":"first","11":"instock","12":"shipping-taxable","13":"product-type-simple"},"_links":{"self":[{"href":"https:\/\/moyahousehold.com\/es\/wp-json\/wp\/v2\/product\/4696","targetHints":{"allow":["GET"]}}],"collection":[{"href":"https:\/\/moyahousehold.com\/es\/wp-json\/wp\/v2\/product"}],"about":[{"href":"https:\/\/moyahousehold.com\/es\/wp-json\/wp\/v2\/types\/product"}],"replies":[{"embeddable":true,"href":"https:\/\/moyahousehold.com\/es\/wp-json\/wp\/v2\/comments?post=4696"}],"version-history":[{"count":0,"href":"https:\/\/moyahousehold.com\/es\/wp-json\/wp\/v2\/product\/4696\/revisions"}],"wp:featuredmedia":[{"embeddable":true,"href":"https:\/\/moyahousehold.com\/es\/wp-json\/wp\/v2\/media\/9943"}],"wp:attachment":[{"href":"https:\/\/moyahousehold.com\/es\/wp-json\/wp\/v2\/media?parent=4696"}],"wp:term":[{"taxonomy":"product_cat","embeddable":true,"href":"https:\/\/moyahousehold.com\/es\/wp-json\/wp\/v2\/product_cat?post=4696"},{"taxonomy":"product_tag","embeddable":true,"href":"https:\/\/moyahousehold.com\/es\/wp-json\/wp\/v2\/product_tag?post=4696"}],"curies":[{"name":"wp","href":"https:\/\/api.w.org\/{rel}","templated":true}]}}