{"id":4762,"date":"2024-05-17T08:20:47","date_gmt":"2024-05-17T08:20:47","guid":{"rendered":"https:\/\/moyahousehold.com\/?post_type=product&#038;p=4762"},"modified":"2024-08-07T02:23:27","modified_gmt":"2024-08-07T02:23:27","slug":"wholesale-custom-mixing-bowls","status":"publish","type":"product","link":"https:\/\/moyahousehold.com\/es\/producto\/wholesale-custom-mixing-bowls\/","title":{"rendered":"Juego de 3 boles de cocina de acero inoxidable Nice"},"content":{"rendered":"<div class=\"wp-block-columns is-layout-flex wp-container-core-columns-is-layout-9d6595d7 wp-block-columns-is-layout-flex\">\n<div class=\"wp-block-column is-layout-flow wp-block-column-is-layout-flow\">\n<h2 class=\"wp-block-heading\">Dimensiones de los cuencos de cocina de acero inoxidable <\/h2>\n\n\n\n<figure class=\"wp-block-table\"><table class=\"has-fixed-layout\"><tbody><tr><td>N\u00famero de modelo<\/td><td>Material<\/td><td>Color<\/td><td>Capacidad<\/td><td>Tama\u00f1o del producto\/cm<\/td><td>Tama\u00f1o de la caja exterior\/cm<\/td><td>N.W.\/kg<\/td><td>G.W\/kg\/Caja<\/td><\/tr><tr><td>MYQH004<\/td><td rowspan=\"3\">201<\/td><td rowspan=\"3\">Rosa\/Blanco\/Amarillo\/Morado\/Azul<\/td><td>20CM<\/td><td>21*21*9.8<\/td><td>43*22*39<\/td><td>0.24<\/td><td>14.4<\/td><\/tr><tr><td>MYQH005<\/td><td>24CM<\/td><td>25.2*25.2*10.6<\/td><td>51*26*50<\/td><td>0.25<\/td><td>12<\/td><\/tr><tr><td>MYQH006<\/td><td>28CM<\/td><td>28.9*28.9*11.8<\/td><td>59*30*55<\/td><td>0.45<\/td><td>11.6<\/td><\/tr><\/tbody><\/table><\/figure>\n\n\n\n<h2 class=\"wp-block-heading\" style=\"font-size:25px\">Opciones de cuencos mezcladores de cocina a medida<\/h2>\n\n\n\n<p><strong>Logotipo<\/strong>Personalice el logotipo de su marca en el producto y el envase.<br><strong>Opciones de logotipo:<\/strong> logotipo impreso, logotipo grabado con l\u00e1ser, etc.<br><strong>Patr\u00f3n<\/strong>: Patrones de impresi\u00f3n.<br><strong>Tecnolog\u00eda de impresi\u00f3n<\/strong>Impresi\u00f3n por transferencia de agua, serigraf\u00eda, impresi\u00f3n por transferencia de calor, etc.<br><strong>Paquete<\/strong>:caja de color.<br><a href=\"https:\/\/moyahousehold.com\/es\/solucion-personalizada\/\" target=\"_blank\" rel=\"noreferrer noopener\"><strong>M\u00e1s personalizaci\u00f3n<\/strong><\/a><\/p>\n<\/div>\n<\/div>\n\n\n\n<div class=\"wp-block-columns is-layout-flex wp-container-core-columns-is-layout-9d6595d7 wp-block-columns-is-layout-flex\">\n<div class=\"wp-block-column is-layout-flow wp-block-column-is-layout-flow\">\n<figure class=\"wp-block-image size-full\"><img fetchpriority=\"high\" decoding=\"async\" width=\"785\" height=\"780\" src=\"https:\/\/moyahousehold.com\/wp-content\/uploads\/2024\/05\/wholesale-mixing-bowls-2.webp\" alt=\"boles personalizados al por mayor\" class=\"wp-image-4785\" srcset=\"https:\/\/moyahousehold.com\/wp-content\/uploads\/2024\/05\/wholesale-mixing-bowls-2.webp 785w, https:\/\/moyahousehold.com\/wp-content\/uploads\/2024\/05\/wholesale-mixing-bowls-2-300x298.webp 300w, https:\/\/moyahousehold.com\/wp-content\/uploads\/2024\/05\/wholesale-mixing-bowls-2-150x150.webp 150w, https:\/\/moyahousehold.com\/wp-content\/uploads\/2024\/05\/wholesale-mixing-bowls-2-768x763.webp 768w, https:\/\/moyahousehold.com\/wp-content\/uploads\/2024\/05\/wholesale-mixing-bowls-2-285x283.webp 285w, https:\/\/moyahousehold.com\/wp-content\/uploads\/2024\/05\/wholesale-mixing-bowls-2-660x656.webp 660w\" sizes=\"(max-width: 785px) 100vw, 785px\" \/><\/figure>\n<\/div>\n\n\n\n<div class=\"wp-block-column is-layout-flow wp-block-column-is-layout-flow\">\n<figure class=\"wp-block-image size-full\"><img decoding=\"async\" width=\"795\" height=\"787\" src=\"https:\/\/moyahousehold.com\/wp-content\/uploads\/2024\/05\/wholesale-mixing-bowls.webp\" alt=\"boles personalizados al por mayor\" class=\"wp-image-4786\" srcset=\"https:\/\/moyahousehold.com\/wp-content\/uploads\/2024\/05\/wholesale-mixing-bowls.webp 795w, https:\/\/moyahousehold.com\/wp-content\/uploads\/2024\/05\/wholesale-mixing-bowls-300x297.webp 300w, https:\/\/moyahousehold.com\/wp-content\/uploads\/2024\/05\/wholesale-mixing-bowls-768x760.webp 768w, https:\/\/moyahousehold.com\/wp-content\/uploads\/2024\/05\/wholesale-mixing-bowls-285x282.webp 285w, https:\/\/moyahousehold.com\/wp-content\/uploads\/2024\/05\/wholesale-mixing-bowls-660x653.webp 660w, https:\/\/moyahousehold.com\/wp-content\/uploads\/2024\/05\/wholesale-mixing-bowls-150x148.webp 150w\" sizes=\"(max-width: 795px) 100vw, 795px\" \/><\/figure>\n<\/div>\n<\/div>","protected":false},"excerpt":{"rendered":"<p>Estos cuencos mezcladores de cocina est\u00e1n fabricados en acero inoxidable 304 de calidad alimentaria, que es muy duradero y tiene un aspecto colorido y agradable. Son muy llamativos en cualquier escena. Son muy adecuados para usar en casa, en restaurantes y en fiestas. El juego de cuencos mezcladores de cocina viene en 3 tama\u00f1os, desde batir huevos hasta mezclar ensaladas, pueden satisfacer sus necesidades y son una herramienta eficaz para mejorar la preparaci\u00f3n de sus comidas.<\/p>\n<h3>Caracter\u00edsticas y ventajas del bol mezclador<\/h3>\n<p>1. Nuestros productos est\u00e1n hechos de acero antioxidante de calidad alimentaria con una fuerte resistencia a la corrosi\u00f3n, lo que puede prevenir eficazmente la oxidaci\u00f3n y garantizar que puedan permanecer brillantes y nuevos despu\u00e9s de un uso a largo plazo.<br \/>2. Los materiales de calidad alimentaria no contienen sustancias nocivas y no reaccionan qu\u00edmicamente con los alimentos, garantizando que cada bocado de comida sea puro y libre de contaminaci\u00f3n, permiti\u00e9ndole a usted y a su familia disfrutar de una comida sana y deliciosa.<br \/>3. La superficie de este bol mezclador de acero inoxidable para cocina adopta la avanzada tecnolog\u00eda de cepillado mate, que mejora enormemente la belleza del producto y aumenta la comodidad de la mano.<br \/>4. El tratamiento mate puede reducir eficazmente los residuos de huellas dactilares y manchas, facilitando la limpieza y el mantenimiento del producto en el uso diario, y manteniendo siempre un aspecto de alta gama.<br \/>5. La pared interior del bol mezclador de cocina tiene una marca de escala para ayudarle a controlar f\u00e1cilmente la cantidad de comida. Ayude a los chefs y al personal de servicio a trabajar de forma m\u00e1s eficiente, aseg\u00farese de que la cantidad es la justa cada vez y no desperdicie ingredientes.<br \/>6. Este bol de acero inoxidable para mezclas de cocina tiene un dise\u00f1o \u00fanico de puerto de desv\u00edo, que hace que el proceso de vertido sea m\u00e1s suave, garantizando que el l\u00edquido pueda salir sin problemas cada vez que se utiliza, y mantiene la cocina limpia de forma eficaz.<br \/>7.Como fabricante de tazones de cocina, podemos personalizar cualquier capacidad para usted, p\u00f3ngase en contacto con nosotros para decirnos su necesidad.<\/p>","protected":false},"featured_media":7885,"comment_status":"open","ping_status":"closed","template":"","meta":[],"product_cat":[55],"product_tag":[],"class_list":{"0":"post-4762","1":"product","2":"type-product","3":"status-publish","4":"has-post-thumbnail","6":"product_cat-salad-bowl-wholesale","8":"first","9":"instock","10":"shipping-taxable","11":"product-type-simple"},"_links":{"self":[{"href":"https:\/\/moyahousehold.com\/es\/wp-json\/wp\/v2\/product\/4762","targetHints":{"allow":["GET"]}}],"collection":[{"href":"https:\/\/moyahousehold.com\/es\/wp-json\/wp\/v2\/product"}],"about":[{"href":"https:\/\/moyahousehold.com\/es\/wp-json\/wp\/v2\/types\/product"}],"replies":[{"embeddable":true,"href":"https:\/\/moyahousehold.com\/es\/wp-json\/wp\/v2\/comments?post=4762"}],"version-history":[{"count":0,"href":"https:\/\/moyahousehold.com\/es\/wp-json\/wp\/v2\/product\/4762\/revisions"}],"wp:featuredmedia":[{"embeddable":true,"href":"https:\/\/moyahousehold.com\/es\/wp-json\/wp\/v2\/media\/7885"}],"wp:attachment":[{"href":"https:\/\/moyahousehold.com\/es\/wp-json\/wp\/v2\/media?parent=4762"}],"wp:term":[{"taxonomy":"product_cat","embeddable":true,"href":"https:\/\/moyahousehold.com\/es\/wp-json\/wp\/v2\/product_cat?post=4762"},{"taxonomy":"product_tag","embeddable":true,"href":"https:\/\/moyahousehold.com\/es\/wp-json\/wp\/v2\/product_tag?post=4762"}],"curies":[{"name":"wp","href":"https:\/\/api.w.org\/{rel}","templated":true}]}}