{"id":4789,"date":"2024-05-17T09:21:31","date_gmt":"2024-05-17T09:21:31","guid":{"rendered":"https:\/\/moyahousehold.com\/?post_type=product&#038;p=4789"},"modified":"2026-04-14T01:07:03","modified_gmt":"2026-04-14T01:07:03","slug":"wholesale-stainless-steel-3-compartment-food-containers-with-lids","status":"publish","type":"product","link":"https:\/\/moyahousehold.com\/es\/producto\/envases-alimentarios-personalizables-al-por-mayor\/","title":{"rendered":"Wholesale Stainless Steel 3 Compartment Food Containers with Lids | Support OEM&amp;ODM"},"content":{"rendered":"<h3 class=\"wp-block-heading\">Par\u00e1metros del contenedor de alimentos de acero inoxidable de 3 compartimentos<\/h3>\n\n\n\n<figure class=\"wp-block-table\"><table class=\"has-fixed-layout\"><tbody><tr><td><strong>Art\u00edculo<\/strong><\/td><td><strong>Material<\/strong><\/td><td><strong>Color<\/strong><\/td><td><strong>Capacidad<\/strong><\/td><td><strong>Dimensi\u00f3n<\/strong><\/td><td><strong>PCS\/Caja<\/strong><\/td><td><strong>N.W.\/PCS<\/strong><\/td><\/tr><tr><td>MYJD024<\/td><td rowspan=\"3\">304 + PP<\/td><td rowspan=\"3\">Black lid + Steel body<\/td><td>1200ML 3-compartments<\/td><td>20*20*6.5cm<\/td><td> 60 <\/td><td>0.26kg<\/td><\/tr><tr><td>MYJD025<\/td><td>1500ML single compartment<\/td><td>20*20*6.5cm<\/td><td>60<\/td><td>0.24kg<\/td><\/tr><tr><td>MYJD026<\/td><td>2000ML deep single compartment<\/td><td>20*20*10cm<\/td><td>48<\/td><td>0,4 kg<\/td><\/tr><\/tbody><\/table><\/figure>\n\n\n\n<div class=\"wp-block-columns is-layout-flex wp-container-core-columns-is-layout-9d6595d7 wp-block-columns-is-layout-flex\">\n<div class=\"wp-block-column is-layout-flow wp-block-column-is-layout-flow\">\n<h3 class=\"wp-block-heading\">Opciones de envases personalizados para alimentos<\/h3>\n\n\n\n<p><strong>Logotipo:<\/strong> Customize your brand logo on product and package.<br><strong>Tapa: <\/strong>PP lid<br><strong>Logo Options: <\/strong>Printed logo, laser engraved logo, etc.<br><strong>Patr\u00f3n:<\/strong> Printing patterns on food storage containers.<br><strong>Printing Technology:<\/strong> Water transfer printing, silk screen printing, heat transfer printing, etc.<br><strong>Embalaje:<\/strong> Color box<br><a href=\"https:\/\/moyahousehold.com\/es\/solucion-personalizada\/\" data-type=\"page\" data-id=\"2817\"><strong>Descubra m\u00e1s soluciones de envases alimentarios personalizados.<\/strong><\/a><\/p>\n<\/div>\n<\/div>\n\n\n\n<div class=\"wp-block-columns is-layout-flex wp-container-core-columns-is-layout-9d6595d7 wp-block-columns-is-layout-flex\">\n<div class=\"wp-block-column is-layout-flow wp-block-column-is-layout-flow\">\n<figure class=\"wp-block-image size-full\"><img fetchpriority=\"high\" decoding=\"async\" width=\"1500\" height=\"1500\" src=\"https:\/\/moyahousehold.com\/wp-content\/uploads\/2024\/05\/stainless-steel-food-container-display-1.jpg\" alt=\"expositor de acero inoxidable para alimentos (1)\" class=\"wp-image-9102\" srcset=\"https:\/\/moyahousehold.com\/wp-content\/uploads\/2024\/05\/stainless-steel-food-container-display-1.jpg 1500w, https:\/\/moyahousehold.com\/wp-content\/uploads\/2024\/05\/stainless-steel-food-container-display-1-300x300.jpg 300w, https:\/\/moyahousehold.com\/wp-content\/uploads\/2024\/05\/stainless-steel-food-container-display-1-150x150.jpg 150w, https:\/\/moyahousehold.com\/wp-content\/uploads\/2024\/05\/stainless-steel-food-container-display-1-768x768.jpg 768w, https:\/\/moyahousehold.com\/wp-content\/uploads\/2024\/05\/stainless-steel-food-container-display-1-12x12.jpg 12w, https:\/\/moyahousehold.com\/wp-content\/uploads\/2024\/05\/stainless-steel-food-container-display-1-285x285.jpg 285w, https:\/\/moyahousehold.com\/wp-content\/uploads\/2024\/05\/stainless-steel-food-container-display-1-270x270.jpg 270w, https:\/\/moyahousehold.com\/wp-content\/uploads\/2024\/05\/stainless-steel-food-container-display-1-540x540.jpg 540w, https:\/\/moyahousehold.com\/wp-content\/uploads\/2024\/05\/stainless-steel-food-container-display-1-660x660.jpg 660w\" sizes=\"(max-width: 1500px) 100vw, 1500px\" \/><\/figure>\n<\/div>\n\n\n\n<div class=\"wp-block-column is-layout-flow wp-block-column-is-layout-flow\">\n<figure class=\"wp-block-image size-full\"><img decoding=\"async\" width=\"1500\" height=\"1500\" src=\"https:\/\/moyahousehold.com\/wp-content\/uploads\/2024\/05\/stainless-steel-food-container-display-2.jpg\" alt=\"expositor de acero inoxidable para recipientes de alimentos (2)\" class=\"wp-image-9103\" srcset=\"https:\/\/moyahousehold.com\/wp-content\/uploads\/2024\/05\/stainless-steel-food-container-display-2.jpg 1500w, https:\/\/moyahousehold.com\/wp-content\/uploads\/2024\/05\/stainless-steel-food-container-display-2-300x300.jpg 300w, https:\/\/moyahousehold.com\/wp-content\/uploads\/2024\/05\/stainless-steel-food-container-display-2-150x150.jpg 150w, https:\/\/moyahousehold.com\/wp-content\/uploads\/2024\/05\/stainless-steel-food-container-display-2-768x768.jpg 768w, https:\/\/moyahousehold.com\/wp-content\/uploads\/2024\/05\/stainless-steel-food-container-display-2-12x12.jpg 12w, https:\/\/moyahousehold.com\/wp-content\/uploads\/2024\/05\/stainless-steel-food-container-display-2-285x285.jpg 285w, https:\/\/moyahousehold.com\/wp-content\/uploads\/2024\/05\/stainless-steel-food-container-display-2-270x270.jpg 270w, https:\/\/moyahousehold.com\/wp-content\/uploads\/2024\/05\/stainless-steel-food-container-display-2-540x540.jpg 540w, https:\/\/moyahousehold.com\/wp-content\/uploads\/2024\/05\/stainless-steel-food-container-display-2-660x660.jpg 660w\" sizes=\"(max-width: 1500px) 100vw, 1500px\" \/><\/figure>\n<\/div>\n<\/div>\n\n\n\n<div class=\"wp-block-columns is-layout-flex wp-container-core-columns-is-layout-9d6595d7 wp-block-columns-is-layout-flex\">\n<div class=\"wp-block-column is-layout-flow wp-block-column-is-layout-flow\">\n<figure class=\"wp-block-image size-full\"><img decoding=\"async\" width=\"3635\" height=\"3635\" src=\"https:\/\/moyahousehold.com\/wp-content\/uploads\/2024\/05\/JD-\u5c0f\u659c\u8fb9\u6b63\u65b9\u5f62\u4fdd\u9c9c\u76d2-13.jpg\" alt=\"MOYA SUS304 Stainless Steel Insulated Food Storage Containers, Leak-Proof Fresh-Keeping Set with Multi Compartments for Camping &amp; Meal Prep\" class=\"wp-image-13021\" srcset=\"https:\/\/moyahousehold.com\/wp-content\/uploads\/2024\/05\/JD-\u5c0f\u659c\u8fb9\u6b63\u65b9\u5f62\u4fdd\u9c9c\u76d2-13.jpg 3635w, https:\/\/moyahousehold.com\/wp-content\/uploads\/2024\/05\/JD-\u5c0f\u659c\u8fb9\u6b63\u65b9\u5f62\u4fdd\u9c9c\u76d2-13-300x300.jpg 300w, https:\/\/moyahousehold.com\/wp-content\/uploads\/2024\/05\/JD-\u5c0f\u659c\u8fb9\u6b63\u65b9\u5f62\u4fdd\u9c9c\u76d2-13-150x150.jpg 150w, https:\/\/moyahousehold.com\/wp-content\/uploads\/2024\/05\/JD-\u5c0f\u659c\u8fb9\u6b63\u65b9\u5f62\u4fdd\u9c9c\u76d2-13-768x768.jpg 768w, https:\/\/moyahousehold.com\/wp-content\/uploads\/2024\/05\/JD-\u5c0f\u659c\u8fb9\u6b63\u65b9\u5f62\u4fdd\u9c9c\u76d2-13-12x12.jpg 12w, https:\/\/moyahousehold.com\/wp-content\/uploads\/2024\/05\/JD-\u5c0f\u659c\u8fb9\u6b63\u65b9\u5f62\u4fdd\u9c9c\u76d2-13-285x285.jpg 285w, https:\/\/moyahousehold.com\/wp-content\/uploads\/2024\/05\/JD-\u5c0f\u659c\u8fb9\u6b63\u65b9\u5f62\u4fdd\u9c9c\u76d2-13-1600x1600.jpg 1600w, https:\/\/moyahousehold.com\/wp-content\/uploads\/2024\/05\/JD-\u5c0f\u659c\u8fb9\u6b63\u65b9\u5f62\u4fdd\u9c9c\u76d2-13-270x270.jpg 270w, https:\/\/moyahousehold.com\/wp-content\/uploads\/2024\/05\/JD-\u5c0f\u659c\u8fb9\u6b63\u65b9\u5f62\u4fdd\u9c9c\u76d2-13-540x540.jpg 540w, https:\/\/moyahousehold.com\/wp-content\/uploads\/2024\/05\/JD-\u5c0f\u659c\u8fb9\u6b63\u65b9\u5f62\u4fdd\u9c9c\u76d2-13-660x660.jpg 660w\" sizes=\"(max-width: 3635px) 100vw, 3635px\" \/><\/figure>\n<\/div>\n\n\n\n<div class=\"wp-block-column is-layout-flow wp-block-column-is-layout-flow\">\n<figure class=\"wp-block-image size-full\"><img loading=\"lazy\" decoding=\"async\" width=\"3635\" height=\"3635\" src=\"https:\/\/moyahousehold.com\/wp-content\/uploads\/2024\/05\/JD-\u5c0f\u659c\u8fb9\u6b63\u65b9\u5f62\u4fdd\u9c9c\u76d2-15.jpg\" alt=\"MOYA SUS304 Stainless Steel Insulated Food Storage Containers, Leak-Proof Fresh-Keeping Set with Multi Compartments for Camping &amp; Meal Prep\" class=\"wp-image-13022\" srcset=\"https:\/\/moyahousehold.com\/wp-content\/uploads\/2024\/05\/JD-\u5c0f\u659c\u8fb9\u6b63\u65b9\u5f62\u4fdd\u9c9c\u76d2-15.jpg 3635w, https:\/\/moyahousehold.com\/wp-content\/uploads\/2024\/05\/JD-\u5c0f\u659c\u8fb9\u6b63\u65b9\u5f62\u4fdd\u9c9c\u76d2-15-300x300.jpg 300w, https:\/\/moyahousehold.com\/wp-content\/uploads\/2024\/05\/JD-\u5c0f\u659c\u8fb9\u6b63\u65b9\u5f62\u4fdd\u9c9c\u76d2-15-150x150.jpg 150w, https:\/\/moyahousehold.com\/wp-content\/uploads\/2024\/05\/JD-\u5c0f\u659c\u8fb9\u6b63\u65b9\u5f62\u4fdd\u9c9c\u76d2-15-768x768.jpg 768w, https:\/\/moyahousehold.com\/wp-content\/uploads\/2024\/05\/JD-\u5c0f\u659c\u8fb9\u6b63\u65b9\u5f62\u4fdd\u9c9c\u76d2-15-12x12.jpg 12w, https:\/\/moyahousehold.com\/wp-content\/uploads\/2024\/05\/JD-\u5c0f\u659c\u8fb9\u6b63\u65b9\u5f62\u4fdd\u9c9c\u76d2-15-285x285.jpg 285w, https:\/\/moyahousehold.com\/wp-content\/uploads\/2024\/05\/JD-\u5c0f\u659c\u8fb9\u6b63\u65b9\u5f62\u4fdd\u9c9c\u76d2-15-1600x1600.jpg 1600w, https:\/\/moyahousehold.com\/wp-content\/uploads\/2024\/05\/JD-\u5c0f\u659c\u8fb9\u6b63\u65b9\u5f62\u4fdd\u9c9c\u76d2-15-270x270.jpg 270w, https:\/\/moyahousehold.com\/wp-content\/uploads\/2024\/05\/JD-\u5c0f\u659c\u8fb9\u6b63\u65b9\u5f62\u4fdd\u9c9c\u76d2-15-540x540.jpg 540w, https:\/\/moyahousehold.com\/wp-content\/uploads\/2024\/05\/JD-\u5c0f\u659c\u8fb9\u6b63\u65b9\u5f62\u4fdd\u9c9c\u76d2-15-660x660.jpg 660w\" sizes=\"(max-width: 3635px) 100vw, 3635px\" \/><\/figure>\n<\/div>\n<\/div>","protected":false},"excerpt":{"rendered":"<p>Recipientes para alimentos de tres compartimentos al por mayor, fabricados totalmente en acero inoxidable grueso, m\u00e1s duradero, y pulido, muy suave y f\u00e1cil de limpiar. Tenemos tres compartimentos y compartimentos individuales y diferentes capacidades para elegir, por lo que puede mezclar y combinar razonablemente para almacenar una variedad de alimentos. Apoyamos OEM y ODM, bienvenido a contactarnos.<\/p>\n<h3>Caracter\u00edsticas y ventajas del contenedor de alimentos de 3 compartimentos<\/h3>\n<p><strong>3 compartimentos:<\/strong> El dise\u00f1o de tres compartimentos separa la comida para mantener el sabor y la textura de cada alimento. Muy adecuado para fiambreras.<\/p>\n<p><strong>High-quality Material:<\/strong> Este recipiente para alimentos est\u00e1 fabricado en acero inoxidable 304 para garantizar su durabilidad y rendimiento a largo plazo.<\/p>\n<p><strong>Enhanced Durability:<\/strong> Este recipiente de acero inoxidable para alimentos ha sido mejorado y engrosado, es resistente a las altas temperaturas y a la corrosi\u00f3n y tiene una vida \u00fatil m\u00e1s larga.<\/p>\n<p><strong>F\u00e1cil de limpiar<\/strong>: El tratamiento electrol\u00edtico interno es suave y redondo, f\u00e1cil de limpiar, y no queda olor a comida. <\/p>\n<p><strong>Sealed and Leak-proof design<\/strong>: Equipado con un anillo de sellado de silicona ensanchado, se ajusta herm\u00e9ticamente para garantizar una estanqueidad total y a prueba de humedad, manteniendo los alimentos frescos. <\/p>\n<p><strong>Sturdy Lid:<\/strong> El contenedor de alimentos est\u00e1 equipado con una tapa engrosada que no es f\u00e1cil de deformar, con un bot\u00f3n transpirable y un dise\u00f1o de orejita, que resulta c\u00f3modo para abrir y cerrar la tapa. <\/p>\n<p><strong>OEM&amp;ODM Support:<\/strong> Moya ofrece servicios de venta al por mayor de recipientes de acero inoxidable para alimentos, con soluciones OEM&amp;ODM a medida para satisfacer sus necesidades personalizadas. <\/p>\n<p>&nbsp;<\/p>","protected":false},"featured_media":9099,"comment_status":"open","ping_status":"closed","template":"","meta":[],"product_cat":[57],"product_tag":[96,100],"class_list":{"0":"post-4789","1":"product","2":"type-product","3":"status-publish","4":"has-post-thumbnail","6":"product_cat-food-storage-container-wholesale","7":"product_tag-wholesale-multi-compartment-storage-food-containers","8":"product_tag-wholesale-square-food-storage-containers","10":"first","11":"instock","12":"shipping-taxable","13":"product-type-simple"},"_links":{"self":[{"href":"https:\/\/moyahousehold.com\/es\/wp-json\/wp\/v2\/product\/4789","targetHints":{"allow":["GET"]}}],"collection":[{"href":"https:\/\/moyahousehold.com\/es\/wp-json\/wp\/v2\/product"}],"about":[{"href":"https:\/\/moyahousehold.com\/es\/wp-json\/wp\/v2\/types\/product"}],"replies":[{"embeddable":true,"href":"https:\/\/moyahousehold.com\/es\/wp-json\/wp\/v2\/comments?post=4789"}],"version-history":[{"count":2,"href":"https:\/\/moyahousehold.com\/es\/wp-json\/wp\/v2\/product\/4789\/revisions"}],"predecessor-version":[{"id":13024,"href":"https:\/\/moyahousehold.com\/es\/wp-json\/wp\/v2\/product\/4789\/revisions\/13024"}],"wp:featuredmedia":[{"embeddable":true,"href":"https:\/\/moyahousehold.com\/es\/wp-json\/wp\/v2\/media\/9099"}],"wp:attachment":[{"href":"https:\/\/moyahousehold.com\/es\/wp-json\/wp\/v2\/media?parent=4789"}],"wp:term":[{"taxonomy":"product_cat","embeddable":true,"href":"https:\/\/moyahousehold.com\/es\/wp-json\/wp\/v2\/product_cat?post=4789"},{"taxonomy":"product_tag","embeddable":true,"href":"https:\/\/moyahousehold.com\/es\/wp-json\/wp\/v2\/product_tag?post=4789"}],"curies":[{"name":"wp","href":"https:\/\/api.w.org\/{rel}","templated":true}]}}