{"id":4823,"date":"2024-05-20T08:29:11","date_gmt":"2024-05-20T08:29:11","guid":{"rendered":"https:\/\/moyahousehold.com\/?post_type=product&#038;p=4823"},"modified":"2025-02-05T10:20:38","modified_gmt":"2025-02-05T10:20:38","slug":"large-stainless-steel-food-containers-with-lids","status":"publish","type":"product","link":"https:\/\/moyahousehold.com\/es\/producto\/recipientes-personalizables-para-alimentos-con-tapa\/","title":{"rendered":"Recipientes grandes de acero inoxidable con tapa: un buen recipiente para congelar alimentos"},"content":{"rendered":"<div class=\"wp-block-columns is-layout-flex wp-container-core-columns-is-layout-9d6595d7 wp-block-columns-is-layout-flex\">\n<div class=\"wp-block-column is-layout-flow wp-block-column-is-layout-flow\">\n<h3 class=\"wp-block-heading\">Par\u00e1metros del contenedor de acero inoxidable para alimentos<\/h3>\n\n\n\n<figure class=\"wp-block-table\"><table class=\"has-fixed-layout\"><tbody><tr><td>N\u00famero de modelo<\/td><td>Material<\/td><td>Color<\/td><td>Capacidad<\/td><td>Tama\u00f1o del producto<\/td><td>Dimensiones de la caja exterior<\/td><td>CANT\/CTN<\/td><td>N.O.<\/td><td>G.W.<\/td><\/tr><tr><td>MYJD033<\/td><td>304+PP<\/td><td rowspan=\"3\">Tapa negra,<br>cuerpo de acero<br>(tapa alta)<\/td><td>550 ml<\/td><td>15*11.5*7.5<\/td><td>60*50*53<\/td><td>120<\/td><td>0.27<\/td><td>56.4<\/td><\/tr><tr><td>MYJD034<\/td><td>304+PP<\/td><td>850 ml<\/td><td>17.5*13*8<\/td><td>61*58*60<\/td><td>96<\/td><td>0.22<\/td><td>40.32<\/td><\/tr><tr><td>MYJD035<\/td><td>304+PP<\/td><td>1500 ml<\/td><td>20.5*15*10.5<\/td><td>67*66*45<\/td><td>60<\/td><td>0.35<\/td><td>33<\/td><\/tr><tr><td>MYJD036<\/td><td>304+PP<\/td><td rowspan=\"2\">Tapa negra con asa<br>cuerpo de acero<br>(tapa alta)<\/td><td>2800 ml<\/td><td>23.5*19.5*13<\/td><td>68*67*69.5<\/td><td>36<\/td><td>0.47<\/td><td>24.12<\/td><\/tr><tr><td>MYJD037<\/td><td>304+PP<\/td><td>5000 ml<\/td><td>29*21.5*15<\/td><td>65*46*60<\/td><td>24<\/td><td>0.89<\/td><td>26.16<\/td><\/tr><\/tbody><\/table><\/figure>\n<\/div>\n<\/div>\n\n\n\n<h3 class=\"wp-block-heading\">Opciones de envases personalizados para alimentos<\/h3>\n\n\n\n<p><strong>Logotipo<\/strong>: personalice el logotipo de su marca en envases y embalajes para alimentos.<br><strong>Tapa<\/strong>: Elija tapas de vidrio o de PP para sus recipientes de acero inoxidable para alimentos<br><strong>Opciones de logotipo<\/strong>: Ponemos a su disposici\u00f3n m\u00e9todos de grabado por l\u00e1ser o transferencia t\u00e9rmica para a\u00f1adir su logotipo a los recipientes de almacenamiento de alimentos.<br><strong>Patr\u00f3n<\/strong>Impresi\u00f3n de motivos en contenedores de alimentos.<br><strong>Tecnolog\u00eda de impresi\u00f3n<\/strong>: Ofrecemos serigraf\u00eda, transferencia de calor, impresi\u00f3n por transferencia de agua para a\u00f1adir patrones a sus productos.<br><strong>Embalaje: <\/strong>Puede enviarnos el archivo y le personalizaremos la caja de color para envases de alimentos.<br><a href=\"https:\/\/moyahousehold.com\/es\/solucion-personalizada\/\"><strong>Descubra m\u00e1s soluciones de envases alimentarios personalizados.<\/strong><\/a><\/p>\n\n\n\n<div class=\"wp-block-columns is-layout-flex wp-container-core-columns-is-layout-9d6595d7 wp-block-columns-is-layout-flex\">\n<div class=\"wp-block-column is-layout-flow wp-block-column-is-layout-flow\">\n<figure class=\"wp-block-image size-full\"><img fetchpriority=\"high\" decoding=\"async\" width=\"1500\" height=\"1500\" src=\"https:\/\/moyahousehold.com\/wp-content\/uploads\/2024\/05\/large-stainless-steel-food-container-series-1.jpg\" alt=\"serie de recipientes grandes de acero inoxidable para alimentos (1)\" class=\"wp-image-9132\" srcset=\"https:\/\/moyahousehold.com\/wp-content\/uploads\/2024\/05\/large-stainless-steel-food-container-series-1.jpg 1500w, https:\/\/moyahousehold.com\/wp-content\/uploads\/2024\/05\/large-stainless-steel-food-container-series-1-300x300.jpg 300w, https:\/\/moyahousehold.com\/wp-content\/uploads\/2024\/05\/large-stainless-steel-food-container-series-1-150x150.jpg 150w, https:\/\/moyahousehold.com\/wp-content\/uploads\/2024\/05\/large-stainless-steel-food-container-series-1-768x768.jpg 768w, https:\/\/moyahousehold.com\/wp-content\/uploads\/2024\/05\/large-stainless-steel-food-container-series-1-12x12.jpg 12w, https:\/\/moyahousehold.com\/wp-content\/uploads\/2024\/05\/large-stainless-steel-food-container-series-1-285x285.jpg 285w, https:\/\/moyahousehold.com\/wp-content\/uploads\/2024\/05\/large-stainless-steel-food-container-series-1-270x270.jpg 270w, https:\/\/moyahousehold.com\/wp-content\/uploads\/2024\/05\/large-stainless-steel-food-container-series-1-540x540.jpg 540w, https:\/\/moyahousehold.com\/wp-content\/uploads\/2024\/05\/large-stainless-steel-food-container-series-1-660x660.jpg 660w\" sizes=\"(max-width: 1500px) 100vw, 1500px\" \/><\/figure>\n<\/div>\n\n\n\n<div class=\"wp-block-column is-layout-flow wp-block-column-is-layout-flow\">\n<figure class=\"wp-block-image size-full\"><img decoding=\"async\" width=\"1500\" height=\"1500\" src=\"https:\/\/moyahousehold.com\/wp-content\/uploads\/2024\/05\/large-stainless-steel-food-container-series-2.jpg\" alt=\"serie de recipientes grandes de acero inoxidable para alimentos (2)\" class=\"wp-image-9133\" srcset=\"https:\/\/moyahousehold.com\/wp-content\/uploads\/2024\/05\/large-stainless-steel-food-container-series-2.jpg 1500w, https:\/\/moyahousehold.com\/wp-content\/uploads\/2024\/05\/large-stainless-steel-food-container-series-2-300x300.jpg 300w, https:\/\/moyahousehold.com\/wp-content\/uploads\/2024\/05\/large-stainless-steel-food-container-series-2-150x150.jpg 150w, https:\/\/moyahousehold.com\/wp-content\/uploads\/2024\/05\/large-stainless-steel-food-container-series-2-768x768.jpg 768w, https:\/\/moyahousehold.com\/wp-content\/uploads\/2024\/05\/large-stainless-steel-food-container-series-2-12x12.jpg 12w, https:\/\/moyahousehold.com\/wp-content\/uploads\/2024\/05\/large-stainless-steel-food-container-series-2-285x285.jpg 285w, https:\/\/moyahousehold.com\/wp-content\/uploads\/2024\/05\/large-stainless-steel-food-container-series-2-270x270.jpg 270w, https:\/\/moyahousehold.com\/wp-content\/uploads\/2024\/05\/large-stainless-steel-food-container-series-2-540x540.jpg 540w, https:\/\/moyahousehold.com\/wp-content\/uploads\/2024\/05\/large-stainless-steel-food-container-series-2-660x660.jpg 660w\" sizes=\"(max-width: 1500px) 100vw, 1500px\" \/><\/figure>\n<\/div>\n<\/div>\n\n\n\n<div class=\"wp-block-columns is-layout-flex wp-container-core-columns-is-layout-9d6595d7 wp-block-columns-is-layout-flex\">\n<div class=\"wp-block-column is-layout-flow wp-block-column-is-layout-flow\"><\/div>\n\n\n\n<div class=\"wp-block-column is-layout-flow wp-block-column-is-layout-flow\"><\/div>\n<\/div>","protected":false},"excerpt":{"rendered":"<p>Recipientes de acero inoxidable para alimentos de gran capacidad al por mayor, fabricados en acero inoxidable engrosado, y recipientes de acero inoxidable para almacenar alimentos con tapas engrosadas, muy adecuados para uso frecuente, como hoteles, restaurantes y otros lugares. Pueden utilizarse para almacenar alimentos congelados, alimentos s\u00f3lidos y otros tipos de alimentos. Modelo de gran capacidad MYJD035-037 con dise\u00f1o de asa, muy f\u00e1cil de usar, el dise\u00f1o de prensa alrededor de la tapa puede ayudarle a sellar f\u00e1cilmente los alimentos. P\u00f3ngase en contacto con nosotros para solicitar un presupuesto.<\/p>\n<h3>Caracter\u00edsticas y ventajas de los recipientes para alimentos\u00a0<\/h3>\n<p><strong>Material de acero inoxidable 304 de calidad alimentaria:<\/strong> Esta fiambrera grande de acero inoxidable est\u00e1 fabricada en acero inoxidable 304, que es duradero, resistente a la corrosi\u00f3n y no contiene sustancias nocivas, por lo que su uso es m\u00e1s seguro.<\/p>\n<p><strong>Material de acero inoxidable engrosado:<\/strong> Se utiliza acero inoxidable espesado, que es m\u00e1s duradero que los recipientes ordinarios de acero inoxidable para almacenar alimentos y resulta muy adecuado para almacenar alimentos congelados en restaurantes y hoteles.<\/p>\n<p><strong>Tapa de material PP de calidad alimentaria:<\/strong> La tapa est\u00e1 equipada con un dise\u00f1o a presi\u00f3n para garantizar la firmeza de la tapa, evitar fugas de alimentos y facilitar el uso diario.<\/p>\n<p><strong>F\u00e1cil de limpiar y duradero:<\/strong> La pared interior del contenedor de alimentos adopta un proceso de electr\u00f3lisis, y la superficie es lisa y redonda, f\u00e1cil de limpiar. No hay olores residuales al almacenar los alimentos, manteni\u00e9ndolos frescos.<\/p>\n<p><strong>Anillo de silicona de estanqueidad ensanchado:<\/strong> La tapa est\u00e1 equipada con un anillo de silicona ensanchado para garantizar un ajuste herm\u00e9tico, proporcionar una funci\u00f3n a prueba de fugas total, evitar eficazmente la entrada de vapor de agua externo y mantener los alimentos secos.<\/p>\n<p><strong>Servicio de personalizaci\u00f3n OEM&amp;ODM:<\/strong> Ofrecemos servicios profesionales de personalizaci\u00f3n OEM&amp;ODM para crear recipientes de acero inoxidable para alimentos \u00fanicos seg\u00fan las necesidades del cliente, para garantizar que se cumplen sus requisitos personalizados.<\/p>","protected":false},"featured_media":9272,"comment_status":"closed","ping_status":"closed","template":"","meta":[],"product_cat":[57],"product_tag":[99],"class_list":{"0":"post-4823","1":"product","2":"type-product","3":"status-publish","4":"has-post-thumbnail","6":"product_cat-food-storage-container-wholesale","7":"product_tag-wholesale-rectangle-food-storage-containers","9":"first","10":"instock","11":"shipping-taxable","12":"product-type-simple"},"_links":{"self":[{"href":"https:\/\/moyahousehold.com\/es\/wp-json\/wp\/v2\/product\/4823","targetHints":{"allow":["GET"]}}],"collection":[{"href":"https:\/\/moyahousehold.com\/es\/wp-json\/wp\/v2\/product"}],"about":[{"href":"https:\/\/moyahousehold.com\/es\/wp-json\/wp\/v2\/types\/product"}],"replies":[{"embeddable":true,"href":"https:\/\/moyahousehold.com\/es\/wp-json\/wp\/v2\/comments?post=4823"}],"version-history":[{"count":0,"href":"https:\/\/moyahousehold.com\/es\/wp-json\/wp\/v2\/product\/4823\/revisions"}],"wp:featuredmedia":[{"embeddable":true,"href":"https:\/\/moyahousehold.com\/es\/wp-json\/wp\/v2\/media\/9272"}],"wp:attachment":[{"href":"https:\/\/moyahousehold.com\/es\/wp-json\/wp\/v2\/media?parent=4823"}],"wp:term":[{"taxonomy":"product_cat","embeddable":true,"href":"https:\/\/moyahousehold.com\/es\/wp-json\/wp\/v2\/product_cat?post=4823"},{"taxonomy":"product_tag","embeddable":true,"href":"https:\/\/moyahousehold.com\/es\/wp-json\/wp\/v2\/product_tag?post=4823"}],"curies":[{"name":"wp","href":"https:\/\/api.w.org\/{rel}","templated":true}]}}