{"id":4860,"date":"2024-05-21T03:56:43","date_gmt":"2024-05-21T03:56:43","guid":{"rendered":"https:\/\/moyahousehold.com\/?post_type=product&#038;p=4860"},"modified":"2025-02-05T10:18:25","modified_gmt":"2025-02-05T10:18:25","slug":"wholesale-food-storage-containers-commercial","status":"publish","type":"product","link":"https:\/\/moyahousehold.com\/es\/producto\/wholesale-food-storage-containers-commercial\/","title":{"rendered":"Mayorista a Granel Recipientes para Conservar Alimentos con Fechador"},"content":{"rendered":"<h3 class=\"wp-block-heading\">Par\u00e1metros de los recipientes de almacenamiento de alimentos para cocinas comerciales<\/h3>\n\n\n\n<p><strong>Material:<\/strong>Acero inoxidable 304 + PP<br><strong>Color:<\/strong>Tapa trasl\u00facida beige\/caqui, cuerpo de acero<\/p>\n\n\n\n<div class=\"wp-block-columns is-layout-flex wp-container-core-columns-is-layout-9d6595d7 wp-block-columns-is-layout-flex\">\n<div class=\"wp-block-column is-layout-flow wp-block-column-is-layout-flow\">\n<div class=\"wp-block-columns is-layout-flex wp-container-core-columns-is-layout-9d6595d7 wp-block-columns-is-layout-flex\">\n<div class=\"wp-block-column is-layout-flow wp-block-column-is-layout-flow\">\n<p><strong>N\u00famero de modelo:MYJD044<\/strong><br>Capacidad: 300 ml<br>Dimensiones del producto: 11,6\u00d79,5\u00d75 cm<br>Dimensiones de la caja exterior:60\u00d739\u00d727cm<br>Cantidad por caja:100<br>Peso neto: 0,11 kg<br>Peso bruto por caja:12,88 kg<br><strong>N\u00famero de modelo:MYJD045<\/strong><br>Capacidad: 500 ml<br>Dimensiones del producto: 11.6\u00d79.5\u00d77.5<br>Dimensiones de la caja exterior:60\u00d739,5\u00d732,5 cm<br>Cantidad por caja:80<br>Peso neto: 0,12 kg<br>Peso bruto por caja:10,93 kg<br>tipo de tapa:tapa alta con asa<br><strong>N\u00famero de modelo:MYJD046<\/strong><br>Capacidad: 600 ml<br>Dimensiones del producto: 11,6\u00d79,5\u00d79,5 cm<br>Dimensiones de la caja exterior:60\u00d739\u00d740cm<br>Cantidad por caja:80<br>Peso neto: 0,16 kg<br>Peso bruto por caja:14kg<br><strong>N\u00famero de modelo:MYJD047<\/strong><br>Capacidad: 700 ml<br>Dimensiones del producto: 19\u00d711,7\u00d75 cm<br>Dimensiones de la caja: 60\u00d739\u00d741,5 cm<br>Cantidad por caja:80<br>Peso neto: 0,21 kg<br>Peso bruto por caja:17,67 kg<br><strong>N\u00famero de modelo:MYJD048<\/strong><br>Capacidad: 1100 ml<br>Dimensiones del producto: 19\u00d711,7\u00d77,5 cm<br>Dimensiones de la caja exterior:60\u00d739,5\u00d746,5 cm<br>Cantidad por caja:60<br>Peso neto: 0,23 kg<br>Peso bruto por caja:15,28 kg<\/p>\n<\/div>\n\n\n\n<div class=\"wp-block-column is-layout-flow wp-block-column-is-layout-flow\">\n<p><strong>N\u00famero de modelo:MYJD049<\/strong><br>Capacidad: 1400 ml<br>Dimensiones del producto: 19\u00d711,7\u00d79,5 cm<br>Dimensiones de la caja exterior:60\u00d739,5\u00d749,5 cm<br>Cantidad por caja:60<br>Peso neto: 0,28 kg<br>Peso bruto por caja:17,97 kg<br><strong>N\u00famero de modelo:MYJD050<\/strong><br>Capacidad: 1700 ml<br>Dimensiones del producto: 23,5\u00d719,1\u00d75,6 cm<br>Dimensiones de la caja exterior:59x48x54,5cm<br>Cantidad por caja:48<br>Peso neto: 0,39 kg<br>Peso bruto por caja:20,36 kg<br><strong>N\u00famero de modelo:MYJD051<\/strong><br>Capacidad: 2400 ml<br>Dimensiones del producto: 23,5\u00d719,1\u00d77,6 cm<br>Dimensiones de la caja: 59\u00d748\u00d761,5 cm<br>Cantidad por caja:48<br>Peso neto: 0,42 kg<br>Peso bruto por caja:23,5 kg<br><strong>N\u00famero de modelo:MYJD052<\/strong><br>Capacidad: 3200 ml<br>Dimensiones del producto: 23,5\u00d7<em>19.1<\/em>\u00d79,6 cm<br>Dimensiones de la caja exterior:59\u00d748\u00d759cm<br>Cantidad por caja:36<br>Peso neto: 0,46 kg<br>Peso bruto por caja:18,35 kg<\/p>\n<\/div>\n<\/div>\n<\/div>\n<\/div>\n\n\n\n<h3 class=\"wp-block-heading\">Opciones de envases comerciales a medida para alimentos<\/h3>\n\n\n\n<p><strong>Logotipo:<\/strong> personalice el logotipo de su marca en el producto y el envase.<br><strong>Tapa: <\/strong>Tapa de vidrio, tapa de PP<br><strong>Opciones de logotipo: <\/strong>logotipo impreso, logotipo grabado con l\u00e1ser, etc.<br><strong>Patr\u00f3n:<\/strong> patrones de impresi\u00f3n en contaners de almacenamiento de alimentos.<br><strong>Tecnolog\u00eda de impresi\u00f3n:<\/strong> impresi\u00f3n por transferencia de agua, serigraf\u00eda, impresi\u00f3n por transferencia de calor, etc.<br><strong>Paquete: <\/strong>caja de color<br><a href=\"https:\/\/moyahousehold.com\/es\/solucion-personalizada\/\" data-type=\"page\" data-id=\"2817\"><strong>M\u00e1s informaci\u00f3n sobre soluciones de envasado de alimentos a medida. <\/strong><\/a><\/p>\n\n\n\n<div class=\"wp-block-columns is-layout-flex wp-container-core-columns-is-layout-9d6595d7 wp-block-columns-is-layout-flex\">\n<div class=\"wp-block-column is-layout-flow wp-block-column-is-layout-flow\">\n<figure class=\"wp-block-image size-full\"><img fetchpriority=\"high\" decoding=\"async\" width=\"1500\" height=\"1500\" src=\"https:\/\/moyahousehold.com\/wp-content\/uploads\/2024\/05\/commercial-kitchen-food-storage-containers-1.jpg\" alt=\"recipientes de almacenamiento de alimentos para cocinas comerciales (1)\" class=\"wp-image-9191\" srcset=\"https:\/\/moyahousehold.com\/wp-content\/uploads\/2024\/05\/commercial-kitchen-food-storage-containers-1.jpg 1500w, https:\/\/moyahousehold.com\/wp-content\/uploads\/2024\/05\/commercial-kitchen-food-storage-containers-1-300x300.jpg 300w, https:\/\/moyahousehold.com\/wp-content\/uploads\/2024\/05\/commercial-kitchen-food-storage-containers-1-150x150.jpg 150w, https:\/\/moyahousehold.com\/wp-content\/uploads\/2024\/05\/commercial-kitchen-food-storage-containers-1-768x768.jpg 768w, https:\/\/moyahousehold.com\/wp-content\/uploads\/2024\/05\/commercial-kitchen-food-storage-containers-1-12x12.jpg 12w, https:\/\/moyahousehold.com\/wp-content\/uploads\/2024\/05\/commercial-kitchen-food-storage-containers-1-285x285.jpg 285w, https:\/\/moyahousehold.com\/wp-content\/uploads\/2024\/05\/commercial-kitchen-food-storage-containers-1-270x270.jpg 270w, https:\/\/moyahousehold.com\/wp-content\/uploads\/2024\/05\/commercial-kitchen-food-storage-containers-1-540x540.jpg 540w, https:\/\/moyahousehold.com\/wp-content\/uploads\/2024\/05\/commercial-kitchen-food-storage-containers-1-660x660.jpg 660w\" sizes=\"(max-width: 1500px) 100vw, 1500px\" \/><\/figure>\n<\/div>\n\n\n\n<div class=\"wp-block-column is-layout-flow wp-block-column-is-layout-flow\">\n<figure class=\"wp-block-image size-full\"><img decoding=\"async\" width=\"1500\" height=\"1500\" src=\"https:\/\/moyahousehold.com\/wp-content\/uploads\/2024\/05\/commercial-kitchen-food-storage-containers-2.jpg\" alt=\"recipientes de almacenamiento de alimentos para cocinas comerciales (2)\" class=\"wp-image-9192\" srcset=\"https:\/\/moyahousehold.com\/wp-content\/uploads\/2024\/05\/commercial-kitchen-food-storage-containers-2.jpg 1500w, https:\/\/moyahousehold.com\/wp-content\/uploads\/2024\/05\/commercial-kitchen-food-storage-containers-2-300x300.jpg 300w, https:\/\/moyahousehold.com\/wp-content\/uploads\/2024\/05\/commercial-kitchen-food-storage-containers-2-150x150.jpg 150w, https:\/\/moyahousehold.com\/wp-content\/uploads\/2024\/05\/commercial-kitchen-food-storage-containers-2-768x768.jpg 768w, https:\/\/moyahousehold.com\/wp-content\/uploads\/2024\/05\/commercial-kitchen-food-storage-containers-2-12x12.jpg 12w, https:\/\/moyahousehold.com\/wp-content\/uploads\/2024\/05\/commercial-kitchen-food-storage-containers-2-285x285.jpg 285w, https:\/\/moyahousehold.com\/wp-content\/uploads\/2024\/05\/commercial-kitchen-food-storage-containers-2-270x270.jpg 270w, https:\/\/moyahousehold.com\/wp-content\/uploads\/2024\/05\/commercial-kitchen-food-storage-containers-2-540x540.jpg 540w, https:\/\/moyahousehold.com\/wp-content\/uploads\/2024\/05\/commercial-kitchen-food-storage-containers-2-660x660.jpg 660w\" sizes=\"(max-width: 1500px) 100vw, 1500px\" \/><\/figure>\n<\/div>\n<\/div>\n\n\n\n<p><\/p>","protected":false},"excerpt":{"rendered":"<p>Recipientes de acero inoxidable al por mayor para el almacenamiento comercial de alimentos, dise\u00f1ados para la industria de la restauraci\u00f3n a gran escala, fabricados con materiales de alta calidad, almacenan y protegen eficazmente la frescura y calidad de diversos ingredientes. La superficie del recipiente est\u00e1 tratada mediante un proceso electrol\u00edtico, que reduce en gran medida el tiempo necesario para su limpieza, lo que resulta muy adecuado para las cocinas comerciales que necesitan un uso frecuente. P\u00f3ngase en contacto con nosotros para solicitar un presupuesto.<\/p>\n<h3>Caracter\u00edsticas y ventajas de los contenedores comerciales para alimentos<\/h3>\n<p><strong>Material de acero inoxidable 304:<\/strong> Fabricado en acero inoxidable 304 de alta calidad, el contenedor comercial de almacenamiento de alimentos es resistente y duradero, lo que garantiza que no se oxide tras un uso prolongado, seguro e inofensivo, y adecuado para almacenar todo tipo de alimentos.<\/p>\n<p><strong>Dise\u00f1o engrosado mejorado:<\/strong> Tras el espesado, los recipientes de almacenamiento de alimentos para cocinas comerciales tienen una mayor resistencia a las altas temperaturas y a la corrosi\u00f3n, pueden soportar cambios de temperatura m\u00e1s elevados y un uso prolongado, y no es f\u00e1cil que se deformen.<\/p>\n<p><strong>M\u00faltiples especificaciones disponibles:<\/strong> Hay disponibles nueve especificaciones diferentes para satisfacer distintas necesidades. Tanto si se trata de una comida de trabajo, un picnic de viaje o la necesidad de almacenar alimentos en un restaurante, podr\u00e1 encontrar el tama\u00f1o adecuado.<\/p>\n<p><strong>Se recomienda su uso con bolsas de hielo:<\/strong> Para mantener los alimentos frescos y fr\u00edos, se recomienda utilizar bolsas de hielo, que son adecuadas para mantener los alimentos frescos durante mucho tiempo cuando hace calor.<\/p>\n<p><strong>Adecuado para una gran variedad de alimentos: <\/strong>Estos recipientes de acero inoxidable para cocina son muy adecuados para almacenar una gran variedad de alimentos, incluidos l\u00edquidos, productos secos, salsas, sopas, etc. Gracias a su impermeabilidad, pueden proteger eficazmente el sabor y la textura de los alimentos.<\/p>\n<p><strong>F\u00e1cil de apilar y almacenar:<\/strong> Estos contenedores comerciales de acero inoxidable para alimentos est\u00e1n dise\u00f1ados para apilarse y ahorrar espacio de almacenamiento, especialmente indicados para entornos comerciales como restaurantes y plantas de procesamiento de alimentos que requieren mucho almacenamiento.<\/p>\n<p>&nbsp;<\/p>","protected":false},"featured_media":9166,"comment_status":"open","ping_status":"closed","template":"","meta":[],"product_cat":[57],"product_tag":[95,99],"class_list":{"0":"post-4860","1":"product","2":"type-product","3":"status-publish","4":"has-post-thumbnail","6":"product_cat-food-storage-container-wholesale","7":"product_tag-wholesale-food-storage-containers-with-date-dial","8":"product_tag-wholesale-rectangle-food-storage-containers","10":"first","11":"instock","12":"shipping-taxable","13":"product-type-simple"},"_links":{"self":[{"href":"https:\/\/moyahousehold.com\/es\/wp-json\/wp\/v2\/product\/4860","targetHints":{"allow":["GET"]}}],"collection":[{"href":"https:\/\/moyahousehold.com\/es\/wp-json\/wp\/v2\/product"}],"about":[{"href":"https:\/\/moyahousehold.com\/es\/wp-json\/wp\/v2\/types\/product"}],"replies":[{"embeddable":true,"href":"https:\/\/moyahousehold.com\/es\/wp-json\/wp\/v2\/comments?post=4860"}],"version-history":[{"count":0,"href":"https:\/\/moyahousehold.com\/es\/wp-json\/wp\/v2\/product\/4860\/revisions"}],"wp:featuredmedia":[{"embeddable":true,"href":"https:\/\/moyahousehold.com\/es\/wp-json\/wp\/v2\/media\/9166"}],"wp:attachment":[{"href":"https:\/\/moyahousehold.com\/es\/wp-json\/wp\/v2\/media?parent=4860"}],"wp:term":[{"taxonomy":"product_cat","embeddable":true,"href":"https:\/\/moyahousehold.com\/es\/wp-json\/wp\/v2\/product_cat?post=4860"},{"taxonomy":"product_tag","embeddable":true,"href":"https:\/\/moyahousehold.com\/es\/wp-json\/wp\/v2\/product_tag?post=4860"}],"curies":[{"name":"wp","href":"https:\/\/api.w.org\/{rel}","templated":true}]}}