{"id":4874,"date":"2024-05-21T08:02:33","date_gmt":"2024-05-21T08:02:33","guid":{"rendered":"https:\/\/moyahousehold.com\/?post_type=product&#038;p=4874"},"modified":"2025-02-05T10:17:46","modified_gmt":"2025-02-05T10:17:46","slug":"wholesale-premium-stainless-steel-food-storage-containers","status":"publish","type":"product","link":"https:\/\/moyahousehold.com\/es\/producto\/recipientes-de-acero-inoxidable-para-alimentos-al-por-mayor\/","title":{"rendered":"Mayorista Recipientes de acero inoxidable para alimentos"},"content":{"rendered":"<div class=\"wp-block-columns is-layout-flex wp-container-core-columns-is-layout-9d6595d7 wp-block-columns-is-layout-flex\">\n<div class=\"wp-block-column is-layout-flow wp-block-column-is-layout-flow\">\n<h3 class=\"wp-block-heading\">Par\u00e1metros de los recipientes de acero inoxidable para alimentos al por mayor<\/h3>\n<\/div>\n<\/div>\n\n\n\n<figure class=\"wp-block-table\"><table><tbody><tr><td><\/td><td>Capacidad<\/td><td>Tama\u00f1o del producto<\/td><td>Tama\u00f1o de la caja exterior<\/td><td>Cantidad por caja<\/td><td>N.W<\/td><td>G.W\/Caso<\/td><\/tr><tr><td>MYJD062<\/td><td>300 ml<\/td><td>11.6*9.5*5<\/td><td>60*39*27<\/td><td>100<\/td><td>0.11&nbsp;<\/td><td>12.88<\/td><\/tr><tr><td>MYJD063<\/td><td>500 ml<\/td><td>11.6*9.5*7.5<\/td><td>60*39.5*32.5<\/td><td>80<\/td><td>0.12&nbsp;<\/td><td>10.93<\/td><\/tr><tr><td>MYJD064<\/td><td>600 ml<\/td><td>11.6*9.5*9.5<\/td><td>60*39*40<\/td><td>80<\/td><td>0.16&nbsp;<\/td><td>14<\/td><\/tr><tr><td>MYJD065<\/td><td>700 ml<\/td><td>19*11.7*5<\/td><td>60*39*41.5<\/td><td>80<\/td><td>0.21&nbsp;<\/td><td>17.67<\/td><\/tr><tr><td>MYJD066<\/td><td>1100 ml<\/td><td>19*11.7*7.5<\/td><td>60*39.5*46.5<\/td><td>60<\/td><td>0.23&nbsp;<\/td><td>15.28<\/td><\/tr><tr><td>MYJD067<\/td><td>1400 ml<\/td><td>19*11.7*9.5<\/td><td>60*39.5*49.5<\/td><td>60<\/td><td>0.28&nbsp;<\/td><td>17.97<\/td><\/tr><tr><td>MYJD068<\/td><td>1700 ml<\/td><td>23.5*19.1*5.6<\/td><td>59*48*54.5<\/td><td>48<\/td><td>0.39&nbsp;<\/td><td>20.36<\/td><\/tr><tr><td>MYJD069<\/td><td>2400 ml<\/td><td>23.5*19.1*7.6<\/td><td>59*48*61.5<\/td><td>48<\/td><td>0.42&nbsp;<\/td><td>23.5<\/td><\/tr><tr><td>MYJD070<\/td><td>3200 ml<\/td><td>23.5*19.1*9.6<\/td><td>59*48*59<\/td><td>36<\/td><td>0.46&nbsp;<\/td><td>18.35<\/td><\/tr><\/tbody><\/table><\/figure>\n\n\n\n<h3 class=\"wp-block-heading\">Opciones de envases personalizados para alimentos<\/h3>\n\n\n\n<p><strong>Logotipo<\/strong>Personalice el logotipo de su marca en el producto y el envase.<br><strong>Tapa<\/strong>: Tapa de vidrio, tapa de PP<br><strong>Opciones de logotipo<\/strong>Logotipo impreso, logotipo grabado con l\u00e1ser, etc.<br><strong>Patr\u00f3n<\/strong>Impresi\u00f3n de motivos en contenedores de alimentos.<br><strong>Tecnolog\u00eda de impresi\u00f3n<\/strong>Impresi\u00f3n por transferencia de agua, serigraf\u00eda, impresi\u00f3n por transferencia de calor, etc.<br><strong>Paquete<\/strong>:caja de color<br><a href=\"https:\/\/moyahousehold.com\/es\/solucion-personalizada\/\" data-type=\"page\" data-id=\"2817\"><strong>M\u00e1s personalizaci\u00f3n<\/strong><\/a><\/p>\n\n\n\n<div class=\"wp-block-columns is-layout-flex wp-container-core-columns-is-layout-9d6595d7 wp-block-columns-is-layout-flex\">\n<div class=\"wp-block-column is-layout-flow wp-block-column-is-layout-flow\">\n<figure class=\"wp-block-image size-full\"><img fetchpriority=\"high\" decoding=\"async\" width=\"566\" height=\"566\" src=\"https:\/\/moyahousehold.com\/wp-content\/uploads\/2024\/05\/food-storage-container-wholesale-1.webp\" alt=\"recipiente de almacenamiento de alimentos al por mayor\" class=\"wp-image-4885\" srcset=\"https:\/\/moyahousehold.com\/wp-content\/uploads\/2024\/05\/food-storage-container-wholesale-1.webp 566w, https:\/\/moyahousehold.com\/wp-content\/uploads\/2024\/05\/food-storage-container-wholesale-1-300x300.webp 300w, https:\/\/moyahousehold.com\/wp-content\/uploads\/2024\/05\/food-storage-container-wholesale-1-150x150.webp 150w, https:\/\/moyahousehold.com\/wp-content\/uploads\/2024\/05\/food-storage-container-wholesale-1-285x285.webp 285w, https:\/\/moyahousehold.com\/wp-content\/uploads\/2024\/05\/food-storage-container-wholesale-1-270x270.webp 270w, https:\/\/moyahousehold.com\/wp-content\/uploads\/2024\/05\/food-storage-container-wholesale-1-540x540.webp 540w\" sizes=\"(max-width: 566px) 100vw, 566px\" \/><\/figure>\n<\/div>\n\n\n\n<div class=\"wp-block-column is-layout-flow wp-block-column-is-layout-flow\">\n<figure class=\"wp-block-image size-full\"><img decoding=\"async\" width=\"569\" height=\"567\" src=\"https:\/\/moyahousehold.com\/wp-content\/uploads\/2024\/05\/food-storage-container-wholesale-2.webp\" alt=\"recipiente de almacenamiento de alimentos al por mayor\" class=\"wp-image-4886\" srcset=\"https:\/\/moyahousehold.com\/wp-content\/uploads\/2024\/05\/food-storage-container-wholesale-2.webp 569w, https:\/\/moyahousehold.com\/wp-content\/uploads\/2024\/05\/food-storage-container-wholesale-2-300x300.webp 300w, https:\/\/moyahousehold.com\/wp-content\/uploads\/2024\/05\/food-storage-container-wholesale-2-150x150.webp 150w, https:\/\/moyahousehold.com\/wp-content\/uploads\/2024\/05\/food-storage-container-wholesale-2-285x284.webp 285w, https:\/\/moyahousehold.com\/wp-content\/uploads\/2024\/05\/food-storage-container-wholesale-2-270x270.webp 270w\" sizes=\"(max-width: 569px) 100vw, 569px\" \/><\/figure>\n<\/div>\n<\/div>\n\n\n\n<div class=\"wp-block-columns is-layout-flex wp-container-core-columns-is-layout-9d6595d7 wp-block-columns-is-layout-flex\">\n<div class=\"wp-block-column is-layout-flow wp-block-column-is-layout-flow\">\n<figure class=\"wp-block-image size-full\"><img decoding=\"async\" width=\"570\" height=\"571\" src=\"https:\/\/moyahousehold.com\/wp-content\/uploads\/2024\/05\/food-storage-container-wholesale-3.webp\" alt=\"recipiente de almacenamiento de alimentos al por mayor\" class=\"wp-image-4887\" srcset=\"https:\/\/moyahousehold.com\/wp-content\/uploads\/2024\/05\/food-storage-container-wholesale-3.webp 570w, https:\/\/moyahousehold.com\/wp-content\/uploads\/2024\/05\/food-storage-container-wholesale-3-300x300.webp 300w, https:\/\/moyahousehold.com\/wp-content\/uploads\/2024\/05\/food-storage-container-wholesale-3-150x150.webp 150w, https:\/\/moyahousehold.com\/wp-content\/uploads\/2024\/05\/food-storage-container-wholesale-3-285x286.webp 285w, https:\/\/moyahousehold.com\/wp-content\/uploads\/2024\/05\/food-storage-container-wholesale-3-270x270.webp 270w, https:\/\/moyahousehold.com\/wp-content\/uploads\/2024\/05\/food-storage-container-wholesale-3-540x540.webp 540w\" sizes=\"(max-width: 570px) 100vw, 570px\" \/><\/figure>\n<\/div>\n\n\n\n<div class=\"wp-block-column is-layout-flow wp-block-column-is-layout-flow\">\n<figure class=\"wp-block-image size-full\"><img loading=\"lazy\" decoding=\"async\" width=\"559\" height=\"566\" src=\"https:\/\/moyahousehold.com\/wp-content\/uploads\/2024\/05\/food-storage-container-wholesale-4.webp\" alt=\"recipiente de almacenamiento de alimentos al por mayor\" class=\"wp-image-4888\" srcset=\"https:\/\/moyahousehold.com\/wp-content\/uploads\/2024\/05\/food-storage-container-wholesale-4.webp 559w, https:\/\/moyahousehold.com\/wp-content\/uploads\/2024\/05\/food-storage-container-wholesale-4-296x300.webp 296w, https:\/\/moyahousehold.com\/wp-content\/uploads\/2024\/05\/food-storage-container-wholesale-4-285x289.webp 285w, https:\/\/moyahousehold.com\/wp-content\/uploads\/2024\/05\/food-storage-container-wholesale-4-148x150.webp 148w\" sizes=\"(max-width: 559px) 100vw, 559px\" \/><\/figure>\n<\/div>\n<\/div>","protected":false},"excerpt":{"rendered":"<p>Suministramos al por mayor recipientes de acero inoxidable para el almacenamiento de alimentos, con una gran variedad de especificaciones, capacidades y dise\u00f1os entre los que elegir. Estos recipientes de almacenamiento de alimentos est\u00e1n fabricados en acero inoxidable de alta calidad con m\u00f3dulos de registro de tiempo para garantizar la seguridad y frescura de los alimentos. En comparaci\u00f3n con los materiales pl\u00e1sticos, los recipientes de acero inoxidable para alimentos son m\u00e1s duraderos y seguros. No s\u00f3lo vendemos al por mayor recipientes de acero inoxidable para alimentos de especificaciones fijas, sino que tambi\u00e9n podemos personalizar el logotipo, el tama\u00f1o, el embalaje, la capacidad y la tapa de los recipientes para alimentos seg\u00fan sus necesidades.<\/p>\n<h3>Caracter\u00edsticas y ventajas del recipiente de acero inoxidable para alimentos<\/h3>\n<p>1.Dise\u00f1ado con recipientes de comida Janpan, se puede utilizar como fiambrera japonesa. Cuando viaje, a\u00f1ada arroz exquisito para que pueda disfrutar de un momento de ocio.<\/p>\n<p>2. Este recipiente de almacenamiento de alimentos al por mayor est\u00e1 hecho de acero inoxidable de alta calidad. En comparaci\u00f3n con los recipientes de pl\u00e1stico normales, tiene una vida \u00fatil m\u00e1s larga y no se raya f\u00e1cilmente. La vida \u00fatil normal es de m\u00e1s de 20 a\u00f1os.<\/p>\n<p>3.Este recipiente de almacenamiento de alimentos est\u00e1 hecho de acero inoxidable mejorado y engrosado, que es m\u00e1s resistente a las altas temperaturas y a la corrosi\u00f3n que los recipientes de acero inoxidable ordinarios; es m\u00e1s duradero;<\/p>\n<p>4.Este recipiente de almacenamiento de alimentos al por mayor tiene un anillo de silicona de sellado ensanchado, que se ajusta firmemente y puede ser completamente a prueba de fugas.<\/p>\n<p>5.La tapa de este recipiente de almacenamiento de alimentos es una tapa engrosada que no se deforma f\u00e1cilmente. Tiene un bot\u00f3n transpirable y un peque\u00f1o interruptor de oreja en el borde para facilitar la apertura y el cierre de la tapa.<\/p>\n<p>6.Hay nueve especificaciones para elegir, y puede ser emparejado con una bolsa de almacenamiento cuando se lleva a cabo, que puede mantener el calor y el fr\u00edo;<\/p>\n<p>7.\u00a1Se recomienda utilizarlo en combinaci\u00f3n con una bolsa de hielo para mantenerlo fresco!<\/p>\n<p>8.Tambi\u00e9n ofrecemos el servicio de venta al por mayor de recipientes de almacenamiento de alimentos para pedidos peque\u00f1os.<br \/><strong><br \/><a href=\"https:\/\/moyahousehold.com\/es\/solucion-personalizada\/\">9.We provice OEM&amp;ODM modificado para requisitos particulares soluci\u00f3n de los envases del stroage de la comida.<\/a><\/strong><\/p>","protected":false},"featured_media":7748,"comment_status":"open","ping_status":"closed","template":"","meta":[],"product_cat":[57],"product_tag":[95,99],"class_list":{"0":"post-4874","1":"product","2":"type-product","3":"status-publish","4":"has-post-thumbnail","6":"product_cat-food-storage-container-wholesale","7":"product_tag-wholesale-food-storage-containers-with-date-dial","8":"product_tag-wholesale-rectangle-food-storage-containers","10":"first","11":"instock","12":"shipping-taxable","13":"product-type-simple"},"_links":{"self":[{"href":"https:\/\/moyahousehold.com\/es\/wp-json\/wp\/v2\/product\/4874","targetHints":{"allow":["GET"]}}],"collection":[{"href":"https:\/\/moyahousehold.com\/es\/wp-json\/wp\/v2\/product"}],"about":[{"href":"https:\/\/moyahousehold.com\/es\/wp-json\/wp\/v2\/types\/product"}],"replies":[{"embeddable":true,"href":"https:\/\/moyahousehold.com\/es\/wp-json\/wp\/v2\/comments?post=4874"}],"version-history":[{"count":0,"href":"https:\/\/moyahousehold.com\/es\/wp-json\/wp\/v2\/product\/4874\/revisions"}],"wp:featuredmedia":[{"embeddable":true,"href":"https:\/\/moyahousehold.com\/es\/wp-json\/wp\/v2\/media\/7748"}],"wp:attachment":[{"href":"https:\/\/moyahousehold.com\/es\/wp-json\/wp\/v2\/media?parent=4874"}],"wp:term":[{"taxonomy":"product_cat","embeddable":true,"href":"https:\/\/moyahousehold.com\/es\/wp-json\/wp\/v2\/product_cat?post=4874"},{"taxonomy":"product_tag","embeddable":true,"href":"https:\/\/moyahousehold.com\/es\/wp-json\/wp\/v2\/product_tag?post=4874"}],"curies":[{"name":"wp","href":"https:\/\/api.w.org\/{rel}","templated":true}]}}