{"id":4891,"date":"2024-05-21T08:53:30","date_gmt":"2024-05-21T08:53:30","guid":{"rendered":"https:\/\/moyahousehold.com\/?post_type=product&#038;p=4891"},"modified":"2026-04-04T08:40:13","modified_gmt":"2026-04-04T08:40:13","slug":"bulk-food-storage-container-with-glass-lid-wholesale","status":"publish","type":"product","link":"https:\/\/moyahousehold.com\/es\/producto\/bulk-food-storage-container-with-glass-lid-wholesale\/","title":{"rendered":"Wholesale Japanese-Style SUS304 Fresh Food Container | Leakproof &amp; Glass Lids Bulk Supply"},"content":{"rendered":"<div class=\"wp-block-columns is-layout-flex wp-container-core-columns-is-layout-9d6595d7 wp-block-columns-is-layout-flex\">\n<div class=\"wp-block-column is-layout-flow wp-block-column-is-layout-flow\">\n<h3 class=\"wp-block-heading\">Par\u00e1metros del contenedor de acero inoxidable para alimentos frescos<\/h3>\n<\/div>\n<\/div>\n\n\n\n<figure class=\"wp-block-table\"><table><tbody><tr><td>Art\u00edculo<\/td><td>Material<\/td><td>Color<\/td><td>Capacidad<\/td><td>Tama\u00f1o del producto<\/td><td>Quantity Per Case<\/td><td>N.W\/PCS<\/td><td>G.W\/Caso<\/td><\/tr><tr><td>MYJD077<\/td><td rowspan=\"9\">SUS304+Glass Lid<\/td><td rowspan=\"9\">Beige\/khaki<\/td><td>300 ml<\/td><td>11.6*9.5*5<\/td><td>100<\/td><td>0.18<\/td><td>38<\/td><\/tr><tr><td>MYJD078<\/td><td>500 ml<\/td><td>11.6*9.5*7.5<\/td><td>80<\/td><td>0.2<\/td><td>32<\/td><\/tr><tr><td>MYJD079<\/td><td>600 ml<\/td><td>11.6*9.5*9.5<\/td><td>80<\/td><td>0.23<\/td><td>34.4<\/td><\/tr><tr><td>MYJD080<\/td><td>700 ml<\/td><td>19*11.7*5<\/td><td>80<\/td><td>0.36<\/td><td>44.8<\/td><\/tr><tr><td>MYJD081<\/td><td>1100 ml<\/td><td>19*11.7*7.5<\/td><td>60<\/td><td>0.38<\/td><td>34.8<\/td><\/tr><tr><td>MYJD082<\/td><td>1400 ml<\/td><td>19*11.7*8.9<\/td><td>60<\/td><td>0.43<\/td><td>37.8<\/td><\/tr><tr><td>MYJD083<\/td><td>1700 ml<\/td><td>23.6*19.2*5<\/td><td>48<\/td><td>0.7<\/td><td>43.2<\/td><\/tr><tr><td>MYJD084<\/td><td>2400 ml<\/td><td>23.6*19.2*7<\/td><td>48<\/td><td>0.73<\/td><td>44.64<\/td><\/tr><tr><td>MYJD085<\/td><td>3200 ml<\/td><td>23.6*19.5*9<\/td><td>36<\/td><td>0.8<\/td><td>36<\/td><\/tr><\/tbody><\/table><\/figure>\n\n\n\n<h3 class=\"wp-block-heading\">Opciones de envases personalizados para alimentos<\/h3>\n\n\n\n<p><strong>Logotipo: <\/strong>Customize your brand logo on product and package.<br><strong>Tapa:<\/strong> Tapa de vidrio, tapa de PP<br><strong>Logo Options:<\/strong> Printed logo, laser engraved logo and more<br><strong>Patr\u00f3n: <\/strong>Printing patterns on stainless steel food contaners.<br><strong>Printing Technology:<\/strong> Water transfer printing,silk screen printing, heat transfer printing and more<br><strong>Embalaje:<\/strong> Color box<br><a href=\"https:\/\/moyahousehold.com\/es\/solucion-personalizada\/\" data-type=\"page\" data-id=\"2817\"><strong>Explore m\u00e1s opciones de contenedores personalizados para alimentos<\/strong><\/a><\/p>\n\n\n\n<div class=\"wp-block-columns is-layout-flex wp-container-core-columns-is-layout-9d6595d7 wp-block-columns-is-layout-flex\">\n<div class=\"wp-block-column is-layout-flow wp-block-column-is-layout-flow\">\n<figure class=\"wp-block-image size-full\"><img fetchpriority=\"high\" decoding=\"async\" width=\"566\" height=\"576\" src=\"https:\/\/moyahousehold.com\/wp-content\/uploads\/2024\/05\/bulk-food-storage-containers-whosale4.png\" alt=\"recipientes para almacenar alimentos a granel whosale\" class=\"wp-image-4910\" srcset=\"https:\/\/moyahousehold.com\/wp-content\/uploads\/2024\/05\/bulk-food-storage-containers-whosale4.png 566w, https:\/\/moyahousehold.com\/wp-content\/uploads\/2024\/05\/bulk-food-storage-containers-whosale4-295x300.png 295w, https:\/\/moyahousehold.com\/wp-content\/uploads\/2024\/05\/bulk-food-storage-containers-whosale4-285x290.png 285w, https:\/\/moyahousehold.com\/wp-content\/uploads\/2024\/05\/bulk-food-storage-containers-whosale4-147x150.png 147w\" sizes=\"(max-width: 566px) 100vw, 566px\" \/><\/figure>\n<\/div>\n\n\n\n<div class=\"wp-block-column is-layout-flow wp-block-column-is-layout-flow\">\n<figure class=\"wp-block-image size-full\"><img decoding=\"async\" width=\"566\" height=\"571\" src=\"https:\/\/moyahousehold.com\/wp-content\/uploads\/2024\/05\/bulk-food-storage-containers-whosale7.webp\" alt=\"recipientes para almacenar alimentos a granel whosale\" class=\"wp-image-4909\" srcset=\"https:\/\/moyahousehold.com\/wp-content\/uploads\/2024\/05\/bulk-food-storage-containers-whosale7.webp 566w, https:\/\/moyahousehold.com\/wp-content\/uploads\/2024\/05\/bulk-food-storage-containers-whosale7-297x300.webp 297w, https:\/\/moyahousehold.com\/wp-content\/uploads\/2024\/05\/bulk-food-storage-containers-whosale7-150x150.webp 150w, https:\/\/moyahousehold.com\/wp-content\/uploads\/2024\/05\/bulk-food-storage-containers-whosale7-285x288.webp 285w\" sizes=\"(max-width: 566px) 100vw, 566px\" \/><\/figure>\n<\/div>\n<\/div>\n\n\n\n<div class=\"wp-block-columns is-layout-flex wp-container-core-columns-is-layout-9d6595d7 wp-block-columns-is-layout-flex\">\n<div class=\"wp-block-column is-layout-flow wp-block-column-is-layout-flow\">\n<figure class=\"wp-block-image size-full\"><img decoding=\"async\" width=\"567\" height=\"575\" src=\"https:\/\/moyahousehold.com\/wp-content\/uploads\/2024\/05\/bulk-food-storage-containers-whosale6.webp\" alt=\"recipientes para almacenar alimentos a granel whosale\" class=\"wp-image-4913\" srcset=\"https:\/\/moyahousehold.com\/wp-content\/uploads\/2024\/05\/bulk-food-storage-containers-whosale6.webp 567w, https:\/\/moyahousehold.com\/wp-content\/uploads\/2024\/05\/bulk-food-storage-containers-whosale6-296x300.webp 296w, https:\/\/moyahousehold.com\/wp-content\/uploads\/2024\/05\/bulk-food-storage-containers-whosale6-285x289.webp 285w, https:\/\/moyahousehold.com\/wp-content\/uploads\/2024\/05\/bulk-food-storage-containers-whosale6-148x150.webp 148w\" sizes=\"(max-width: 567px) 100vw, 567px\" \/><\/figure>\n<\/div>\n\n\n\n<div class=\"wp-block-column is-layout-flow wp-block-column-is-layout-flow\">\n<figure class=\"wp-block-image size-full\"><img loading=\"lazy\" decoding=\"async\" width=\"572\" height=\"572\" src=\"https:\/\/moyahousehold.com\/wp-content\/uploads\/2024\/05\/bulk-food-storage-containers-whosale5.webp\" alt=\"recipientes para almacenar alimentos a granel whosale\" class=\"wp-image-4912\" srcset=\"https:\/\/moyahousehold.com\/wp-content\/uploads\/2024\/05\/bulk-food-storage-containers-whosale5.webp 572w, https:\/\/moyahousehold.com\/wp-content\/uploads\/2024\/05\/bulk-food-storage-containers-whosale5-300x300.webp 300w, https:\/\/moyahousehold.com\/wp-content\/uploads\/2024\/05\/bulk-food-storage-containers-whosale5-150x150.webp 150w, https:\/\/moyahousehold.com\/wp-content\/uploads\/2024\/05\/bulk-food-storage-containers-whosale5-285x285.webp 285w, https:\/\/moyahousehold.com\/wp-content\/uploads\/2024\/05\/bulk-food-storage-containers-whosale5-270x270.webp 270w, https:\/\/moyahousehold.com\/wp-content\/uploads\/2024\/05\/bulk-food-storage-containers-whosale5-540x540.webp 540w\" sizes=\"(max-width: 572px) 100vw, 572px\" \/><\/figure>\n<\/div>\n<\/div>\n\n\n\n<p><\/p>","protected":false},"excerpt":{"rendered":"<p>Mayorista Contenedor de acero inoxidable para alimentos frescos con tapa de cristal, con excelente rendimiento de sellado, buena resistencia al fr\u00edo y al calor y resistencia a la corrosi\u00f3n, adecuado para la conservaci\u00f3n y el almacenamiento de alimentos en cocinas dom\u00e9sticas e industrias de catering. Ofrecemos servicios de contenedores de alimentos al por mayor y personalizados. P\u00f3ngase en contacto con nosotros.<\/p>\n<h3>Caracter\u00edsticas y ventajas del contenedor de acero inoxidable para alimentos frescos<\/h3>\n<p><strong>Material Advantages:<\/strong> Este recipiente para alimentos frescos est\u00e1 hecho de acero inoxidable 304, que tiene buena resistencia a altas y bajas temperaturas, se adapta a una variedad de entornos y tiene una fuerte resistencia a la corrosi\u00f3n, lo que puede mantener los alimentos frescos durante mucho tiempo.<\/p>\n<p><strong>Sealing Characteristics<\/strong>: El contenedor de alimentos frescos est\u00e1 equipado con un anillo de sellado de silicona para evitar eficazmente las fugas de l\u00edquidos, por lo que es seguro de llevar y evitar que los alimentos se derramen.<\/p>\n<p><strong>Fresh-keeping Function:<\/strong> El recipiente de acero inoxidable para alimentos frescos tiene una r\u00e1pida conducci\u00f3n del calor, por lo que el aire fr\u00edo llena r\u00e1pidamente el recipiente, bloquea r\u00e1pidamente la frescura de los alimentos y prolonga la vida \u00fatil.<\/p>\n<p><strong>Visual Design:<\/strong> La tapa de cristal transparente facilita la visi\u00f3n de los alimentos en el recipiente, lo que resulta c\u00f3modo para su uso y gesti\u00f3n.<\/p>\n<p><strong>Ventilation Hole Design:<\/strong> La tapa de cristal tiene un orificio de ventilaci\u00f3n de silicona, que se puede abrir antes de abrir la tapa para mantener la circulaci\u00f3n del aire y evitar los olores.<\/p>\n<p><strong>Various Specifications:<\/strong> MOYA stainless steel food container manufacturer provides a variety of different specifications to meet various capacity requirements and different uses.<\/p>","protected":false},"featured_media":6873,"comment_status":"open","ping_status":"closed","template":"","meta":[],"product_cat":[57],"product_tag":[99],"class_list":{"0":"post-4891","1":"product","2":"type-product","3":"status-publish","4":"has-post-thumbnail","6":"product_cat-food-storage-container-wholesale","7":"product_tag-wholesale-rectangle-food-storage-containers","9":"first","10":"instock","11":"shipping-taxable","12":"product-type-simple"},"_links":{"self":[{"href":"https:\/\/moyahousehold.com\/es\/wp-json\/wp\/v2\/product\/4891","targetHints":{"allow":["GET"]}}],"collection":[{"href":"https:\/\/moyahousehold.com\/es\/wp-json\/wp\/v2\/product"}],"about":[{"href":"https:\/\/moyahousehold.com\/es\/wp-json\/wp\/v2\/types\/product"}],"replies":[{"embeddable":true,"href":"https:\/\/moyahousehold.com\/es\/wp-json\/wp\/v2\/comments?post=4891"}],"version-history":[{"count":0,"href":"https:\/\/moyahousehold.com\/es\/wp-json\/wp\/v2\/product\/4891\/revisions"}],"wp:featuredmedia":[{"embeddable":true,"href":"https:\/\/moyahousehold.com\/es\/wp-json\/wp\/v2\/media\/6873"}],"wp:attachment":[{"href":"https:\/\/moyahousehold.com\/es\/wp-json\/wp\/v2\/media?parent=4891"}],"wp:term":[{"taxonomy":"product_cat","embeddable":true,"href":"https:\/\/moyahousehold.com\/es\/wp-json\/wp\/v2\/product_cat?post=4891"},{"taxonomy":"product_tag","embeddable":true,"href":"https:\/\/moyahousehold.com\/es\/wp-json\/wp\/v2\/product_tag?post=4891"}],"curies":[{"name":"wp","href":"https:\/\/api.w.org\/{rel}","templated":true}]}}