{"id":4917,"date":"2024-05-21T13:33:35","date_gmt":"2024-05-21T13:33:35","guid":{"rendered":"https:\/\/moyahousehold.com\/?post_type=product&#038;p=4917"},"modified":"2025-02-05T10:16:35","modified_gmt":"2025-02-05T10:16:35","slug":"wholesale-stainless-steel-fridge-food-storage-containers","status":"publish","type":"product","link":"https:\/\/moyahousehold.com\/es\/producto\/venta-al-por-mayor-de-recipientes-de-acero-inoxidable-para-alimentos\/","title":{"rendered":"Venta al por mayor de acero inoxidable refrigerador contenedores de almacenamiento de alimentos con fecha Dial\uff0cBulk microondable contenedor de alimentos de acero inoxidable para la venta"},"content":{"rendered":"<div class=\"wp-block-columns is-layout-flex wp-container-core-columns-is-layout-9d6595d7 wp-block-columns-is-layout-flex\">\n<div class=\"wp-block-column is-layout-flow wp-block-column-is-layout-flow\">\n<h3 class=\"wp-block-heading\">Par\u00e1metros de los recipientes de acero inoxidable para alimentos del frigor\u00edfico<\/h3>\n<\/div>\n<\/div>\n\n\n\n<figure class=\"wp-block-table\"><table><tbody><tr><td><\/td><td>capacidad<\/td><td>Tama\u00f1o del producto<\/td><td>Tama\u00f1o de la caja exterior<\/td><td>Cantidad por caja<\/td><td>N.W<\/td><td>G.W\/Caso<\/td><\/tr><tr><td>MYSC001<\/td><td>2000 ml<\/td><td>18*33.5*5<\/td><td>33.5*18*5<\/td><td>32<\/td><td>0.61<\/td><td>22.72<\/td><\/tr><tr><td>MYSC002<\/td><td>3500 ml<\/td><td>18*33.5*8<\/td><td>33.5*18*8<\/td><td>24<\/td><td>0.66<\/td><td>18.24<\/td><\/tr><tr><td>MYSC003<\/td><td>5800ml<\/td><td>18*33.5*13<\/td><td>33.5*18*13<\/td><td>16<\/td><td>0.82<\/td><td>14.72<\/td><\/tr><\/tbody><\/table><\/figure>\n\n\n\n<h3 class=\"wp-block-heading\">Opciones de recipientes de acero inoxidable a medida<\/h3>\n\n\n\n<p><strong>Logotipo<\/strong>Personalice el logotipo de su marca en el producto y el envase.<br><strong>Tapa<\/strong>: Tapa de vidrio, tapa de PP<br><strong>Opciones de logotipo<\/strong>Logotipo impreso, logotipo grabado con l\u00e1ser, etc.<br><strong>Patr\u00f3n<\/strong>Impresi\u00f3n de motivos en contenedores de alimentos.<br><strong>Tecnolog\u00eda de impresi\u00f3n<\/strong>Impresi\u00f3n por transferencia de agua, serigraf\u00eda, impresi\u00f3n por transferencia de calor, etc.<br><strong>Paquete<\/strong>:caja de color<br><a href=\"https:\/\/moyahousehold.com\/es\/solucion-personalizada\/\" data-type=\"page\" data-id=\"2817\"><strong>Obtenga m\u00e1s informaci\u00f3n sobre soluciones personalizadas de contenedores de almacenamiento de alimentos. <\/strong><\/a><\/p>\n\n\n\n<div class=\"wp-block-columns is-layout-flex wp-container-core-columns-is-layout-9d6595d7 wp-block-columns-is-layout-flex\">\n<div class=\"wp-block-column is-layout-flow wp-block-column-is-layout-flow\">\n<figure class=\"wp-block-image size-full\"><img fetchpriority=\"high\" decoding=\"async\" width=\"1500\" height=\"1500\" src=\"https:\/\/moyahousehold.com\/wp-content\/uploads\/2024\/05\/fridge-and-microwavable-stainless-steel-food-container-1.jpg\" alt=\"recipiente para alimentos de acero inoxidable apto para frigor\u00edfico y microondas (1)\" class=\"wp-image-9307\" srcset=\"https:\/\/moyahousehold.com\/wp-content\/uploads\/2024\/05\/fridge-and-microwavable-stainless-steel-food-container-1.jpg 1500w, https:\/\/moyahousehold.com\/wp-content\/uploads\/2024\/05\/fridge-and-microwavable-stainless-steel-food-container-1-300x300.jpg 300w, https:\/\/moyahousehold.com\/wp-content\/uploads\/2024\/05\/fridge-and-microwavable-stainless-steel-food-container-1-150x150.jpg 150w, https:\/\/moyahousehold.com\/wp-content\/uploads\/2024\/05\/fridge-and-microwavable-stainless-steel-food-container-1-768x768.jpg 768w, https:\/\/moyahousehold.com\/wp-content\/uploads\/2024\/05\/fridge-and-microwavable-stainless-steel-food-container-1-12x12.jpg 12w, https:\/\/moyahousehold.com\/wp-content\/uploads\/2024\/05\/fridge-and-microwavable-stainless-steel-food-container-1-285x285.jpg 285w, https:\/\/moyahousehold.com\/wp-content\/uploads\/2024\/05\/fridge-and-microwavable-stainless-steel-food-container-1-270x270.jpg 270w, https:\/\/moyahousehold.com\/wp-content\/uploads\/2024\/05\/fridge-and-microwavable-stainless-steel-food-container-1-540x540.jpg 540w, https:\/\/moyahousehold.com\/wp-content\/uploads\/2024\/05\/fridge-and-microwavable-stainless-steel-food-container-1-660x660.jpg 660w\" sizes=\"(max-width: 1500px) 100vw, 1500px\" \/><\/figure>\n<\/div>\n\n\n\n<div class=\"wp-block-column is-layout-flow wp-block-column-is-layout-flow\">\n<figure class=\"wp-block-image size-full\"><img decoding=\"async\" width=\"1500\" height=\"1500\" src=\"https:\/\/moyahousehold.com\/wp-content\/uploads\/2024\/05\/fridge-and-microwavable-stainless-steel-food-container-2.jpg\" alt=\"frigor\u00edfico y recipiente para alimentos de acero inoxidable apto para microondas (2)\" class=\"wp-image-9308\" srcset=\"https:\/\/moyahousehold.com\/wp-content\/uploads\/2024\/05\/fridge-and-microwavable-stainless-steel-food-container-2.jpg 1500w, https:\/\/moyahousehold.com\/wp-content\/uploads\/2024\/05\/fridge-and-microwavable-stainless-steel-food-container-2-300x300.jpg 300w, https:\/\/moyahousehold.com\/wp-content\/uploads\/2024\/05\/fridge-and-microwavable-stainless-steel-food-container-2-150x150.jpg 150w, https:\/\/moyahousehold.com\/wp-content\/uploads\/2024\/05\/fridge-and-microwavable-stainless-steel-food-container-2-768x768.jpg 768w, https:\/\/moyahousehold.com\/wp-content\/uploads\/2024\/05\/fridge-and-microwavable-stainless-steel-food-container-2-12x12.jpg 12w, https:\/\/moyahousehold.com\/wp-content\/uploads\/2024\/05\/fridge-and-microwavable-stainless-steel-food-container-2-285x285.jpg 285w, https:\/\/moyahousehold.com\/wp-content\/uploads\/2024\/05\/fridge-and-microwavable-stainless-steel-food-container-2-270x270.jpg 270w, https:\/\/moyahousehold.com\/wp-content\/uploads\/2024\/05\/fridge-and-microwavable-stainless-steel-food-container-2-540x540.jpg 540w, https:\/\/moyahousehold.com\/wp-content\/uploads\/2024\/05\/fridge-and-microwavable-stainless-steel-food-container-2-660x660.jpg 660w\" sizes=\"(max-width: 1500px) 100vw, 1500px\" \/><\/figure>\n<\/div>\n<\/div>\n\n\n\n<div class=\"wp-block-columns is-layout-flex wp-container-core-columns-is-layout-9d6595d7 wp-block-columns-is-layout-flex\">\n<div class=\"wp-block-column is-layout-flow wp-block-column-is-layout-flow\"><\/div>\n\n\n\n<div class=\"wp-block-column is-layout-flow wp-block-column-is-layout-flow\"><\/div>\n<\/div>","protected":false},"excerpt":{"rendered":"<p>Mayorista de recipientes de acero inoxidable aptos para microondas para almacenar alimentos en el frigor\u00edfico, estos recipientes tienen funciones tanto de almacenamiento refrigerado como de calentamiento en microondas, proporcionando a los usuarios una experiencia m\u00e1s eficiente de almacenamiento y calentamiento de alimentos. Fabricado en acero inoxidable de calidad alimentaria, seguro y duradero, puede conmutarse entre congelaci\u00f3n y alta temperatura, y este recipiente para alimentos ha superado m\u00faltiples pruebas de estanqueidad y anticolisi\u00f3n, por lo que resulta especialmente adecuado para los mercados dom\u00e9stico, de restauraci\u00f3n y minorista. Mayoristas y minoristas pueden ponerse en contacto con nosotros.<\/p>\n<h3>Caracter\u00edsticas de los recipientes de acero inoxidable para alimentos<\/h3>\n<p><strong>Apto para microondas: <\/strong>Este recipiente para alimentos est\u00e1 dise\u00f1ado para ser compatible con el calentamiento en microondas, lo que le permite sacar los alimentos directamente del frigor\u00edfico y ponerlos en el microondas, lo que resulta muy adecuado para la ajetreada vida diaria y el uso en la oficina.<\/p>\n<p><strong>Recordatorio del calendario:<\/strong> Estos recipientes para conservar alimentos en el frigor\u00edfico est\u00e1n equipados con un m\u00f3dulo de registro de fechas que le ayudar\u00e1 a recordar la fecha de conservaci\u00f3n de los ingredientes y a evitar el desperdicio por caducidad. Est\u00e1 especialmente indicado para familias y responsables de cocina que prestan atenci\u00f3n a la frescura de los ingredientes.<\/p>\n<p><strong>Ventilaci\u00f3n inteligente: <\/strong>Los orificios de ventilaci\u00f3n de las tapas de estos recipientes de conservaci\u00f3n de alimentos en frigor\u00edfico son ajustables, por lo que pueden mantenerse sellados o ventilados para prolongar la vida \u00fatil de los alimentos, especialmente indicados para productos en escabeche.<\/p>\n<p><strong>Material de acero inoxidable:<\/strong> Se utiliza acero inoxidable de calidad alimentaria, que es seguro y respetuoso con el medio ambiente, resistente a altas temperaturas y a la corrosi\u00f3n, apto para refrigeraci\u00f3n, hornos microondas y otras ocasiones.<\/p>\n<p><strong>Dise\u00f1o antiadherente:<\/strong> Hay una textura especial en el interior del recipiente para evitar que los alimentos se peguen, especialmente adecuada para ingredientes con mucha humedad, como alb\u00f3ndigas, carne, marisco, y de c\u00f3modo acceso.<\/p>\n<p><strong>Excelente sellado:<\/strong> El anillo de goma de silicona engrosada garantiza el sellado, impide la entrada de aire, humedad y bacterias, prolonga la frescura y no gotea al inclinarlo o transportarlo, apto para uso dom\u00e9stico y al aire libre.<\/p>","protected":false},"featured_media":9301,"comment_status":"closed","ping_status":"closed","template":"","meta":[],"product_cat":[57],"product_tag":[95,99],"class_list":{"0":"post-4917","1":"product","2":"type-product","3":"status-publish","4":"has-post-thumbnail","6":"product_cat-food-storage-container-wholesale","7":"product_tag-wholesale-food-storage-containers-with-date-dial","8":"product_tag-wholesale-rectangle-food-storage-containers","10":"first","11":"instock","12":"shipping-taxable","13":"product-type-simple"},"_links":{"self":[{"href":"https:\/\/moyahousehold.com\/es\/wp-json\/wp\/v2\/product\/4917","targetHints":{"allow":["GET"]}}],"collection":[{"href":"https:\/\/moyahousehold.com\/es\/wp-json\/wp\/v2\/product"}],"about":[{"href":"https:\/\/moyahousehold.com\/es\/wp-json\/wp\/v2\/types\/product"}],"replies":[{"embeddable":true,"href":"https:\/\/moyahousehold.com\/es\/wp-json\/wp\/v2\/comments?post=4917"}],"version-history":[{"count":0,"href":"https:\/\/moyahousehold.com\/es\/wp-json\/wp\/v2\/product\/4917\/revisions"}],"wp:featuredmedia":[{"embeddable":true,"href":"https:\/\/moyahousehold.com\/es\/wp-json\/wp\/v2\/media\/9301"}],"wp:attachment":[{"href":"https:\/\/moyahousehold.com\/es\/wp-json\/wp\/v2\/media?parent=4917"}],"wp:term":[{"taxonomy":"product_cat","embeddable":true,"href":"https:\/\/moyahousehold.com\/es\/wp-json\/wp\/v2\/product_cat?post=4917"},{"taxonomy":"product_tag","embeddable":true,"href":"https:\/\/moyahousehold.com\/es\/wp-json\/wp\/v2\/product_tag?post=4917"}],"curies":[{"name":"wp","href":"https:\/\/api.w.org\/{rel}","templated":true}]}}