{"id":4933,"date":"2024-05-22T01:26:04","date_gmt":"2024-05-22T01:26:04","guid":{"rendered":"https:\/\/moyahousehold.com\/?post_type=product&#038;p=4933"},"modified":"2025-03-05T10:13:19","modified_gmt":"2025-03-05T10:13:19","slug":"wholesale-microwave-safe-stainless-steel-food-containers","status":"publish","type":"product","link":"https:\/\/moyahousehold.com\/es\/producto\/grandes-recipientes-de-metal-para-alimentos-al-por-mayor\/","title":{"rendered":"Mayorista Recipientes de acero inoxidable para alimentos aptos para microondas: 680ml - 2200ml"},"content":{"rendered":"<div class=\"wp-block-columns is-layout-flex wp-container-core-columns-is-layout-9d6595d7 wp-block-columns-is-layout-flex\">\n<div class=\"wp-block-column is-layout-flow wp-block-column-is-layout-flow\">\n<h3 class=\"wp-block-heading\">Par\u00e1metros de los recipientes de acero inoxidable para microondas<\/h3>\n<\/div>\n<\/div>\n\n\n\n<figure class=\"wp-block-table\"><table><tbody><tr><td>N\u00famero de modelo<\/td><td>Capacidad<\/td><td>Tama\u00f1o del producto<\/td><td>Tama\u00f1o de la caja exterior<\/td><td>Cantidad por caja<\/td><td>N.W<\/td><td>G.W\/Caso<\/td><\/tr><tr><td>MYSC005<\/td><td>680 ml<\/td><td>20*14*6<\/td><td>71*41*49<\/td><td>80<\/td><td>0.3<\/td><td>32<\/td><\/tr><tr><td>MYSC006<\/td><td>1200 ml<\/td><td>20*14*8.8<\/td><td>71*41*56<\/td><td>60<\/td><td>0.33<\/td><td>25.8<\/td><\/tr><tr><td>MYSC007<\/td><td>1500 ml<\/td><td>20*14*10.8<\/td><td>71*41*56<\/td><td>50<\/td><td>0.36<\/td><td>23<\/td><\/tr><tr><td>MYSC008<\/td><td>1000 ml<\/td><td>22*16*6<\/td><td>81*45*50<\/td><td>80<\/td><td>0.35<\/td><td>36<\/td><\/tr><tr><td>MYSC009<\/td><td>1600 ml<\/td><td>22*16*9<\/td><td>81*45*56<\/td><td>60<\/td><td>0.39<\/td><td>29.4<\/td><\/tr><tr><td>MYSC010<\/td><td>2200 ml<\/td><td>22*16*12<\/td><td>81*45*62<\/td><td>50<\/td><td>0.43<\/td><td>26.5<\/td><\/tr><\/tbody><\/table><\/figure>\n\n\n\n<h3 class=\"wp-block-heading\">Opciones de envases personalizados para alimentos<\/h3>\n\n\n\n<p><strong>Logotipo<\/strong>Personalice el logotipo de su marca en envases y embalajes alimentarios.<br><strong>Tapa:<\/strong> Tapa de vidrio, tapa de PP<br><strong>Opciones de logotipo<\/strong>Logotipo impreso, logotipo grabado con l\u00e1ser, etc.<br><strong>Patr\u00f3n<\/strong>Impresi\u00f3n de motivos en contenedores de alimentos.<br><strong>Tecnolog\u00eda de impresi\u00f3n<\/strong>Impresi\u00f3n por transferencia de agua, serigraf\u00eda, impresi\u00f3n por transferencia de calor, etc.<br><strong>Paquete<\/strong>:caja de color<br><a href=\"https:\/\/moyahousehold.com\/es\/solucion-personalizada\/\" data-type=\"page\" data-id=\"2817\"><strong>M\u00e1s personalizaci\u00f3n de recipientes para alimentos<\/strong><\/a><\/p>\n\n\n\n<div class=\"wp-block-columns is-layout-flex wp-container-core-columns-is-layout-9d6595d7 wp-block-columns-is-layout-flex\">\n<div class=\"wp-block-column is-layout-flow wp-block-column-is-layout-flow\">\n<figure class=\"wp-block-image size-full\"><img fetchpriority=\"high\" decoding=\"async\" width=\"1500\" height=\"1500\" src=\"https:\/\/moyahousehold.com\/wp-content\/uploads\/2024\/05\/microwavable-stainless-steel-food-container-1.jpg\" alt=\"recipiente para alimentos de acero inoxidable apto para microondas (1)\" class=\"wp-image-9264\" srcset=\"https:\/\/moyahousehold.com\/wp-content\/uploads\/2024\/05\/microwavable-stainless-steel-food-container-1.jpg 1500w, https:\/\/moyahousehold.com\/wp-content\/uploads\/2024\/05\/microwavable-stainless-steel-food-container-1-300x300.jpg 300w, https:\/\/moyahousehold.com\/wp-content\/uploads\/2024\/05\/microwavable-stainless-steel-food-container-1-150x150.jpg 150w, https:\/\/moyahousehold.com\/wp-content\/uploads\/2024\/05\/microwavable-stainless-steel-food-container-1-768x768.jpg 768w, https:\/\/moyahousehold.com\/wp-content\/uploads\/2024\/05\/microwavable-stainless-steel-food-container-1-12x12.jpg 12w, https:\/\/moyahousehold.com\/wp-content\/uploads\/2024\/05\/microwavable-stainless-steel-food-container-1-285x285.jpg 285w, https:\/\/moyahousehold.com\/wp-content\/uploads\/2024\/05\/microwavable-stainless-steel-food-container-1-270x270.jpg 270w, https:\/\/moyahousehold.com\/wp-content\/uploads\/2024\/05\/microwavable-stainless-steel-food-container-1-540x540.jpg 540w, https:\/\/moyahousehold.com\/wp-content\/uploads\/2024\/05\/microwavable-stainless-steel-food-container-1-660x660.jpg 660w\" sizes=\"(max-width: 1500px) 100vw, 1500px\" \/><\/figure>\n<\/div>\n\n\n\n<div class=\"wp-block-column is-layout-flow wp-block-column-is-layout-flow\">\n<figure class=\"wp-block-image size-full\"><img decoding=\"async\" width=\"1500\" height=\"1500\" src=\"https:\/\/moyahousehold.com\/wp-content\/uploads\/2024\/05\/microwavable-stainless-steel-food-container-2.jpg\" alt=\"recipiente para alimentos de acero inoxidable apto para microondas (2)\" class=\"wp-image-9265\" srcset=\"https:\/\/moyahousehold.com\/wp-content\/uploads\/2024\/05\/microwavable-stainless-steel-food-container-2.jpg 1500w, https:\/\/moyahousehold.com\/wp-content\/uploads\/2024\/05\/microwavable-stainless-steel-food-container-2-300x300.jpg 300w, https:\/\/moyahousehold.com\/wp-content\/uploads\/2024\/05\/microwavable-stainless-steel-food-container-2-150x150.jpg 150w, https:\/\/moyahousehold.com\/wp-content\/uploads\/2024\/05\/microwavable-stainless-steel-food-container-2-768x768.jpg 768w, https:\/\/moyahousehold.com\/wp-content\/uploads\/2024\/05\/microwavable-stainless-steel-food-container-2-12x12.jpg 12w, https:\/\/moyahousehold.com\/wp-content\/uploads\/2024\/05\/microwavable-stainless-steel-food-container-2-285x285.jpg 285w, https:\/\/moyahousehold.com\/wp-content\/uploads\/2024\/05\/microwavable-stainless-steel-food-container-2-270x270.jpg 270w, https:\/\/moyahousehold.com\/wp-content\/uploads\/2024\/05\/microwavable-stainless-steel-food-container-2-540x540.jpg 540w, https:\/\/moyahousehold.com\/wp-content\/uploads\/2024\/05\/microwavable-stainless-steel-food-container-2-660x660.jpg 660w\" sizes=\"(max-width: 1500px) 100vw, 1500px\" \/><\/figure>\n<\/div>\n<\/div>\n\n\n\n<div class=\"wp-block-columns is-layout-flex wp-container-core-columns-is-layout-9d6595d7 wp-block-columns-is-layout-flex\">\n<div class=\"wp-block-column is-layout-flow wp-block-column-is-layout-flow\"><\/div>\n\n\n\n<div class=\"wp-block-column is-layout-flow wp-block-column-is-layout-flow\"><\/div>\n<\/div>","protected":false},"excerpt":{"rendered":"<p>La venta al por mayor de recipientes para alimentos de acero inoxidable aptos para microondas mejora enormemente la comodidad de la vida. Ofrecemos opciones al por mayor de varias especificaciones y capacidades, desde 680 ml hasta 2200 ml, fabricadas en acero inoxidable de calidad alimentaria, adecuadas para uso comercial y dom\u00e9stico. Como fabricantes de recipientes para alimentos, ofrecemos servicios personalizados y podemos a\u00f1adir logotipos de marcas o dise\u00f1ar envases exclusivos seg\u00fan sus necesidades. No dude en ponerse en contacto con nosotros.<\/p>\n<h3>Caracter\u00edsticas y ventajas del recipiente de acero inoxidable apto para microondas<\/h3>\n<p><strong>Gran capacidad:<\/strong> En comparaci\u00f3n con los contenedores de alimentos normales del mercado, ofrecemos una gran variedad de opciones de tama\u00f1o, incluidos los contenedores de alimentos de acero inoxidable de gran capacidad.<\/p>\n<p><strong>Dise\u00f1o del m\u00f3dulo temporal:<\/strong> El m\u00f3dulo de registro de tiempo de la tapa de este contenedor de alimentos de acero inoxidable puede ayudarle a registrar mejor la fecha de conservaci\u00f3n y garantizar la frescura de los ingredientes.<\/p>\n<p><strong>Dise\u00f1o a prueba de fugas:<\/strong> Este recipiente para alimentos de acero inoxidable apto para microondas est\u00e1 equipado con un anillo de silicona engrosado, que no gotear\u00e1 aunque se invierta.<\/p>\n<p><strong>Apto para microondas:<\/strong> Con un dise\u00f1o especial, este recipiente para alimentos puede colocarse directamente en el microondas para calentarse, sin necesidad de transferir alimentos de la caja a otros recipientes, lo que mejora enormemente la comodidad de uso.<\/p>\n<p><strong>Almacenamiento apilable:<\/strong> Los recipientes para alimentos de m\u00faltiples especificaciones admiten el dise\u00f1o apilable, ahorrando totalmente espacio de almacenamiento en la cocina o el frigor\u00edfico, lo que le permite organizar eficazmente diversos ingredientes o alimentos.<\/p>\n<p><strong>Disposici\u00f3n de ejemplo:<\/strong> En cuanto a los servicios de contenedores de alimentos al por mayor, proporcionamos muestras gratuitas para ayudarle a comprender mejor nuestros productos y servicios, de modo que pueda tomar una decisi\u00f3n informada.<\/p>","protected":false},"featured_media":9251,"comment_status":"closed","ping_status":"closed","template":"","meta":[],"product_cat":[57],"product_tag":[95,106,99],"class_list":{"0":"post-4933","1":"product","2":"type-product","3":"status-publish","4":"has-post-thumbnail","6":"product_cat-food-storage-container-wholesale","7":"product_tag-wholesale-food-storage-containers-with-date-dial","8":"product_tag-microwavable-food-storage-containers","9":"product_tag-wholesale-rectangle-food-storage-containers","11":"first","12":"instock","13":"shipping-taxable","14":"product-type-simple"},"_links":{"self":[{"href":"https:\/\/moyahousehold.com\/es\/wp-json\/wp\/v2\/product\/4933","targetHints":{"allow":["GET"]}}],"collection":[{"href":"https:\/\/moyahousehold.com\/es\/wp-json\/wp\/v2\/product"}],"about":[{"href":"https:\/\/moyahousehold.com\/es\/wp-json\/wp\/v2\/types\/product"}],"replies":[{"embeddable":true,"href":"https:\/\/moyahousehold.com\/es\/wp-json\/wp\/v2\/comments?post=4933"}],"version-history":[{"count":0,"href":"https:\/\/moyahousehold.com\/es\/wp-json\/wp\/v2\/product\/4933\/revisions"}],"wp:featuredmedia":[{"embeddable":true,"href":"https:\/\/moyahousehold.com\/es\/wp-json\/wp\/v2\/media\/9251"}],"wp:attachment":[{"href":"https:\/\/moyahousehold.com\/es\/wp-json\/wp\/v2\/media?parent=4933"}],"wp:term":[{"taxonomy":"product_cat","embeddable":true,"href":"https:\/\/moyahousehold.com\/es\/wp-json\/wp\/v2\/product_cat?post=4933"},{"taxonomy":"product_tag","embeddable":true,"href":"https:\/\/moyahousehold.com\/es\/wp-json\/wp\/v2\/product_tag?post=4933"}],"curies":[{"name":"wp","href":"https:\/\/api.w.org\/{rel}","templated":true}]}}