{"id":4957,"date":"2024-05-22T01:57:05","date_gmt":"2024-05-22T01:57:05","guid":{"rendered":"https:\/\/moyahousehold.com\/?post_type=product&#038;p=4957"},"modified":"2025-03-05T10:21:28","modified_gmt":"2025-03-05T10:21:28","slug":"custom-square-metal-containers-with-handle-wholesale","status":"publish","type":"product","link":"https:\/\/moyahousehold.com\/es\/producto\/recipientes-cuadrados-de-metal-con-asa-al-por-mayor\/","title":{"rendered":"Mayorista Recipientes Cuadrados de Acero Inoxidable para Alimentos con Tapa y Asa"},"content":{"rendered":"<h2 class=\"wp-block-heading\">Recipiente cuadrado de acero inoxidable para alimentos Par\u00e1metros<\/h2>\n\n\n\n<p><strong>Material<\/strong>:304+PP      <strong>Color<\/strong>:Acero <\/p>\n\n\n\n<figure class=\"wp-block-table\"><table><tbody><tr><td>N\u00famero de modelo<\/td><td>Capacidad<\/td><td>Tama\u00f1o del producto<\/td><td>Tama\u00f1o de la caja exterior<\/td><td>Cantidad por caja<\/td><td>N.W<\/td><td>G.W\/Caso<\/td><\/tr><tr><td>MYJX001<\/td><td>1200 ml<\/td><td>17.5*17.5*8.5<\/td><td>74*44*55<\/td><td>60<\/td><td>0.36<\/td><td>23.6<\/td><\/tr><tr><td>MYJX002<\/td><td>1600 ml<\/td><td>17.5*17.5*10.5<\/td><td>74*44*56<\/td><td>48<\/td><td>0.39<\/td><td>20.72<\/td><\/tr><tr><td>MYJX003<\/td><td>2300 ml<\/td><td>21.5*21.5*11.5<\/td><td>68*56*68<\/td><td>45<\/td><td>0.51<\/td><td>24.95<\/td><\/tr><tr><td>MYJX004<\/td><td>3000 ml<\/td><td>21.5*21.5*12<\/td><td>68*53*68<\/td><td>36<\/td><td>0.56<\/td><td>22.16<\/td><\/tr><\/tbody><\/table><\/figure>\n\n\n\n<h3 class=\"wp-block-heading\">Opciones de envases personalizados para alimentos<\/h3>\n\n\n\n<p><strong>Logotipo<\/strong>: personalice el logotipo de su marca en envases y embalajes para alimentos.<br><strong>Tapa<\/strong>: Tapa de vidrio, tapa de PP<br><strong>Opciones de logotipo<\/strong>Logotipo impreso, logotipo grabado con l\u00e1ser, etc.<br><strong>Patr\u00f3n<\/strong>Impresi\u00f3n de motivos en contenedores de alimentos.<br><strong>Tecnolog\u00eda de impresi\u00f3n<\/strong>Impresi\u00f3n por transferencia de agua, serigraf\u00eda, impresi\u00f3n por transferencia de calor, etc.<br><strong>Paquete<\/strong>:caja de color<br><a href=\"https:\/\/moyahousehold.com\/es\/solucion-personalizada\/\" data-type=\"page\" data-id=\"2817\"><strong>M\u00e1s informaci\u00f3n sobre soluciones de envasado de alimentos a medida<\/strong><\/a><\/p>\n\n\n\n<div class=\"wp-block-columns is-layout-flex wp-container-core-columns-is-layout-9d6595d7 wp-block-columns-is-layout-flex\">\n<div class=\"wp-block-column is-layout-flow wp-block-column-is-layout-flow\">\n<figure class=\"wp-block-image size-full\"><img fetchpriority=\"high\" decoding=\"async\" width=\"1500\" height=\"1500\" src=\"https:\/\/moyahousehold.com\/wp-content\/uploads\/2024\/05\/stainlss-steel-square-food-container-display-1.jpg\" alt=\"expositor cuadrado de acero inoxidable (1)\" class=\"wp-image-9094\" srcset=\"https:\/\/moyahousehold.com\/wp-content\/uploads\/2024\/05\/stainlss-steel-square-food-container-display-1.jpg 1500w, https:\/\/moyahousehold.com\/wp-content\/uploads\/2024\/05\/stainlss-steel-square-food-container-display-1-300x300.jpg 300w, https:\/\/moyahousehold.com\/wp-content\/uploads\/2024\/05\/stainlss-steel-square-food-container-display-1-150x150.jpg 150w, https:\/\/moyahousehold.com\/wp-content\/uploads\/2024\/05\/stainlss-steel-square-food-container-display-1-768x768.jpg 768w, https:\/\/moyahousehold.com\/wp-content\/uploads\/2024\/05\/stainlss-steel-square-food-container-display-1-12x12.jpg 12w, https:\/\/moyahousehold.com\/wp-content\/uploads\/2024\/05\/stainlss-steel-square-food-container-display-1-285x285.jpg 285w, https:\/\/moyahousehold.com\/wp-content\/uploads\/2024\/05\/stainlss-steel-square-food-container-display-1-270x270.jpg 270w, https:\/\/moyahousehold.com\/wp-content\/uploads\/2024\/05\/stainlss-steel-square-food-container-display-1-540x540.jpg 540w, https:\/\/moyahousehold.com\/wp-content\/uploads\/2024\/05\/stainlss-steel-square-food-container-display-1-660x660.jpg 660w\" sizes=\"(max-width: 1500px) 100vw, 1500px\" \/><\/figure>\n<\/div>\n\n\n\n<div class=\"wp-block-column is-layout-flow wp-block-column-is-layout-flow\">\n<figure class=\"wp-block-image size-full\"><img decoding=\"async\" width=\"1500\" height=\"1500\" src=\"https:\/\/moyahousehold.com\/wp-content\/uploads\/2024\/05\/stainlss-steel-square-food-container-display-2.jpg\" alt=\"expositor cuadrado de acero inoxidable (2)\" class=\"wp-image-9095\" srcset=\"https:\/\/moyahousehold.com\/wp-content\/uploads\/2024\/05\/stainlss-steel-square-food-container-display-2.jpg 1500w, https:\/\/moyahousehold.com\/wp-content\/uploads\/2024\/05\/stainlss-steel-square-food-container-display-2-300x300.jpg 300w, https:\/\/moyahousehold.com\/wp-content\/uploads\/2024\/05\/stainlss-steel-square-food-container-display-2-150x150.jpg 150w, https:\/\/moyahousehold.com\/wp-content\/uploads\/2024\/05\/stainlss-steel-square-food-container-display-2-768x768.jpg 768w, https:\/\/moyahousehold.com\/wp-content\/uploads\/2024\/05\/stainlss-steel-square-food-container-display-2-12x12.jpg 12w, https:\/\/moyahousehold.com\/wp-content\/uploads\/2024\/05\/stainlss-steel-square-food-container-display-2-285x285.jpg 285w, https:\/\/moyahousehold.com\/wp-content\/uploads\/2024\/05\/stainlss-steel-square-food-container-display-2-270x270.jpg 270w, https:\/\/moyahousehold.com\/wp-content\/uploads\/2024\/05\/stainlss-steel-square-food-container-display-2-540x540.jpg 540w, https:\/\/moyahousehold.com\/wp-content\/uploads\/2024\/05\/stainlss-steel-square-food-container-display-2-660x660.jpg 660w\" sizes=\"(max-width: 1500px) 100vw, 1500px\" \/><\/figure>\n<\/div>\n<\/div>","protected":false},"excerpt":{"rendered":"<p>Recipiente cuadrado para alimentos de acero inoxidable al por mayor con asa, este recipiente para alimentos est\u00e1 equipado con una tapa transparente visible engrosada, que facilita el almacenamiento y la clasificaci\u00f3n de los alimentos. Se puede utilizar para almacenar alimentos a temperatura ambiente, congelados, como fiambrera y para muchos otros fines. P\u00f3ngase en contacto con nosotros para solicitar un presupuesto.<\/p>\n<h3>Caracter\u00edsticas del recipiente cuadrado de acero inoxidable para alimentos<\/h3>\n<p><strong>Sellado y a prueba de fugas:<\/strong> Este recipiente cuadrado para alimentos lleva incorporado un anillo de sellado de silicona, a prueba de fugas en todas direcciones, que prolonga eficazmente la frescura de los alimentos.<\/p>\n<p><strong>Materiales de alta calidad:<\/strong> El recipiente cuadrado para alimentos est\u00e1 hecho de acero inoxidable 304, que tiene propiedades antibacterianas, lo que garantiza la seguridad de los alimentos y prolonga eficazmente su vida \u00fatil.<\/p>\n<p><strong>F\u00e1cil de limpiar:<\/strong> Este recipiente para alimentos est\u00e1 pulido y no es f\u00e1cil que queden manchas en la superficie. Es f\u00e1cil de limpiar y tambi\u00e9n se puede lavar en el lavavajillas para ahorrar tiempo.<\/p>\n<p><strong>Mango c\u00f3modo:<\/strong> Este contenedor de alimentos est\u00e1 equipado con un asa de almacenamiento plegable, que resulta c\u00f3moda de sujetar y no ocupa espacio cuando no se utiliza.<\/p>\n<p><strong>Cubierta visual engrosada<\/strong>: Equipado con una tapa transparente de PP visual, puede comprobar el estado de los alimentos en la caja en cualquier momento. Mejor clasificaci\u00f3n de los alimentos.<\/p>\n<p>&nbsp;<\/p>","protected":false},"featured_media":9091,"comment_status":"open","ping_status":"closed","template":"","meta":[],"product_cat":[57],"product_tag":[95,107,100],"class_list":{"0":"post-4957","1":"product","2":"type-product","3":"status-publish","4":"has-post-thumbnail","6":"product_cat-food-storage-container-wholesale","7":"product_tag-wholesale-food-storage-containers-with-date-dial","8":"product_tag-large-stainless-steel-food-storage-containers","9":"product_tag-wholesale-square-food-storage-containers","11":"first","12":"instock","13":"shipping-taxable","14":"product-type-simple"},"_links":{"self":[{"href":"https:\/\/moyahousehold.com\/es\/wp-json\/wp\/v2\/product\/4957","targetHints":{"allow":["GET"]}}],"collection":[{"href":"https:\/\/moyahousehold.com\/es\/wp-json\/wp\/v2\/product"}],"about":[{"href":"https:\/\/moyahousehold.com\/es\/wp-json\/wp\/v2\/types\/product"}],"replies":[{"embeddable":true,"href":"https:\/\/moyahousehold.com\/es\/wp-json\/wp\/v2\/comments?post=4957"}],"version-history":[{"count":0,"href":"https:\/\/moyahousehold.com\/es\/wp-json\/wp\/v2\/product\/4957\/revisions"}],"wp:featuredmedia":[{"embeddable":true,"href":"https:\/\/moyahousehold.com\/es\/wp-json\/wp\/v2\/media\/9091"}],"wp:attachment":[{"href":"https:\/\/moyahousehold.com\/es\/wp-json\/wp\/v2\/media?parent=4957"}],"wp:term":[{"taxonomy":"product_cat","embeddable":true,"href":"https:\/\/moyahousehold.com\/es\/wp-json\/wp\/v2\/product_cat?post=4957"},{"taxonomy":"product_tag","embeddable":true,"href":"https:\/\/moyahousehold.com\/es\/wp-json\/wp\/v2\/product_tag?post=4957"}],"curies":[{"name":"wp","href":"https:\/\/api.w.org\/{rel}","templated":true}]}}