{"id":4968,"date":"2024-05-22T02:46:14","date_gmt":"2024-05-22T02:46:14","guid":{"rendered":"https:\/\/moyahousehold.com\/?post_type=product&#038;p=4968"},"modified":"2025-03-05T10:21:38","modified_gmt":"2025-03-05T10:21:38","slug":"wholesale-stainless-steel-rectangle-food-container","status":"publish","type":"product","link":"https:\/\/moyahousehold.com\/es\/producto\/mayorista-recipiente-rectangular-de-acero-inoxidable-para-alimentos\/","title":{"rendered":"Contenedores De Acero Inoxidable Para Restaurantes Contenedores Comerciales Para Alimentos: Los Mejores Contenedores Para Congelar Alimentos"},"content":{"rendered":"<div class=\"wp-block-columns is-layout-flex wp-container-core-columns-is-layout-9d6595d7 wp-block-columns-is-layout-flex\">\n<div class=\"wp-block-column is-layout-flow wp-block-column-is-layout-flow\">\n<h3 class=\"wp-block-heading\">Par\u00e1metros de los recipientes comerciales de acero inoxidable para alimentos<\/h3>\n<\/div>\n<\/div>\n\n\n\n<p><strong>Material<\/strong>:304+PP  <strong>Color<\/strong>:Acero<\/p>\n\n\n\n<figure class=\"wp-block-table\"><table><tbody><tr><td>N\u00famero de modelo<\/td><td>Capacidad<\/td><td>Tama\u00f1o del producto<\/td><td>Tama\u00f1o de la caja exterior<\/td><td>Cantidad por caja<\/td><td>N.W<\/td><td>G.W\/Caso<\/td><\/tr><tr><td>MYJX005<\/td><td>1700 ml<\/td><td>23*16*8.5<\/td><td>71*49*51<\/td><td>48<\/td><td>0.42<\/td><td>22.16<\/td><\/tr><tr><td>MYJX006<\/td><td>2100 ml<\/td><td>23*16*10.5<\/td><td>77*49*51<\/td><td>42<\/td><td>0.46<\/td><td>21.32<\/td><\/tr><tr><td>MYJX007<\/td><td>3200 ml<\/td><td>27.5*19*11.5<\/td><td>44*57*60<\/td><td>36<\/td><td>0.61<\/td><td>23.96<\/td><\/tr><tr><td>MYJX008<\/td><td>3900 ml<\/td><td>27.5*19*12.5<\/td><td>66*57*60<\/td><td>30<\/td><td>0.65<\/td><td>21.5<\/td><\/tr><\/tbody><\/table><\/figure>\n\n\n\n<h3 class=\"wp-block-heading\">Opciones de recipientes de acero inoxidable a medida<\/h3>\n\n\n\n<p><strong>Logotipo<\/strong>Personalice el logotipo de su marca en el producto y el envase.<br><strong>Tapa<\/strong>: Tapa de vidrio, tapa de PP<br><strong>Opciones de logotipo<\/strong>Logotipo impreso, logotipo grabado con l\u00e1ser, etc.<br><strong>Patr\u00f3n<\/strong>Impresi\u00f3n de motivos en contenedores de alimentos.<br><strong>Tecnolog\u00eda de impresi\u00f3n<\/strong>Impresi\u00f3n por transferencia de agua, serigraf\u00eda, impresi\u00f3n por transferencia de calor, etc.<br><strong>Paquete<\/strong>:caja de color<br><a href=\"https:\/\/moyahousehold.com\/es\/solucion-personalizada\/\" data-type=\"page\" data-id=\"2817\"><strong>M\u00e1s informaci\u00f3n sobre soluciones de envasado de alimentos a medida.<\/strong><\/a><\/p>\n\n\n\n<div class=\"wp-block-columns is-layout-flex wp-container-core-columns-is-layout-9d6595d7 wp-block-columns-is-layout-flex\">\n<div class=\"wp-block-column is-layout-flow wp-block-column-is-layout-flow\">\n<figure class=\"wp-block-image size-full\"><img fetchpriority=\"high\" decoding=\"async\" width=\"1400\" height=\"1400\" src=\"https:\/\/moyahousehold.com\/wp-content\/uploads\/2024\/05\/Stainless-Steel-Commercial-Food-Container-2.jpg\" alt=\"Contenedor comercial de acero inoxidable para alimentos (2)\" class=\"wp-image-9140\" srcset=\"https:\/\/moyahousehold.com\/wp-content\/uploads\/2024\/05\/Stainless-Steel-Commercial-Food-Container-2.jpg 1400w, https:\/\/moyahousehold.com\/wp-content\/uploads\/2024\/05\/Stainless-Steel-Commercial-Food-Container-2-300x300.jpg 300w, https:\/\/moyahousehold.com\/wp-content\/uploads\/2024\/05\/Stainless-Steel-Commercial-Food-Container-2-150x150.jpg 150w, https:\/\/moyahousehold.com\/wp-content\/uploads\/2024\/05\/Stainless-Steel-Commercial-Food-Container-2-768x768.jpg 768w, https:\/\/moyahousehold.com\/wp-content\/uploads\/2024\/05\/Stainless-Steel-Commercial-Food-Container-2-12x12.jpg 12w, https:\/\/moyahousehold.com\/wp-content\/uploads\/2024\/05\/Stainless-Steel-Commercial-Food-Container-2-285x285.jpg 285w, https:\/\/moyahousehold.com\/wp-content\/uploads\/2024\/05\/Stainless-Steel-Commercial-Food-Container-2-270x270.jpg 270w, https:\/\/moyahousehold.com\/wp-content\/uploads\/2024\/05\/Stainless-Steel-Commercial-Food-Container-2-540x540.jpg 540w, https:\/\/moyahousehold.com\/wp-content\/uploads\/2024\/05\/Stainless-Steel-Commercial-Food-Container-2-660x660.jpg 660w\" sizes=\"(max-width: 1400px) 100vw, 1400px\" \/><\/figure>\n<\/div>\n\n\n\n<div class=\"wp-block-column is-layout-flow wp-block-column-is-layout-flow\">\n<figure class=\"wp-block-image size-full\"><img decoding=\"async\" width=\"1400\" height=\"1400\" src=\"https:\/\/moyahousehold.com\/wp-content\/uploads\/2024\/05\/Stainless-Steel-Commercial-Food-Container-1.jpg\" alt=\"Recipiente comercial de acero inoxidable para alimentos (1)\" class=\"wp-image-9139\" srcset=\"https:\/\/moyahousehold.com\/wp-content\/uploads\/2024\/05\/Stainless-Steel-Commercial-Food-Container-1.jpg 1400w, https:\/\/moyahousehold.com\/wp-content\/uploads\/2024\/05\/Stainless-Steel-Commercial-Food-Container-1-300x300.jpg 300w, https:\/\/moyahousehold.com\/wp-content\/uploads\/2024\/05\/Stainless-Steel-Commercial-Food-Container-1-150x150.jpg 150w, https:\/\/moyahousehold.com\/wp-content\/uploads\/2024\/05\/Stainless-Steel-Commercial-Food-Container-1-768x768.jpg 768w, https:\/\/moyahousehold.com\/wp-content\/uploads\/2024\/05\/Stainless-Steel-Commercial-Food-Container-1-12x12.jpg 12w, https:\/\/moyahousehold.com\/wp-content\/uploads\/2024\/05\/Stainless-Steel-Commercial-Food-Container-1-285x285.jpg 285w, https:\/\/moyahousehold.com\/wp-content\/uploads\/2024\/05\/Stainless-Steel-Commercial-Food-Container-1-270x270.jpg 270w, https:\/\/moyahousehold.com\/wp-content\/uploads\/2024\/05\/Stainless-Steel-Commercial-Food-Container-1-540x540.jpg 540w, https:\/\/moyahousehold.com\/wp-content\/uploads\/2024\/05\/Stainless-Steel-Commercial-Food-Container-1-660x660.jpg 660w\" sizes=\"(max-width: 1400px) 100vw, 1400px\" \/><\/figure>\n<\/div>\n<\/div>\n\n\n\n<div class=\"wp-block-columns is-layout-flex wp-container-core-columns-is-layout-9d6595d7 wp-block-columns-is-layout-flex\">\n<div class=\"wp-block-column is-layout-flow wp-block-column-is-layout-flow\"><\/div>\n\n\n\n<div class=\"wp-block-column is-layout-flow wp-block-column-is-layout-flow\"><\/div>\n<\/div>","protected":false},"excerpt":{"rendered":"<p>Ofrecemos una gran variedad de recipientes de acero inoxidable para alimentos, desde 1700 ml hasta 3900 ml, las diferentes capacidades pueden satisfacer sus necesidades de almacenamiento. Este recipiente de acero inoxidable para alimentos es especialmente adecuado para cocinas dom\u00e9sticas, picnics al aire libre, restaurantes y otras ocasiones, pr\u00e1ctico para almacenar y transportar alimentos. El dise\u00f1o del asa es ergon\u00f3mico, c\u00f3modo de sujetar y f\u00e1cil de transportar. P\u00f3ngase en contacto con nosotros.<\/p>\n<h3>Caracter\u00edsticas y ventajas del contenedor comercial de acero inoxidable para alimentos\u00a0<\/h3>\n<p><strong>Material de alta calidad<\/strong>: El contenedor comercial rectangular de acero inoxidable para alimentos est\u00e1 hecho de acero inoxidable 304, que tiene una excelente resistencia a la corrosi\u00f3n y durabilidad y un hermoso brillo met\u00e1lico, y puede mantener su brillo incluso despu\u00e9s de un uso prolongado.<\/p>\n<p><strong>Dise\u00f1o a prueba de fugas<\/strong>: El anillo de sellado de silicona de alta calidad incorporado garantiza que este recipiente de acero inoxidable xfood sea a prueba de fugas en todas las direcciones, evitando eficazmente las fugas de alimentos y l\u00edquidos, y manteniendo los alimentos frescos e higi\u00e9nicos.<\/p>\n<p><strong>Dise\u00f1o de cubierta transparente<\/strong>: La tapa transparente de material pp de calidad alimentaria ayuda a los usuarios a ver mejor los alimentos almacenados en el recipiente y a reducir las aperturas innecesarias.<\/p>\n<p><strong>M\u00faltiples especificaciones disponibles<\/strong>: Existe una gran variedad de tama\u00f1os y opciones de capacidad para satisfacer las necesidades de los distintos usuarios. Es adecuado para diversas ocasiones, como cocinas dom\u00e9sticas, picnics al aire libre, restaurantes, escuelas, oficinas, etc.<\/p>\n<p><strong>Muestra de apoyo<\/strong>: Proporcionamos muestras de este recipiente rectangular de acero inoxidable para alimentos<\/p>\n<p><strong>Servicio personalizado:<\/strong> No s\u00f3lo ofrecemos servicios de contenedores de alimentos al por mayor, sino que tambi\u00e9n ayudamos a los clientes a desarrollar soluciones personalizadas de contenedores de alimentos. Para m\u00e1s informaci\u00f3n, p\u00f3ngase en contacto con nosotros.<\/p>","protected":false},"featured_media":9141,"comment_status":"closed","ping_status":"closed","template":"","meta":[],"product_cat":[57],"product_tag":[107,99],"class_list":{"0":"post-4968","1":"product","2":"type-product","3":"status-publish","4":"has-post-thumbnail","6":"product_cat-food-storage-container-wholesale","7":"product_tag-large-stainless-steel-food-storage-containers","8":"product_tag-wholesale-rectangle-food-storage-containers","10":"first","11":"instock","12":"shipping-taxable","13":"product-type-simple"},"_links":{"self":[{"href":"https:\/\/moyahousehold.com\/es\/wp-json\/wp\/v2\/product\/4968","targetHints":{"allow":["GET"]}}],"collection":[{"href":"https:\/\/moyahousehold.com\/es\/wp-json\/wp\/v2\/product"}],"about":[{"href":"https:\/\/moyahousehold.com\/es\/wp-json\/wp\/v2\/types\/product"}],"replies":[{"embeddable":true,"href":"https:\/\/moyahousehold.com\/es\/wp-json\/wp\/v2\/comments?post=4968"}],"version-history":[{"count":0,"href":"https:\/\/moyahousehold.com\/es\/wp-json\/wp\/v2\/product\/4968\/revisions"}],"wp:featuredmedia":[{"embeddable":true,"href":"https:\/\/moyahousehold.com\/es\/wp-json\/wp\/v2\/media\/9141"}],"wp:attachment":[{"href":"https:\/\/moyahousehold.com\/es\/wp-json\/wp\/v2\/media?parent=4968"}],"wp:term":[{"taxonomy":"product_cat","embeddable":true,"href":"https:\/\/moyahousehold.com\/es\/wp-json\/wp\/v2\/product_cat?post=4968"},{"taxonomy":"product_tag","embeddable":true,"href":"https:\/\/moyahousehold.com\/es\/wp-json\/wp\/v2\/product_tag?post=4968"}],"curies":[{"name":"wp","href":"https:\/\/api.w.org\/{rel}","templated":true}]}}