{"id":4979,"date":"2024-05-22T03:02:37","date_gmt":"2024-05-22T03:02:37","guid":{"rendered":"https:\/\/moyahousehold.com\/?post_type=product&#038;p=4979"},"modified":"2025-03-05T10:12:08","modified_gmt":"2025-03-05T10:12:08","slug":"full-range-of-customized-stainless-steel-food-containers","status":"publish","type":"product","link":"https:\/\/moyahousehold.com\/es\/producto\/full-range-of-customized-stainless-steel-food-containers\/","title":{"rendered":"Contenedores de alimentos de acero inoxidable personalizados: Impresi\u00f3n de logotipo y dise\u00f1o de envases para alimentos a granel"},"content":{"rendered":"<div class=\"wp-block-columns is-layout-flex wp-container-core-columns-is-layout-9d6595d7 wp-block-columns-is-layout-flex\">\n<div class=\"wp-block-column is-layout-flow wp-block-column-is-layout-flow\">\n<h3 class=\"wp-block-heading\">Par\u00e1metros de los envases personalizados para alimentos<\/h3>\n<\/div>\n<\/div>\n\n\n\n<p><strong>Material<\/strong>:304+PE    <strong>Color<\/strong>:Acero<\/p>\n\n\n\n<figure class=\"wp-block-table\"><table><tbody><tr><td>N\u00famero de modelo<\/td><td>Capacidad<\/td><td>Tama\u00f1o del producto<\/td><td>Tama\u00f1o de la caja exterior<\/td><td>Cantidad por caja<\/td><td>N.W<\/td><td>G.W\/Caso<\/td><\/tr><tr><td>MYZT001<\/td><td>700 ml<\/td><td>16.1*11.9*4.4<\/td><td>51*50*34.5<\/td><td>84<\/td><td>0.19<\/td><td>17.96<\/td><\/tr><tr><td>MYZT002<\/td><td>1100 ml<\/td><td>19.6*14.9*4.8<\/td><td>62*41*38<\/td><td>56<\/td><td>0.27<\/td><td>17.12<\/td><\/tr><tr><td>MYZT003<\/td><td>1700 ml<\/td><td>23.7*18.2*5.4<\/td><td>57*49*45<\/td><td>42<\/td><td>0.4<\/td><td>18.8<\/td><\/tr><tr><td>MYZT004<\/td><td>1000 ml<\/td><td>16.1*11.9*6.6<\/td><td>51*50*43.5<\/td><td>72<\/td><td>0.3<\/td><td>23.6<\/td><\/tr><tr><td>MYZT005<\/td><td>1800 ml<\/td><td>19.6*14.9*7.8<\/td><td>62*41*51<\/td><td>48<\/td><td>0.35<\/td><td>18.8<\/td><\/tr><tr><td>MYZT006<\/td><td>3000 ml<\/td><td>23.7*18.2*8.8<\/td><td>59*49*57<\/td><td>36<\/td><td>0.5<\/td><td>20<\/td><\/tr><\/tbody><\/table><\/figure>\n\n\n\n<h3 class=\"wp-block-heading\">Opciones de envases personalizados para alimentos<\/h3>\n\n\n\n<p><strong>Logotipo<\/strong>Personalice el logotipo de su marca en los envases y embalajes de alimentos.<br><strong>Tapa<\/strong>: Elija tapas de vidrio o de PP para sus recipientes de acero inoxidable para alimentos<br><strong>Opciones de logotipo<\/strong>: Ponemos a su disposici\u00f3n m\u00e9todos de grabado por l\u00e1ser o transferencia t\u00e9rmica para a\u00f1adir su logotipo a los envases de alimentos.<br><strong>Patr\u00f3n<\/strong>Impresi\u00f3n de motivos en contenedores de alimentos.<br><strong>Tecnolog\u00eda de impresi\u00f3n<\/strong>: Ofrecemos serigraf\u00eda, transferencia de calor, impresi\u00f3n por transferencia de agua para a\u00f1adir patrones a sus productos.<br><strong>Paquete<\/strong>Usted puede enviarnos el archivo y vamos a personalizar la caja de color contenedor de alimentos para usted<br><a href=\"https:\/\/moyahousehold.com\/es\/solucion-personalizada\/\" data-type=\"page\" data-id=\"2817\"><strong>M\u00e1s personalizaci\u00f3n<\/strong><\/a><\/p>\n\n\n\n<div class=\"wp-block-columns is-layout-flex wp-container-core-columns-is-layout-9d6595d7 wp-block-columns-is-layout-flex\">\n<div class=\"wp-block-column is-layout-flow wp-block-column-is-layout-flow\">\n<figure class=\"wp-block-image size-full\"><img fetchpriority=\"high\" decoding=\"async\" width=\"601\" height=\"594\" src=\"https:\/\/moyahousehold.com\/wp-content\/uploads\/2024\/05\/customized-food-containers-1.webp\" alt=\"recipientes personalizados para alimentos (1)\" class=\"wp-image-6941\" srcset=\"https:\/\/moyahousehold.com\/wp-content\/uploads\/2024\/05\/customized-food-containers-1.webp 601w, https:\/\/moyahousehold.com\/wp-content\/uploads\/2024\/05\/customized-food-containers-1-300x297.webp 300w, https:\/\/moyahousehold.com\/wp-content\/uploads\/2024\/05\/customized-food-containers-1-12x12.webp 12w, https:\/\/moyahousehold.com\/wp-content\/uploads\/2024\/05\/customized-food-containers-1-285x282.webp 285w, https:\/\/moyahousehold.com\/wp-content\/uploads\/2024\/05\/customized-food-containers-1-150x148.webp 150w\" sizes=\"(max-width: 601px) 100vw, 601px\" \/><\/figure>\n<\/div>\n\n\n\n<div class=\"wp-block-column is-layout-flow wp-block-column-is-layout-flow\">\n<figure class=\"wp-block-image size-full\"><img decoding=\"async\" width=\"597\" height=\"587\" src=\"https:\/\/moyahousehold.com\/wp-content\/uploads\/2024\/05\/customized-food-containers-2.webp\" alt=\"recipientes personalizados para alimentos (2)\" class=\"wp-image-6942\" srcset=\"https:\/\/moyahousehold.com\/wp-content\/uploads\/2024\/05\/customized-food-containers-2.webp 597w, https:\/\/moyahousehold.com\/wp-content\/uploads\/2024\/05\/customized-food-containers-2-300x295.webp 300w, https:\/\/moyahousehold.com\/wp-content\/uploads\/2024\/05\/customized-food-containers-2-12x12.webp 12w, https:\/\/moyahousehold.com\/wp-content\/uploads\/2024\/05\/customized-food-containers-2-285x280.webp 285w, https:\/\/moyahousehold.com\/wp-content\/uploads\/2024\/05\/customized-food-containers-2-150x147.webp 150w\" sizes=\"(max-width: 597px) 100vw, 597px\" \/><\/figure>\n<\/div>\n<\/div>\n\n\n\n<div class=\"wp-block-columns is-layout-flex wp-container-core-columns-is-layout-9d6595d7 wp-block-columns-is-layout-flex\">\n<div class=\"wp-block-column is-layout-flow wp-block-column-is-layout-flow\">\n<figure class=\"wp-block-image size-full\"><img decoding=\"async\" width=\"596\" height=\"594\" src=\"https:\/\/moyahousehold.com\/wp-content\/uploads\/2024\/05\/customized-food-containers-3.webp\" alt=\"recipientes personalizados para alimentos (3)\" class=\"wp-image-6943\" srcset=\"https:\/\/moyahousehold.com\/wp-content\/uploads\/2024\/05\/customized-food-containers-3.webp 596w, https:\/\/moyahousehold.com\/wp-content\/uploads\/2024\/05\/customized-food-containers-3-300x300.webp 300w, https:\/\/moyahousehold.com\/wp-content\/uploads\/2024\/05\/customized-food-containers-3-150x150.webp 150w, https:\/\/moyahousehold.com\/wp-content\/uploads\/2024\/05\/customized-food-containers-3-12x12.webp 12w, https:\/\/moyahousehold.com\/wp-content\/uploads\/2024\/05\/customized-food-containers-3-285x284.webp 285w, https:\/\/moyahousehold.com\/wp-content\/uploads\/2024\/05\/customized-food-containers-3-270x270.webp 270w\" sizes=\"(max-width: 596px) 100vw, 596px\" \/><\/figure>\n<\/div>\n\n\n\n<div class=\"wp-block-column is-layout-flow wp-block-column-is-layout-flow\">\n<figure class=\"wp-block-image size-full\"><img loading=\"lazy\" decoding=\"async\" width=\"595\" height=\"589\" src=\"https:\/\/moyahousehold.com\/wp-content\/uploads\/2024\/05\/customized-food-containers-4.webp\" alt=\"recipientes personalizados para alimentos (4)\" class=\"wp-image-6944\" srcset=\"https:\/\/moyahousehold.com\/wp-content\/uploads\/2024\/05\/customized-food-containers-4.webp 595w, https:\/\/moyahousehold.com\/wp-content\/uploads\/2024\/05\/customized-food-containers-4-300x297.webp 300w, https:\/\/moyahousehold.com\/wp-content\/uploads\/2024\/05\/customized-food-containers-4-12x12.webp 12w, https:\/\/moyahousehold.com\/wp-content\/uploads\/2024\/05\/customized-food-containers-4-285x282.webp 285w, https:\/\/moyahousehold.com\/wp-content\/uploads\/2024\/05\/customized-food-containers-4-150x148.webp 150w\" sizes=\"(max-width: 595px) 100vw, 595px\" \/><\/figure>\n<\/div>\n<\/div>","protected":false},"excerpt":{"rendered":"<p>Eche un vistazo a nuestros contenedores de acero inoxidable personalizados. Ofrecemos servicios de personalizaci\u00f3n de logotipos de envases, envasado de productos, capacidad y tama\u00f1o. Puede obtener m\u00e1s informaci\u00f3n sobre envases alimentarios personalizados a trav\u00e9s de nuestro <a href=\"https:\/\/moyahousehold.com\/es\/solucion-personalizada\/\" target=\"_blank\" rel=\"noopener\">soluci\u00f3n cuctom<\/a>. Mediante la formulaci\u00f3n de soluciones de envasado de alimentos profundamente personalizadas, sus necesidades quedar\u00e1n perfectamente presentadas.<\/p>\n<h3>Caracter\u00edsticas de los envases personalizados para alimentos<\/h3>\n<p>Este contenedor de alimentos personalizable est\u00e1 fabricado en acero inoxidable 304, f\u00e1cil de limpiar e inodoro. El interior est\u00e1 pulido electrol\u00edticamente para evitar realmente la proliferaci\u00f3n de bacterias.<\/p>\n<p>Puede elegir o personalizar una variedad de especificaciones para que se adapten libremente a sus distintas necesidades de almacenamiento.<\/p>\n<p>El contenedor de alimentos adopta un dise\u00f1o redondeado en todos sus lados, lo que lo hace m\u00e1s c\u00f3modo de sujetar y f\u00e1cil de coger sin hacerse da\u00f1o en las manos.<\/p>\n<p>El dise\u00f1o en relieve de los cuatro lados del fondo puede aumentar la fricci\u00f3n cuando se coloca sobre el escritorio para evitar que se deslice, y este dise\u00f1o puede evitar que el recipiente de alimentos se pegue a la superficie del frigor\u00edfico despu\u00e9s de la congelaci\u00f3n.<\/p>\n<p>Aceptamos pedidos de lotes peque\u00f1os para ayudarle a captar mejor las reacciones del mercado a la hora de vender.<\/p>\n<p>El fabricante de envases de acero inoxidable para alimentos Moya le ofrece soluciones de personalizaci\u00f3n flexibles que le ayudar\u00e1n a personalizar mejor sus productos para mejorar su imagen de marca.<\/p>","protected":false},"featured_media":7669,"comment_status":"closed","ping_status":"closed","template":"","meta":[],"product_cat":[57],"product_tag":[106,99],"class_list":{"0":"post-4979","1":"product","2":"type-product","3":"status-publish","4":"has-post-thumbnail","6":"product_cat-food-storage-container-wholesale","7":"product_tag-microwavable-food-storage-containers","8":"product_tag-wholesale-rectangle-food-storage-containers","10":"first","11":"instock","12":"shipping-taxable","13":"product-type-simple"},"_links":{"self":[{"href":"https:\/\/moyahousehold.com\/es\/wp-json\/wp\/v2\/product\/4979","targetHints":{"allow":["GET"]}}],"collection":[{"href":"https:\/\/moyahousehold.com\/es\/wp-json\/wp\/v2\/product"}],"about":[{"href":"https:\/\/moyahousehold.com\/es\/wp-json\/wp\/v2\/types\/product"}],"replies":[{"embeddable":true,"href":"https:\/\/moyahousehold.com\/es\/wp-json\/wp\/v2\/comments?post=4979"}],"version-history":[{"count":0,"href":"https:\/\/moyahousehold.com\/es\/wp-json\/wp\/v2\/product\/4979\/revisions"}],"wp:featuredmedia":[{"embeddable":true,"href":"https:\/\/moyahousehold.com\/es\/wp-json\/wp\/v2\/media\/7669"}],"wp:attachment":[{"href":"https:\/\/moyahousehold.com\/es\/wp-json\/wp\/v2\/media?parent=4979"}],"wp:term":[{"taxonomy":"product_cat","embeddable":true,"href":"https:\/\/moyahousehold.com\/es\/wp-json\/wp\/v2\/product_cat?post=4979"},{"taxonomy":"product_tag","embeddable":true,"href":"https:\/\/moyahousehold.com\/es\/wp-json\/wp\/v2\/product_tag?post=4979"}],"curies":[{"name":"wp","href":"https:\/\/api.w.org\/{rel}","templated":true}]}}