{"id":4995,"date":"2024-05-22T03:23:32","date_gmt":"2024-05-22T03:23:32","guid":{"rendered":"https:\/\/moyahousehold.com\/?post_type=product&#038;p=4995"},"modified":"2025-03-05T10:11:51","modified_gmt":"2025-03-05T10:11:51","slug":"stylish-round-food-storage-container-wholesale","status":"publish","type":"product","link":"https:\/\/moyahousehold.com\/es\/producto\/stylish-round-food-storage-container-wholesale\/","title":{"rendered":"Elegante recipiente redondo para alimentos al por mayor"},"content":{"rendered":"<div class=\"wp-block-columns is-layout-flex wp-container-core-columns-is-layout-9d6595d7 wp-block-columns-is-layout-flex\">\n<div class=\"wp-block-column is-layout-flow wp-block-column-is-layout-flow\">\n<h3 class=\"wp-block-heading\">Par\u00e1metros del contenedor redondo para alimentos<\/h3>\n<\/div>\n<\/div>\n\n\n\n<p><strong>Material<\/strong>:304+PE  <strong>Color<\/strong>:Acero<\/p>\n\n\n\n<figure class=\"wp-block-table\"><table><tbody><tr><td>N\u00famero de modelo<\/td><td>Capacidad<\/td><td>Tama\u00f1o del producto<\/td><td>Tama\u00f1o de la caja exterior<\/td><td>Cantidad por caja<\/td><td>N.W<\/td><td>G.W\/Caso<\/td><\/tr><tr><td>MYZT007<\/td><td>500 ml<\/td><td>10.6*10.6*6.3<\/td><td>56*45*43<\/td><td>120<\/td><td>0.3<\/td><td>38<\/td><\/tr><tr><td>MYZT008<\/td><td>750 ml<\/td><td>10.6*10.6*7.3<\/td><td>56*45*46<\/td><td>80<\/td><td>0.2<\/td><td>18<\/td><\/tr><tr><td>MYZT009<\/td><td>1350 ml<\/td><td>14.6*14.6*9.2<\/td><td>61*46*48<\/td><td>60<\/td><td>0.25<\/td><td>17<\/td><\/tr><\/tbody><\/table><\/figure>\n\n\n\n<h3 class=\"wp-block-heading\">Opciones de recipientes redondos personalizados para alimentos<\/h3>\n\n\n\n<p><strong>Logotipo<\/strong>Personalice el logotipo de su marca en el producto y el envase.<br><strong>Tapa<\/strong>: Tapa de vidrio, tapa de PP<br><strong>Opciones de logotipo<\/strong>Logotipo impreso, logotipo grabado con l\u00e1ser, etc.<br><strong>Patr\u00f3n<\/strong>Impresi\u00f3n de motivos en contenedores de alimentos.<br><strong>Tecnolog\u00eda de impresi\u00f3n<\/strong>Impresi\u00f3n por transferencia de agua, serigraf\u00eda, impresi\u00f3n por transferencia de calor, etc.<br><strong>Paquete<\/strong>:caja de color<br><a href=\"https:\/\/moyahousehold.com\/es\/solucion-personalizada\/\" data-type=\"page\" data-id=\"2817\"><strong>M\u00e1s personalizaci\u00f3n<\/strong><\/a><\/p>\n\n\n\n<div class=\"wp-block-columns is-layout-flex wp-container-core-columns-is-layout-9d6595d7 wp-block-columns-is-layout-flex\">\n<div class=\"wp-block-column is-layout-flow wp-block-column-is-layout-flow\">\n<figure class=\"wp-block-image size-full\"><img fetchpriority=\"high\" decoding=\"async\" width=\"590\" height=\"592\" src=\"https:\/\/moyahousehold.com\/wp-content\/uploads\/2024\/05\/Round-food-container-wholesale-4.webp\" alt=\"Recipiente redondo para alimentos al por mayor \" class=\"wp-image-5006\" srcset=\"https:\/\/moyahousehold.com\/wp-content\/uploads\/2024\/05\/Round-food-container-wholesale-4.webp 590w, https:\/\/moyahousehold.com\/wp-content\/uploads\/2024\/05\/Round-food-container-wholesale-4-300x300.webp 300w, https:\/\/moyahousehold.com\/wp-content\/uploads\/2024\/05\/Round-food-container-wholesale-4-150x150.webp 150w, https:\/\/moyahousehold.com\/wp-content\/uploads\/2024\/05\/Round-food-container-wholesale-4-285x286.webp 285w, https:\/\/moyahousehold.com\/wp-content\/uploads\/2024\/05\/Round-food-container-wholesale-4-270x270.webp 270w\" sizes=\"(max-width: 590px) 100vw, 590px\" \/><\/figure>\n<\/div>\n\n\n\n<div class=\"wp-block-column is-layout-flow wp-block-column-is-layout-flow\">\n<figure class=\"wp-block-image size-full\"><img decoding=\"async\" width=\"591\" height=\"595\" src=\"https:\/\/moyahousehold.com\/wp-content\/uploads\/2024\/05\/Round-food-container-wholesale-3.webp\" alt=\"Recipiente redondo para alimentos al por mayor\" class=\"wp-image-5005\" srcset=\"https:\/\/moyahousehold.com\/wp-content\/uploads\/2024\/05\/Round-food-container-wholesale-3.webp 591w, https:\/\/moyahousehold.com\/wp-content\/uploads\/2024\/05\/Round-food-container-wholesale-3-298x300.webp 298w, https:\/\/moyahousehold.com\/wp-content\/uploads\/2024\/05\/Round-food-container-wholesale-3-150x150.webp 150w, https:\/\/moyahousehold.com\/wp-content\/uploads\/2024\/05\/Round-food-container-wholesale-3-285x287.webp 285w\" sizes=\"(max-width: 591px) 100vw, 591px\" \/><\/figure>\n<\/div>\n<\/div>","protected":false},"excerpt":{"rendered":"<p>Recipientes redondos para alimentos al por mayor - Ofrecemos recipientes redondos para alimentos al por mayor en varias especificaciones. Cada recipiente est\u00e1 equipado con una tapa de sellado de alta calidad para garantizar la frescura e higiene de los alimentos. El dise\u00f1o redondo es f\u00e1cil de almacenar y transportar, lo que resulta ideal para catering, hoteles y cocinas dom\u00e9sticas. elija. Elija nuestros recipientes herm\u00e9ticos para alimentos para que el almacenamiento de sus alimentos sea m\u00e1s eficaz, seguro y c\u00f3modo.<\/p>\n<h3>Caracter\u00edsticas y ventajas del recipiente redondo para alimentos<\/h3>\n<p>Material de acero inoxidable 304, varias especificaciones pueden ser libremente emparejados, congelaci\u00f3n r\u00e1pida, f\u00e1cil de limpiar sin olor, pulido electrol\u00edtico, antimoho y antibacteriano.<\/p>\n<p>El peque\u00f1o dise\u00f1o de la tapa de la oreja hace que abrirla y cerrarla resulte m\u00e1s c\u00f3modo.<\/p>\n<p>Bordes y esquinas lisos, f\u00e1ciles de manejar sin hacerse da\u00f1o en las manos, con la parte inferior elevada por los cuatro lados para evitar que se adhiera a la superficie del frigor\u00edfico tras la congelaci\u00f3n, dificultando que se deslice.<\/p>\n<p>Profundizar en el dise\u00f1o de alta capacidad para mejorar la capacidad.<\/p>\n<p><strong><a href=\"https:\/\/moyahousehold.com\/es\/solucion-personalizada\/\">soporte OEM&amp;ODM soluci\u00f3n personalizada de envases alimentarios<\/a><\/strong><\/p>","protected":false},"featured_media":7796,"comment_status":"open","ping_status":"closed","template":"","meta":[],"product_cat":[57],"product_tag":[106,98],"class_list":{"0":"post-4995","1":"product","2":"type-product","3":"status-publish","4":"has-post-thumbnail","6":"product_cat-food-storage-container-wholesale","7":"product_tag-microwavable-food-storage-containers","8":"product_tag-wholesale-round-food-storage-containers","10":"first","11":"instock","12":"shipping-taxable","13":"product-type-simple"},"_links":{"self":[{"href":"https:\/\/moyahousehold.com\/es\/wp-json\/wp\/v2\/product\/4995","targetHints":{"allow":["GET"]}}],"collection":[{"href":"https:\/\/moyahousehold.com\/es\/wp-json\/wp\/v2\/product"}],"about":[{"href":"https:\/\/moyahousehold.com\/es\/wp-json\/wp\/v2\/types\/product"}],"replies":[{"embeddable":true,"href":"https:\/\/moyahousehold.com\/es\/wp-json\/wp\/v2\/comments?post=4995"}],"version-history":[{"count":0,"href":"https:\/\/moyahousehold.com\/es\/wp-json\/wp\/v2\/product\/4995\/revisions"}],"wp:featuredmedia":[{"embeddable":true,"href":"https:\/\/moyahousehold.com\/es\/wp-json\/wp\/v2\/media\/7796"}],"wp:attachment":[{"href":"https:\/\/moyahousehold.com\/es\/wp-json\/wp\/v2\/media?parent=4995"}],"wp:term":[{"taxonomy":"product_cat","embeddable":true,"href":"https:\/\/moyahousehold.com\/es\/wp-json\/wp\/v2\/product_cat?post=4995"},{"taxonomy":"product_tag","embeddable":true,"href":"https:\/\/moyahousehold.com\/es\/wp-json\/wp\/v2\/product_tag?post=4995"}],"curies":[{"name":"wp","href":"https:\/\/api.w.org\/{rel}","templated":true}]}}