{"id":5016,"date":"2024-05-22T06:04:02","date_gmt":"2024-05-22T06:04:02","guid":{"rendered":"https:\/\/moyahousehold.com\/?post_type=product&#038;p=5016"},"modified":"2025-02-05T08:44:21","modified_gmt":"2025-02-05T08:44:21","slug":"wholesale-rectangular-lunch-boxes-in-bulk","status":"publish","type":"product","link":"https:\/\/moyahousehold.com\/es\/producto\/wholesale-rectangular-lunch-boxes-in-bulk\/","title":{"rendered":"Mayorista Fiambreras Rectangulares al por Mayor - MOYA Stainless Steel Lunch Box Proveedor y Fabricante"},"content":{"rendered":"<div class=\"wp-block-columns is-layout-flex wp-container-core-columns-is-layout-9d6595d7 wp-block-columns-is-layout-flex\">\n<div class=\"wp-block-column is-layout-flow wp-block-column-is-layout-flow\">\n<h3 class=\"wp-block-heading\">Par\u00e1metros de las fiambreras rectangulares <\/h3>\n<\/div>\n<\/div>\n\n\n\n<p><strong>Material<\/strong>:304+PP  <strong>Color<\/strong>:Verde\/Amarillo<\/p>\n\n\n\n<figure class=\"wp-block-table\"><table><tbody><tr><td>N\u00famero de modelo<\/td><td>Capacidad<\/td><td>Tama\u00f1o del producto<\/td><td>Tama\u00f1o de la caja exterior<\/td><td>Cantidad por caja<\/td><td>N.W<\/td><td>G.W\/Caso<\/td><\/tr><tr><td>MYJD099<\/td><td>550ML<\/td><td>14.5*10*7.5&nbsp;<\/td><td>60*50*53<\/td><td>60<\/td><td>0.25<\/td><td>26.4<\/td><\/tr><tr><td>MYJD100<\/td><td>850ML<\/td><td>17*11.8*8<\/td><td>61*58*60<\/td><td>48<\/td><td>0.35<\/td><td>26.28<\/td><\/tr><tr><td>MYJD101<\/td><td>1800ML<br>con asa<\/td><td>19.8*14.5*10<\/td><td>67*66*45<\/td><td>36<\/td><td>0.53<\/td><td>42<\/td><\/tr><\/tbody><\/table><\/figure>\n\n\n\n<h3 class=\"wp-block-heading\">Opciones de fiambreras personalizadas<\/h3>\n\n\n\n<p><strong>Logotipo<\/strong>Personalice el logotipo de su marca en fiambreras y envases.<br><strong>Tapa<\/strong>: Tapa de vidrio, tapa de PP<br><strong>Opciones de logotipo<\/strong>Logotipo impreso, logotipo grabado con l\u00e1ser, etc.<br><strong>Patr\u00f3n<\/strong>Impresi\u00f3n de motivos en fiambreras y envases rectangulares.<br><strong>Tecnolog\u00eda de impresi\u00f3n:<\/strong> impresi\u00f3n por transferencia de agua, serigraf\u00eda, impresi\u00f3n por transferencia de calor, etc.<br><strong>Paquete<\/strong>:caja de color<br><a href=\"https:\/\/moyahousehold.com\/es\/solucion-personalizada\/\" data-type=\"page\" data-id=\"2817\"><strong>M\u00e1s informaci\u00f3n sobre las fiambreras personalizadas <\/strong><\/a><\/p>\n\n\n\n<div class=\"wp-block-columns is-layout-flex wp-container-core-columns-is-layout-9d6595d7 wp-block-columns-is-layout-flex\">\n<div class=\"wp-block-column is-layout-flow wp-block-column-is-layout-flow\">\n<figure class=\"wp-block-image size-full\"><img fetchpriority=\"high\" decoding=\"async\" width=\"2656\" height=\"2658\" src=\"https:\/\/moyahousehold.com\/wp-content\/uploads\/2024\/05\/stainless-steel-lunch-box-supplier-2.jpg\" alt=\"proveedor de fiambreras de acero inoxidable (2)\" class=\"wp-image-7604\" srcset=\"https:\/\/moyahousehold.com\/wp-content\/uploads\/2024\/05\/stainless-steel-lunch-box-supplier-2.jpg 2656w, https:\/\/moyahousehold.com\/wp-content\/uploads\/2024\/05\/stainless-steel-lunch-box-supplier-2-300x300.jpg 300w, https:\/\/moyahousehold.com\/wp-content\/uploads\/2024\/05\/stainless-steel-lunch-box-supplier-2-150x150.jpg 150w, https:\/\/moyahousehold.com\/wp-content\/uploads\/2024\/05\/stainless-steel-lunch-box-supplier-2-768x769.jpg 768w, https:\/\/moyahousehold.com\/wp-content\/uploads\/2024\/05\/stainless-steel-lunch-box-supplier-2-12x12.jpg 12w, https:\/\/moyahousehold.com\/wp-content\/uploads\/2024\/05\/stainless-steel-lunch-box-supplier-2-285x285.jpg 285w, https:\/\/moyahousehold.com\/wp-content\/uploads\/2024\/05\/stainless-steel-lunch-box-supplier-2-1600x1601.jpg 1600w, https:\/\/moyahousehold.com\/wp-content\/uploads\/2024\/05\/stainless-steel-lunch-box-supplier-2-270x270.jpg 270w, https:\/\/moyahousehold.com\/wp-content\/uploads\/2024\/05\/stainless-steel-lunch-box-supplier-2-540x540.jpg 540w, https:\/\/moyahousehold.com\/wp-content\/uploads\/2024\/05\/stainless-steel-lunch-box-supplier-2-660x660.jpg 660w\" sizes=\"(max-width: 2656px) 100vw, 2656px\" \/><\/figure>\n<\/div>\n\n\n\n<div class=\"wp-block-column is-layout-flow wp-block-column-is-layout-flow\">\n<figure class=\"wp-block-image size-full\"><img decoding=\"async\" width=\"2656\" height=\"2658\" src=\"https:\/\/moyahousehold.com\/wp-content\/uploads\/2024\/05\/stainless-steel-lunch-box-supplier-4.jpg\" alt=\"proveedor de fiambreras de acero inoxidable (4)\" class=\"wp-image-7606\" srcset=\"https:\/\/moyahousehold.com\/wp-content\/uploads\/2024\/05\/stainless-steel-lunch-box-supplier-4.jpg 2656w, https:\/\/moyahousehold.com\/wp-content\/uploads\/2024\/05\/stainless-steel-lunch-box-supplier-4-300x300.jpg 300w, https:\/\/moyahousehold.com\/wp-content\/uploads\/2024\/05\/stainless-steel-lunch-box-supplier-4-150x150.jpg 150w, https:\/\/moyahousehold.com\/wp-content\/uploads\/2024\/05\/stainless-steel-lunch-box-supplier-4-768x769.jpg 768w, https:\/\/moyahousehold.com\/wp-content\/uploads\/2024\/05\/stainless-steel-lunch-box-supplier-4-12x12.jpg 12w, https:\/\/moyahousehold.com\/wp-content\/uploads\/2024\/05\/stainless-steel-lunch-box-supplier-4-285x285.jpg 285w, https:\/\/moyahousehold.com\/wp-content\/uploads\/2024\/05\/stainless-steel-lunch-box-supplier-4-1600x1601.jpg 1600w, https:\/\/moyahousehold.com\/wp-content\/uploads\/2024\/05\/stainless-steel-lunch-box-supplier-4-270x270.jpg 270w, https:\/\/moyahousehold.com\/wp-content\/uploads\/2024\/05\/stainless-steel-lunch-box-supplier-4-540x540.jpg 540w, https:\/\/moyahousehold.com\/wp-content\/uploads\/2024\/05\/stainless-steel-lunch-box-supplier-4-660x660.jpg 660w\" sizes=\"(max-width: 2656px) 100vw, 2656px\" \/><\/figure>\n<\/div>\n<\/div>","protected":false},"excerpt":{"rendered":"<p>MOYA es un proveedor y fabricante de fiambreras de acero inoxidable en China. Proporcionamos fiambreras rectangulares de alta calidad al por mayor. Nuestras fiambreras de acero inoxidable est\u00e1n hechas de acero inoxidable 304 de calidad alimentaria, que es resistente a la corrosi\u00f3n, f\u00e1cil de limpiar y est\u00e1 equipado con asas ergon\u00f3micas. Son f\u00e1ciles de transportar y adecuadas para el hogar, la escuela, la oficina, picnics al aire libre y restaurantes. Elija MOYA como su proveedor de fiambreras de acero inoxidable de alta calidad, le proporcionaremos los mejores servicios al por mayor y personalizados, le invitamos a ponerse en contacto con nosotros para obtener precios competitivos.<\/p>\n<h3>Caracter\u00edsticas y ventajas de las fiambreras rectangulares<\/h3>\n<p><strong>Servicio de alta calidad<\/strong>: Como proveedor l\u00edder de fiambreras de acero inoxidable de China, nuestro equipo le ofrece el mejor servicio de fiambreras al por mayor proporcion\u00e1ndole muestras gratuitas, asistencia administrativa, etc.<\/p>\n<p><strong>Soluciones personalizadas OEM&amp;ODM<\/strong>: Nuestra f\u00e1brica de fiambreras de acero inoxidable dise\u00f1ar\u00e1 una soluci\u00f3n personalizada que satisfaga sus necesidades y producir\u00e1 productos que cumplan las normas internacionales y el reconocimiento del mercado.<\/p>\n<p><strong>Dise\u00f1o de estilo sencillo<\/strong>: Nuestras fiambreras adoptan un dise\u00f1o de estilo minimalista y una combinaci\u00f3n de colores limpios y frescos, y el aspecto general es moderno y bonito.<\/p>\n<p><strong>Material de calidad alimentaria<\/strong>: Nuestras fiambreras de acero inoxidable est\u00e1n hechas de acero inoxidable 304 de calidad alimentaria, que es robusto y duradero, anti-ca\u00edda y resistente a la corrosi\u00f3n, lo que garantiza un uso seguro y saludable.<\/p>\n<p><strong>Dise\u00f1o compartimentado<\/strong>: El interior de la fiambrera adopta un dise\u00f1o compartimentado, que es conveniente para el almacenamiento de alimentos, sin sabores cruzados, y m\u00e1s conveniente y razonable de coincidencia nutricional.<\/p>\n<p><strong>Especificaciones completas<\/strong>: Proporcionar una variedad de especificaciones, los usuarios pueden combinar y utilizar libremente para satisfacer diferentes necesidades.<\/p>\n<p><strong>F\u00e1cil de llevar a cabo<\/strong>: La fiambrera est\u00e1 equipada con un cierre de cuatro lados y un anillo de silicona, lo que resulta m\u00e1s c\u00f3modo de llevar y garantiza que los alimentos no se filtren.<\/p>\n<p><strong>Junta de doble capa<\/strong>: Dise\u00f1o de doble capa de sellado, m\u00e1s seguro de llevar con usted, mantener los alimentos frescos.<\/p>\n<p><strong>Ligero y resistente<\/strong>: La fiambrera tiene un dise\u00f1o sencillo y pr\u00e1ctico, es ligera y resistente, adecuada para la conservaci\u00f3n diaria de alimentos y para muchos otros usos.<\/p>\n<p><strong><a href=\"https:\/\/moyahousehold.com\/es\/solucion-personalizada\/\">\u00a0M\u00e1s informaci\u00f3n sobre el servicio personalizado OEM&amp;ODM<\/a><\/strong><\/p>","protected":false},"featured_media":8937,"comment_status":"closed","ping_status":"closed","template":"","meta":[],"product_cat":[58],"product_tag":[87,92],"class_list":{"0":"post-5016","1":"product","2":"type-product","3":"status-publish","4":"has-post-thumbnail","6":"product_cat-lunch-box-wholesale","7":"product_tag-wholesale-multi-compartment-lunch-box","8":"product_tag-wholesale-rectangle-lunch-box","10":"first","11":"instock","12":"shipping-taxable","13":"product-type-simple"},"_links":{"self":[{"href":"https:\/\/moyahousehold.com\/es\/wp-json\/wp\/v2\/product\/5016","targetHints":{"allow":["GET"]}}],"collection":[{"href":"https:\/\/moyahousehold.com\/es\/wp-json\/wp\/v2\/product"}],"about":[{"href":"https:\/\/moyahousehold.com\/es\/wp-json\/wp\/v2\/types\/product"}],"replies":[{"embeddable":true,"href":"https:\/\/moyahousehold.com\/es\/wp-json\/wp\/v2\/comments?post=5016"}],"version-history":[{"count":0,"href":"https:\/\/moyahousehold.com\/es\/wp-json\/wp\/v2\/product\/5016\/revisions"}],"wp:featuredmedia":[{"embeddable":true,"href":"https:\/\/moyahousehold.com\/es\/wp-json\/wp\/v2\/media\/8937"}],"wp:attachment":[{"href":"https:\/\/moyahousehold.com\/es\/wp-json\/wp\/v2\/media?parent=5016"}],"wp:term":[{"taxonomy":"product_cat","embeddable":true,"href":"https:\/\/moyahousehold.com\/es\/wp-json\/wp\/v2\/product_cat?post=5016"},{"taxonomy":"product_tag","embeddable":true,"href":"https:\/\/moyahousehold.com\/es\/wp-json\/wp\/v2\/product_tag?post=5016"}],"curies":[{"name":"wp","href":"https:\/\/api.w.org\/{rel}","templated":true}]}}