{"id":5029,"date":"2024-05-22T06:26:05","date_gmt":"2024-05-22T06:26:05","guid":{"rendered":"https:\/\/moyahousehold.com\/?post_type=product&#038;p=5029"},"modified":"2024-11-17T15:16:04","modified_gmt":"2024-11-17T15:16:04","slug":"wholesale-stackable-stainless-steel-lunch-boxes-with-lids","status":"publish","type":"product","link":"https:\/\/moyahousehold.com\/es\/producto\/wholesale-stackable-stainless-steel-lunch-boxes-with-lids\/","title":{"rendered":"Mayorista Fiambreras Apilables de Acero Inoxidable con Tapa: Dise\u00f1o Lindo y Aspecto Colorido"},"content":{"rendered":"<div class=\"wp-block-columns is-layout-flex wp-container-core-columns-is-layout-9d6595d7 wp-block-columns-is-layout-flex\">\n<div class=\"wp-block-column is-layout-flow wp-block-column-is-layout-flow\">\n<h3 class=\"wp-block-heading\">Par\u00e1metros de la fiambrera apilable de acero inoxidable<\/h3>\n<\/div>\n<\/div>\n\n\n\n<p><strong>Material<\/strong>:304+PP   <strong>Color<\/strong>:Verde\/Amarillo<\/p>\n\n\n\n<figure class=\"wp-block-table\"><table><tbody><tr><td>N\u00famero de modelo<\/td><td>Capacidad<\/td><td>Tama\u00f1o del producto<\/td><td>Tama\u00f1o de la caja exterior<\/td><td>Cantidad por caja<\/td><td>N.W<\/td><td>G.W\/Caso<\/td><\/tr><tr><td>MYJD102<\/td><td>550ML<\/td><td>11.5*7.9*7.5<\/td><td>60*50*53<\/td><td>120<\/td><td>0.15<\/td><td>39.36<\/td><\/tr><tr><td>MYJD103<\/td><td>850ML<\/td><td>13.5*9.5*8.5<\/td><td>61*58*60<\/td><td>96<\/td><td>0.21<\/td><td>28.8<\/td><\/tr><tr><td>MYJD104<\/td><td>1500ML<\/td><td>16*11*9.5<\/td><td>67*66*45<\/td><td>60<\/td><td>0.28<\/td><td>24.12<\/td><\/tr><tr><td>MYJD105<\/td><td>2800ML<br>con asa<\/td><td>19*13*12.5<\/td><td>68*67*69.5<\/td><td>36<\/td><td>0.47<\/td><td>16.3<\/td><\/tr><\/tbody><\/table><\/figure>\n\n\n\n<h3 class=\"wp-block-heading\">Opciones de fiambreras personalizadas<\/h3>\n\n\n\n<p><strong>Logotipo<\/strong>Personalice el logotipo de su marca en fiambreras y envases.<br><strong>Tapa<\/strong>: Tapa de vidrio, tapa de PP<br><strong>Opciones de logotipo<\/strong>Logotipo impreso, logotipo grabado con l\u00e1ser, etc.<br><strong>Patr\u00f3n<\/strong>Impresi\u00f3n de motivos en fiambreras apilables<br><strong>Tecnolog\u00eda de impresi\u00f3n<\/strong>Impresi\u00f3n por transferencia de agua, serigraf\u00eda, impresi\u00f3n por transferencia de calor, etc.<br><strong>Paquete<\/strong>:caja de color<br><a href=\"https:\/\/moyahousehold.com\/es\/solucion-personalizada\/\" data-type=\"page\" data-id=\"2817\"><strong>Descubra m\u00e1s soluciones de fiambreras personalizadas. <\/strong><\/a><\/p>\n\n\n\n<div class=\"wp-block-columns is-layout-flex wp-container-core-columns-is-layout-9d6595d7 wp-block-columns-is-layout-flex\">\n<div class=\"wp-block-column is-layout-flow wp-block-column-is-layout-flow\">\n<figure class=\"wp-block-image size-full\"><img fetchpriority=\"high\" decoding=\"async\" width=\"1500\" height=\"1501\" src=\"https:\/\/moyahousehold.com\/wp-content\/uploads\/2024\/05\/Stackable-Stainless-Steel-Lunch-Box-1.jpg\" alt=\"Fiambrera apilable de acero inoxidable (1)\" class=\"wp-image-9296\" srcset=\"https:\/\/moyahousehold.com\/wp-content\/uploads\/2024\/05\/Stackable-Stainless-Steel-Lunch-Box-1.jpg 1500w, https:\/\/moyahousehold.com\/wp-content\/uploads\/2024\/05\/Stackable-Stainless-Steel-Lunch-Box-1-300x300.jpg 300w, https:\/\/moyahousehold.com\/wp-content\/uploads\/2024\/05\/Stackable-Stainless-Steel-Lunch-Box-1-150x150.jpg 150w, https:\/\/moyahousehold.com\/wp-content\/uploads\/2024\/05\/Stackable-Stainless-Steel-Lunch-Box-1-768x769.jpg 768w, https:\/\/moyahousehold.com\/wp-content\/uploads\/2024\/05\/Stackable-Stainless-Steel-Lunch-Box-1-12x12.jpg 12w, https:\/\/moyahousehold.com\/wp-content\/uploads\/2024\/05\/Stackable-Stainless-Steel-Lunch-Box-1-285x285.jpg 285w, https:\/\/moyahousehold.com\/wp-content\/uploads\/2024\/05\/Stackable-Stainless-Steel-Lunch-Box-1-270x270.jpg 270w, https:\/\/moyahousehold.com\/wp-content\/uploads\/2024\/05\/Stackable-Stainless-Steel-Lunch-Box-1-540x540.jpg 540w, https:\/\/moyahousehold.com\/wp-content\/uploads\/2024\/05\/Stackable-Stainless-Steel-Lunch-Box-1-660x660.jpg 660w\" sizes=\"(max-width: 1500px) 100vw, 1500px\" \/><\/figure>\n<\/div>\n\n\n\n<div class=\"wp-block-column is-layout-flow wp-block-column-is-layout-flow\">\n<figure class=\"wp-block-image size-full\"><img decoding=\"async\" width=\"1500\" height=\"1501\" src=\"https:\/\/moyahousehold.com\/wp-content\/uploads\/2024\/05\/Stackable-Stainless-Steel-Lunch-Box-2.jpg\" alt=\"Fiambrera apilable de acero inoxidable (2)\" class=\"wp-image-9297\" srcset=\"https:\/\/moyahousehold.com\/wp-content\/uploads\/2024\/05\/Stackable-Stainless-Steel-Lunch-Box-2.jpg 1500w, https:\/\/moyahousehold.com\/wp-content\/uploads\/2024\/05\/Stackable-Stainless-Steel-Lunch-Box-2-300x300.jpg 300w, https:\/\/moyahousehold.com\/wp-content\/uploads\/2024\/05\/Stackable-Stainless-Steel-Lunch-Box-2-150x150.jpg 150w, https:\/\/moyahousehold.com\/wp-content\/uploads\/2024\/05\/Stackable-Stainless-Steel-Lunch-Box-2-768x769.jpg 768w, https:\/\/moyahousehold.com\/wp-content\/uploads\/2024\/05\/Stackable-Stainless-Steel-Lunch-Box-2-12x12.jpg 12w, https:\/\/moyahousehold.com\/wp-content\/uploads\/2024\/05\/Stackable-Stainless-Steel-Lunch-Box-2-285x285.jpg 285w, https:\/\/moyahousehold.com\/wp-content\/uploads\/2024\/05\/Stackable-Stainless-Steel-Lunch-Box-2-270x270.jpg 270w, https:\/\/moyahousehold.com\/wp-content\/uploads\/2024\/05\/Stackable-Stainless-Steel-Lunch-Box-2-540x540.jpg 540w, https:\/\/moyahousehold.com\/wp-content\/uploads\/2024\/05\/Stackable-Stainless-Steel-Lunch-Box-2-660x660.jpg 660w\" sizes=\"(max-width: 1500px) 100vw, 1500px\" \/><\/figure>\n<\/div>\n<\/div>","protected":false},"excerpt":{"rendered":"<p>Nuestras fiambreras apilables de acero inoxidable son la soluci\u00f3n perfecta dise\u00f1ada para la vida moderna, adecuadas para el hogar, la escuela, la oficina y las actividades al aire libre. La bonita apariencia de la fiambrera aporta una buena experiencia gastron\u00f3mica a los usuarios, y las diferentes capacidades satisfacen las necesidades de ni\u00f1os y adultos. Mayoristas y minoristas pueden ponerse en contacto con nosotros para comprar fiambreras al por mayor.<\/p>\n<h3>Caracter\u00edsticas de la fiambrera apilable de acero inoxidable<\/h3>\n<p><strong>Forma bonita y aspecto colorido:<\/strong> Estas fiambreras tienen una gran variedad de formas y colores. No s\u00f3lo son funcionales y pr\u00e1cticas, sino que tambi\u00e9n aportan diversi\u00f3n a las comidas. Ya sean ni\u00f1os o adultos, pueden encontrar sus estilos favoritos, aportando vitalidad y alegr\u00eda a cada comida.<\/p>\n<p><strong>Dise\u00f1o apilable:<\/strong> El dise\u00f1o de nuestra fiambrera ahorra espacio y es f\u00e1cil de apilar para guardarla y transportarla. Hace que la cocina y la mochila sean m\u00e1s ordenadas y adecuadas para la vida acelerada.<\/p>\n<p><strong>Duradero y respetuoso con el medio ambiente:<\/strong> Estas fiambreras est\u00e1n fabricadas con materiales de acero inoxidable de primera calidad, que son resistentes y respetuosos con el medio ambiente. Pueden utilizarse con frecuencia, lo que ayuda a reducir los pl\u00e1sticos desechables y contribuye a una vida m\u00e1s ecol\u00f3gica.<\/p>\n<p><strong>Muy f\u00e1cil de limpiar:<\/strong> La fiambrera tiene una superficie lisa y es muy f\u00e1cil de limpiar. Se puede lavar a mano o en el lavavajillas, lo que le ahorrar\u00e1 tiempo.<\/p>\n<p><strong>Polivalente:<\/strong> Esta fiambrera no s\u00f3lo es adecuada para el almuerzo diario, sino tambi\u00e9n para viajes al aire libre, picnics, deportes y fiestas. Es pr\u00e1ctica y pr\u00e1ctica, lo que le permite disfrutar de comidas deliciosas y saludables en cualquier momento y en cualquier lugar.<\/p>\n<p><strong>Precios de f\u00e1brica:<\/strong> Ofrecemos precios de f\u00e1brica de fiambreras al por mayor para garantizarle la compra de productos de alta calidad a los precios m\u00e1s competitivos.<\/p>","protected":false},"featured_media":7619,"comment_status":"closed","ping_status":"closed","template":"","meta":[],"product_cat":[57],"product_tag":[],"class_list":{"0":"post-5029","1":"product","2":"type-product","3":"status-publish","4":"has-post-thumbnail","6":"product_cat-food-storage-container-wholesale","8":"first","9":"instock","10":"shipping-taxable","11":"product-type-simple"},"_links":{"self":[{"href":"https:\/\/moyahousehold.com\/es\/wp-json\/wp\/v2\/product\/5029","targetHints":{"allow":["GET"]}}],"collection":[{"href":"https:\/\/moyahousehold.com\/es\/wp-json\/wp\/v2\/product"}],"about":[{"href":"https:\/\/moyahousehold.com\/es\/wp-json\/wp\/v2\/types\/product"}],"replies":[{"embeddable":true,"href":"https:\/\/moyahousehold.com\/es\/wp-json\/wp\/v2\/comments?post=5029"}],"version-history":[{"count":0,"href":"https:\/\/moyahousehold.com\/es\/wp-json\/wp\/v2\/product\/5029\/revisions"}],"wp:featuredmedia":[{"embeddable":true,"href":"https:\/\/moyahousehold.com\/es\/wp-json\/wp\/v2\/media\/7619"}],"wp:attachment":[{"href":"https:\/\/moyahousehold.com\/es\/wp-json\/wp\/v2\/media?parent=5029"}],"wp:term":[{"taxonomy":"product_cat","embeddable":true,"href":"https:\/\/moyahousehold.com\/es\/wp-json\/wp\/v2\/product_cat?post=5029"},{"taxonomy":"product_tag","embeddable":true,"href":"https:\/\/moyahousehold.com\/es\/wp-json\/wp\/v2\/product_tag?post=5029"}],"curies":[{"name":"wp","href":"https:\/\/api.w.org\/{rel}","templated":true}]}}