{"id":5059,"date":"2024-05-22T07:25:14","date_gmt":"2024-05-22T07:25:14","guid":{"rendered":"https:\/\/moyahousehold.com\/?post_type=product&#038;p=5059"},"modified":"2025-02-05T08:43:51","modified_gmt":"2025-02-05T08:43:51","slug":"wholesale-compartment-stainless-steel-lunch-box-leak-proof","status":"publish","type":"product","link":"https:\/\/moyahousehold.com\/es\/producto\/wholesale-compartment-stainless-steel-lunch-box-leak-proof\/","title":{"rendered":"Mayorista Fiambrera de Acero Inoxidable de Doble Compartimento a Prueba de Fugas"},"content":{"rendered":"<h2 class=\"wp-block-heading\">Par\u00e1metros de la fiambrera de acero inoxidable de doble compartimento<\/h2>\n\n\n\n<p>Material:304+PP Color:Rosa\/Azul\/Verde <\/p>\n\n\n\n<figure class=\"wp-block-table\"><table><tbody><tr><td>N\u00famero de modelo<\/td><td>capacidad<\/td><td>Tama\u00f1o del producto<\/td><td>Tama\u00f1o de la caja exterior<\/td><td>Cantidad por caja<\/td><td>N.W<\/td><td>G.W\/Caso<\/td><\/tr><tr><td>MYJD004<\/td><td>350 ml<\/td><td>15*11*6<\/td><td>47*35.5*48.5<\/td><td>60<\/td><td>0.18&nbsp;<\/td><td>22.8<\/td><\/tr><tr><td>MYJD005<\/td><td>550 ml<\/td><td>17*13*6.5<\/td><td>54*31*54<\/td><td>48<\/td><td>0.24&nbsp;<\/td><td>21.12<\/td><\/tr><tr><td>MYJD006<\/td><td>850 ml<\/td><td>19*14*7<\/td><td>62*34*47.5<\/td><td>36<\/td><td>0.31&nbsp;<\/td><td>18.36<\/td><\/tr><\/tbody><\/table><\/figure>\n\n\n\n<h3 class=\"wp-block-heading\">Opciones de fiambreras personalizadas<\/h3>\n\n\n\n<p><strong>Logotipo<\/strong>Personalice el logotipo de su marca en el producto y el envase.<br><strong>Opciones de logotipo<\/strong>Logotipo impreso, logotipo grabado con l\u00e1ser, etc.<br><strong>Patr\u00f3n<\/strong>: Patrones de impresi\u00f3n <br><strong>Tecnolog\u00eda de impresi\u00f3n<\/strong>Impresi\u00f3n por transferencia de agua, serigraf\u00eda, transferencia de calor, sublimaci\u00f3n, etc.<br><strong>Paquete<\/strong>:caja de color<br><a href=\"https:\/\/moyahousehold.com\/es\/solucion-personalizada\/\"><strong>M\u00e1s informaci\u00f3n sobre las fiambreras personalizadas <\/strong><\/a><br><br><\/p>\n\n\n\n<div class=\"wp-block-columns is-layout-flex wp-container-core-columns-is-layout-9d6595d7 wp-block-columns-is-layout-flex\">\n<div class=\"wp-block-column is-layout-flow wp-block-column-is-layout-flow\">\n<figure class=\"wp-block-image size-full\"><img fetchpriority=\"high\" decoding=\"async\" width=\"1500\" height=\"1500\" src=\"https:\/\/moyahousehold.com\/wp-content\/uploads\/2024\/05\/Double-Compartment-Stainless-Steel-Lunch-Box-Display-3.jpg\" alt=\"Expositor fiambrera de acero inoxidable con dos compartimentos (3)\" class=\"wp-image-8619\" srcset=\"https:\/\/moyahousehold.com\/wp-content\/uploads\/2024\/05\/Double-Compartment-Stainless-Steel-Lunch-Box-Display-3.jpg 1500w, https:\/\/moyahousehold.com\/wp-content\/uploads\/2024\/05\/Double-Compartment-Stainless-Steel-Lunch-Box-Display-3-300x300.jpg 300w, https:\/\/moyahousehold.com\/wp-content\/uploads\/2024\/05\/Double-Compartment-Stainless-Steel-Lunch-Box-Display-3-150x150.jpg 150w, https:\/\/moyahousehold.com\/wp-content\/uploads\/2024\/05\/Double-Compartment-Stainless-Steel-Lunch-Box-Display-3-768x768.jpg 768w, https:\/\/moyahousehold.com\/wp-content\/uploads\/2024\/05\/Double-Compartment-Stainless-Steel-Lunch-Box-Display-3-12x12.jpg 12w, https:\/\/moyahousehold.com\/wp-content\/uploads\/2024\/05\/Double-Compartment-Stainless-Steel-Lunch-Box-Display-3-285x285.jpg 285w, https:\/\/moyahousehold.com\/wp-content\/uploads\/2024\/05\/Double-Compartment-Stainless-Steel-Lunch-Box-Display-3-270x270.jpg 270w, https:\/\/moyahousehold.com\/wp-content\/uploads\/2024\/05\/Double-Compartment-Stainless-Steel-Lunch-Box-Display-3-540x540.jpg 540w, https:\/\/moyahousehold.com\/wp-content\/uploads\/2024\/05\/Double-Compartment-Stainless-Steel-Lunch-Box-Display-3-660x660.jpg 660w\" sizes=\"(max-width: 1500px) 100vw, 1500px\" \/><\/figure>\n<\/div>\n\n\n\n<div class=\"wp-block-column is-layout-flow wp-block-column-is-layout-flow\">\n<figure class=\"wp-block-image size-full\"><img decoding=\"async\" width=\"1500\" height=\"1500\" src=\"https:\/\/moyahousehold.com\/wp-content\/uploads\/2024\/05\/Double-Compartment-Stainless-Steel-Lunch-Box-Display-4.jpg\" alt=\"Expositor fiambrera de acero inoxidable con dos compartimentos (4)\" class=\"wp-image-8620\" srcset=\"https:\/\/moyahousehold.com\/wp-content\/uploads\/2024\/05\/Double-Compartment-Stainless-Steel-Lunch-Box-Display-4.jpg 1500w, https:\/\/moyahousehold.com\/wp-content\/uploads\/2024\/05\/Double-Compartment-Stainless-Steel-Lunch-Box-Display-4-300x300.jpg 300w, https:\/\/moyahousehold.com\/wp-content\/uploads\/2024\/05\/Double-Compartment-Stainless-Steel-Lunch-Box-Display-4-150x150.jpg 150w, https:\/\/moyahousehold.com\/wp-content\/uploads\/2024\/05\/Double-Compartment-Stainless-Steel-Lunch-Box-Display-4-768x768.jpg 768w, https:\/\/moyahousehold.com\/wp-content\/uploads\/2024\/05\/Double-Compartment-Stainless-Steel-Lunch-Box-Display-4-12x12.jpg 12w, https:\/\/moyahousehold.com\/wp-content\/uploads\/2024\/05\/Double-Compartment-Stainless-Steel-Lunch-Box-Display-4-285x285.jpg 285w, https:\/\/moyahousehold.com\/wp-content\/uploads\/2024\/05\/Double-Compartment-Stainless-Steel-Lunch-Box-Display-4-270x270.jpg 270w, https:\/\/moyahousehold.com\/wp-content\/uploads\/2024\/05\/Double-Compartment-Stainless-Steel-Lunch-Box-Display-4-540x540.jpg 540w, https:\/\/moyahousehold.com\/wp-content\/uploads\/2024\/05\/Double-Compartment-Stainless-Steel-Lunch-Box-Display-4-660x660.jpg 660w\" sizes=\"(max-width: 1500px) 100vw, 1500px\" \/><\/figure>\n<\/div>\n<\/div>","protected":false},"excerpt":{"rendered":"<p>Fiambrera de acero inoxidable con compartimentos al por mayor, con un buen dise\u00f1o a prueba de fugas y f\u00e1cil de transportar. Hay tres tama\u00f1os de 350 ml, 550 ml y 750 ml para elegir. Adecuado para la oficina, la escuela, picnic al aire libre y otras escenas. Ofrecemos al por mayor compartimento de acero inoxidable fiambrera a precio de f\u00e1brica, recepci\u00f3n para entrarnos en contacto con.<\/p>\n<h3>Caracter\u00edsticas y ventajas de la fiambrera de acero inoxidable de doble compartimento<\/h3>\n<p><strong>Aspecto minimalista:<\/strong> Esta fiambrera de acero inoxidable con compartimentos adopta un dise\u00f1o de color minimalista, con tres estilos de rosa, amarillo y azul, adecuado para m\u00e1s personas.<\/p>\n<p><strong>Ligero y c\u00f3modo:<\/strong> Esta fiambrera compartimentada de acero inoxidable adopta un dise\u00f1o ligero, se puede poner f\u00e1cilmente en una mochila, adecuada para los desplazamientos diarios, viajes de negocios o actividades al aire libre.<\/p>\n<p><strong>M\u00faltiples opciones de tama\u00f1o:<\/strong> Ofrecemos fiambreras con capacidades de 350 ml, 550 ml y 850 ml, tanto para adultos como para ni\u00f1os, hay opciones adecuadas.<\/p>\n<p><strong>Dise\u00f1o a prueba de fugas:<\/strong> Esta fiambrera de acero inoxidable adopta el mejor dise\u00f1o a prueba de fugas, que evita eficazmente las fugas accidentales y la mezcla de alimentos, por lo que es m\u00e1s seguro de usar<\/p>\n<p><strong>Soporte de muestras:<\/strong> Ofrecemos muestras gratuitas de fiambreras de acero inoxidable para que pueda conocer mejor nuestros productos.<\/p>\n<p><strong>Servicio personalizado:<\/strong> Si cree que el aspecto o el tama\u00f1o de esta fiambrera de acero inoxidable 304 no es el adecuado, le ofrecemos soluciones de fiambreras personalizadas en profundidad para personalizar una fiambrera ideal para usted.<\/p>\n<p>&nbsp;<\/p>","protected":false},"featured_media":8608,"comment_status":"closed","ping_status":"closed","template":"","meta":[],"product_cat":[58],"product_tag":[87,92],"class_list":{"0":"post-5059","1":"product","2":"type-product","3":"status-publish","4":"has-post-thumbnail","6":"product_cat-lunch-box-wholesale","7":"product_tag-wholesale-multi-compartment-lunch-box","8":"product_tag-wholesale-rectangle-lunch-box","10":"first","11":"instock","12":"shipping-taxable","13":"product-type-simple"},"_links":{"self":[{"href":"https:\/\/moyahousehold.com\/es\/wp-json\/wp\/v2\/product\/5059","targetHints":{"allow":["GET"]}}],"collection":[{"href":"https:\/\/moyahousehold.com\/es\/wp-json\/wp\/v2\/product"}],"about":[{"href":"https:\/\/moyahousehold.com\/es\/wp-json\/wp\/v2\/types\/product"}],"replies":[{"embeddable":true,"href":"https:\/\/moyahousehold.com\/es\/wp-json\/wp\/v2\/comments?post=5059"}],"version-history":[{"count":0,"href":"https:\/\/moyahousehold.com\/es\/wp-json\/wp\/v2\/product\/5059\/revisions"}],"wp:featuredmedia":[{"embeddable":true,"href":"https:\/\/moyahousehold.com\/es\/wp-json\/wp\/v2\/media\/8608"}],"wp:attachment":[{"href":"https:\/\/moyahousehold.com\/es\/wp-json\/wp\/v2\/media?parent=5059"}],"wp:term":[{"taxonomy":"product_cat","embeddable":true,"href":"https:\/\/moyahousehold.com\/es\/wp-json\/wp\/v2\/product_cat?post=5059"},{"taxonomy":"product_tag","embeddable":true,"href":"https:\/\/moyahousehold.com\/es\/wp-json\/wp\/v2\/product_tag?post=5059"}],"curies":[{"name":"wp","href":"https:\/\/api.w.org\/{rel}","templated":true}]}}