{"id":5080,"date":"2024-05-22T08:15:10","date_gmt":"2024-05-22T08:15:10","guid":{"rendered":"https:\/\/moyahousehold.com\/?post_type=product&#038;p=5080"},"modified":"2025-02-05T08:43:36","modified_gmt":"2025-02-05T08:43:36","slug":"wholesale-double-layer-rectangle-lunch-boxes","status":"publish","type":"product","link":"https:\/\/moyahousehold.com\/es\/producto\/wholesale-double-layer-rectangle-lunch-boxes\/","title":{"rendered":"Loncheras rectangulares de doble capa al por mayor\uff1aUna caja de almuerzo linda est\u00e9tica para acompa\u00f1ar su tiempo de almuerzo."},"content":{"rendered":"<h2 class=\"wp-block-heading\">Par\u00e1metros de la fiambrera rectangular de doble capa<\/h2>\n\n\n\n<p><strong>material:<\/strong>304 + PP   <strong> color:<\/strong>Beige\/caqui<\/p>\n\n\n\n<figure class=\"wp-block-table\"><table><tbody><tr><td>N\u00famero de modelo<\/td><td>capacidad<\/td><td>Tama\u00f1o del producto<\/td><td>Tama\u00f1o de la caja exterior<\/td><td>Cantidad por caja<\/td><td>N.W<\/td><td>G.W\/Caso<\/td><\/tr><tr><td>MYJD008<\/td><td>Una capa<\/td><td>18.5*13*9<\/td><td>58.5*41*58.5<\/td><td>48<\/td><td>0.49<\/td><td>18.6<\/td><\/tr><tr><td>MYJD009<\/td><td>Capas dobles<\/td><td>18.5*13*13<\/td><td>56*39.5*44<\/td><td>24<\/td><td>0.71<\/td><td>13.56<\/td><\/tr><\/tbody><\/table><\/figure>\n\n\n\n<h3 class=\"wp-block-heading\">Opciones de fiambreras personalizadas<\/h3>\n\n\n\n<p><strong>Logotipo<\/strong>Personalice el logotipo de su marca en fiambreras y envases.<br><strong>Opciones de logotipo<\/strong>Logotipo impreso, logotipo grabado con l\u00e1ser, etc.<br><strong>Patr\u00f3n<\/strong>: patrones de impresi\u00f3n <br><strong>Tecnolog\u00eda de impresi\u00f3n<\/strong>Impresi\u00f3n por transferencia de agua, serigraf\u00eda, transferencia de calor, sublimaci\u00f3n, etc.<br><strong>Paquete<\/strong>:caja de color<br><a href=\"https:\/\/moyahousehold.com\/es\/solucion-personalizada\/\"><strong>M\u00e1s informaci\u00f3n sobre las fiambreras personalizadas<\/strong><\/a><br><br><\/p>\n\n\n\n<div class=\"wp-block-columns is-layout-flex wp-container-core-columns-is-layout-9d6595d7 wp-block-columns-is-layout-flex\">\n<div class=\"wp-block-column is-layout-flow wp-block-column-is-layout-flow\">\n<figure class=\"wp-block-image size-full\"><img fetchpriority=\"high\" decoding=\"async\" width=\"2000\" height=\"2000\" src=\"https:\/\/moyahousehold.com\/wp-content\/uploads\/2024\/05\/Double-Layer-Rectangle-Lunch-Box-Display-5.jpg\" alt=\"Expositor de fiambreras rectangular de doble capa (5)\" class=\"wp-image-8716\" srcset=\"https:\/\/moyahousehold.com\/wp-content\/uploads\/2024\/05\/Double-Layer-Rectangle-Lunch-Box-Display-5.jpg 2000w, https:\/\/moyahousehold.com\/wp-content\/uploads\/2024\/05\/Double-Layer-Rectangle-Lunch-Box-Display-5-300x300.jpg 300w, https:\/\/moyahousehold.com\/wp-content\/uploads\/2024\/05\/Double-Layer-Rectangle-Lunch-Box-Display-5-150x150.jpg 150w, https:\/\/moyahousehold.com\/wp-content\/uploads\/2024\/05\/Double-Layer-Rectangle-Lunch-Box-Display-5-768x768.jpg 768w, https:\/\/moyahousehold.com\/wp-content\/uploads\/2024\/05\/Double-Layer-Rectangle-Lunch-Box-Display-5-12x12.jpg 12w, https:\/\/moyahousehold.com\/wp-content\/uploads\/2024\/05\/Double-Layer-Rectangle-Lunch-Box-Display-5-285x285.jpg 285w, https:\/\/moyahousehold.com\/wp-content\/uploads\/2024\/05\/Double-Layer-Rectangle-Lunch-Box-Display-5-1600x1600.jpg 1600w, https:\/\/moyahousehold.com\/wp-content\/uploads\/2024\/05\/Double-Layer-Rectangle-Lunch-Box-Display-5-270x270.jpg 270w, https:\/\/moyahousehold.com\/wp-content\/uploads\/2024\/05\/Double-Layer-Rectangle-Lunch-Box-Display-5-540x540.jpg 540w, https:\/\/moyahousehold.com\/wp-content\/uploads\/2024\/05\/Double-Layer-Rectangle-Lunch-Box-Display-5-660x660.jpg 660w\" sizes=\"(max-width: 2000px) 100vw, 2000px\" \/><\/figure>\n<\/div>\n\n\n\n<div class=\"wp-block-column is-layout-flow wp-block-column-is-layout-flow\">\n<figure class=\"wp-block-image size-full\"><img decoding=\"async\" width=\"2000\" height=\"2000\" src=\"https:\/\/moyahousehold.com\/wp-content\/uploads\/2024\/05\/Double-Layer-Rectangle-Lunch-Box-Display-6.jpg\" alt=\"Expositor de fiambreras rectangular de doble capa (6)\" class=\"wp-image-8717\" srcset=\"https:\/\/moyahousehold.com\/wp-content\/uploads\/2024\/05\/Double-Layer-Rectangle-Lunch-Box-Display-6.jpg 2000w, https:\/\/moyahousehold.com\/wp-content\/uploads\/2024\/05\/Double-Layer-Rectangle-Lunch-Box-Display-6-300x300.jpg 300w, https:\/\/moyahousehold.com\/wp-content\/uploads\/2024\/05\/Double-Layer-Rectangle-Lunch-Box-Display-6-150x150.jpg 150w, https:\/\/moyahousehold.com\/wp-content\/uploads\/2024\/05\/Double-Layer-Rectangle-Lunch-Box-Display-6-768x768.jpg 768w, https:\/\/moyahousehold.com\/wp-content\/uploads\/2024\/05\/Double-Layer-Rectangle-Lunch-Box-Display-6-12x12.jpg 12w, https:\/\/moyahousehold.com\/wp-content\/uploads\/2024\/05\/Double-Layer-Rectangle-Lunch-Box-Display-6-285x285.jpg 285w, https:\/\/moyahousehold.com\/wp-content\/uploads\/2024\/05\/Double-Layer-Rectangle-Lunch-Box-Display-6-1600x1600.jpg 1600w, https:\/\/moyahousehold.com\/wp-content\/uploads\/2024\/05\/Double-Layer-Rectangle-Lunch-Box-Display-6-270x270.jpg 270w, https:\/\/moyahousehold.com\/wp-content\/uploads\/2024\/05\/Double-Layer-Rectangle-Lunch-Box-Display-6-540x540.jpg 540w, https:\/\/moyahousehold.com\/wp-content\/uploads\/2024\/05\/Double-Layer-Rectangle-Lunch-Box-Display-6-660x660.jpg 660w\" sizes=\"(max-width: 2000px) 100vw, 2000px\" \/><\/figure>\n<\/div>\n<\/div>\n\n\n\n<div class=\"wp-block-columns is-layout-flex wp-container-core-columns-is-layout-9d6595d7 wp-block-columns-is-layout-flex\">\n<div class=\"wp-block-column is-layout-flow wp-block-column-is-layout-flow\">\n<figure class=\"wp-block-image size-full\"><img decoding=\"async\" width=\"2000\" height=\"2000\" src=\"https:\/\/moyahousehold.com\/wp-content\/uploads\/2024\/05\/Double-Layer-Rectangle-Lunch-Box-Display-3.jpg\" alt=\"Expositor de fiambreras rectangular de doble capa (3)\" class=\"wp-image-8714\" srcset=\"https:\/\/moyahousehold.com\/wp-content\/uploads\/2024\/05\/Double-Layer-Rectangle-Lunch-Box-Display-3.jpg 2000w, https:\/\/moyahousehold.com\/wp-content\/uploads\/2024\/05\/Double-Layer-Rectangle-Lunch-Box-Display-3-300x300.jpg 300w, https:\/\/moyahousehold.com\/wp-content\/uploads\/2024\/05\/Double-Layer-Rectangle-Lunch-Box-Display-3-150x150.jpg 150w, https:\/\/moyahousehold.com\/wp-content\/uploads\/2024\/05\/Double-Layer-Rectangle-Lunch-Box-Display-3-768x768.jpg 768w, https:\/\/moyahousehold.com\/wp-content\/uploads\/2024\/05\/Double-Layer-Rectangle-Lunch-Box-Display-3-12x12.jpg 12w, https:\/\/moyahousehold.com\/wp-content\/uploads\/2024\/05\/Double-Layer-Rectangle-Lunch-Box-Display-3-285x285.jpg 285w, https:\/\/moyahousehold.com\/wp-content\/uploads\/2024\/05\/Double-Layer-Rectangle-Lunch-Box-Display-3-1600x1600.jpg 1600w, https:\/\/moyahousehold.com\/wp-content\/uploads\/2024\/05\/Double-Layer-Rectangle-Lunch-Box-Display-3-270x270.jpg 270w, https:\/\/moyahousehold.com\/wp-content\/uploads\/2024\/05\/Double-Layer-Rectangle-Lunch-Box-Display-3-540x540.jpg 540w, https:\/\/moyahousehold.com\/wp-content\/uploads\/2024\/05\/Double-Layer-Rectangle-Lunch-Box-Display-3-660x660.jpg 660w\" sizes=\"(max-width: 2000px) 100vw, 2000px\" \/><\/figure>\n<\/div>\n\n\n\n<div class=\"wp-block-column is-layout-flow wp-block-column-is-layout-flow\">\n<figure class=\"wp-block-image size-full\"><img loading=\"lazy\" decoding=\"async\" width=\"2000\" height=\"2000\" src=\"https:\/\/moyahousehold.com\/wp-content\/uploads\/2024\/05\/Double-Layer-Rectangle-Lunch-Box-Display-4.jpg\" alt=\"Expositor de fiambreras rectangular de doble capa (4)\" class=\"wp-image-8715\" srcset=\"https:\/\/moyahousehold.com\/wp-content\/uploads\/2024\/05\/Double-Layer-Rectangle-Lunch-Box-Display-4.jpg 2000w, https:\/\/moyahousehold.com\/wp-content\/uploads\/2024\/05\/Double-Layer-Rectangle-Lunch-Box-Display-4-300x300.jpg 300w, https:\/\/moyahousehold.com\/wp-content\/uploads\/2024\/05\/Double-Layer-Rectangle-Lunch-Box-Display-4-150x150.jpg 150w, https:\/\/moyahousehold.com\/wp-content\/uploads\/2024\/05\/Double-Layer-Rectangle-Lunch-Box-Display-4-768x768.jpg 768w, https:\/\/moyahousehold.com\/wp-content\/uploads\/2024\/05\/Double-Layer-Rectangle-Lunch-Box-Display-4-12x12.jpg 12w, https:\/\/moyahousehold.com\/wp-content\/uploads\/2024\/05\/Double-Layer-Rectangle-Lunch-Box-Display-4-285x285.jpg 285w, https:\/\/moyahousehold.com\/wp-content\/uploads\/2024\/05\/Double-Layer-Rectangle-Lunch-Box-Display-4-1600x1600.jpg 1600w, https:\/\/moyahousehold.com\/wp-content\/uploads\/2024\/05\/Double-Layer-Rectangle-Lunch-Box-Display-4-270x270.jpg 270w, https:\/\/moyahousehold.com\/wp-content\/uploads\/2024\/05\/Double-Layer-Rectangle-Lunch-Box-Display-4-540x540.jpg 540w, https:\/\/moyahousehold.com\/wp-content\/uploads\/2024\/05\/Double-Layer-Rectangle-Lunch-Box-Display-4-660x660.jpg 660w\" sizes=\"(max-width: 2000px) 100vw, 2000px\" \/><\/figure>\n<\/div>\n<\/div>","protected":false},"excerpt":{"rendered":"<p>Fiambrera rectangular de doble capa al por mayor. Esta fiambrera tiene un aspecto excelente y un buen efecto de conservaci\u00f3n del calor. Como caja de almuerzo linda est\u00e9tica, puede traer una mejor experiencia visual a los usuarios. El dise\u00f1o de doble capa le permite llevar m\u00e1s comida f\u00e1cilmente. Es muy adecuado para su uso en diversos lugares como la escuela, la oficina, actividades al aire libre, etc. P\u00f3ngase en contacto con nosotros para solicitar un presupuesto.<\/p>\n<h3>Caracter\u00edsticas y ventajas de la fiambrera\u00a0<\/h3>\n<p><strong>Doble capa:<\/strong> Esta fiambrera rectangular adopta un dise\u00f1o de doble capa. La estructura de doble capa aumenta la capacidad de almacenamiento y es conveniente para clasificar y almacenar diferentes alimentos.<\/p>\n<p><strong>Est\u00e9tico y bonito:<\/strong> Tiene un aspecto bonito y es una fiambrera est\u00e9tica que pone de buen humor a los usuarios en todo momento.<\/p>\n<p><strong>Revestimiento de acero inoxidable 304 para uso alimentario:<\/strong> El revestimiento es de acero inoxidable 304 apto para uso alimentario, que tiene buena resistencia antioxidante y a la corrosi\u00f3n y es adecuado para almacenar una gran variedad de alimentos.<\/p>\n<p><strong>Buen sellado:<\/strong> La fiambrera est\u00e1 equipada con un anillo de sellado de silicona alimentaria, que puede evitar eficazmente las fugas de l\u00edquidos. El dise\u00f1o de hebilla de cuatro lados garantiza que la fiambrera quede bien cerrada, lo que mejora a\u00fan m\u00e1s el sellado.<\/p>\n<p><strong>Asa oculta:<\/strong> La fiambrera adopta un dise\u00f1o de asa oculta, que est\u00e1 inteligentemente integrada en la estructura de la fiambrera. Puede guardarse f\u00e1cilmente cuando no se utiliza, manteniendo un aspecto sencillo y bonito.<\/p>\n<p><strong>Servicio de fiambreras al por mayor:<\/strong> Como proveedor y fabricante profesional de fiambreras, ofrecemos servicios de venta al por mayor de fiambreras, adecuados para que las empresas realicen compras al por mayor.<\/p>","protected":false},"featured_media":8811,"comment_status":"open","ping_status":"closed","template":"","meta":[],"product_cat":[58],"product_tag":[90,86,92],"class_list":{"0":"post-5080","1":"product","2":"type-product","3":"status-publish","4":"has-post-thumbnail","6":"product_cat-lunch-box-wholesale","7":"product_tag-wholesale-double-layer-lunch-box","8":"product_tag-wholesale-insulated-lunch-box","9":"product_tag-wholesale-rectangle-lunch-box","11":"first","12":"instock","13":"shipping-taxable","14":"product-type-simple"},"_links":{"self":[{"href":"https:\/\/moyahousehold.com\/es\/wp-json\/wp\/v2\/product\/5080","targetHints":{"allow":["GET"]}}],"collection":[{"href":"https:\/\/moyahousehold.com\/es\/wp-json\/wp\/v2\/product"}],"about":[{"href":"https:\/\/moyahousehold.com\/es\/wp-json\/wp\/v2\/types\/product"}],"replies":[{"embeddable":true,"href":"https:\/\/moyahousehold.com\/es\/wp-json\/wp\/v2\/comments?post=5080"}],"version-history":[{"count":0,"href":"https:\/\/moyahousehold.com\/es\/wp-json\/wp\/v2\/product\/5080\/revisions"}],"wp:featuredmedia":[{"embeddable":true,"href":"https:\/\/moyahousehold.com\/es\/wp-json\/wp\/v2\/media\/8811"}],"wp:attachment":[{"href":"https:\/\/moyahousehold.com\/es\/wp-json\/wp\/v2\/media?parent=5080"}],"wp:term":[{"taxonomy":"product_cat","embeddable":true,"href":"https:\/\/moyahousehold.com\/es\/wp-json\/wp\/v2\/product_cat?post=5080"},{"taxonomy":"product_tag","embeddable":true,"href":"https:\/\/moyahousehold.com\/es\/wp-json\/wp\/v2\/product_tag?post=5080"}],"curies":[{"name":"wp","href":"https:\/\/api.w.org\/{rel}","templated":true}]}}