{"id":5098,"date":"2024-05-22T08:38:26","date_gmt":"2024-05-22T08:38:26","guid":{"rendered":"https:\/\/moyahousehold.com\/?post_type=product&#038;p=5098"},"modified":"2025-02-05T08:43:04","modified_gmt":"2025-02-05T08:43:04","slug":"stainless-steel-lunch-box-with-removable-compartments","status":"publish","type":"product","link":"https:\/\/moyahousehold.com\/es\/producto\/stainless-steel-lunch-box-with-removable-compartments\/","title":{"rendered":"Mayorista Fiambrera de acero inoxidable con compartimentos extra\u00edbles"},"content":{"rendered":"<h3 class=\"wp-block-heading\">Par\u00e1metros de la fiambrera de acero inoxidable<\/h3>\n\n\n\n<p><strong>material:<\/strong>304 + PP <strong> color:<\/strong>azul\/beige\/rosa<\/p>\n\n\n\n<figure class=\"wp-block-table\"><table><tbody><tr><td>N\u00famero de modelo<\/td><td>capacidad<\/td><td>Tama\u00f1o del producto<\/td><td>Tama\u00f1o de la caja exterior<\/td><td>Cantidad por caja<\/td><td>N.W<\/td><td>G.W\/Caso<\/td><\/tr><tr><td>MYJD007<\/td><td>Dos\/tres compartimentos<\/td><td>24*17*6<\/td><td>52*50*53<\/td><td>36<\/td><td>0.42&nbsp;<\/td><td>22.32<\/td><\/tr><\/tbody><\/table><\/figure>\n\n\n\n<h3 class=\"wp-block-heading\">Opciones de fiambreras de acero inoxidable personalizadas<\/h3>\n\n\n\n<p><strong>Logotipo<\/strong>Personalice el logotipo de su marca en la fiambrera y el embalaje de acero inoxidable.<br><strong>Tapa<\/strong>: Elija tapas de cristal o tapas de pp para su fiambrera de acero inoxidable.<br><strong>Opciones de logotipo<\/strong>: Ofrecemos m\u00e9todos de grabado por l\u00e1ser o transferencia t\u00e9rmica para personalizar su logotipo en la fiambrera.<br><strong>Patr\u00f3n<\/strong>Impresi\u00f3n de motivos en fiambreras.<br><strong>Tecnolog\u00eda de impresi\u00f3n<\/strong>: Ofrecemos la transferencia de pantalla, transferencia de calor, impresi\u00f3n por transferencia de agua para personalizar los patrones de cajas de almuerzo<br><strong>Paquete<\/strong>:Usted puede enviarnos el archivo y vamos a personalizar la caja de color contenedor de alimentos para ustedExplorar m\u00e1s personalizaci\u00f3n<br><a href=\"https:\/\/moyahousehold.com\/es\/solucion-personalizada\/\"><strong>M\u00e1s informaci\u00f3n sobre las fiambreras personalizadas<\/strong><\/a><br><\/p>\n\n\n\n<div class=\"wp-block-columns is-layout-flex wp-container-core-columns-is-layout-9d6595d7 wp-block-columns-is-layout-flex\">\n<div class=\"wp-block-column is-layout-flow wp-block-column-is-layout-flow\">\n<figure class=\"wp-block-image size-full\"><img fetchpriority=\"high\" decoding=\"async\" width=\"2000\" height=\"2000\" src=\"https:\/\/moyahousehold.com\/wp-content\/uploads\/2024\/05\/stainless-steel-lunch-box-detail-1.jpg\" alt=\"detalle de fiambrera de acero inoxidable (1)\" class=\"wp-image-8676\" srcset=\"https:\/\/moyahousehold.com\/wp-content\/uploads\/2024\/05\/stainless-steel-lunch-box-detail-1.jpg 2000w, https:\/\/moyahousehold.com\/wp-content\/uploads\/2024\/05\/stainless-steel-lunch-box-detail-1-300x300.jpg 300w, https:\/\/moyahousehold.com\/wp-content\/uploads\/2024\/05\/stainless-steel-lunch-box-detail-1-150x150.jpg 150w, https:\/\/moyahousehold.com\/wp-content\/uploads\/2024\/05\/stainless-steel-lunch-box-detail-1-768x768.jpg 768w, https:\/\/moyahousehold.com\/wp-content\/uploads\/2024\/05\/stainless-steel-lunch-box-detail-1-12x12.jpg 12w, https:\/\/moyahousehold.com\/wp-content\/uploads\/2024\/05\/stainless-steel-lunch-box-detail-1-285x285.jpg 285w, https:\/\/moyahousehold.com\/wp-content\/uploads\/2024\/05\/stainless-steel-lunch-box-detail-1-1600x1600.jpg 1600w, https:\/\/moyahousehold.com\/wp-content\/uploads\/2024\/05\/stainless-steel-lunch-box-detail-1-270x270.jpg 270w, https:\/\/moyahousehold.com\/wp-content\/uploads\/2024\/05\/stainless-steel-lunch-box-detail-1-540x540.jpg 540w, https:\/\/moyahousehold.com\/wp-content\/uploads\/2024\/05\/stainless-steel-lunch-box-detail-1-660x660.jpg 660w\" sizes=\"(max-width: 2000px) 100vw, 2000px\" \/><\/figure>\n<\/div>\n\n\n\n<div class=\"wp-block-column is-layout-flow wp-block-column-is-layout-flow\">\n<figure class=\"wp-block-image size-full\"><img decoding=\"async\" width=\"2000\" height=\"2000\" src=\"https:\/\/moyahousehold.com\/wp-content\/uploads\/2024\/05\/stainless-steel-lunch-box-detail-2.jpg\" alt=\"detalle de fiambrera de acero inoxidable (2)\" class=\"wp-image-8677\" srcset=\"https:\/\/moyahousehold.com\/wp-content\/uploads\/2024\/05\/stainless-steel-lunch-box-detail-2.jpg 2000w, https:\/\/moyahousehold.com\/wp-content\/uploads\/2024\/05\/stainless-steel-lunch-box-detail-2-300x300.jpg 300w, https:\/\/moyahousehold.com\/wp-content\/uploads\/2024\/05\/stainless-steel-lunch-box-detail-2-150x150.jpg 150w, https:\/\/moyahousehold.com\/wp-content\/uploads\/2024\/05\/stainless-steel-lunch-box-detail-2-768x768.jpg 768w, https:\/\/moyahousehold.com\/wp-content\/uploads\/2024\/05\/stainless-steel-lunch-box-detail-2-12x12.jpg 12w, https:\/\/moyahousehold.com\/wp-content\/uploads\/2024\/05\/stainless-steel-lunch-box-detail-2-285x285.jpg 285w, https:\/\/moyahousehold.com\/wp-content\/uploads\/2024\/05\/stainless-steel-lunch-box-detail-2-1600x1600.jpg 1600w, https:\/\/moyahousehold.com\/wp-content\/uploads\/2024\/05\/stainless-steel-lunch-box-detail-2-270x270.jpg 270w, https:\/\/moyahousehold.com\/wp-content\/uploads\/2024\/05\/stainless-steel-lunch-box-detail-2-540x540.jpg 540w, https:\/\/moyahousehold.com\/wp-content\/uploads\/2024\/05\/stainless-steel-lunch-box-detail-2-660x660.jpg 660w\" sizes=\"(max-width: 2000px) 100vw, 2000px\" \/><\/figure>\n<\/div>\n<\/div>","protected":false},"excerpt":{"rendered":"<p>Fiambrera de acero inoxidable al por mayor con compartimentos extra\u00edbles, los compartimentos extra\u00edbles se pueden poner en el lavavajillas para su limpieza, ahorrando su tiempo. Ofrecemos tres colores para elegir, muy adecuado para la venta al por menor, la bienvenida a los mayoristas y distribuidores en contacto con nosotros para la compra.<\/p>\n<h3>Caracter\u00edsticas y ventajas de la fiambrera isot\u00e9rmica de acero inoxidable\u00a0<\/h3>\n<p><strong>Dise\u00f1o de la partici\u00f3n:<\/strong> La fiambrera tiene dos compartimentos en el interior, que pueden utilizarse para envasar distintos tipos de alimentos y mantener el sabor original de la comida.<\/p>\n<p><strong>Compartimentos extra\u00edbles:<\/strong> Esta fiambrera tiene compartimentos extra\u00edbles y se puede limpiar en el lavavajillas, lo que resulta m\u00e1s c\u00f3modo y ahorra tiempo.<\/p>\n<p><strong>Port\u00e1til:<\/strong> Esta fiambrera tiene un cierre firme y un asa pr\u00e1ctica, que resulta f\u00e1cil de transportar y es adecuada para oficinistas, estudiantes y otras personas que comen fuera de casa.<\/p>\n<p><strong>Respetuoso con el medio ambiente y saludable:<\/strong> Esta fiambrera est\u00e1 fabricada en acero inoxidable de calidad alimentaria, que es seguro, fiable, reutilizable y respetuoso con el medio ambiente.<\/p>\n<p><strong>Personalizaci\u00f3n OEM&amp;ODM:<\/strong> Como fabricante profesional de fiambreras, ofrecemos un servicio integral de fiambreras personalizadas, que incluye formas, materiales, embalajes y mucho m\u00e1s.<\/p>","protected":false},"featured_media":8678,"comment_status":"closed","ping_status":"closed","template":"","meta":[],"product_cat":[58],"product_tag":[87,92],"class_list":{"0":"post-5098","1":"product","2":"type-product","3":"status-publish","4":"has-post-thumbnail","6":"product_cat-lunch-box-wholesale","7":"product_tag-wholesale-multi-compartment-lunch-box","8":"product_tag-wholesale-rectangle-lunch-box","10":"first","11":"instock","12":"shipping-taxable","13":"product-type-simple"},"_links":{"self":[{"href":"https:\/\/moyahousehold.com\/es\/wp-json\/wp\/v2\/product\/5098","targetHints":{"allow":["GET"]}}],"collection":[{"href":"https:\/\/moyahousehold.com\/es\/wp-json\/wp\/v2\/product"}],"about":[{"href":"https:\/\/moyahousehold.com\/es\/wp-json\/wp\/v2\/types\/product"}],"replies":[{"embeddable":true,"href":"https:\/\/moyahousehold.com\/es\/wp-json\/wp\/v2\/comments?post=5098"}],"version-history":[{"count":0,"href":"https:\/\/moyahousehold.com\/es\/wp-json\/wp\/v2\/product\/5098\/revisions"}],"wp:featuredmedia":[{"embeddable":true,"href":"https:\/\/moyahousehold.com\/es\/wp-json\/wp\/v2\/media\/8678"}],"wp:attachment":[{"href":"https:\/\/moyahousehold.com\/es\/wp-json\/wp\/v2\/media?parent=5098"}],"wp:term":[{"taxonomy":"product_cat","embeddable":true,"href":"https:\/\/moyahousehold.com\/es\/wp-json\/wp\/v2\/product_cat?post=5098"},{"taxonomy":"product_tag","embeddable":true,"href":"https:\/\/moyahousehold.com\/es\/wp-json\/wp\/v2\/product_tag?post=5098"}],"curies":[{"name":"wp","href":"https:\/\/api.w.org\/{rel}","templated":true}]}}