{"id":5111,"date":"2024-05-22T08:55:33","date_gmt":"2024-05-22T08:55:33","guid":{"rendered":"https:\/\/moyahousehold.com\/?post_type=product&#038;p=5111"},"modified":"2025-02-05T08:42:47","modified_gmt":"2025-02-05T08:42:47","slug":"wholesale-stylish-lunch-boxes-for-women","status":"publish","type":"product","link":"https:\/\/moyahousehold.com\/es\/producto\/wholesale-stylish-lunch-boxes-for-women\/","title":{"rendered":"Mayorista Elegantes Fiambreras Para Mujer: Dise\u00f1o Creativo, Inspirado En Bolso"},"content":{"rendered":"<h2 class=\"wp-block-heading\">Par\u00e1metros de la fiambrera con estilo<\/h2>\n\n\n\n<p><strong>material:<\/strong>304 + PP <strong> color:<\/strong>Beige\/caqui<\/p>\n\n\n\n<figure class=\"wp-block-table\"><table><tbody><tr><td>N\u00famero de modelo<\/td><td>capacidad<\/td><td>Tama\u00f1o del producto<\/td><td>Tama\u00f1o de la caja exterior<\/td><td>Cantidad por caja<\/td><td>N.W<\/td><td>G.W\/Caso<\/td><\/tr><tr><td>MYJD086<\/td><td>Una capa<\/td><td>23*14.5*8.5<\/td><td>64*55*51<\/td><td>48<\/td><td>0.55<\/td><td>30.4<\/td><\/tr><tr><td>MYJD087<\/td><td>Capas dobles<\/td><td>23*14.5*14.5<\/td><td>63*50*47<\/td><td>24<\/td><td>0.94<\/td><td>25.56<\/td><\/tr><\/tbody><\/table><\/figure>\n\n\n\n<h3 class=\"wp-block-heading\">Opciones de fiambreras personalizadas<\/h3>\n\n\n\n<p><strong>Logotipo:<\/strong> personalice el logotipo de su marca en el producto y el envase.<br><strong>Opciones de logotipo: <\/strong>logotipo impreso, logotipo grabado con l\u00e1ser, etc.<br><strong>Patr\u00f3n:<\/strong> Patrones de impresi\u00f3n <br><strong>Tecnolog\u00eda de impresi\u00f3n: <\/strong>impresi\u00f3n por transferencia de agua, serigraf\u00eda, impresi\u00f3n por transferencia de calor, transferencia por sublimaci\u00f3n, etc.<br><strong>Embalaje:<\/strong>caja de color<br><a href=\"https:\/\/moyahousehold.com\/es\/solucion-personalizada\/\"><strong>M\u00e1s informaci\u00f3n sobre la soluci\u00f3n de fiambreras personalizadas<\/strong>.<\/a><br><br><\/p>\n\n\n\n<div class=\"wp-block-columns is-layout-flex wp-container-core-columns-is-layout-9d6595d7 wp-block-columns-is-layout-flex\">\n<div class=\"wp-block-column is-layout-flow wp-block-column-is-layout-flow\">\n<figure class=\"wp-block-image size-full\"><img fetchpriority=\"high\" decoding=\"async\" width=\"1500\" height=\"1500\" src=\"https:\/\/moyahousehold.com\/wp-content\/uploads\/2024\/05\/white-single-layer-stylish-lunch-box.jpg\" alt=\"fiambrera blanca de una sola capa\" class=\"wp-image-8789\" srcset=\"https:\/\/moyahousehold.com\/wp-content\/uploads\/2024\/05\/white-single-layer-stylish-lunch-box.jpg 1500w, https:\/\/moyahousehold.com\/wp-content\/uploads\/2024\/05\/white-single-layer-stylish-lunch-box-300x300.jpg 300w, https:\/\/moyahousehold.com\/wp-content\/uploads\/2024\/05\/white-single-layer-stylish-lunch-box-150x150.jpg 150w, https:\/\/moyahousehold.com\/wp-content\/uploads\/2024\/05\/white-single-layer-stylish-lunch-box-768x768.jpg 768w, https:\/\/moyahousehold.com\/wp-content\/uploads\/2024\/05\/white-single-layer-stylish-lunch-box-12x12.jpg 12w, https:\/\/moyahousehold.com\/wp-content\/uploads\/2024\/05\/white-single-layer-stylish-lunch-box-285x285.jpg 285w, https:\/\/moyahousehold.com\/wp-content\/uploads\/2024\/05\/white-single-layer-stylish-lunch-box-270x270.jpg 270w, https:\/\/moyahousehold.com\/wp-content\/uploads\/2024\/05\/white-single-layer-stylish-lunch-box-540x540.jpg 540w, https:\/\/moyahousehold.com\/wp-content\/uploads\/2024\/05\/white-single-layer-stylish-lunch-box-660x660.jpg 660w\" sizes=\"(max-width: 1500px) 100vw, 1500px\" \/><\/figure>\n<\/div>\n\n\n\n<div class=\"wp-block-column is-layout-flow wp-block-column-is-layout-flow\">\n<figure class=\"wp-block-image size-full\"><img decoding=\"async\" width=\"1500\" height=\"1500\" src=\"https:\/\/moyahousehold.com\/wp-content\/uploads\/2024\/05\/stylish-lunch-box-display-3.jpg\" alt=\"elegante expositor de fiambreras (3)\" class=\"wp-image-8788\" srcset=\"https:\/\/moyahousehold.com\/wp-content\/uploads\/2024\/05\/stylish-lunch-box-display-3.jpg 1500w, https:\/\/moyahousehold.com\/wp-content\/uploads\/2024\/05\/stylish-lunch-box-display-3-300x300.jpg 300w, https:\/\/moyahousehold.com\/wp-content\/uploads\/2024\/05\/stylish-lunch-box-display-3-150x150.jpg 150w, https:\/\/moyahousehold.com\/wp-content\/uploads\/2024\/05\/stylish-lunch-box-display-3-768x768.jpg 768w, https:\/\/moyahousehold.com\/wp-content\/uploads\/2024\/05\/stylish-lunch-box-display-3-12x12.jpg 12w, https:\/\/moyahousehold.com\/wp-content\/uploads\/2024\/05\/stylish-lunch-box-display-3-285x285.jpg 285w, https:\/\/moyahousehold.com\/wp-content\/uploads\/2024\/05\/stylish-lunch-box-display-3-270x270.jpg 270w, https:\/\/moyahousehold.com\/wp-content\/uploads\/2024\/05\/stylish-lunch-box-display-3-540x540.jpg 540w, https:\/\/moyahousehold.com\/wp-content\/uploads\/2024\/05\/stylish-lunch-box-display-3-660x660.jpg 660w\" sizes=\"(max-width: 1500px) 100vw, 1500px\" \/><\/figure>\n<\/div>\n<\/div>\n\n\n\n<div class=\"wp-block-columns is-layout-flex wp-container-core-columns-is-layout-9d6595d7 wp-block-columns-is-layout-flex\">\n<div class=\"wp-block-column is-layout-flow wp-block-column-is-layout-flow\">\n<figure class=\"wp-block-image size-full\"><img decoding=\"async\" width=\"1500\" height=\"1500\" src=\"https:\/\/moyahousehold.com\/wp-content\/uploads\/2024\/05\/brown-single-layer-stylish-lunch-box.jpg\" alt=\"fiambrera elegante marr\u00f3n de una sola capa\" class=\"wp-image-8781\" srcset=\"https:\/\/moyahousehold.com\/wp-content\/uploads\/2024\/05\/brown-single-layer-stylish-lunch-box.jpg 1500w, https:\/\/moyahousehold.com\/wp-content\/uploads\/2024\/05\/brown-single-layer-stylish-lunch-box-300x300.jpg 300w, https:\/\/moyahousehold.com\/wp-content\/uploads\/2024\/05\/brown-single-layer-stylish-lunch-box-150x150.jpg 150w, https:\/\/moyahousehold.com\/wp-content\/uploads\/2024\/05\/brown-single-layer-stylish-lunch-box-768x768.jpg 768w, https:\/\/moyahousehold.com\/wp-content\/uploads\/2024\/05\/brown-single-layer-stylish-lunch-box-12x12.jpg 12w, https:\/\/moyahousehold.com\/wp-content\/uploads\/2024\/05\/brown-single-layer-stylish-lunch-box-285x285.jpg 285w, https:\/\/moyahousehold.com\/wp-content\/uploads\/2024\/05\/brown-single-layer-stylish-lunch-box-270x270.jpg 270w, https:\/\/moyahousehold.com\/wp-content\/uploads\/2024\/05\/brown-single-layer-stylish-lunch-box-540x540.jpg 540w, https:\/\/moyahousehold.com\/wp-content\/uploads\/2024\/05\/brown-single-layer-stylish-lunch-box-660x660.jpg 660w\" sizes=\"(max-width: 1500px) 100vw, 1500px\" \/><\/figure>\n<\/div>\n\n\n\n<div class=\"wp-block-column is-layout-flow wp-block-column-is-layout-flow\">\n<figure class=\"wp-block-image size-full\"><img loading=\"lazy\" decoding=\"async\" width=\"1500\" height=\"1500\" src=\"https:\/\/moyahousehold.com\/wp-content\/uploads\/2024\/05\/brown-double-layer-stylish-lunch-box.jpg\" alt=\"elegante fiambrera marr\u00f3n de doble capa\" class=\"wp-image-8780\" srcset=\"https:\/\/moyahousehold.com\/wp-content\/uploads\/2024\/05\/brown-double-layer-stylish-lunch-box.jpg 1500w, https:\/\/moyahousehold.com\/wp-content\/uploads\/2024\/05\/brown-double-layer-stylish-lunch-box-300x300.jpg 300w, https:\/\/moyahousehold.com\/wp-content\/uploads\/2024\/05\/brown-double-layer-stylish-lunch-box-150x150.jpg 150w, https:\/\/moyahousehold.com\/wp-content\/uploads\/2024\/05\/brown-double-layer-stylish-lunch-box-768x768.jpg 768w, https:\/\/moyahousehold.com\/wp-content\/uploads\/2024\/05\/brown-double-layer-stylish-lunch-box-12x12.jpg 12w, https:\/\/moyahousehold.com\/wp-content\/uploads\/2024\/05\/brown-double-layer-stylish-lunch-box-285x285.jpg 285w, https:\/\/moyahousehold.com\/wp-content\/uploads\/2024\/05\/brown-double-layer-stylish-lunch-box-270x270.jpg 270w, https:\/\/moyahousehold.com\/wp-content\/uploads\/2024\/05\/brown-double-layer-stylish-lunch-box-540x540.jpg 540w, https:\/\/moyahousehold.com\/wp-content\/uploads\/2024\/05\/brown-double-layer-stylish-lunch-box-660x660.jpg 660w\" sizes=\"(max-width: 1500px) 100vw, 1500px\" \/><\/figure>\n<\/div>\n<\/div>","protected":false},"excerpt":{"rendered":"<p>Fiambrera de moda al por mayor, esta fiambrera parece un bolso de se\u00f1ora, muy adecuada para que la lleven las se\u00f1oras. No s\u00f3lo tiene un aspecto de moda, sino que tambi\u00e9n ofrece dise\u00f1os de una y dos capas para satisfacer diferentes necesidades de comida. El estilo de una capa es sencillo y ligero, adecuado para almuerzos o aperitivos sencillos; el dise\u00f1o de doble capa proporciona m\u00e1s espacio de almacenamiento. invitamos a los compradores B2B a ponerse en contacto con nosotros.<\/p>\n<h3>Caracter\u00edsticas y ventajas de la fiambrera con estilo<\/h3>\n<p><strong>Aspecto elegante:<\/strong> Se trata de una elegante fiambrera de estilo minimalista. El dise\u00f1o est\u00e1 inspirado en los bolsos de las mujeres. Es sencilla pero elegante, muestra un gusto \u00fanico, aporta buen humor a los usuarios y es muy adecuada para que la lleven las mujeres.<\/p>\n<p><strong>Dos estilos:<\/strong> Esta elegante fiambrera tiene dos estilos: de una capa y de dos capas. El estilo de doble capa proporciona una mayor capacidad para satisfacer las necesidades de diferentes escenarios.<\/p>\n<p><strong>Material saludable:<\/strong> El forro interior de la fiambrera es de acero inoxidable 304 apto para uso alimentario, que tiene una excelente durabilidad y propiedades antibacterianas y es una opci\u00f3n ideal para comer sano.<\/p>\n<p><strong>Asa oculta:<\/strong> Esta fiambrera est\u00e1 equipada con un dise\u00f1o de asa oculta, que no afecta a la forma general, y el asa puede extraerse f\u00e1cilmente cuando se utiliza.<\/p>\n<p><strong>Venta al por mayor y personalizaci\u00f3n:<\/strong> Ofrecemos servicios de fiambreras al por mayor y asistencia para satisfacer sus distintas necesidades mediante soluciones de fiambreras personalizadas.<\/p>","protected":false},"featured_media":8784,"comment_status":"closed","ping_status":"closed","template":"","meta":[],"product_cat":[58],"product_tag":[90,86,92],"class_list":{"0":"post-5111","1":"product","2":"type-product","3":"status-publish","4":"has-post-thumbnail","6":"product_cat-lunch-box-wholesale","7":"product_tag-wholesale-double-layer-lunch-box","8":"product_tag-wholesale-insulated-lunch-box","9":"product_tag-wholesale-rectangle-lunch-box","11":"first","12":"instock","13":"shipping-taxable","14":"product-type-simple"},"_links":{"self":[{"href":"https:\/\/moyahousehold.com\/es\/wp-json\/wp\/v2\/product\/5111","targetHints":{"allow":["GET"]}}],"collection":[{"href":"https:\/\/moyahousehold.com\/es\/wp-json\/wp\/v2\/product"}],"about":[{"href":"https:\/\/moyahousehold.com\/es\/wp-json\/wp\/v2\/types\/product"}],"replies":[{"embeddable":true,"href":"https:\/\/moyahousehold.com\/es\/wp-json\/wp\/v2\/comments?post=5111"}],"version-history":[{"count":0,"href":"https:\/\/moyahousehold.com\/es\/wp-json\/wp\/v2\/product\/5111\/revisions"}],"wp:featuredmedia":[{"embeddable":true,"href":"https:\/\/moyahousehold.com\/es\/wp-json\/wp\/v2\/media\/8784"}],"wp:attachment":[{"href":"https:\/\/moyahousehold.com\/es\/wp-json\/wp\/v2\/media?parent=5111"}],"wp:term":[{"taxonomy":"product_cat","embeddable":true,"href":"https:\/\/moyahousehold.com\/es\/wp-json\/wp\/v2\/product_cat?post=5111"},{"taxonomy":"product_tag","embeddable":true,"href":"https:\/\/moyahousehold.com\/es\/wp-json\/wp\/v2\/product_tag?post=5111"}],"curies":[{"name":"wp","href":"https:\/\/api.w.org\/{rel}","templated":true}]}}