{"id":5126,"date":"2024-05-22T09:21:59","date_gmt":"2024-05-22T09:21:59","guid":{"rendered":"https:\/\/moyahousehold.com\/?post_type=product&#038;p=5126"},"modified":"2025-02-05T08:42:27","modified_gmt":"2025-02-05T08:42:27","slug":"wholesale-fashionable-lunch-boxes-for-adults","status":"publish","type":"product","link":"https:\/\/moyahousehold.com\/es\/producto\/wholesale-fashionable-lunch-boxes-for-adults\/","title":{"rendered":"Mayorista Fiambreras de moda para adultos"},"content":{"rendered":"<h2 class=\"wp-block-heading\">Par\u00e1metros de la fiambrera Fashion<\/h2>\n\n\n\n<p><strong>material:<\/strong>304 + PP <strong> color:<\/strong>Blanco\/Amarillo\/Beige\/Caqui<\/p>\n\n\n\n<figure class=\"wp-block-table\"><table><tbody><tr><td>N\u00famero de modelo<\/td><td>capacidad<\/td><td>Tama\u00f1o del producto<\/td><td>Tama\u00f1o de la caja exterior<\/td><td>Cantidad por caja<\/td><td>N.W<\/td><td>G.W\/Caso<\/td><\/tr><tr><td>MYJD088<\/td><td>Una capa<\/td><td>22*11.5*8.5<\/td><td>58.5*41*58.5<\/td><td>48<\/td><td>0.39<\/td><td>23.3<\/td><\/tr><tr><td>MYJD089<\/td><td>Capas dobles<\/td><td>22*11.5*15<\/td><td>56*39.5*44<\/td><td>24<\/td><td>0.57<\/td><td>16.92<\/td><\/tr><tr><td>MYJD090<\/td><td>Capas dobles con bol<\/td><td>22*11.5*15<\/td><td>56*39.5*44<\/td><td>24<\/td><td>0.69<\/td><td>19.92<\/td><\/tr><\/tbody><\/table><\/figure>\n\n\n\n<h3 class=\"wp-block-heading\">Opciones de fiambreras personalizadas<\/h3>\n\n\n\n<p><strong>Logotipo<\/strong>Personalice el logotipo de su marca en fiambreras y envases.<br><strong>Opciones de logotipo<\/strong>Logotipo impreso, logotipo grabado con l\u00e1ser, etc.<br><strong>Patr\u00f3n<\/strong>: patrones de impresi\u00f3n <br><strong>Tecnolog\u00eda de impresi\u00f3n<\/strong>Impresi\u00f3n por transferencia de agua, serigraf\u00eda, transferencia de calor, sublimaci\u00f3n, etc.<br><strong>Embalaje:<\/strong> caja de color<br><a href=\"https:\/\/moyahousehold.com\/es\/solucion-personalizada\/\"><strong>M\u00e1s informaci\u00f3n sobre la soluci\u00f3n de fiambreras personalizadas<\/strong><\/a><\/p>\n\n\n\n<div class=\"wp-block-columns is-layout-flex wp-container-core-columns-is-layout-9d6595d7 wp-block-columns-is-layout-flex\">\n<div class=\"wp-block-column is-layout-flow wp-block-column-is-layout-flow\">\n<figure class=\"wp-block-image size-full\"><img fetchpriority=\"high\" decoding=\"async\" width=\"3353\" height=\"3353\" src=\"https:\/\/moyahousehold.com\/wp-content\/uploads\/2024\/05\/fashion-lunch-box-display-1.jpg\" alt=\"expositor de fiambreras de moda (1)\" class=\"wp-image-8806\" srcset=\"https:\/\/moyahousehold.com\/wp-content\/uploads\/2024\/05\/fashion-lunch-box-display-1.jpg 3353w, https:\/\/moyahousehold.com\/wp-content\/uploads\/2024\/05\/fashion-lunch-box-display-1-300x300.jpg 300w, https:\/\/moyahousehold.com\/wp-content\/uploads\/2024\/05\/fashion-lunch-box-display-1-150x150.jpg 150w, https:\/\/moyahousehold.com\/wp-content\/uploads\/2024\/05\/fashion-lunch-box-display-1-768x768.jpg 768w, https:\/\/moyahousehold.com\/wp-content\/uploads\/2024\/05\/fashion-lunch-box-display-1-12x12.jpg 12w, https:\/\/moyahousehold.com\/wp-content\/uploads\/2024\/05\/fashion-lunch-box-display-1-285x285.jpg 285w, https:\/\/moyahousehold.com\/wp-content\/uploads\/2024\/05\/fashion-lunch-box-display-1-1600x1600.jpg 1600w, https:\/\/moyahousehold.com\/wp-content\/uploads\/2024\/05\/fashion-lunch-box-display-1-270x270.jpg 270w, https:\/\/moyahousehold.com\/wp-content\/uploads\/2024\/05\/fashion-lunch-box-display-1-540x540.jpg 540w, https:\/\/moyahousehold.com\/wp-content\/uploads\/2024\/05\/fashion-lunch-box-display-1-660x660.jpg 660w\" sizes=\"(max-width: 3353px) 100vw, 3353px\" \/><\/figure>\n<\/div>\n\n\n\n<div class=\"wp-block-column is-layout-flow wp-block-column-is-layout-flow\">\n<figure class=\"wp-block-image size-full\"><img decoding=\"async\" width=\"3567\" height=\"3567\" src=\"https:\/\/moyahousehold.com\/wp-content\/uploads\/2024\/05\/fashion-lunch-box-display-2.jpg\" alt=\"expositor de fiambreras de moda (2)\" class=\"wp-image-8807\" srcset=\"https:\/\/moyahousehold.com\/wp-content\/uploads\/2024\/05\/fashion-lunch-box-display-2.jpg 3567w, https:\/\/moyahousehold.com\/wp-content\/uploads\/2024\/05\/fashion-lunch-box-display-2-300x300.jpg 300w, https:\/\/moyahousehold.com\/wp-content\/uploads\/2024\/05\/fashion-lunch-box-display-2-150x150.jpg 150w, https:\/\/moyahousehold.com\/wp-content\/uploads\/2024\/05\/fashion-lunch-box-display-2-768x768.jpg 768w, https:\/\/moyahousehold.com\/wp-content\/uploads\/2024\/05\/fashion-lunch-box-display-2-12x12.jpg 12w, https:\/\/moyahousehold.com\/wp-content\/uploads\/2024\/05\/fashion-lunch-box-display-2-285x285.jpg 285w, https:\/\/moyahousehold.com\/wp-content\/uploads\/2024\/05\/fashion-lunch-box-display-2-1600x1600.jpg 1600w, https:\/\/moyahousehold.com\/wp-content\/uploads\/2024\/05\/fashion-lunch-box-display-2-270x270.jpg 270w, https:\/\/moyahousehold.com\/wp-content\/uploads\/2024\/05\/fashion-lunch-box-display-2-540x540.jpg 540w, https:\/\/moyahousehold.com\/wp-content\/uploads\/2024\/05\/fashion-lunch-box-display-2-660x660.jpg 660w\" sizes=\"(max-width: 3567px) 100vw, 3567px\" \/><\/figure>\n<\/div>\n<\/div>","protected":false},"excerpt":{"rendered":"<p>Mayorista de fiambreras elegantes para adultos, esta fiambrera tiene un dise\u00f1o elegante, es f\u00e1cil de transportar, a la vez bonita y pr\u00e1ctica, adecuada para el aire libre, la escuela, la oficina y otras ocasiones. Hay m\u00faltiples estilos para elegir, incluyendo opciones de doble capa y de una sola capa, que pueden separar diferentes tipos de alimentos. P\u00f3ngase en contacto con nosotros para solicitar un presupuesto.<\/p>\n<h3>Caracter\u00edsticas y ventajas de la fiambrera Fashion<\/h3>\n<p><strong>Aspecto moderno:<\/strong> El dise\u00f1o de esta Fiambrera Fashion se inspira en el estilo minimalista moderno, en l\u00ednea con la est\u00e9tica contempor\u00e1nea, con dise\u00f1o de gran capacidad, muy adecuado para adultos.<\/p>\n<p><strong>Asa plegable oculta:<\/strong> Esta fiambrera de moda est\u00e1 equipada con un asa plegable oculta, que tiene un dise\u00f1o inteligente, no ocupa espacio, es f\u00e1cil de transportar y tiene tanto belleza como practicidad.<\/p>\n<p><strong>Revestimiento de acero inoxidable 304:<\/strong> El forro de la fiambrera est\u00e1 fabricado en acero inoxidable 304 de alta calidad apto para uso alimentario para garantizar la seguridad e higiene de los alimentos, para que pueda guardarlos con tranquilidad.<\/p>\n<p><strong>Compartimento independiente para alimentos:<\/strong> La fiambrera adopta un dise\u00f1o de compartimentos independientes para alimentos, cada capa puede contener distintos tipos de alimentos por separado, lo que evita eficazmente que los alimentos se mezclen.<\/p>\n<p><strong>Dise\u00f1o a prueba de fugas:<\/strong> El dise\u00f1o de la hebilla de cierre de doble cara proporciona un sellado m\u00e1s fiable de la fiambrera para garantizar que no se produzcan fugas.<\/p>\n<p><strong>Servicio mayorista:<\/strong> Proporcionamos el mejor servicio de fiambreras al por mayor, ofreci\u00e9ndole todo el apoyo en embalaje, log\u00edstica, precio y otros aspectos.<\/p>","protected":false},"featured_media":8801,"comment_status":"closed","ping_status":"closed","template":"","meta":[],"product_cat":[58],"product_tag":[90,86,92],"class_list":{"0":"post-5126","1":"product","2":"type-product","3":"status-publish","4":"has-post-thumbnail","6":"product_cat-lunch-box-wholesale","7":"product_tag-wholesale-double-layer-lunch-box","8":"product_tag-wholesale-insulated-lunch-box","9":"product_tag-wholesale-rectangle-lunch-box","11":"first","12":"instock","13":"shipping-taxable","14":"product-type-simple"},"_links":{"self":[{"href":"https:\/\/moyahousehold.com\/es\/wp-json\/wp\/v2\/product\/5126","targetHints":{"allow":["GET"]}}],"collection":[{"href":"https:\/\/moyahousehold.com\/es\/wp-json\/wp\/v2\/product"}],"about":[{"href":"https:\/\/moyahousehold.com\/es\/wp-json\/wp\/v2\/types\/product"}],"replies":[{"embeddable":true,"href":"https:\/\/moyahousehold.com\/es\/wp-json\/wp\/v2\/comments?post=5126"}],"version-history":[{"count":0,"href":"https:\/\/moyahousehold.com\/es\/wp-json\/wp\/v2\/product\/5126\/revisions"}],"wp:featuredmedia":[{"embeddable":true,"href":"https:\/\/moyahousehold.com\/es\/wp-json\/wp\/v2\/media\/8801"}],"wp:attachment":[{"href":"https:\/\/moyahousehold.com\/es\/wp-json\/wp\/v2\/media?parent=5126"}],"wp:term":[{"taxonomy":"product_cat","embeddable":true,"href":"https:\/\/moyahousehold.com\/es\/wp-json\/wp\/v2\/product_cat?post=5126"},{"taxonomy":"product_tag","embeddable":true,"href":"https:\/\/moyahousehold.com\/es\/wp-json\/wp\/v2\/product_tag?post=5126"}],"curies":[{"name":"wp","href":"https:\/\/api.w.org\/{rel}","templated":true}]}}