{"id":5136,"date":"2024-05-22T09:43:47","date_gmt":"2024-05-22T09:43:47","guid":{"rendered":"https:\/\/moyahousehold.com\/?post_type=product&#038;p=5136"},"modified":"2025-02-05T08:42:01","modified_gmt":"2025-02-05T08:42:01","slug":"bulk-lunch-boxes-wholesale-detachable-and-multi-layer-design","status":"publish","type":"product","link":"https:\/\/moyahousehold.com\/es\/producto\/bulk-lunch-boxes-wholesale-detachable-and-multi-layer-design\/","title":{"rendered":"Fiambreras a granel con asa: Aspecto moderno, dise\u00f1o de fiambrera multicapa"},"content":{"rendered":"<h2 class=\"wp-block-heading\">Par\u00e1metros de la fiambrera con asa<\/h2>\n\n\n\n<p><strong>material:<\/strong>304 + PP <strong> color:<\/strong>Beige\/caqui<\/p>\n\n\n\n<figure class=\"wp-block-table\"><table><tbody><tr><td>N\u00famero de modelo<\/td><td>Capacidad<\/td><td>Tama\u00f1o del producto<\/td><td>Tama\u00f1o de la caja exterior<\/td><td>Cantidad por caja<\/td><td>N.W<\/td><td>G.W\/Caso<\/td><\/tr><tr><td>MYJD010<\/td><td>Una capa<\/td><td>16.5*14.5*12.5<\/td><td>62*46.5*54.5<\/td><td>48<\/td><td>0.3<\/td><td>24<\/td><\/tr><tr><td>MYJD011<\/td><td>Capas dobles<\/td><td>16.5*14.5*19<\/td><td>62*46.5*61.5<\/td><td>36<\/td><td>0.63<\/td><td>29.88<\/td><\/tr><tr><td>MYJD012<\/td><td>Capas triples<\/td><td>16.5*14.5*26<\/td><td>62*46.5*55<\/td><td>24<\/td><td>0.9<\/td><td>26.4<\/td><\/tr><tr><td>MYJD013<\/td><td>Capas horizontales<\/td><td>16.5*14.5*32.5<\/td><td>62*46.5*69<\/td><td>24<\/td><td>1.2<\/td><td>33.6<\/td><\/tr><\/tbody><\/table><\/figure>\n\n\n\n<h3 class=\"wp-block-heading\">Opciones de fiambreras personalizadas<\/h3>\n\n\n\n<p><strong>Logotipo<\/strong>Personalice el logotipo de su marca en la fiambrera y el envase.<br><strong>Opciones de logotipo<\/strong>Logotipo impreso, logotipo grabado con l\u00e1ser, etc.<br><strong>Patr\u00f3n<\/strong>: Patrones de impresi\u00f3n <br><strong>Tecnolog\u00eda de impresi\u00f3n<\/strong>Impresi\u00f3n por transferencia de agua, serigraf\u00eda, transferencia de calor, sublimaci\u00f3n, etc.<br><strong>Paquete<\/strong>:caja de color<br><a href=\"https:\/\/moyahousehold.com\/es\/solucion-personalizada\/\"><strong>M\u00e1s informaci\u00f3n sobre soluciones de fiambreras personalizadas<\/strong><\/a><\/p>\n\n\n\n<div class=\"wp-block-columns is-layout-flex wp-container-core-columns-is-layout-9d6595d7 wp-block-columns-is-layout-flex\">\n<div class=\"wp-block-column is-layout-flow wp-block-column-is-layout-flow\">\n<figure class=\"wp-block-image size-full\"><img fetchpriority=\"high\" decoding=\"async\" width=\"1500\" height=\"1500\" src=\"https:\/\/moyahousehold.com\/wp-content\/uploads\/2024\/05\/wholesale-lunch-boxes-detail-1.jpg\" alt=\"mayorista fiambreras detalle (1)\" class=\"wp-image-8665\" srcset=\"https:\/\/moyahousehold.com\/wp-content\/uploads\/2024\/05\/wholesale-lunch-boxes-detail-1.jpg 1500w, https:\/\/moyahousehold.com\/wp-content\/uploads\/2024\/05\/wholesale-lunch-boxes-detail-1-300x300.jpg 300w, https:\/\/moyahousehold.com\/wp-content\/uploads\/2024\/05\/wholesale-lunch-boxes-detail-1-150x150.jpg 150w, https:\/\/moyahousehold.com\/wp-content\/uploads\/2024\/05\/wholesale-lunch-boxes-detail-1-768x768.jpg 768w, https:\/\/moyahousehold.com\/wp-content\/uploads\/2024\/05\/wholesale-lunch-boxes-detail-1-12x12.jpg 12w, https:\/\/moyahousehold.com\/wp-content\/uploads\/2024\/05\/wholesale-lunch-boxes-detail-1-285x285.jpg 285w, https:\/\/moyahousehold.com\/wp-content\/uploads\/2024\/05\/wholesale-lunch-boxes-detail-1-270x270.jpg 270w, https:\/\/moyahousehold.com\/wp-content\/uploads\/2024\/05\/wholesale-lunch-boxes-detail-1-540x540.jpg 540w, https:\/\/moyahousehold.com\/wp-content\/uploads\/2024\/05\/wholesale-lunch-boxes-detail-1-660x660.jpg 660w\" sizes=\"(max-width: 1500px) 100vw, 1500px\" \/><\/figure>\n<\/div>\n\n\n\n<div class=\"wp-block-column is-layout-flow wp-block-column-is-layout-flow\">\n<figure class=\"wp-block-image size-full\"><img decoding=\"async\" width=\"1500\" height=\"1500\" src=\"https:\/\/moyahousehold.com\/wp-content\/uploads\/2024\/05\/wholesale-lunch-boxes-detail-2.jpg\" alt=\"mayorista fiambreras detalle (2)\" class=\"wp-image-8666\" srcset=\"https:\/\/moyahousehold.com\/wp-content\/uploads\/2024\/05\/wholesale-lunch-boxes-detail-2.jpg 1500w, https:\/\/moyahousehold.com\/wp-content\/uploads\/2024\/05\/wholesale-lunch-boxes-detail-2-300x300.jpg 300w, https:\/\/moyahousehold.com\/wp-content\/uploads\/2024\/05\/wholesale-lunch-boxes-detail-2-150x150.jpg 150w, https:\/\/moyahousehold.com\/wp-content\/uploads\/2024\/05\/wholesale-lunch-boxes-detail-2-768x768.jpg 768w, https:\/\/moyahousehold.com\/wp-content\/uploads\/2024\/05\/wholesale-lunch-boxes-detail-2-12x12.jpg 12w, https:\/\/moyahousehold.com\/wp-content\/uploads\/2024\/05\/wholesale-lunch-boxes-detail-2-285x285.jpg 285w, https:\/\/moyahousehold.com\/wp-content\/uploads\/2024\/05\/wholesale-lunch-boxes-detail-2-270x270.jpg 270w, https:\/\/moyahousehold.com\/wp-content\/uploads\/2024\/05\/wholesale-lunch-boxes-detail-2-540x540.jpg 540w, https:\/\/moyahousehold.com\/wp-content\/uploads\/2024\/05\/wholesale-lunch-boxes-detail-2-660x660.jpg 660w\" sizes=\"(max-width: 1500px) 100vw, 1500px\" \/><\/figure>\n<\/div>\n<\/div>","protected":false},"excerpt":{"rendered":"<p>Se vende fiambrera a granel con asa, dise\u00f1o multicapa, cada capa puede almacenar diferentes platos por separado para garantizar que los alimentos no se mezclen. Equipado con mango ergon\u00f3mico, c\u00f3modo de sostener y f\u00e1cil de llevar, muy adecuado para picnics al aire libre, camping y otras ocasiones, p\u00f3ngase en contacto con nosotros para una cotizaci\u00f3n.<\/p>\n<h3>Caracter\u00edsticas y ventajas de la fiambrera con asa<\/h3>\n<p><strong>Material de alta calidad:<\/strong> El revestimiento interior de la fiambrera es de acero inoxidable 304 apto para uso alimentario. El material de alta calidad no solo es antioxidante y anticorrosivo, sino que tambi\u00e9n mantiene los alimentos frescos y deliciosos durante mucho tiempo.<\/p>\n<p><strong>Asa de agarre:<\/strong> Esta fiambrera tiene un asa de agarre, para que puedas transportarla f\u00e1cilmente sin necesidad de meterla en una mochila.<\/p>\n<p><strong>Dise\u00f1o independiente por capas<\/strong>: Cada capa de la fiambrera puede contener alimentos diferentes de forma independiente para garantizar que no haya sabores cruzados entre los distintos tipos de alimentos.<\/p>\n<p><strong>Buen sellado:<\/strong> Esta fiambrera tiene un excelente rendimiento de sellado. Hemos llevado a cabo m\u00faltiples dise\u00f1os a prueba de fugas para garantizar que los usuarios puedan transportar con tranquilidad alimentos l\u00edquidos como la sopa.<\/p>\n<p><strong>Soporte de muestras:<\/strong> Ofrecemos muestras gratuitas para el negocio de fiambreras al por mayor, para que pueda conocer mejor nuestros productos.<\/p>\n<p><strong>Servicio personalizado OEM y ODM:<\/strong> Ofrecemos servicios de fiambrera personalizada OEM y ODM, que incluyen personalizaci\u00f3n de forma, embalaje y mucho m\u00e1s.<\/p>","protected":false},"featured_media":8663,"comment_status":"closed","ping_status":"closed","template":"","meta":[],"product_cat":[58],"product_tag":[89,90,86,91],"class_list":{"0":"post-5136","1":"product","2":"type-product","3":"status-publish","4":"has-post-thumbnail","6":"product_cat-lunch-box-wholesale","7":"product_tag-wholesale-3-layer-lunch-box","8":"product_tag-wholesale-double-layer-lunch-box","9":"product_tag-wholesale-insulated-lunch-box","10":"product_tag-wholesale-round-lunch-box","12":"first","13":"instock","14":"shipping-taxable","15":"product-type-simple"},"_links":{"self":[{"href":"https:\/\/moyahousehold.com\/es\/wp-json\/wp\/v2\/product\/5136","targetHints":{"allow":["GET"]}}],"collection":[{"href":"https:\/\/moyahousehold.com\/es\/wp-json\/wp\/v2\/product"}],"about":[{"href":"https:\/\/moyahousehold.com\/es\/wp-json\/wp\/v2\/types\/product"}],"replies":[{"embeddable":true,"href":"https:\/\/moyahousehold.com\/es\/wp-json\/wp\/v2\/comments?post=5136"}],"version-history":[{"count":0,"href":"https:\/\/moyahousehold.com\/es\/wp-json\/wp\/v2\/product\/5136\/revisions"}],"wp:featuredmedia":[{"embeddable":true,"href":"https:\/\/moyahousehold.com\/es\/wp-json\/wp\/v2\/media\/8663"}],"wp:attachment":[{"href":"https:\/\/moyahousehold.com\/es\/wp-json\/wp\/v2\/media?parent=5136"}],"wp:term":[{"taxonomy":"product_cat","embeddable":true,"href":"https:\/\/moyahousehold.com\/es\/wp-json\/wp\/v2\/product_cat?post=5136"},{"taxonomy":"product_tag","embeddable":true,"href":"https:\/\/moyahousehold.com\/es\/wp-json\/wp\/v2\/product_tag?post=5136"}],"curies":[{"name":"wp","href":"https:\/\/api.w.org\/{rel}","templated":true}]}}