{"id":5150,"date":"2024-05-22T10:05:35","date_gmt":"2024-05-22T10:05:35","guid":{"rendered":"https:\/\/moyahousehold.com\/?post_type=product&#038;p=5150"},"modified":"2025-02-05T08:41:46","modified_gmt":"2025-02-05T08:41:46","slug":"wholesale-insulated-lunch-boxes","status":"publish","type":"product","link":"https:\/\/moyahousehold.com\/es\/producto\/wholesale-insulated-lunch-boxes\/","title":{"rendered":"Fiambreras isot\u00e9rmicas de acero inoxidable al por mayor con soluci\u00f3n personalizable para pedidos al por mayor"},"content":{"rendered":"<h2 class=\"wp-block-heading\">Par\u00e1metros de la fiambrera isot\u00e9rmica de acero inoxidable<\/h2>\n\n\n\n<p><strong>material:<\/strong>304 + PP <strong> color:<\/strong>Beige\/caqui<\/p>\n\n\n\n<figure class=\"wp-block-table\"><table><tbody><tr><td>N\u00famero de modelo<\/td><td>Capacidad<\/td><td>Tama\u00f1o del producto<\/td><td>Tama\u00f1o de la caja exterior<\/td><td>Cantidad por caja<\/td><td>N.W<\/td><td>G.W\/Caso<\/td><\/tr><tr><td>MYLY003<\/td><td>Una capa<\/td><td>14.6*14.6*12.5<\/td><td>66*48*57<\/td><td>48<\/td><td>0.55<\/td><td>34<\/td><\/tr><tr><td>MYLY004<\/td><td>Capas dobles<\/td><td>14.6*14.6*19.7<\/td><td>66*48*65<\/td><td>36<\/td><td>0.8<\/td><td>30<\/td><\/tr><tr><td>MYLY005<\/td><td>Capas triples<\/td><td>14.6*14.6*27<\/td><td>65*48*58<\/td><td>24<\/td><td>1.1<\/td><td>27<\/td><\/tr><tr><td>MYLY006<\/td><td>Capas horizontales<\/td><td>14.6*14.6*34.8<\/td><td>65*33*73<\/td><td>16<\/td><td>1.4<\/td><td>23<\/td><\/tr><\/tbody><\/table><\/figure>\n\n\n\n<h3 class=\"wp-block-heading\">Opciones de fiambreras isot\u00e9rmicas de acero inoxidable personalizadas<\/h3>\n\n\n\n<p><strong>Logotipo<\/strong>Personalice el logotipo de su marca en el producto y el envase.<br><strong>Opciones de logotipo<\/strong>Logotipo impreso, logotipo grabado con l\u00e1ser, etc.<br><strong>Patr\u00f3n:<\/strong> Patrones de impresi\u00f3n <br><strong>Tecnolog\u00eda de impresi\u00f3n<\/strong>Impresi\u00f3n por transferencia de agua, serigraf\u00eda, transferencia de calor, sublimaci\u00f3n, etc.<br><strong>Paquete<\/strong>:caja de color<br><a href=\"https:\/\/moyahousehold.com\/es\/solucion-personalizada\/\"><strong>M\u00e1s personalizaci\u00f3n<\/strong><\/a><\/p>\n\n\n\n<div class=\"wp-block-columns is-layout-flex wp-container-core-columns-is-layout-9d6595d7 wp-block-columns-is-layout-flex\">\n<div class=\"wp-block-column is-layout-flow wp-block-column-is-layout-flow\">\n<figure class=\"wp-block-image size-full\"><img fetchpriority=\"high\" decoding=\"async\" width=\"3346\" height=\"3346\" src=\"https:\/\/moyahousehold.com\/wp-content\/uploads\/2024\/05\/wholesale-stainless-steel-lunch-box-1.webp\" alt=\"mayorista fiambrera de acero inoxidable (1)\" class=\"wp-image-8057\" srcset=\"https:\/\/moyahousehold.com\/wp-content\/uploads\/2024\/05\/wholesale-stainless-steel-lunch-box-1.webp 3346w, https:\/\/moyahousehold.com\/wp-content\/uploads\/2024\/05\/wholesale-stainless-steel-lunch-box-1-300x300.webp 300w, https:\/\/moyahousehold.com\/wp-content\/uploads\/2024\/05\/wholesale-stainless-steel-lunch-box-1-150x150.webp 150w, https:\/\/moyahousehold.com\/wp-content\/uploads\/2024\/05\/wholesale-stainless-steel-lunch-box-1-768x768.webp 768w, https:\/\/moyahousehold.com\/wp-content\/uploads\/2024\/05\/wholesale-stainless-steel-lunch-box-1-12x12.webp 12w, https:\/\/moyahousehold.com\/wp-content\/uploads\/2024\/05\/wholesale-stainless-steel-lunch-box-1-285x285.webp 285w, https:\/\/moyahousehold.com\/wp-content\/uploads\/2024\/05\/wholesale-stainless-steel-lunch-box-1-1600x1600.webp 1600w, https:\/\/moyahousehold.com\/wp-content\/uploads\/2024\/05\/wholesale-stainless-steel-lunch-box-1-270x270.webp 270w, https:\/\/moyahousehold.com\/wp-content\/uploads\/2024\/05\/wholesale-stainless-steel-lunch-box-1-540x540.webp 540w, https:\/\/moyahousehold.com\/wp-content\/uploads\/2024\/05\/wholesale-stainless-steel-lunch-box-1-660x660.webp 660w\" sizes=\"(max-width: 3346px) 100vw, 3346px\" \/><\/figure>\n<\/div>\n\n\n\n<div class=\"wp-block-column is-layout-flow wp-block-column-is-layout-flow\">\n<figure class=\"wp-block-image size-full\"><img decoding=\"async\" width=\"3575\" height=\"3575\" src=\"https:\/\/moyahousehold.com\/wp-content\/uploads\/2024\/05\/wholesale-stainless-steel-lunch-box-2.webp\" alt=\"mayorista fiambrera de acero inoxidable (2)\" class=\"wp-image-8058\" srcset=\"https:\/\/moyahousehold.com\/wp-content\/uploads\/2024\/05\/wholesale-stainless-steel-lunch-box-2.webp 3575w, https:\/\/moyahousehold.com\/wp-content\/uploads\/2024\/05\/wholesale-stainless-steel-lunch-box-2-300x300.webp 300w, https:\/\/moyahousehold.com\/wp-content\/uploads\/2024\/05\/wholesale-stainless-steel-lunch-box-2-150x150.webp 150w, https:\/\/moyahousehold.com\/wp-content\/uploads\/2024\/05\/wholesale-stainless-steel-lunch-box-2-768x768.webp 768w, https:\/\/moyahousehold.com\/wp-content\/uploads\/2024\/05\/wholesale-stainless-steel-lunch-box-2-12x12.webp 12w, https:\/\/moyahousehold.com\/wp-content\/uploads\/2024\/05\/wholesale-stainless-steel-lunch-box-2-285x285.webp 285w, https:\/\/moyahousehold.com\/wp-content\/uploads\/2024\/05\/wholesale-stainless-steel-lunch-box-2-1600x1600.webp 1600w, https:\/\/moyahousehold.com\/wp-content\/uploads\/2024\/05\/wholesale-stainless-steel-lunch-box-2-270x270.webp 270w, https:\/\/moyahousehold.com\/wp-content\/uploads\/2024\/05\/wholesale-stainless-steel-lunch-box-2-540x540.webp 540w, https:\/\/moyahousehold.com\/wp-content\/uploads\/2024\/05\/wholesale-stainless-steel-lunch-box-2-660x660.webp 660w\" sizes=\"(max-width: 3575px) 100vw, 3575px\" \/><\/figure>\n<\/div>\n<\/div>\n\n\n\n<div class=\"wp-block-columns is-layout-flex wp-container-core-columns-is-layout-9d6595d7 wp-block-columns-is-layout-flex\">\n<div class=\"wp-block-column is-layout-flow wp-block-column-is-layout-flow\"><\/div>\n\n\n\n<div class=\"wp-block-column is-layout-flow wp-block-column-is-layout-flow\"><\/div>\n<\/div>","protected":false},"excerpt":{"rendered":"<p>Cada fiambrera est\u00e1 fabricada con materiales alimentarios de alta calidad y un dise\u00f1o de aislamiento t\u00e9rmico para mantener eficazmente la temperatura y la frescura de los alimentos. La estructura multicapa permite a los usuarios transportar m\u00e1s alimentos. Ofrecemos servicios de personalizaci\u00f3n y podemos imprimir logotipos de marcas y seleccionar dise\u00f1os exclusivos seg\u00fan sus necesidades. P\u00f3ngase en contacto con nosotros para obtener m\u00e1s informaci\u00f3n al por mayor y detalles preferentes.<\/p>\n<h3>Caracter\u00edsticas y ventajas de la fiambrera isot\u00e9rmica de acero inoxidable<\/h3>\n<p>1.El revestimiento interior de la fiambrera es de acero 304 apto para uso alimentario;<\/p>\n<p>2.Proceso de pulido, liso como un espejo;<\/p>\n<p>3.F\u00e1cil de limpiar; Capa por capa independiente, con un dise\u00f1o de compartimento peque\u00f1o oculto en la cubierta superior;<\/p>\n<p>4.La comida puede servirse de forma independiente;<\/p>\n<p>5.La combinaci\u00f3n de patrones no cruza sabores; Sellado y a prueba de fugas; Combinaci\u00f3n multicapa; Combinaci\u00f3n libre;\u00a0<\/p>\n<p><strong><a href=\"https:\/\/moyahousehold.com\/es\/solucion-personalizada\/\">soporte OEM&amp;ODM<\/a><\/strong><\/p>","protected":false},"featured_media":8050,"comment_status":"closed","ping_status":"closed","template":"","meta":[],"product_cat":[58],"product_tag":[89,90,86,91],"class_list":{"0":"post-5150","1":"product","2":"type-product","3":"status-publish","4":"has-post-thumbnail","6":"product_cat-lunch-box-wholesale","7":"product_tag-wholesale-3-layer-lunch-box","8":"product_tag-wholesale-double-layer-lunch-box","9":"product_tag-wholesale-insulated-lunch-box","10":"product_tag-wholesale-round-lunch-box","12":"first","13":"instock","14":"shipping-taxable","15":"product-type-simple"},"_links":{"self":[{"href":"https:\/\/moyahousehold.com\/es\/wp-json\/wp\/v2\/product\/5150","targetHints":{"allow":["GET"]}}],"collection":[{"href":"https:\/\/moyahousehold.com\/es\/wp-json\/wp\/v2\/product"}],"about":[{"href":"https:\/\/moyahousehold.com\/es\/wp-json\/wp\/v2\/types\/product"}],"replies":[{"embeddable":true,"href":"https:\/\/moyahousehold.com\/es\/wp-json\/wp\/v2\/comments?post=5150"}],"version-history":[{"count":0,"href":"https:\/\/moyahousehold.com\/es\/wp-json\/wp\/v2\/product\/5150\/revisions"}],"wp:featuredmedia":[{"embeddable":true,"href":"https:\/\/moyahousehold.com\/es\/wp-json\/wp\/v2\/media\/8050"}],"wp:attachment":[{"href":"https:\/\/moyahousehold.com\/es\/wp-json\/wp\/v2\/media?parent=5150"}],"wp:term":[{"taxonomy":"product_cat","embeddable":true,"href":"https:\/\/moyahousehold.com\/es\/wp-json\/wp\/v2\/product_cat?post=5150"},{"taxonomy":"product_tag","embeddable":true,"href":"https:\/\/moyahousehold.com\/es\/wp-json\/wp\/v2\/product_tag?post=5150"}],"curies":[{"name":"wp","href":"https:\/\/api.w.org\/{rel}","templated":true}]}}