{"id":5227,"date":"2024-06-04T22:42:28","date_gmt":"2024-06-04T22:27:55","guid":{"rendered":"https:\/\/moyahousehold.com\/?post_type=product&#038;p=5227"},"modified":"2025-02-21T13:40:43","modified_gmt":"2025-02-21T13:40:43","slug":"wholesale-lunch-box-with-multi-layer","status":"publish","type":"product","link":"https:\/\/moyahousehold.com\/es\/producto\/wholesale-lunch-box-with-multi-layer\/","title":{"rendered":"Venta al por mayor caja de almuerzo lindo para las mujeres, caja cuadrada del almuerzo del termo con la manija"},"content":{"rendered":"<h2 class=\"wp-block-heading\">Par\u00e1metros de la bonita fiambrera<\/h2>\n\n\n\n<p><strong>material:<\/strong>304 + PP <strong> color:<\/strong>Beige\/caqui<\/p>\n\n\n\n<figure class=\"wp-block-table\"><table><tbody><tr><td>N\u00famero de modelo<\/td><td>capacidad<\/td><td>Tama\u00f1o del producto<\/td><td>Tama\u00f1o de la caja exterior<\/td><td>Cantidad por caja<\/td><td>N.W<\/td><td>G.W\/Caso<\/td><\/tr><tr><td>MYSK004<\/td><td>Monocapa 700ml<\/td><td>12.5*12.5*7<\/td><td>58*40*46<\/td><td>60<\/td><td>0.23<\/td><td>23<\/td><\/tr><tr><td>MYSK005<\/td><td>Doble capa 1400ml<\/td><td>12.5*12.5*14<\/td><td>58*40*46<\/td><td>36<\/td><td>0.62<\/td><td>23.5<\/td><\/tr><tr><td>MYSK006<\/td><td>Capas triples 2100ml<\/td><td>12.5*12.5*21<\/td><td>58*40*44<\/td><td>24<\/td><td>0.88<\/td><td>22.3<\/td><\/tr><\/tbody><\/table><\/figure>\n\n\n\n<h3 class=\"wp-block-heading\">Opciones de fiambreras personalizadas<\/h3>\n\n\n\n<p><strong>Logotipo:<\/strong> personalice el logotipo de su marca en fiambreras y envases.<br><strong>Opciones de logotipo:<\/strong> logotipo impreso, logotipo grabado con l\u00e1ser, etc.<br><strong>Patr\u00f3n:<\/strong> patrones de impresi\u00f3n <br><strong>Tecnolog\u00eda de impresi\u00f3n:<\/strong> impresi\u00f3n por transferencia de agua, serigraf\u00eda, impresi\u00f3n por transferencia de calor, transferencia por sublimaci\u00f3n, etc.<br><strong>Paquete<\/strong>:caja de color<br><a href=\"https:\/\/moyahousehold.com\/es\/solucion-personalizada\/\">M\u00e1s informaci\u00f3n sobre la soluci\u00f3n de fiambreras personalizadas<\/a><br><br><\/p>\n\n\n\n<div class=\"wp-block-columns is-layout-flex wp-container-core-columns-is-layout-9d6595d7 wp-block-columns-is-layout-flex\">\n<div class=\"wp-block-column is-layout-flow wp-block-column-is-layout-flow\">\n<figure class=\"wp-block-image size-full\"><img fetchpriority=\"high\" decoding=\"async\" width=\"2000\" height=\"2000\" src=\"https:\/\/moyahousehold.com\/wp-content\/uploads\/2024\/06\/Cute-Lunch-Box-For-Women-2.jpg\" alt=\"Fiambreras bonitas para mujeres (2)\" class=\"wp-image-8851\" srcset=\"https:\/\/moyahousehold.com\/wp-content\/uploads\/2024\/06\/Cute-Lunch-Box-For-Women-2.jpg 2000w, https:\/\/moyahousehold.com\/wp-content\/uploads\/2024\/06\/Cute-Lunch-Box-For-Women-2-300x300.jpg 300w, https:\/\/moyahousehold.com\/wp-content\/uploads\/2024\/06\/Cute-Lunch-Box-For-Women-2-150x150.jpg 150w, https:\/\/moyahousehold.com\/wp-content\/uploads\/2024\/06\/Cute-Lunch-Box-For-Women-2-768x768.jpg 768w, https:\/\/moyahousehold.com\/wp-content\/uploads\/2024\/06\/Cute-Lunch-Box-For-Women-2-12x12.jpg 12w, https:\/\/moyahousehold.com\/wp-content\/uploads\/2024\/06\/Cute-Lunch-Box-For-Women-2-285x285.jpg 285w, https:\/\/moyahousehold.com\/wp-content\/uploads\/2024\/06\/Cute-Lunch-Box-For-Women-2-1600x1600.jpg 1600w, https:\/\/moyahousehold.com\/wp-content\/uploads\/2024\/06\/Cute-Lunch-Box-For-Women-2-270x270.jpg 270w, https:\/\/moyahousehold.com\/wp-content\/uploads\/2024\/06\/Cute-Lunch-Box-For-Women-2-540x540.jpg 540w, https:\/\/moyahousehold.com\/wp-content\/uploads\/2024\/06\/Cute-Lunch-Box-For-Women-2-660x660.jpg 660w\" sizes=\"(max-width: 2000px) 100vw, 2000px\" \/><\/figure>\n<\/div>\n\n\n\n<div class=\"wp-block-column is-layout-flow wp-block-column-is-layout-flow\">\n<figure class=\"wp-block-image size-full\"><img decoding=\"async\" width=\"2000\" height=\"2000\" src=\"https:\/\/moyahousehold.com\/wp-content\/uploads\/2024\/06\/Cute-Lunch-Box-For-Women.jpg\" alt=\"Fiambrera bonita para mujer\" class=\"wp-image-8852\" srcset=\"https:\/\/moyahousehold.com\/wp-content\/uploads\/2024\/06\/Cute-Lunch-Box-For-Women.jpg 2000w, https:\/\/moyahousehold.com\/wp-content\/uploads\/2024\/06\/Cute-Lunch-Box-For-Women-300x300.jpg 300w, https:\/\/moyahousehold.com\/wp-content\/uploads\/2024\/06\/Cute-Lunch-Box-For-Women-150x150.jpg 150w, https:\/\/moyahousehold.com\/wp-content\/uploads\/2024\/06\/Cute-Lunch-Box-For-Women-768x768.jpg 768w, https:\/\/moyahousehold.com\/wp-content\/uploads\/2024\/06\/Cute-Lunch-Box-For-Women-12x12.jpg 12w, https:\/\/moyahousehold.com\/wp-content\/uploads\/2024\/06\/Cute-Lunch-Box-For-Women-285x285.jpg 285w, https:\/\/moyahousehold.com\/wp-content\/uploads\/2024\/06\/Cute-Lunch-Box-For-Women-1600x1600.jpg 1600w, https:\/\/moyahousehold.com\/wp-content\/uploads\/2024\/06\/Cute-Lunch-Box-For-Women-270x270.jpg 270w, https:\/\/moyahousehold.com\/wp-content\/uploads\/2024\/06\/Cute-Lunch-Box-For-Women-540x540.jpg 540w, https:\/\/moyahousehold.com\/wp-content\/uploads\/2024\/06\/Cute-Lunch-Box-For-Women-660x660.jpg 660w\" sizes=\"(max-width: 2000px) 100vw, 2000px\" \/><\/figure>\n<\/div>\n<\/div>\n\n\n\n<div class=\"wp-block-columns is-layout-flex wp-container-core-columns-is-layout-9d6595d7 wp-block-columns-is-layout-flex\">\n<div class=\"wp-block-column is-layout-flow wp-block-column-is-layout-flow\"><\/div>\n\n\n\n<div class=\"wp-block-column is-layout-flow wp-block-column-is-layout-flow\"><\/div>\n<\/div>","protected":false},"excerpt":{"rendered":"<p>Mayorista de fiambreras bonitas para mujer, con dise\u00f1o cuadrado y buen aislamiento. Adecuado para el almuerzo, y puede contener f\u00e1cilmente frutas, aperitivos y otros alimentos, es su compa\u00f1ero ideal. Bienvenido a ponerse en contacto con nosotros para una cotizaci\u00f3n.<\/p>\n<h3>Caracter\u00edsticas y ventajas de la fiambrera<\/h3>\n<p><strong>Dise\u00f1o creativo:<\/strong> Esta fiambrera termo cuadrada con asa est\u00e1 dise\u00f1ada imitando un bolso de mano, con una forma bonita y a la moda, muy adecuada para que la lleven las mujeres.<\/p>\n<p><strong>Dise\u00f1o multicapa:<\/strong> Ofrecemos 3 estilos: fiambrera de una capa, de doble capa y de triple capa para satisfacer las distintas necesidades culinarias. Elija el estilo que m\u00e1s le convenga seg\u00fan sus necesidades.<\/p>\n<p><strong>El mejor dise\u00f1o de sellado:<\/strong> Esta fiambrera adopta un dise\u00f1o de cierre de doble cara y est\u00e1 equipada con un anillo de silicona de sellado que proporciona una doble protecci\u00f3n de sellado para evitar fugas.<\/p>\n<p><strong>Almacenamiento de la vajilla:<\/strong> La parte superior de la fiambrera tiene un compartimento para guardar cucharas, palillos y otros utensilios de mesa, lo que hace m\u00e1s c\u00f3moda la cena.<\/p>\n<p><strong>Servicios de venta al por mayor y personalizaci\u00f3n:<\/strong> Proporcionamos servicios de fiambrera al por mayor y soluciones de fiambrera personalizadas, adecuadas para que los compradores B2B personalicen y compren al por mayor.<\/p>","protected":false},"featured_media":8855,"comment_status":"closed","ping_status":"closed","template":"","meta":[],"product_cat":[58],"product_tag":[89,90,86,93],"class_list":{"0":"post-5227","1":"product","2":"type-product","3":"status-publish","4":"has-post-thumbnail","6":"product_cat-lunch-box-wholesale","7":"product_tag-wholesale-3-layer-lunch-box","8":"product_tag-wholesale-double-layer-lunch-box","9":"product_tag-wholesale-insulated-lunch-box","10":"product_tag-wholesale-square-lunch-box","12":"first","13":"instock","14":"shipping-taxable","15":"product-type-simple"},"_links":{"self":[{"href":"https:\/\/moyahousehold.com\/es\/wp-json\/wp\/v2\/product\/5227","targetHints":{"allow":["GET"]}}],"collection":[{"href":"https:\/\/moyahousehold.com\/es\/wp-json\/wp\/v2\/product"}],"about":[{"href":"https:\/\/moyahousehold.com\/es\/wp-json\/wp\/v2\/types\/product"}],"replies":[{"embeddable":true,"href":"https:\/\/moyahousehold.com\/es\/wp-json\/wp\/v2\/comments?post=5227"}],"version-history":[{"count":0,"href":"https:\/\/moyahousehold.com\/es\/wp-json\/wp\/v2\/product\/5227\/revisions"}],"wp:featuredmedia":[{"embeddable":true,"href":"https:\/\/moyahousehold.com\/es\/wp-json\/wp\/v2\/media\/8855"}],"wp:attachment":[{"href":"https:\/\/moyahousehold.com\/es\/wp-json\/wp\/v2\/media?parent=5227"}],"wp:term":[{"taxonomy":"product_cat","embeddable":true,"href":"https:\/\/moyahousehold.com\/es\/wp-json\/wp\/v2\/product_cat?post=5227"},{"taxonomy":"product_tag","embeddable":true,"href":"https:\/\/moyahousehold.com\/es\/wp-json\/wp\/v2\/product_tag?post=5227"}],"curies":[{"name":"wp","href":"https:\/\/api.w.org\/{rel}","templated":true}]}}