{"id":5245,"date":"2024-06-07T06:31:09","date_gmt":"2024-06-07T06:31:09","guid":{"rendered":"https:\/\/moyahousehold.com\/?post_type=product&#038;p=5245"},"modified":"2025-02-05T08:40:38","modified_gmt":"2025-02-05T08:40:38","slug":"wholesale-simple-modern-lunch-boxes","status":"publish","type":"product","link":"https:\/\/moyahousehold.com\/es\/producto\/wholesale-simple-modern-lunch-boxes\/","title":{"rendered":"Venta al por mayor simple moderno almuerzo cajas\uff1a2 compartimento dise\u00f1o y 3 capas puede ser seleccionado."},"content":{"rendered":"<h2 class=\"wp-block-heading\">Par\u00e1metros de la fiambrera moderna sencilla<\/h2>\n\n\n\n<p><strong>material:<\/strong>304 + PP <strong> color:<\/strong>Beige\/caqui<\/p>\n\n\n\n<figure class=\"wp-block-table\"><table><tbody><tr><td>N\u00famero de modelo<\/td><td>capacidad<\/td><td>Tama\u00f1o del producto<\/td><td>Tama\u00f1o de la caja exterior<\/td><td>Cantidad por caja<\/td><td>N.W<\/td><td>G.W\/Caso<\/td><\/tr><tr><td>MYSK007<\/td><td>Monocapa 1000ml<\/td><td>19*11.3*7.5<\/td><td>66*49*44<\/td><td>60<\/td><td>0.54<\/td><td>44.4<\/td><\/tr><tr><td>MYSK008<\/td><td>Doble capa 2000ml<\/td><td>19*11.3*15<\/td><td>66*49*58<\/td><td>36<\/td><td>0.92<\/td><td>40.32<\/td><\/tr><tr><td>MYSK009<\/td><td>Capas triples 3000ml<\/td><td>19*11.3*22.5<\/td><td>66*49*62<\/td><td>24<\/td><td>1.3<\/td><td>36<\/td><\/tr><tr><td>MYSK010<\/td><td>doble capa con sopera<\/td><td>19*11.3*15<\/td><td>66*49*58<\/td><td>36<\/td><td>1<\/td><td>43.2<\/td><\/tr><tr><td>MYSK011<\/td><td>capas triples con sopera<\/td><td>19*11.3*22.5<\/td><td>66*49*62<\/td><td>24<\/td><td>1.4<\/td><td>38.4<\/td><\/tr><\/tbody><\/table><\/figure>\n\n\n\n<h3 class=\"wp-block-heading\">Opci\u00f3n de fiambreras personalizadas<\/h3>\n\n\n\n<p><strong>Logotipo: <\/strong>personalice el logotipo de su marca en el producto y el envase.<br><strong>Opciones de logotipo: <\/strong>logotipo impreso, logotipo grabado con l\u00e1ser, etc.<br><strong>Patr\u00f3n:<\/strong> Patrones de impresi\u00f3n <br><strong>Tecnolog\u00eda de impresi\u00f3n: <\/strong>impresi\u00f3n por transferencia de agua, serigraf\u00eda, impresi\u00f3n por transferencia de calor, transferencia por sublimaci\u00f3n, etc.<br><strong>Paquete:<\/strong>caja de color<br><a href=\"https:\/\/moyahousehold.com\/es\/solucion-personalizada\/\"><strong>M\u00e1s informaci\u00f3n sobre las fiambreras personalizadas<\/strong><\/a><br><br><\/p>\n\n\n\n<div class=\"wp-block-columns is-layout-flex wp-container-core-columns-is-layout-9d6595d7 wp-block-columns-is-layout-flex\">\n<div class=\"wp-block-column is-layout-flow wp-block-column-is-layout-flow\">\n<figure class=\"wp-block-image size-full\"><img fetchpriority=\"high\" decoding=\"async\" width=\"731\" height=\"731\" src=\"https:\/\/moyahousehold.com\/wp-content\/uploads\/2024\/06\/Simple-Modern-Lunch-Box-Display-4.jpg\" alt=\"Expositor de fiambreras moderno y sencillo (4)\" class=\"wp-image-8699\" srcset=\"https:\/\/moyahousehold.com\/wp-content\/uploads\/2024\/06\/Simple-Modern-Lunch-Box-Display-4.jpg 731w, https:\/\/moyahousehold.com\/wp-content\/uploads\/2024\/06\/Simple-Modern-Lunch-Box-Display-4-300x300.jpg 300w, https:\/\/moyahousehold.com\/wp-content\/uploads\/2024\/06\/Simple-Modern-Lunch-Box-Display-4-150x150.jpg 150w, https:\/\/moyahousehold.com\/wp-content\/uploads\/2024\/06\/Simple-Modern-Lunch-Box-Display-4-12x12.jpg 12w, https:\/\/moyahousehold.com\/wp-content\/uploads\/2024\/06\/Simple-Modern-Lunch-Box-Display-4-285x285.jpg 285w, https:\/\/moyahousehold.com\/wp-content\/uploads\/2024\/06\/Simple-Modern-Lunch-Box-Display-4-270x270.jpg 270w, https:\/\/moyahousehold.com\/wp-content\/uploads\/2024\/06\/Simple-Modern-Lunch-Box-Display-4-540x540.jpg 540w, https:\/\/moyahousehold.com\/wp-content\/uploads\/2024\/06\/Simple-Modern-Lunch-Box-Display-4-660x660.jpg 660w\" sizes=\"(max-width: 731px) 100vw, 731px\" \/><\/figure>\n<\/div>\n\n\n\n<div class=\"wp-block-column is-layout-flow wp-block-column-is-layout-flow\">\n<figure class=\"wp-block-image size-full\"><img decoding=\"async\" width=\"800\" height=\"800\" src=\"https:\/\/moyahousehold.com\/wp-content\/uploads\/2024\/06\/Simple-Modern-Lunch-Box-Display-1.jpg\" alt=\"Expositor de fiambreras moderno y sencillo (1)\" class=\"wp-image-8696\" srcset=\"https:\/\/moyahousehold.com\/wp-content\/uploads\/2024\/06\/Simple-Modern-Lunch-Box-Display-1.jpg 800w, https:\/\/moyahousehold.com\/wp-content\/uploads\/2024\/06\/Simple-Modern-Lunch-Box-Display-1-300x300.jpg 300w, https:\/\/moyahousehold.com\/wp-content\/uploads\/2024\/06\/Simple-Modern-Lunch-Box-Display-1-150x150.jpg 150w, https:\/\/moyahousehold.com\/wp-content\/uploads\/2024\/06\/Simple-Modern-Lunch-Box-Display-1-768x768.jpg 768w, https:\/\/moyahousehold.com\/wp-content\/uploads\/2024\/06\/Simple-Modern-Lunch-Box-Display-1-12x12.jpg 12w, https:\/\/moyahousehold.com\/wp-content\/uploads\/2024\/06\/Simple-Modern-Lunch-Box-Display-1-285x285.jpg 285w, https:\/\/moyahousehold.com\/wp-content\/uploads\/2024\/06\/Simple-Modern-Lunch-Box-Display-1-270x270.jpg 270w, https:\/\/moyahousehold.com\/wp-content\/uploads\/2024\/06\/Simple-Modern-Lunch-Box-Display-1-540x540.jpg 540w, https:\/\/moyahousehold.com\/wp-content\/uploads\/2024\/06\/Simple-Modern-Lunch-Box-Display-1-660x660.jpg 660w\" sizes=\"(max-width: 800px) 100vw, 800px\" \/><\/figure>\n<\/div>\n<\/div>\n\n\n\n<div class=\"wp-block-columns is-layout-flex wp-container-core-columns-is-layout-9d6595d7 wp-block-columns-is-layout-flex\">\n<div class=\"wp-block-column is-layout-flow wp-block-column-is-layout-flow\">\n<figure class=\"wp-block-image size-full\"><img decoding=\"async\" width=\"800\" height=\"800\" src=\"https:\/\/moyahousehold.com\/wp-content\/uploads\/2024\/06\/Simple-Modern-Lunch-Box-Display-2.jpg\" alt=\"Expositor de fiambreras moderno y sencillo (2)\" class=\"wp-image-8697\" srcset=\"https:\/\/moyahousehold.com\/wp-content\/uploads\/2024\/06\/Simple-Modern-Lunch-Box-Display-2.jpg 800w, https:\/\/moyahousehold.com\/wp-content\/uploads\/2024\/06\/Simple-Modern-Lunch-Box-Display-2-300x300.jpg 300w, https:\/\/moyahousehold.com\/wp-content\/uploads\/2024\/06\/Simple-Modern-Lunch-Box-Display-2-150x150.jpg 150w, https:\/\/moyahousehold.com\/wp-content\/uploads\/2024\/06\/Simple-Modern-Lunch-Box-Display-2-768x768.jpg 768w, https:\/\/moyahousehold.com\/wp-content\/uploads\/2024\/06\/Simple-Modern-Lunch-Box-Display-2-12x12.jpg 12w, https:\/\/moyahousehold.com\/wp-content\/uploads\/2024\/06\/Simple-Modern-Lunch-Box-Display-2-285x285.jpg 285w, https:\/\/moyahousehold.com\/wp-content\/uploads\/2024\/06\/Simple-Modern-Lunch-Box-Display-2-270x270.jpg 270w, https:\/\/moyahousehold.com\/wp-content\/uploads\/2024\/06\/Simple-Modern-Lunch-Box-Display-2-540x540.jpg 540w, https:\/\/moyahousehold.com\/wp-content\/uploads\/2024\/06\/Simple-Modern-Lunch-Box-Display-2-660x660.jpg 660w\" sizes=\"(max-width: 800px) 100vw, 800px\" \/><\/figure>\n<\/div>\n\n\n\n<div class=\"wp-block-column is-layout-flow wp-block-column-is-layout-flow\">\n<figure class=\"wp-block-image size-full\"><img loading=\"lazy\" decoding=\"async\" width=\"800\" height=\"800\" src=\"https:\/\/moyahousehold.com\/wp-content\/uploads\/2024\/06\/Simple-Modern-Lunch-Box-Display-3.jpg\" alt=\"Expositor de fiambreras moderno y sencillo (3)\" class=\"wp-image-8698\" srcset=\"https:\/\/moyahousehold.com\/wp-content\/uploads\/2024\/06\/Simple-Modern-Lunch-Box-Display-3.jpg 800w, https:\/\/moyahousehold.com\/wp-content\/uploads\/2024\/06\/Simple-Modern-Lunch-Box-Display-3-300x300.jpg 300w, https:\/\/moyahousehold.com\/wp-content\/uploads\/2024\/06\/Simple-Modern-Lunch-Box-Display-3-150x150.jpg 150w, https:\/\/moyahousehold.com\/wp-content\/uploads\/2024\/06\/Simple-Modern-Lunch-Box-Display-3-768x768.jpg 768w, https:\/\/moyahousehold.com\/wp-content\/uploads\/2024\/06\/Simple-Modern-Lunch-Box-Display-3-12x12.jpg 12w, https:\/\/moyahousehold.com\/wp-content\/uploads\/2024\/06\/Simple-Modern-Lunch-Box-Display-3-285x285.jpg 285w, https:\/\/moyahousehold.com\/wp-content\/uploads\/2024\/06\/Simple-Modern-Lunch-Box-Display-3-270x270.jpg 270w, https:\/\/moyahousehold.com\/wp-content\/uploads\/2024\/06\/Simple-Modern-Lunch-Box-Display-3-540x540.jpg 540w, https:\/\/moyahousehold.com\/wp-content\/uploads\/2024\/06\/Simple-Modern-Lunch-Box-Display-3-660x660.jpg 660w\" sizes=\"(max-width: 800px) 100vw, 800px\" \/><\/figure>\n<\/div>\n<\/div>","protected":false},"excerpt":{"rendered":"<p>Mayorista de fiambreras modernas y sencillas, nuestras fiambreras son elegantes y funcionales, con tres estilos para elegir. Esta fiambrera tiene un dise\u00f1o de m\u00faltiples capas, se puede combinar libremente en una fiambrera de doble capa o una fiambrera de 3 capas. Adecuada para su uso en oficinas, escuelas, actividades al aire libre y otros lugares. P\u00f3ngase en contacto con nosotros para solicitar un presupuesto.<\/p>\n<h3>Caracter\u00edsticas y ventajas de la fiambrera<\/h3>\n<p><strong>Dise\u00f1o sencillo y moderno:<\/strong> Esta fiambrera adopta un dise\u00f1o sencillo y moderno, que se ajusta a la tendencia de la moda, acompa\u00f1a perfectamente la hora del almuerzo y hace que cada comida est\u00e9 llena de belleza.<\/p>\n<p><strong>Dise\u00f1o de compartimentos multifuncionales:<\/strong> Cada capa de esta fiambrera tiene 2 compartimentos, que pueden clasificar y almacenar eficazmente los alimentos y mantener el sabor de la comida.<\/p>\n<p><strong>Dise\u00f1o de sopera independiente:<\/strong> La fiambrera est\u00e1 equipada con una sopera sellada independiente, muy pr\u00e1ctica para guardar sopa u otros alimentos l\u00edquidos.<\/p>\n<p><strong>C\u00f3modo almacenamiento de la vajilla:<\/strong> Esta fiambrera lleva incorporado un compartimento para vajilla, especialmente dise\u00f1ado para guardar cucharas, palillos y otros utensilios de mesa, lo que resulta c\u00f3modo de transportar y m\u00e1s pr\u00e1ctico de usar.<\/p>\n<p><strong>Servicios de personalizaci\u00f3n y venta al por mayor:<\/strong> Proporcionamos servicios de fiambrera al por mayor, apoyamos soluciones de fiambrera a medida, satisfacemos necesidades personalizadas y somos adecuados para la personalizaci\u00f3n corporativa y las compras al por mayor.<\/p>","protected":false},"featured_media":8702,"comment_status":"open","ping_status":"closed","template":"","meta":[],"product_cat":[58],"product_tag":[89,90,86,92],"class_list":{"0":"post-5245","1":"product","2":"type-product","3":"status-publish","4":"has-post-thumbnail","6":"product_cat-lunch-box-wholesale","7":"product_tag-wholesale-3-layer-lunch-box","8":"product_tag-wholesale-double-layer-lunch-box","9":"product_tag-wholesale-insulated-lunch-box","10":"product_tag-wholesale-rectangle-lunch-box","12":"first","13":"instock","14":"shipping-taxable","15":"product-type-simple"},"_links":{"self":[{"href":"https:\/\/moyahousehold.com\/es\/wp-json\/wp\/v2\/product\/5245","targetHints":{"allow":["GET"]}}],"collection":[{"href":"https:\/\/moyahousehold.com\/es\/wp-json\/wp\/v2\/product"}],"about":[{"href":"https:\/\/moyahousehold.com\/es\/wp-json\/wp\/v2\/types\/product"}],"replies":[{"embeddable":true,"href":"https:\/\/moyahousehold.com\/es\/wp-json\/wp\/v2\/comments?post=5245"}],"version-history":[{"count":0,"href":"https:\/\/moyahousehold.com\/es\/wp-json\/wp\/v2\/product\/5245\/revisions"}],"wp:featuredmedia":[{"embeddable":true,"href":"https:\/\/moyahousehold.com\/es\/wp-json\/wp\/v2\/media\/8702"}],"wp:attachment":[{"href":"https:\/\/moyahousehold.com\/es\/wp-json\/wp\/v2\/media?parent=5245"}],"wp:term":[{"taxonomy":"product_cat","embeddable":true,"href":"https:\/\/moyahousehold.com\/es\/wp-json\/wp\/v2\/product_cat?post=5245"},{"taxonomy":"product_tag","embeddable":true,"href":"https:\/\/moyahousehold.com\/es\/wp-json\/wp\/v2\/product_tag?post=5245"}],"curies":[{"name":"wp","href":"https:\/\/api.w.org\/{rel}","templated":true}]}}