{"id":5261,"date":"2024-06-07T06:53:44","date_gmt":"2024-06-07T06:53:44","guid":{"rendered":"https:\/\/moyahousehold.com\/?post_type=product&#038;p=5261"},"modified":"2025-02-05T08:40:19","modified_gmt":"2025-02-05T08:40:19","slug":"wholesale-insulated-stainless-steel-food-containers","status":"publish","type":"product","link":"https:\/\/moyahousehold.com\/es\/producto\/venta-al-por-mayor-recipientes-isotermicos-de-acero-inoxidable-para-alimentos\/","title":{"rendered":"Mayorista Contenedores de Acero Inoxidable Aislados con Asa para Llevar la Comida o Almacenar Alimentos"},"content":{"rendered":"<h2 class=\"wp-block-heading\">Par\u00e1metros del contenedor aislado de acero inoxidable para alimentos<\/h2>\n\n\n\n<p><strong>material:<\/strong>304 + PP <strong> color:<\/strong>Acero<\/p>\n\n\n\n<figure class=\"wp-block-table\"><table><tbody><tr><td>N\u00famero de modelo<\/td><td>capacidad<\/td><td>Tama\u00f1o del producto<\/td><td>Tama\u00f1o de la caja exterior<\/td><td>Cantidad por caja<\/td><td>N.W<\/td><td>G.W\/Caso<\/td><\/tr><tr><td>MYLY010<\/td><td>Una capa<\/td><td>14.6*14.6*16.5<\/td><td>64*64*42<\/td><td>32<\/td><td>0.81<\/td><td>29<\/td><\/tr><tr><td>MYLY011<\/td><td>Capas dobles<\/td><td>14.6*14.6*25<\/td><td>48*48*59<\/td><td>18<\/td><td>1.44<\/td><td>29<\/td><\/tr><tr><td>MYLY012<\/td><td>Capas triples<\/td><td>14.6*14.6*33<\/td><td>64*64*38<\/td><td>16<\/td><td>1.63<\/td><td>29<\/td><\/tr><\/tbody><\/table><\/figure>\n\n\n\n<h3 class=\"wp-block-heading\">Recipiente aislado a medida de acero inoxidable para alimentos<\/h3>\n\n\n\n<p><strong>Logotipo:<\/strong> personalice el logotipo de su marca en el producto y el envase.<br><strong>Opciones de logotipo:<\/strong> logotipo impreso, logotipo grabado con l\u00e1ser, etc.<br><strong>Patr\u00f3n: <\/strong>patrones de impresi\u00f3n <br><strong>Tecnolog\u00eda de impresi\u00f3n: <\/strong>impresi\u00f3n por transferencia de agua, serigraf\u00eda, impresi\u00f3n por transferencia de calor, transferencia por sublimaci\u00f3n, etc.<br><strong>Embalaje:<\/strong>caja de color<br><a href=\"https:\/\/moyahousehold.com\/es\/solucion-personalizada\/\"><strong>M\u00e1s informaci\u00f3n sobre los detalles de los contenedores personalizados para alimentos<\/strong><\/a><\/p>\n\n\n\n<div class=\"wp-block-columns is-layout-flex wp-container-core-columns-is-layout-9d6595d7 wp-block-columns-is-layout-flex\">\n<div class=\"wp-block-column is-layout-flow wp-block-column-is-layout-flow\">\n<figure class=\"wp-block-image size-full\"><img fetchpriority=\"high\" decoding=\"async\" width=\"800\" height=\"800\" src=\"https:\/\/moyahousehold.com\/wp-content\/uploads\/2024\/06\/wholesale-food-container-detail-1.jpg\" alt=\"mayorista de envases alimentarios detalle (1)\" class=\"wp-image-8757\" srcset=\"https:\/\/moyahousehold.com\/wp-content\/uploads\/2024\/06\/wholesale-food-container-detail-1.jpg 800w, https:\/\/moyahousehold.com\/wp-content\/uploads\/2024\/06\/wholesale-food-container-detail-1-300x300.jpg 300w, https:\/\/moyahousehold.com\/wp-content\/uploads\/2024\/06\/wholesale-food-container-detail-1-150x150.jpg 150w, https:\/\/moyahousehold.com\/wp-content\/uploads\/2024\/06\/wholesale-food-container-detail-1-768x768.jpg 768w, https:\/\/moyahousehold.com\/wp-content\/uploads\/2024\/06\/wholesale-food-container-detail-1-12x12.jpg 12w, https:\/\/moyahousehold.com\/wp-content\/uploads\/2024\/06\/wholesale-food-container-detail-1-285x285.jpg 285w, https:\/\/moyahousehold.com\/wp-content\/uploads\/2024\/06\/wholesale-food-container-detail-1-270x270.jpg 270w, https:\/\/moyahousehold.com\/wp-content\/uploads\/2024\/06\/wholesale-food-container-detail-1-540x540.jpg 540w, https:\/\/moyahousehold.com\/wp-content\/uploads\/2024\/06\/wholesale-food-container-detail-1-660x660.jpg 660w\" sizes=\"(max-width: 800px) 100vw, 800px\" \/><\/figure>\n<\/div>\n\n\n\n<div class=\"wp-block-column is-layout-flow wp-block-column-is-layout-flow\">\n<figure class=\"wp-block-image size-full\"><img decoding=\"async\" width=\"1500\" height=\"1500\" src=\"https:\/\/moyahousehold.com\/wp-content\/uploads\/2024\/06\/wholesale-food-container-detail-2.jpg\" alt=\"mayorista de envases para alimentos detalle (2)\" class=\"wp-image-8758\" srcset=\"https:\/\/moyahousehold.com\/wp-content\/uploads\/2024\/06\/wholesale-food-container-detail-2.jpg 1500w, https:\/\/moyahousehold.com\/wp-content\/uploads\/2024\/06\/wholesale-food-container-detail-2-300x300.jpg 300w, https:\/\/moyahousehold.com\/wp-content\/uploads\/2024\/06\/wholesale-food-container-detail-2-150x150.jpg 150w, https:\/\/moyahousehold.com\/wp-content\/uploads\/2024\/06\/wholesale-food-container-detail-2-768x768.jpg 768w, https:\/\/moyahousehold.com\/wp-content\/uploads\/2024\/06\/wholesale-food-container-detail-2-12x12.jpg 12w, https:\/\/moyahousehold.com\/wp-content\/uploads\/2024\/06\/wholesale-food-container-detail-2-285x285.jpg 285w, https:\/\/moyahousehold.com\/wp-content\/uploads\/2024\/06\/wholesale-food-container-detail-2-270x270.jpg 270w, https:\/\/moyahousehold.com\/wp-content\/uploads\/2024\/06\/wholesale-food-container-detail-2-540x540.jpg 540w, https:\/\/moyahousehold.com\/wp-content\/uploads\/2024\/06\/wholesale-food-container-detail-2-660x660.jpg 660w\" sizes=\"(max-width: 1500px) 100vw, 1500px\" \/><\/figure>\n<\/div>\n<\/div>\n\n\n\n<div class=\"wp-block-columns is-layout-flex wp-container-core-columns-is-layout-9d6595d7 wp-block-columns-is-layout-flex\">\n<div class=\"wp-block-column is-layout-flow wp-block-column-is-layout-flow\"><\/div>\n\n\n\n<div class=\"wp-block-column is-layout-flow wp-block-column-is-layout-flow\"><\/div>\n<\/div>","protected":false},"excerpt":{"rendered":"<p>Con dise\u00f1o de capa de vac\u00edo, estos recipientes aislantes de acero inoxidable para alimentos pueden mantener la temperatura dentro del recipiente durante mucho tiempo en comparaci\u00f3n con las fiambreras normales. Adecuado para escuelas, actividades al aire libre, oficinas y otros lugares. <strong>Ofrecemos servicios de venta al por mayor y personalizados, p\u00f3ngase en contacto con nosotros.<\/strong><\/p>\n<h3>Caracter\u00edsticas y ventajas de los recipientes isot\u00e9rmicos de acero inoxidable para alimentos<\/h3>\n<p><strong>Port\u00e1til: <\/strong>Este recipiente para alimentos es elegante y pr\u00e1ctico, como una cocina m\u00f3vil port\u00e1til, que le ayudar\u00e1 a disfrutar de deliciosa comida en cualquier momento y lugar.<\/p>\n<p><strong>Material de acero inoxidable de calidad alimentaria:<\/strong> Fabricado en acero inoxidable 304 de calidad alimentaria, duradero y resistente a la corrosi\u00f3n, adecuado para almacenar diversos alimentos, m\u00e1s seguro de usar.<\/p>\n<p><strong>Dise\u00f1o multicapa:<\/strong> Este contenedor de alimentos de acero inoxidable adopta un dise\u00f1o en capas, que puede combinarse libremente en fiambreras de 2 capas y fiambreras de 3 capas para garantizar el almacenamiento clasificado de diferentes alimentos.<\/p>\n<p><strong>Buen efecto aislante:<\/strong> El dise\u00f1o de la capa de vac\u00edo puede aislar eficazmente el calor del contenido y mantenerlo caliente durante m\u00e1s tiempo.<\/p>\n<p><strong>Servicios de venta al por mayor y personalizaci\u00f3n:<\/strong> Como fabricante de envases de alimentos, ofrecemos envases de alimentos al por mayor a precios de f\u00e1brica, y apoyamos la personalizaci\u00f3n OEM &amp; ODM, adecuado para compras al por mayor.<\/p>","protected":false},"featured_media":8756,"comment_status":"closed","ping_status":"closed","template":"","meta":[],"product_cat":[58],"product_tag":[89,90,86,91],"class_list":{"0":"post-5261","1":"product","2":"type-product","3":"status-publish","4":"has-post-thumbnail","6":"product_cat-lunch-box-wholesale","7":"product_tag-wholesale-3-layer-lunch-box","8":"product_tag-wholesale-double-layer-lunch-box","9":"product_tag-wholesale-insulated-lunch-box","10":"product_tag-wholesale-round-lunch-box","12":"first","13":"instock","14":"shipping-taxable","15":"product-type-simple"},"_links":{"self":[{"href":"https:\/\/moyahousehold.com\/es\/wp-json\/wp\/v2\/product\/5261","targetHints":{"allow":["GET"]}}],"collection":[{"href":"https:\/\/moyahousehold.com\/es\/wp-json\/wp\/v2\/product"}],"about":[{"href":"https:\/\/moyahousehold.com\/es\/wp-json\/wp\/v2\/types\/product"}],"replies":[{"embeddable":true,"href":"https:\/\/moyahousehold.com\/es\/wp-json\/wp\/v2\/comments?post=5261"}],"version-history":[{"count":0,"href":"https:\/\/moyahousehold.com\/es\/wp-json\/wp\/v2\/product\/5261\/revisions"}],"wp:featuredmedia":[{"embeddable":true,"href":"https:\/\/moyahousehold.com\/es\/wp-json\/wp\/v2\/media\/8756"}],"wp:attachment":[{"href":"https:\/\/moyahousehold.com\/es\/wp-json\/wp\/v2\/media?parent=5261"}],"wp:term":[{"taxonomy":"product_cat","embeddable":true,"href":"https:\/\/moyahousehold.com\/es\/wp-json\/wp\/v2\/product_cat?post=5261"},{"taxonomy":"product_tag","embeddable":true,"href":"https:\/\/moyahousehold.com\/es\/wp-json\/wp\/v2\/product_tag?post=5261"}],"curies":[{"name":"wp","href":"https:\/\/api.w.org\/{rel}","templated":true}]}}