{"id":5271,"date":"2024-06-07T07:25:35","date_gmt":"2024-06-07T07:25:35","guid":{"rendered":"https:\/\/moyahousehold.com\/?post_type=product&#038;p=5271"},"modified":"2025-02-05T08:39:58","modified_gmt":"2025-02-05T08:39:58","slug":"stainless-steel-insulated-food-container-wholesale","status":"publish","type":"product","link":"https:\/\/moyahousehold.com\/es\/producto\/stainless-steel-insulated-food-container-wholesale\/","title":{"rendered":"Recipiente aislado de acero inoxidable para alimentos al por mayor - MOYA Food Container Manufacturer"},"content":{"rendered":"<h2 class=\"wp-block-heading\">Par\u00e1metros del contenedor isot\u00e9rmico de acero inoxidable para alimentos<\/h2>\n\n\n\n<p><strong>material:<\/strong>304 + PP <strong> color:<\/strong>Beige\/caqui<\/p>\n\n\n\n<figure class=\"wp-block-table\"><table><tbody><tr><td>N\u00famero de modelo<\/td><td>capacidad<\/td><td>Tama\u00f1o del producto<\/td><td>Tama\u00f1o de la caja exterior<\/td><td>Cantidad por caja<\/td><td>N.W<\/td><td>G.W\/Caso<\/td><\/tr><tr><td>MYLY013<\/td><td>Una capa<\/td><td>14.6*14.6*16.5<\/td><td>64*64*42<\/td><td>32<\/td><td>0.81<\/td><td>29<\/td><\/tr><tr><td>MYLY014<\/td><td>Capas dobles<\/td><td>14.6*14.6*25<\/td><td>48*48*59<\/td><td>18<\/td><td>1.44<\/td><td>29<\/td><\/tr><tr><td>MYLY015<\/td><td>Capas triples<\/td><td>14.6*14.6*33<\/td><td>64*64*38<\/td><td>16<\/td><td>1.63<\/td><td>29<\/td><\/tr><\/tbody><\/table><\/figure>\n\n\n\n<h3 class=\"wp-block-heading\">Opciones personalizadas de envases para alimentos<\/h3>\n\n\n\n<p>Logotipo: personalice el logotipo de su marca en el producto y el envase.<br>Opciones de logotipo: logotipo impreso, logotipo grabado con l\u00e1ser, etc.<br>Patr\u00f3n: Patrones de impresi\u00f3n <br>Tecnolog\u00eda de impresi\u00f3n: impresi\u00f3n por transferencia de agua, serigraf\u00eda, impresi\u00f3n por transferencia de calor, transferencia por sublimaci\u00f3n, etc.<br>Embalaje:caja de color<br><a href=\"https:\/\/moyahousehold.com\/es\/solucion-personalizada\/\"><strong>M\u00e1s informaci\u00f3n sobre soluciones de envasado de alimentos a medida<\/strong><\/a><\/p>\n\n\n\n<div class=\"wp-block-columns is-layout-flex wp-container-core-columns-is-layout-9d6595d7 wp-block-columns-is-layout-flex\">\n<div class=\"wp-block-column is-layout-flow wp-block-column-is-layout-flow\">\n<figure class=\"wp-block-image size-full\"><img fetchpriority=\"high\" decoding=\"async\" width=\"800\" height=\"800\" src=\"https:\/\/moyahousehold.com\/wp-content\/uploads\/2024\/06\/Stainless-Steel-Insulated-Food-Container-Display-1.jpg\" alt=\"Expositor aislado de acero inoxidable para envases de alimentos (1)\" class=\"wp-image-8635\" srcset=\"https:\/\/moyahousehold.com\/wp-content\/uploads\/2024\/06\/Stainless-Steel-Insulated-Food-Container-Display-1.jpg 800w, https:\/\/moyahousehold.com\/wp-content\/uploads\/2024\/06\/Stainless-Steel-Insulated-Food-Container-Display-1-300x300.jpg 300w, https:\/\/moyahousehold.com\/wp-content\/uploads\/2024\/06\/Stainless-Steel-Insulated-Food-Container-Display-1-150x150.jpg 150w, https:\/\/moyahousehold.com\/wp-content\/uploads\/2024\/06\/Stainless-Steel-Insulated-Food-Container-Display-1-768x768.jpg 768w, https:\/\/moyahousehold.com\/wp-content\/uploads\/2024\/06\/Stainless-Steel-Insulated-Food-Container-Display-1-12x12.jpg 12w, https:\/\/moyahousehold.com\/wp-content\/uploads\/2024\/06\/Stainless-Steel-Insulated-Food-Container-Display-1-285x285.jpg 285w, https:\/\/moyahousehold.com\/wp-content\/uploads\/2024\/06\/Stainless-Steel-Insulated-Food-Container-Display-1-270x270.jpg 270w, https:\/\/moyahousehold.com\/wp-content\/uploads\/2024\/06\/Stainless-Steel-Insulated-Food-Container-Display-1-540x540.jpg 540w, https:\/\/moyahousehold.com\/wp-content\/uploads\/2024\/06\/Stainless-Steel-Insulated-Food-Container-Display-1-660x660.jpg 660w\" sizes=\"(max-width: 800px) 100vw, 800px\" \/><\/figure>\n<\/div>\n\n\n\n<div class=\"wp-block-column is-layout-flow wp-block-column-is-layout-flow\">\n<figure class=\"wp-block-image size-full\"><img decoding=\"async\" width=\"1500\" height=\"1500\" src=\"https:\/\/moyahousehold.com\/wp-content\/uploads\/2024\/06\/Stainless-Steel-Insulated-Food-Container-Display-3.jpg\" alt=\"Expositor aislado de acero inoxidable para envases de alimentos (3)\" class=\"wp-image-8637\" srcset=\"https:\/\/moyahousehold.com\/wp-content\/uploads\/2024\/06\/Stainless-Steel-Insulated-Food-Container-Display-3.jpg 1500w, https:\/\/moyahousehold.com\/wp-content\/uploads\/2024\/06\/Stainless-Steel-Insulated-Food-Container-Display-3-300x300.jpg 300w, https:\/\/moyahousehold.com\/wp-content\/uploads\/2024\/06\/Stainless-Steel-Insulated-Food-Container-Display-3-150x150.jpg 150w, https:\/\/moyahousehold.com\/wp-content\/uploads\/2024\/06\/Stainless-Steel-Insulated-Food-Container-Display-3-768x768.jpg 768w, https:\/\/moyahousehold.com\/wp-content\/uploads\/2024\/06\/Stainless-Steel-Insulated-Food-Container-Display-3-12x12.jpg 12w, https:\/\/moyahousehold.com\/wp-content\/uploads\/2024\/06\/Stainless-Steel-Insulated-Food-Container-Display-3-285x285.jpg 285w, https:\/\/moyahousehold.com\/wp-content\/uploads\/2024\/06\/Stainless-Steel-Insulated-Food-Container-Display-3-270x270.jpg 270w, https:\/\/moyahousehold.com\/wp-content\/uploads\/2024\/06\/Stainless-Steel-Insulated-Food-Container-Display-3-540x540.jpg 540w, https:\/\/moyahousehold.com\/wp-content\/uploads\/2024\/06\/Stainless-Steel-Insulated-Food-Container-Display-3-660x660.jpg 660w\" sizes=\"(max-width: 1500px) 100vw, 1500px\" \/><\/figure>\n<\/div>\n<\/div>","protected":false},"excerpt":{"rendered":"<p>Recipiente aislante para alimentos de acero inoxidable al por mayor. Este contenedor de alimentos puede mantener la comida caliente o fr\u00eda durante mucho tiempo, con dise\u00f1o de m\u00faltiples capas, puede distribuir razonablemente los alimentos. Y tiene un aspecto bonito. Es muy adecuado para llevar de picnic o a la escuela. P\u00f3ngase en contacto con nosotros para solicitar un presupuesto.<\/p>\n<h3>Caracter\u00edsticas del recipiente isot\u00e9rmico de acero inoxidable para alimentos<\/h3>\n<p><strong>Seguridad alimentaria:<\/strong> El contenedor de alimentos aislado al vac\u00edo est\u00e1 hecho de acero inoxidable 304, que cumple las normas de salud y seguridad y es m\u00e1s fiable de usar.<\/p>\n<p><strong>Efecto superaislante:<\/strong> Este recipiente para alimentos adopta un dise\u00f1o de capas al vac\u00edo, que a\u00edsla eficazmente el calor y tiene un buen efecto aislante.<\/p>\n<p><strong>Dise\u00f1o multicapa:<\/strong> Puede elegir libremente el n\u00famero de capas del contenedor de alimentos. El dise\u00f1o en capas puede evitar que diferentes alimentos mezclen sabores y mantengan sus respectivos sabores.<\/p>\n<p><strong>F\u00e1cil de limpiar:<\/strong> El interior de este recipiente aislante de acero inoxidable para alimentos est\u00e1 pulido, la superficie interior es lisa y su limpieza es f\u00e1cil y laboriosa.<\/p>\n<p><strong>Muestras gratuitas:<\/strong> Antes de adquirir envases para alimentos al por mayor, le proporcionamos muestras gratuitas para que pueda conocer mejor nuestros productos.<\/p>\n<p>&nbsp;<\/p>","protected":false},"featured_media":8671,"comment_status":"open","ping_status":"closed","template":"","meta":[],"product_cat":[58],"product_tag":[89,90,86,91],"class_list":{"0":"post-5271","1":"product","2":"type-product","3":"status-publish","4":"has-post-thumbnail","6":"product_cat-lunch-box-wholesale","7":"product_tag-wholesale-3-layer-lunch-box","8":"product_tag-wholesale-double-layer-lunch-box","9":"product_tag-wholesale-insulated-lunch-box","10":"product_tag-wholesale-round-lunch-box","12":"first","13":"instock","14":"shipping-taxable","15":"product-type-simple"},"_links":{"self":[{"href":"https:\/\/moyahousehold.com\/es\/wp-json\/wp\/v2\/product\/5271","targetHints":{"allow":["GET"]}}],"collection":[{"href":"https:\/\/moyahousehold.com\/es\/wp-json\/wp\/v2\/product"}],"about":[{"href":"https:\/\/moyahousehold.com\/es\/wp-json\/wp\/v2\/types\/product"}],"replies":[{"embeddable":true,"href":"https:\/\/moyahousehold.com\/es\/wp-json\/wp\/v2\/comments?post=5271"}],"version-history":[{"count":0,"href":"https:\/\/moyahousehold.com\/es\/wp-json\/wp\/v2\/product\/5271\/revisions"}],"wp:featuredmedia":[{"embeddable":true,"href":"https:\/\/moyahousehold.com\/es\/wp-json\/wp\/v2\/media\/8671"}],"wp:attachment":[{"href":"https:\/\/moyahousehold.com\/es\/wp-json\/wp\/v2\/media?parent=5271"}],"wp:term":[{"taxonomy":"product_cat","embeddable":true,"href":"https:\/\/moyahousehold.com\/es\/wp-json\/wp\/v2\/product_cat?post=5271"},{"taxonomy":"product_tag","embeddable":true,"href":"https:\/\/moyahousehold.com\/es\/wp-json\/wp\/v2\/product_tag?post=5271"}],"curies":[{"name":"wp","href":"https:\/\/api.w.org\/{rel}","templated":true}]}}