{"id":5289,"date":"2024-06-07T07:45:11","date_gmt":"2024-06-07T07:45:11","guid":{"rendered":"https:\/\/moyahousehold.com\/?post_type=product&#038;p=5289"},"modified":"2025-04-22T09:20:11","modified_gmt":"2025-04-22T09:20:11","slug":"wholesale-bulk-lunch-boxes","status":"publish","type":"product","link":"https:\/\/moyahousehold.com\/es\/producto\/wholesale-bulk-lunch-boxes\/","title":{"rendered":"Mayorista Elegantes Fiambreras Aislantes para Mujer: Dise\u00f1o Multicapa, Aspecto Exquisito"},"content":{"rendered":"<h2 class=\"wp-block-heading\">Par\u00e1metros de las fiambreras isot\u00e9rmicas con estilo para mujeres<\/h2>\n\n\n\n<p><strong>material:<\/strong>304 + PP <strong> color:<\/strong>Beige\/caqui<\/p>\n\n\n\n<figure class=\"wp-block-table\"><table><tbody><tr><td>N\u00famero de modelo<\/td><td>capacidad<\/td><td>Tama\u00f1o del producto<\/td><td>Tama\u00f1o de la caja exterior<\/td><td>Cantidad por caja<\/td><td>N.W<\/td><td>G.W\/Caso<\/td><\/tr><tr><td>MYSC001<\/td><td>900 ml<\/td><td>19.5*12*8<\/td><td>62*53*43<\/td><td>48<\/td><td>0.35<\/td><td>18.8<\/td><\/tr><tr><td>MYSC002<\/td><td>1600 ml<\/td><td>19.5*12*14.5<\/td><td>63*53*49<\/td><td>36<\/td><td>0.7<\/td><td>27.2<\/td><\/tr><tr><td>MYSC003<\/td><td>2300 ml<\/td><td>19.5*12*22.5<\/td><td>62*53*45<\/td><td>24<\/td><td>1<\/td><td>26<\/td><\/tr><\/tbody><\/table><\/figure>\n\n\n\n<h3 class=\"wp-block-heading\">Opciones de fiambreras personalizadas<\/h3>\n\n\n\n<p><strong>Logotipo:<\/strong> Personalice el logotipo de su marca en fiambreras y envases.<br><strong>Opciones de logotipo: <\/strong>logotipo impreso, logotipo grabado con l\u00e1ser, etc.<br><strong>Patr\u00f3n: <\/strong>Patrones de impresi\u00f3n <br><strong>Tecnolog\u00eda de impresi\u00f3n:<\/strong> impresi\u00f3n por transferencia de agua, serigraf\u00eda, impresi\u00f3n por transferencia de calor, transferencia por sublimaci\u00f3n, etc.<br><strong>Embalaje<\/strong>: Caja de color<br><a href=\"https:\/\/moyahousehold.com\/es\/solucion-personalizada\/\"><strong>M\u00e1s informaci\u00f3n sobre las fiambreras personalizadas<\/strong><\/a><\/p>\n\n\n\n<div class=\"wp-block-columns is-layout-flex wp-container-core-columns-is-layout-9d6595d7 wp-block-columns-is-layout-flex\">\n<div class=\"wp-block-column is-layout-flow wp-block-column-is-layout-flow\">\n<figure class=\"wp-block-image size-full\"><img fetchpriority=\"high\" decoding=\"async\" width=\"3642\" height=\"3642\" src=\"https:\/\/moyahousehold.com\/wp-content\/uploads\/2024\/06\/MYSC001-003-10.webp\" alt=\"loncheras al por mayor\" class=\"wp-image-5297\" srcset=\"https:\/\/moyahousehold.com\/wp-content\/uploads\/2024\/06\/MYSC001-003-10.webp 3642w, https:\/\/moyahousehold.com\/wp-content\/uploads\/2024\/06\/MYSC001-003-10-300x300.webp 300w, https:\/\/moyahousehold.com\/wp-content\/uploads\/2024\/06\/MYSC001-003-10-150x150.webp 150w, https:\/\/moyahousehold.com\/wp-content\/uploads\/2024\/06\/MYSC001-003-10-768x768.webp 768w, https:\/\/moyahousehold.com\/wp-content\/uploads\/2024\/06\/MYSC001-003-10-285x285.webp 285w, https:\/\/moyahousehold.com\/wp-content\/uploads\/2024\/06\/MYSC001-003-10-1600x1600.webp 1600w, https:\/\/moyahousehold.com\/wp-content\/uploads\/2024\/06\/MYSC001-003-10-270x270.webp 270w, https:\/\/moyahousehold.com\/wp-content\/uploads\/2024\/06\/MYSC001-003-10-540x540.webp 540w, https:\/\/moyahousehold.com\/wp-content\/uploads\/2024\/06\/MYSC001-003-10-660x660.webp 660w\" sizes=\"(max-width: 3642px) 100vw, 3642px\" \/><\/figure>\n<\/div>\n\n\n\n<div class=\"wp-block-column is-layout-flow wp-block-column-is-layout-flow\">\n<figure class=\"wp-block-image size-full\"><img decoding=\"async\" width=\"3629\" height=\"3629\" src=\"https:\/\/moyahousehold.com\/wp-content\/uploads\/2024\/06\/MYSC001-003-11.webp\" alt=\"loncheras al por mayor\" class=\"wp-image-5298\" srcset=\"https:\/\/moyahousehold.com\/wp-content\/uploads\/2024\/06\/MYSC001-003-11.webp 3629w, https:\/\/moyahousehold.com\/wp-content\/uploads\/2024\/06\/MYSC001-003-11-300x300.webp 300w, https:\/\/moyahousehold.com\/wp-content\/uploads\/2024\/06\/MYSC001-003-11-150x150.webp 150w, https:\/\/moyahousehold.com\/wp-content\/uploads\/2024\/06\/MYSC001-003-11-768x768.webp 768w, https:\/\/moyahousehold.com\/wp-content\/uploads\/2024\/06\/MYSC001-003-11-285x285.webp 285w, https:\/\/moyahousehold.com\/wp-content\/uploads\/2024\/06\/MYSC001-003-11-1600x1600.webp 1600w, https:\/\/moyahousehold.com\/wp-content\/uploads\/2024\/06\/MYSC001-003-11-270x270.webp 270w, https:\/\/moyahousehold.com\/wp-content\/uploads\/2024\/06\/MYSC001-003-11-540x540.webp 540w, https:\/\/moyahousehold.com\/wp-content\/uploads\/2024\/06\/MYSC001-003-11-660x660.webp 660w\" sizes=\"(max-width: 3629px) 100vw, 3629px\" \/><\/figure>\n<\/div>\n<\/div>\n\n\n\n<div class=\"wp-block-columns is-layout-flex wp-container-core-columns-is-layout-9d6595d7 wp-block-columns-is-layout-flex\">\n<div class=\"wp-block-column is-layout-flow wp-block-column-is-layout-flow\">\n<figure class=\"wp-block-image size-full\"><img decoding=\"async\" width=\"3247\" height=\"3247\" src=\"https:\/\/moyahousehold.com\/wp-content\/uploads\/2024\/06\/MYSC001-003-13.webp\" alt=\"loncheras al por mayor\" class=\"wp-image-5299\" srcset=\"https:\/\/moyahousehold.com\/wp-content\/uploads\/2024\/06\/MYSC001-003-13.webp 3247w, https:\/\/moyahousehold.com\/wp-content\/uploads\/2024\/06\/MYSC001-003-13-300x300.webp 300w, https:\/\/moyahousehold.com\/wp-content\/uploads\/2024\/06\/MYSC001-003-13-150x150.webp 150w, https:\/\/moyahousehold.com\/wp-content\/uploads\/2024\/06\/MYSC001-003-13-768x768.webp 768w, https:\/\/moyahousehold.com\/wp-content\/uploads\/2024\/06\/MYSC001-003-13-285x285.webp 285w, https:\/\/moyahousehold.com\/wp-content\/uploads\/2024\/06\/MYSC001-003-13-1600x1600.webp 1600w, https:\/\/moyahousehold.com\/wp-content\/uploads\/2024\/06\/MYSC001-003-13-270x270.webp 270w, https:\/\/moyahousehold.com\/wp-content\/uploads\/2024\/06\/MYSC001-003-13-540x540.webp 540w, https:\/\/moyahousehold.com\/wp-content\/uploads\/2024\/06\/MYSC001-003-13-660x660.webp 660w\" sizes=\"(max-width: 3247px) 100vw, 3247px\" \/><\/figure>\n<\/div>\n\n\n\n<div class=\"wp-block-column is-layout-flow wp-block-column-is-layout-flow\">\n<figure class=\"wp-block-image size-full\"><img loading=\"lazy\" decoding=\"async\" width=\"3341\" height=\"3341\" src=\"https:\/\/moyahousehold.com\/wp-content\/uploads\/2024\/06\/MYSC001-003-14.webp\" alt=\"loncheras al por mayor\" class=\"wp-image-5300\" srcset=\"https:\/\/moyahousehold.com\/wp-content\/uploads\/2024\/06\/MYSC001-003-14.webp 3341w, https:\/\/moyahousehold.com\/wp-content\/uploads\/2024\/06\/MYSC001-003-14-300x300.webp 300w, https:\/\/moyahousehold.com\/wp-content\/uploads\/2024\/06\/MYSC001-003-14-150x150.webp 150w, https:\/\/moyahousehold.com\/wp-content\/uploads\/2024\/06\/MYSC001-003-14-768x768.webp 768w, https:\/\/moyahousehold.com\/wp-content\/uploads\/2024\/06\/MYSC001-003-14-285x285.webp 285w, https:\/\/moyahousehold.com\/wp-content\/uploads\/2024\/06\/MYSC001-003-14-1600x1600.webp 1600w, https:\/\/moyahousehold.com\/wp-content\/uploads\/2024\/06\/MYSC001-003-14-270x270.webp 270w, https:\/\/moyahousehold.com\/wp-content\/uploads\/2024\/06\/MYSC001-003-14-540x540.webp 540w, https:\/\/moyahousehold.com\/wp-content\/uploads\/2024\/06\/MYSC001-003-14-660x660.webp 660w\" sizes=\"(max-width: 3341px) 100vw, 3341px\" \/><\/figure>\n<\/div>\n<\/div>","protected":false},"excerpt":{"rendered":"<p>Disponemos de fiambreras aislantes al por mayor de 900 ml, 1600 ml y 2300 ml. El revestimiento de la fiambrera es de acero inoxidable 304. Es resistente a la corrosi\u00f3n y a la oxidaci\u00f3n. Es resistente a la corrosi\u00f3n y al \u00f3xido, lo que garantiza la seguridad y la salud. Y esta fiambrera tiene un aspecto elegante, combinando a la perfecci\u00f3n practicidad y belleza, adecuada para que la lleven las mujeres. Le invitamos a adquirir nuestras fiambreras al por mayor.<\/p>\n<h3>Caracter\u00edsticas de las elegantes fiambreras isot\u00e9rmicas para mujer<\/h3>\n<p><strong>Dise\u00f1o termoaislante:<\/strong> La cubierta exterior de esta fiambrera es de pl\u00e1stico PP respetuoso con el medio ambiente, que a\u00edsla eficazmente y evita quemaduras, protegiendo la seguridad de los usuarios.<\/p>\n<p><strong>Asa oculta:<\/strong> Esta fiambrera lleva un asa oculta que facilita su transporte y resulta tan bonita como pr\u00e1ctica.<\/p>\n<p><strong>Combinaci\u00f3n multicapa: T<\/strong>sta fiambrera tiene varias capas, y el n\u00famero de capas puede combinarse libremente para satisfacer las necesidades de distintos usuarios.<\/p>\n<p><strong>Material de alta calidad:<\/strong> El interior de la fiambrera es de acero inoxidable 304 apto para uso alimentario y est\u00e1 pulido a espejo, por lo que es muy f\u00e1cil de limpiar.<\/p>\n<p><strong>Personalizaci\u00f3n OEM&amp;ODM:<\/strong> Como fabricante profesional de fiambreras, MOYA ofrece un servicio integral de fiambreras personalizadas para pedidos al por mayor, que incluye materiales, dise\u00f1os y mucho m\u00e1s.<\/p>\n<p>&nbsp;<\/p>","protected":false},"featured_media":8674,"comment_status":"closed","ping_status":"closed","template":"","meta":[],"product_cat":[58],"product_tag":[89,90,86,92],"class_list":{"0":"post-5289","1":"product","2":"type-product","3":"status-publish","4":"has-post-thumbnail","6":"product_cat-lunch-box-wholesale","7":"product_tag-wholesale-3-layer-lunch-box","8":"product_tag-wholesale-double-layer-lunch-box","9":"product_tag-wholesale-insulated-lunch-box","10":"product_tag-wholesale-rectangle-lunch-box","12":"first","13":"instock","14":"shipping-taxable","15":"product-type-simple"},"_links":{"self":[{"href":"https:\/\/moyahousehold.com\/es\/wp-json\/wp\/v2\/product\/5289","targetHints":{"allow":["GET"]}}],"collection":[{"href":"https:\/\/moyahousehold.com\/es\/wp-json\/wp\/v2\/product"}],"about":[{"href":"https:\/\/moyahousehold.com\/es\/wp-json\/wp\/v2\/types\/product"}],"replies":[{"embeddable":true,"href":"https:\/\/moyahousehold.com\/es\/wp-json\/wp\/v2\/comments?post=5289"}],"version-history":[{"count":0,"href":"https:\/\/moyahousehold.com\/es\/wp-json\/wp\/v2\/product\/5289\/revisions"}],"wp:featuredmedia":[{"embeddable":true,"href":"https:\/\/moyahousehold.com\/es\/wp-json\/wp\/v2\/media\/8674"}],"wp:attachment":[{"href":"https:\/\/moyahousehold.com\/es\/wp-json\/wp\/v2\/media?parent=5289"}],"wp:term":[{"taxonomy":"product_cat","embeddable":true,"href":"https:\/\/moyahousehold.com\/es\/wp-json\/wp\/v2\/product_cat?post=5289"},{"taxonomy":"product_tag","embeddable":true,"href":"https:\/\/moyahousehold.com\/es\/wp-json\/wp\/v2\/product_tag?post=5289"}],"curies":[{"name":"wp","href":"https:\/\/api.w.org\/{rel}","templated":true}]}}