{"id":5319,"date":"2024-06-07T09:21:37","date_gmt":"2024-06-07T09:21:37","guid":{"rendered":"https:\/\/moyahousehold.com\/?post_type=product&#038;p=5319"},"modified":"2026-04-14T09:59:33","modified_gmt":"2026-04-14T09:59:33","slug":"custom-insulated-lunch-box-wholesale","status":"publish","type":"product","link":"https:\/\/moyahousehold.com\/es\/producto\/custom-insulated-lunch-box-wholesale\/","title":{"rendered":"Mayorista Fiambrera Aislante Personalizada: Opciones flexibles de personalizaci\u00f3n para su marca"},"content":{"rendered":"<h3 class=\"wp-block-heading\">Par\u00e1metros de la fiambrera isot\u00e9rmica personalizable<\/h3>\n\n\n\n<p><strong>Material:<\/strong> 304 + PP  <strong> Color:<\/strong> Beige<\/p>\n\n\n\n<figure class=\"wp-block-table\"><table><tbody><tr><td><strong>Art\u00edculo<\/strong><\/td><td><strong>Nombre del producto<\/strong><\/td><td><strong>Capacidad<\/strong><\/td><td><strong>Tama\u00f1o del producto<\/strong><\/td><td><strong>PCS\/Caja<\/strong><\/td><td><strong>N.W.\/PCS<\/strong><\/td><td><strong>G.W.\/Caso<\/strong><\/td><\/tr><tr><td>MYJD112<\/td><td>fiambrera aislante de doble capa<\/td><td>750ml-2 capas<\/td><td>11.5*11.5*20<\/td><td>36<\/td><td>0.49<\/td><td>20.64<\/td><\/tr><tr><td>MYJD113<\/td><td>Fiambrera isot\u00e9rmica de 3 capas<\/td><td>1000ml-3 capas<\/td><td>11.5*11.5*26<\/td><td>24<\/td><td>0.66<\/td><td>18.84<\/td><\/tr><\/tbody><\/table><\/figure>\n\n\n\n<h3 class=\"wp-block-heading\">Opciones de fiambreras isot\u00e9rmicas personalizadas<\/h3>\n\n\n\n<p><strong>Logotipo<\/strong>Personalice el logotipo de su marca en fiambreras y envases.<br><strong>Logo Options<\/strong>Logotipo impreso, logotipo grabado con l\u00e1ser, etc.<br><strong>Patr\u00f3n<\/strong>: Impresi\u00f3n de motivos personalizados en fiambreras<br><strong>Printing Technology<\/strong>Impresi\u00f3n por transferencia de agua, serigraf\u00eda, transferencia de calor, sublimaci\u00f3n, etc.<br><strong>Paquete<\/strong>: caja de color<br><a href=\"https:\/\/moyahousehold.com\/es\/solucion-personalizada\/\"><strong>M\u00e1s informaci\u00f3n sobre las fiambreras personalizadas<\/strong><\/a><\/p>\n\n\n\n<div class=\"wp-block-columns is-layout-flex wp-container-core-columns-is-layout-9d6595d7 wp-block-columns-is-layout-flex\">\n<div class=\"wp-block-column is-layout-flow wp-block-column-is-layout-flow\">\n<figure class=\"wp-block-image size-full\"><img fetchpriority=\"high\" decoding=\"async\" width=\"3579\" height=\"3579\" src=\"https:\/\/moyahousehold.com\/wp-content\/uploads\/2024\/06\/custom-insulated-lunch-box-2-1.webp\" alt=\"fiambrera isot\u00e9rmica personalizada\" class=\"wp-image-5330\" srcset=\"https:\/\/moyahousehold.com\/wp-content\/uploads\/2024\/06\/custom-insulated-lunch-box-2-1.webp 3579w, https:\/\/moyahousehold.com\/wp-content\/uploads\/2024\/06\/custom-insulated-lunch-box-2-1-300x300.webp 300w, https:\/\/moyahousehold.com\/wp-content\/uploads\/2024\/06\/custom-insulated-lunch-box-2-1-150x150.webp 150w, https:\/\/moyahousehold.com\/wp-content\/uploads\/2024\/06\/custom-insulated-lunch-box-2-1-768x768.webp 768w, https:\/\/moyahousehold.com\/wp-content\/uploads\/2024\/06\/custom-insulated-lunch-box-2-1-285x285.webp 285w, https:\/\/moyahousehold.com\/wp-content\/uploads\/2024\/06\/custom-insulated-lunch-box-2-1-1600x1600.webp 1600w, https:\/\/moyahousehold.com\/wp-content\/uploads\/2024\/06\/custom-insulated-lunch-box-2-1-270x270.webp 270w, https:\/\/moyahousehold.com\/wp-content\/uploads\/2024\/06\/custom-insulated-lunch-box-2-1-540x540.webp 540w, https:\/\/moyahousehold.com\/wp-content\/uploads\/2024\/06\/custom-insulated-lunch-box-2-1-660x660.webp 660w\" sizes=\"(max-width: 3579px) 100vw, 3579px\" \/><\/figure>\n<\/div>\n\n\n\n<div class=\"wp-block-column is-layout-flow wp-block-column-is-layout-flow\">\n<figure class=\"wp-block-image size-full\"><img decoding=\"async\" width=\"3623\" height=\"3623\" src=\"https:\/\/moyahousehold.com\/wp-content\/uploads\/2024\/06\/custom-insulated-lunch-box-4-1.webp\" alt=\"fiambrera isot\u00e9rmica personalizada\" class=\"wp-image-5332\" srcset=\"https:\/\/moyahousehold.com\/wp-content\/uploads\/2024\/06\/custom-insulated-lunch-box-4-1.webp 3623w, https:\/\/moyahousehold.com\/wp-content\/uploads\/2024\/06\/custom-insulated-lunch-box-4-1-300x300.webp 300w, https:\/\/moyahousehold.com\/wp-content\/uploads\/2024\/06\/custom-insulated-lunch-box-4-1-150x150.webp 150w, https:\/\/moyahousehold.com\/wp-content\/uploads\/2024\/06\/custom-insulated-lunch-box-4-1-768x768.webp 768w, https:\/\/moyahousehold.com\/wp-content\/uploads\/2024\/06\/custom-insulated-lunch-box-4-1-285x285.webp 285w, https:\/\/moyahousehold.com\/wp-content\/uploads\/2024\/06\/custom-insulated-lunch-box-4-1-1600x1600.webp 1600w, https:\/\/moyahousehold.com\/wp-content\/uploads\/2024\/06\/custom-insulated-lunch-box-4-1-270x270.webp 270w, https:\/\/moyahousehold.com\/wp-content\/uploads\/2024\/06\/custom-insulated-lunch-box-4-1-540x540.webp 540w, https:\/\/moyahousehold.com\/wp-content\/uploads\/2024\/06\/custom-insulated-lunch-box-4-1-660x660.webp 660w\" sizes=\"(max-width: 3623px) 100vw, 3623px\" \/><\/figure>\n<\/div>\n<\/div>\n\n\n\n<div class=\"wp-block-columns is-layout-flex wp-container-core-columns-is-layout-9d6595d7 wp-block-columns-is-layout-flex\">\n<div class=\"wp-block-column is-layout-flow wp-block-column-is-layout-flow\">\n<figure class=\"wp-block-image size-full\"><img decoding=\"async\" width=\"3514\" height=\"3514\" src=\"https:\/\/moyahousehold.com\/wp-content\/uploads\/2024\/06\/custom-insulated-lunch-box-5.webp\" alt=\"fiambrera isot\u00e9rmica personalizada\" class=\"wp-image-5333\" srcset=\"https:\/\/moyahousehold.com\/wp-content\/uploads\/2024\/06\/custom-insulated-lunch-box-5.webp 3514w, https:\/\/moyahousehold.com\/wp-content\/uploads\/2024\/06\/custom-insulated-lunch-box-5-300x300.webp 300w, https:\/\/moyahousehold.com\/wp-content\/uploads\/2024\/06\/custom-insulated-lunch-box-5-150x150.webp 150w, https:\/\/moyahousehold.com\/wp-content\/uploads\/2024\/06\/custom-insulated-lunch-box-5-768x768.webp 768w, https:\/\/moyahousehold.com\/wp-content\/uploads\/2024\/06\/custom-insulated-lunch-box-5-285x285.webp 285w, https:\/\/moyahousehold.com\/wp-content\/uploads\/2024\/06\/custom-insulated-lunch-box-5-1600x1600.webp 1600w, https:\/\/moyahousehold.com\/wp-content\/uploads\/2024\/06\/custom-insulated-lunch-box-5-270x270.webp 270w, https:\/\/moyahousehold.com\/wp-content\/uploads\/2024\/06\/custom-insulated-lunch-box-5-540x540.webp 540w, https:\/\/moyahousehold.com\/wp-content\/uploads\/2024\/06\/custom-insulated-lunch-box-5-660x660.webp 660w\" sizes=\"(max-width: 3514px) 100vw, 3514px\" \/><\/figure>\n<\/div>\n\n\n\n<div class=\"wp-block-column is-layout-flow wp-block-column-is-layout-flow\">\n<figure class=\"wp-block-image size-full\"><img loading=\"lazy\" decoding=\"async\" width=\"3447\" height=\"3447\" src=\"https:\/\/moyahousehold.com\/wp-content\/uploads\/2024\/06\/custom-insulated-lunch-box-6.webp\" alt=\"fiambrera isot\u00e9rmica personalizada\" class=\"wp-image-5334\" srcset=\"https:\/\/moyahousehold.com\/wp-content\/uploads\/2024\/06\/custom-insulated-lunch-box-6.webp 3447w, https:\/\/moyahousehold.com\/wp-content\/uploads\/2024\/06\/custom-insulated-lunch-box-6-300x300.webp 300w, https:\/\/moyahousehold.com\/wp-content\/uploads\/2024\/06\/custom-insulated-lunch-box-6-150x150.webp 150w, https:\/\/moyahousehold.com\/wp-content\/uploads\/2024\/06\/custom-insulated-lunch-box-6-768x768.webp 768w, https:\/\/moyahousehold.com\/wp-content\/uploads\/2024\/06\/custom-insulated-lunch-box-6-285x285.webp 285w, https:\/\/moyahousehold.com\/wp-content\/uploads\/2024\/06\/custom-insulated-lunch-box-6-1600x1600.webp 1600w, https:\/\/moyahousehold.com\/wp-content\/uploads\/2024\/06\/custom-insulated-lunch-box-6-270x270.webp 270w, https:\/\/moyahousehold.com\/wp-content\/uploads\/2024\/06\/custom-insulated-lunch-box-6-540x540.webp 540w, https:\/\/moyahousehold.com\/wp-content\/uploads\/2024\/06\/custom-insulated-lunch-box-6-660x660.webp 660w\" sizes=\"(max-width: 3447px) 100vw, 3447px\" \/><\/figure>\n<\/div>\n<\/div>","protected":false},"excerpt":{"rendered":"<p>Mayorista de fiambreras isot\u00e9rmicas personalizables, esta serie de fiambreras isot\u00e9rmicas tiene dos estilos: fiambrera de doble capa y fiambrera de triple capa, que pueden mantener la temperatura de los alimentos durante mucho tiempo y son adecuadas para llevar a cabo. Ofrecemos soluciones profesionales de fiambreras personalizadas. Incluyendo la capacidad personalizada, color, dise\u00f1o de impresi\u00f3n y m\u00e1s, personalizar productos exclusivos de la caja de almuerzo de marca para usted. P\u00f3ngase en contacto con nosotros.<\/p>\n<h3>Caracter\u00edsticas de la fiambrera isot\u00e9rmica personalizable<\/h3>\n<p><strong>Multi-layer Design:<\/strong> Esta fiambrera isot\u00e9rmica tiene un dise\u00f1o multicapa. Puede combinar y elegir libremente una fiambrera de doble capa o una fiambrera de triple capa.<\/p>\n<p><strong>Good Insulation Effect:<\/strong> El forro interior de la fiambrera es de acero inoxidable 304, y el centro es de material aislante de espuma, que puede mantener el calor hasta 10 horas.<\/p>\n<p><strong>Ergonomic Handle:<\/strong> Esta fiambrera tiene un asa ancha y c\u00f3moda; se puede transportar f\u00e1cilmente, lo que permite disfrutar de un delicioso almuerzo en cualquier momento;<\/p>\n<p><strong>Good Airtightness:<\/strong> La fiambrera lleva incorporada una junta de estanqueidad, que no gotear\u00e1 aunque se agite violentamente, por lo que ya no tendr\u00e1 que preocuparse, y la experiencia de uso mejorar\u00e1 notablemente.<\/p>\n<p><strong>Customized Service:<\/strong> Ofrecemos soluciones profesionales de fiambreras personalizadas. Podemos personalizar la forma, la capacidad, el dise\u00f1o y el logotipo. Creamos fiambreras de marca exclusiva para usted.<\/p>","protected":false},"featured_media":8062,"comment_status":"open","ping_status":"closed","template":"","meta":[],"product_cat":[58],"product_tag":[89,90,86,91],"class_list":{"0":"post-5319","1":"product","2":"type-product","3":"status-publish","4":"has-post-thumbnail","6":"product_cat-lunch-box-wholesale","7":"product_tag-wholesale-3-layer-lunch-box","8":"product_tag-wholesale-double-layer-lunch-box","9":"product_tag-wholesale-insulated-lunch-box","10":"product_tag-wholesale-round-lunch-box","12":"first","13":"instock","14":"shipping-taxable","15":"product-type-simple"},"_links":{"self":[{"href":"https:\/\/moyahousehold.com\/es\/wp-json\/wp\/v2\/product\/5319","targetHints":{"allow":["GET"]}}],"collection":[{"href":"https:\/\/moyahousehold.com\/es\/wp-json\/wp\/v2\/product"}],"about":[{"href":"https:\/\/moyahousehold.com\/es\/wp-json\/wp\/v2\/types\/product"}],"replies":[{"embeddable":true,"href":"https:\/\/moyahousehold.com\/es\/wp-json\/wp\/v2\/comments?post=5319"}],"version-history":[{"count":2,"href":"https:\/\/moyahousehold.com\/es\/wp-json\/wp\/v2\/product\/5319\/revisions"}],"predecessor-version":[{"id":13079,"href":"https:\/\/moyahousehold.com\/es\/wp-json\/wp\/v2\/product\/5319\/revisions\/13079"}],"wp:featuredmedia":[{"embeddable":true,"href":"https:\/\/moyahousehold.com\/es\/wp-json\/wp\/v2\/media\/8062"}],"wp:attachment":[{"href":"https:\/\/moyahousehold.com\/es\/wp-json\/wp\/v2\/media?parent=5319"}],"wp:term":[{"taxonomy":"product_cat","embeddable":true,"href":"https:\/\/moyahousehold.com\/es\/wp-json\/wp\/v2\/product_cat?post=5319"},{"taxonomy":"product_tag","embeddable":true,"href":"https:\/\/moyahousehold.com\/es\/wp-json\/wp\/v2\/product_tag?post=5319"}],"curies":[{"name":"wp","href":"https:\/\/api.w.org\/{rel}","templated":true}]}}