{"id":5338,"date":"2024-06-07T09:50:15","date_gmt":"2024-06-07T09:50:15","guid":{"rendered":"https:\/\/moyahousehold.com\/?post_type=product&#038;p=5338"},"modified":"2025-02-05T08:37:58","modified_gmt":"2025-02-05T08:37:58","slug":"wholesale-stainless-steel-insulated-lunch-box","status":"publish","type":"product","link":"https:\/\/moyahousehold.com\/es\/producto\/wholesale-stainless-steel-insulated-lunch-box\/","title":{"rendered":"Fiambreras calientes aislantes de acero inoxidable al por mayor:800ML y 1200ML"},"content":{"rendered":"<h3 class=\"wp-block-heading\">Par\u00e1metros de la fiambrera caliente aislante<\/h3>\n\n\n\n<p><strong>material:<\/strong>304 + PP <strong> color:<\/strong>Beige<\/p>\n\n\n\n<figure class=\"wp-block-table\"><table><tbody><tr><td>N\u00famero de modelo<\/td><td>capacidad<\/td><td>Tama\u00f1o del producto<\/td><td>Tama\u00f1o de la caja exterior<\/td><td>Cantidad por caja<\/td><td>N.W<\/td><td>G.W\/Caso<\/td><\/tr><tr><td>MYJD115<\/td><td>800 ml<\/td><td>12*12*8<\/td><td>58*43*45<\/td><td>36<\/td><td>0.06<\/td><td>9.36<\/td><\/tr><tr><td>MYJD116<\/td><td>1200 ml<\/td><td>12*12*13<\/td><td>58*43*52<\/td><td>36<\/td><td>0.33<\/td><td>19.08<\/td><\/tr><\/tbody><\/table><\/figure>\n\n\n\n<h3 class=\"wp-block-heading\">Opciones de fiambreras isot\u00e9rmicas personalizadas<\/h3>\n\n\n\n<p><strong>Logotipo: <\/strong>personalice el logotipo de su marca en fiambreras y envases.<br><strong>Opciones de logotipo: <\/strong>logotipo impreso, logotipo grabado con l\u00e1ser, etc.<br><strong>Patr\u00f3n:<\/strong> patrones de impresi\u00f3n <br><strong>Tecnolog\u00eda de impresi\u00f3n: <\/strong>impresi\u00f3n por transferencia de agua, serigraf\u00eda, impresi\u00f3n por transferencia de calor, transferencia por sublimaci\u00f3n, etc.<br><strong>Embalaje: <\/strong>caja de color<br><a href=\"https:\/\/moyahousehold.com\/es\/solucion-personalizada\/\"><strong>M\u00e1s informaci\u00f3n sobre las fiambreras isot\u00e9rmicas personalizadas<\/strong><\/a><\/p>\n\n\n\n<div class=\"wp-block-columns is-layout-flex wp-container-core-columns-is-layout-9d6595d7 wp-block-columns-is-layout-flex\">\n<div class=\"wp-block-column is-layout-flow wp-block-column-is-layout-flow\">\n<figure class=\"wp-block-image size-full\"><img fetchpriority=\"high\" decoding=\"async\" width=\"1500\" height=\"1501\" src=\"https:\/\/moyahousehold.com\/wp-content\/uploads\/2024\/06\/insulated-hot-lunch-box-display-1.jpg\" alt=\"expositor isot\u00e9rmico para fiambrera caliente (1)\" class=\"wp-image-8948\" srcset=\"https:\/\/moyahousehold.com\/wp-content\/uploads\/2024\/06\/insulated-hot-lunch-box-display-1.jpg 1500w, https:\/\/moyahousehold.com\/wp-content\/uploads\/2024\/06\/insulated-hot-lunch-box-display-1-300x300.jpg 300w, https:\/\/moyahousehold.com\/wp-content\/uploads\/2024\/06\/insulated-hot-lunch-box-display-1-150x150.jpg 150w, https:\/\/moyahousehold.com\/wp-content\/uploads\/2024\/06\/insulated-hot-lunch-box-display-1-768x769.jpg 768w, https:\/\/moyahousehold.com\/wp-content\/uploads\/2024\/06\/insulated-hot-lunch-box-display-1-12x12.jpg 12w, https:\/\/moyahousehold.com\/wp-content\/uploads\/2024\/06\/insulated-hot-lunch-box-display-1-285x285.jpg 285w, https:\/\/moyahousehold.com\/wp-content\/uploads\/2024\/06\/insulated-hot-lunch-box-display-1-270x270.jpg 270w, https:\/\/moyahousehold.com\/wp-content\/uploads\/2024\/06\/insulated-hot-lunch-box-display-1-540x540.jpg 540w, https:\/\/moyahousehold.com\/wp-content\/uploads\/2024\/06\/insulated-hot-lunch-box-display-1-660x660.jpg 660w\" sizes=\"(max-width: 1500px) 100vw, 1500px\" \/><\/figure>\n<\/div>\n\n\n\n<div class=\"wp-block-column is-layout-flow wp-block-column-is-layout-flow\">\n<figure class=\"wp-block-image size-full\"><img decoding=\"async\" width=\"1500\" height=\"1501\" src=\"https:\/\/moyahousehold.com\/wp-content\/uploads\/2024\/06\/insulated-hot-lunch-box-display-2.jpg\" alt=\"expositor de fiambreras t\u00e9rmicas (2)\" class=\"wp-image-8949\" srcset=\"https:\/\/moyahousehold.com\/wp-content\/uploads\/2024\/06\/insulated-hot-lunch-box-display-2.jpg 1500w, https:\/\/moyahousehold.com\/wp-content\/uploads\/2024\/06\/insulated-hot-lunch-box-display-2-300x300.jpg 300w, https:\/\/moyahousehold.com\/wp-content\/uploads\/2024\/06\/insulated-hot-lunch-box-display-2-150x150.jpg 150w, https:\/\/moyahousehold.com\/wp-content\/uploads\/2024\/06\/insulated-hot-lunch-box-display-2-768x769.jpg 768w, https:\/\/moyahousehold.com\/wp-content\/uploads\/2024\/06\/insulated-hot-lunch-box-display-2-12x12.jpg 12w, https:\/\/moyahousehold.com\/wp-content\/uploads\/2024\/06\/insulated-hot-lunch-box-display-2-285x285.jpg 285w, https:\/\/moyahousehold.com\/wp-content\/uploads\/2024\/06\/insulated-hot-lunch-box-display-2-270x270.jpg 270w, https:\/\/moyahousehold.com\/wp-content\/uploads\/2024\/06\/insulated-hot-lunch-box-display-2-540x540.jpg 540w, https:\/\/moyahousehold.com\/wp-content\/uploads\/2024\/06\/insulated-hot-lunch-box-display-2-660x660.jpg 660w\" sizes=\"(max-width: 1500px) 100vw, 1500px\" \/><\/figure>\n<\/div>\n<\/div>\n\n\n\n<div class=\"wp-block-columns is-layout-flex wp-container-core-columns-is-layout-9d6595d7 wp-block-columns-is-layout-flex\">\n<div class=\"wp-block-column is-layout-flow wp-block-column-is-layout-flow\"><\/div>\n\n\n\n<div class=\"wp-block-column is-layout-flow wp-block-column-is-layout-flow\"><\/div>\n<\/div>","protected":false},"excerpt":{"rendered":"<p>Mayorista de fiambreras calientes redondas con aislamiento. Ofrecemos estilos de 800 ml y 1200 ml para satisfacer sus necesidades gastron\u00f3micas. Con un bonito dise\u00f1o redondo, es adecuada para llevar a cabo o como regalo. Si lo necesita, podemos ayudarle a desarrollar una soluci\u00f3n detallada y personalizada de fiambrera isot\u00e9rmica de acero inoxidable. Invitamos a los compradores B2B a ponerse en contacto con nosotros para comprar fiambreras calientes aisladas a granel.<\/p>\n<h3>Caracter\u00edsticas y ventajas de la fiambrera isot\u00e9rmica de acero inoxidable<\/h3>\n<p><strong>Dise\u00f1o pr\u00e1ctico:<\/strong> La fiambrera adopta un dise\u00f1o de tres capas con un excelente efecto de conservaci\u00f3n del calor. El revestimiento interior es de acero inoxidable 304, el medio es de material aislante de espuma y la capa exterior es de PP.<\/p>\n<p><strong>Bonita forma:<\/strong> Esta fiambrera caliente aislante adopta un dise\u00f1o redondo, con un aspecto sencillo y elegante, para que pueda mantener un buen estado de \u00e1nimo mientras cena.<\/p>\n<p><strong>Buen sellado:<\/strong> Esta fiambrera aislante tiene un anillo de silicona incorporado y un buen sellado. Los usuarios pueden llevarla con confianza sin preocuparse de que se derrame el contenido de la fiambrera.<\/p>\n<p><strong>Dos estilos:<\/strong> Ofrecemos dos estilos de 800 ml y 1200 ml para satisfacer las necesidades gastron\u00f3micas de los distintos usuarios.<\/p>\n<p><strong>Servicio OEM&amp;ODM:<\/strong> Como fabricante profesional de fiambreras, ofrecemos una soluci\u00f3n integral de fiambreras personalizadas. P\u00f3ngase en contacto con nosotros para personalizar su fiambrera exclusiva.<\/p>\n<p>&nbsp;<\/p>","protected":false},"featured_media":8944,"comment_status":"closed","ping_status":"closed","template":"","meta":[],"product_cat":[58],"product_tag":[86,91],"class_list":{"0":"post-5338","1":"product","2":"type-product","3":"status-publish","4":"has-post-thumbnail","6":"product_cat-lunch-box-wholesale","7":"product_tag-wholesale-insulated-lunch-box","8":"product_tag-wholesale-round-lunch-box","10":"first","11":"instock","12":"shipping-taxable","13":"product-type-simple"},"_links":{"self":[{"href":"https:\/\/moyahousehold.com\/es\/wp-json\/wp\/v2\/product\/5338","targetHints":{"allow":["GET"]}}],"collection":[{"href":"https:\/\/moyahousehold.com\/es\/wp-json\/wp\/v2\/product"}],"about":[{"href":"https:\/\/moyahousehold.com\/es\/wp-json\/wp\/v2\/types\/product"}],"replies":[{"embeddable":true,"href":"https:\/\/moyahousehold.com\/es\/wp-json\/wp\/v2\/comments?post=5338"}],"version-history":[{"count":0,"href":"https:\/\/moyahousehold.com\/es\/wp-json\/wp\/v2\/product\/5338\/revisions"}],"wp:featuredmedia":[{"embeddable":true,"href":"https:\/\/moyahousehold.com\/es\/wp-json\/wp\/v2\/media\/8944"}],"wp:attachment":[{"href":"https:\/\/moyahousehold.com\/es\/wp-json\/wp\/v2\/media?parent=5338"}],"wp:term":[{"taxonomy":"product_cat","embeddable":true,"href":"https:\/\/moyahousehold.com\/es\/wp-json\/wp\/v2\/product_cat?post=5338"},{"taxonomy":"product_tag","embeddable":true,"href":"https:\/\/moyahousehold.com\/es\/wp-json\/wp\/v2\/product_tag?post=5338"}],"curies":[{"name":"wp","href":"https:\/\/api.w.org\/{rel}","templated":true}]}}