{"id":5360,"date":"2024-06-08T01:05:00","date_gmt":"2024-06-08T01:05:00","guid":{"rendered":"https:\/\/moyahousehold.com\/?post_type=product&#038;p=5360"},"modified":"2025-04-22T09:56:59","modified_gmt":"2025-04-22T09:56:59","slug":"stackable-round-lunch-box-wholesale","status":"publish","type":"product","link":"https:\/\/moyahousehold.com\/es\/producto\/stackable-round-lunch-box-wholesale\/","title":{"rendered":"Fiambrera redonda apilable al por mayor: A prueba de fugas y conservaci\u00f3n del calor de larga duraci\u00f3n"},"content":{"rendered":"<h2 class=\"wp-block-heading\">Par\u00e1metros de la fiambrera redonda apilable<\/h2>\n\n\n\n<p><strong>material:<\/strong>316 + PP <strong> color:<\/strong>Beige\/caqui\/blanco\/amarillo<\/p>\n\n\n\n<figure class=\"wp-block-table\"><table><tbody><tr><td>N\u00famero de modelo<\/td><td>capacidad<\/td><td>Tama\u00f1o del producto<\/td><td>Tama\u00f1o de la caja exterior<\/td><td>Cantidad por caja<\/td><td>N.W<\/td><td>G.W\/Caso<\/td><\/tr><tr><td>MYJD108<\/td><td>400ML<\/td><td>11.8*11.8*6.5<\/td><td>61*49*34<\/td><td>100<\/td><td>0.17<\/td><td>19.07<\/td><\/tr><tr><td>MYJD109<\/td><td>600ML<\/td><td>11.8*11.8*8.5<\/td><td>61*49*36<\/td><td>80<\/td><td>0.2<\/td><td>17.58<\/td><\/tr><\/tbody><\/table><\/figure>\n\n\n\n<h3 class=\"wp-block-heading\">Fiambreras personalizadas Opciones<\/h3>\n\n\n\n<p><strong>Logotipo: <\/strong>Personalice el logotipo de su marca en cajas bento y envases.<br><strong>Opciones de logotipo:<\/strong> logotipo impreso, logotipo grabado con l\u00e1ser, etc.<br><strong>Patr\u00f3n: <\/strong>patrones de impresi\u00f3n <br><strong>Tecnolog\u00eda de impresi\u00f3n: <\/strong>impresi\u00f3n por transferencia de agua, serigraf\u00eda, impresi\u00f3n por transferencia de calor, transferencia por sublimaci\u00f3n, etc.<br><strong>Embalaje: <\/strong>caja de color<br><a href=\"https:\/\/moyahousehold.com\/es\/solucion-personalizada\/\"><strong>M\u00e1s informaci\u00f3n sobre soluciones de cajas bento personalizadas<\/strong><\/a><\/p>\n\n\n\n<div class=\"wp-block-columns is-layout-flex wp-container-core-columns-is-layout-9d6595d7 wp-block-columns-is-layout-flex\">\n<div class=\"wp-block-column is-layout-flow wp-block-column-is-layout-flow\">\n<figure class=\"wp-block-image size-full\"><img fetchpriority=\"high\" decoding=\"async\" width=\"1500\" height=\"1500\" src=\"https:\/\/moyahousehold.com\/wp-content\/uploads\/2024\/06\/Macaron-color-round-bento-box.jpg\" alt=\"Caja bento redonda color macaron\" class=\"wp-image-8909\" srcset=\"https:\/\/moyahousehold.com\/wp-content\/uploads\/2024\/06\/Macaron-color-round-bento-box.jpg 1500w, https:\/\/moyahousehold.com\/wp-content\/uploads\/2024\/06\/Macaron-color-round-bento-box-300x300.jpg 300w, https:\/\/moyahousehold.com\/wp-content\/uploads\/2024\/06\/Macaron-color-round-bento-box-150x150.jpg 150w, https:\/\/moyahousehold.com\/wp-content\/uploads\/2024\/06\/Macaron-color-round-bento-box-768x768.jpg 768w, https:\/\/moyahousehold.com\/wp-content\/uploads\/2024\/06\/Macaron-color-round-bento-box-12x12.jpg 12w, https:\/\/moyahousehold.com\/wp-content\/uploads\/2024\/06\/Macaron-color-round-bento-box-285x285.jpg 285w, https:\/\/moyahousehold.com\/wp-content\/uploads\/2024\/06\/Macaron-color-round-bento-box-270x270.jpg 270w, https:\/\/moyahousehold.com\/wp-content\/uploads\/2024\/06\/Macaron-color-round-bento-box-540x540.jpg 540w, https:\/\/moyahousehold.com\/wp-content\/uploads\/2024\/06\/Macaron-color-round-bento-box-660x660.jpg 660w\" sizes=\"(max-width: 1500px) 100vw, 1500px\" \/><\/figure>\n<\/div>\n\n\n\n<div class=\"wp-block-column is-layout-flow wp-block-column-is-layout-flow\">\n<figure class=\"wp-block-image size-full\"><img decoding=\"async\" width=\"1500\" height=\"1500\" src=\"https:\/\/moyahousehold.com\/wp-content\/uploads\/2024\/06\/cute-round-bento-box-display-2.jpg\" alt=\"bonito expositor redondo para cajas bento (2)\" class=\"wp-image-8903\" srcset=\"https:\/\/moyahousehold.com\/wp-content\/uploads\/2024\/06\/cute-round-bento-box-display-2.jpg 1500w, https:\/\/moyahousehold.com\/wp-content\/uploads\/2024\/06\/cute-round-bento-box-display-2-300x300.jpg 300w, https:\/\/moyahousehold.com\/wp-content\/uploads\/2024\/06\/cute-round-bento-box-display-2-150x150.jpg 150w, https:\/\/moyahousehold.com\/wp-content\/uploads\/2024\/06\/cute-round-bento-box-display-2-768x768.jpg 768w, https:\/\/moyahousehold.com\/wp-content\/uploads\/2024\/06\/cute-round-bento-box-display-2-12x12.jpg 12w, https:\/\/moyahousehold.com\/wp-content\/uploads\/2024\/06\/cute-round-bento-box-display-2-285x285.jpg 285w, https:\/\/moyahousehold.com\/wp-content\/uploads\/2024\/06\/cute-round-bento-box-display-2-270x270.jpg 270w, https:\/\/moyahousehold.com\/wp-content\/uploads\/2024\/06\/cute-round-bento-box-display-2-540x540.jpg 540w, https:\/\/moyahousehold.com\/wp-content\/uploads\/2024\/06\/cute-round-bento-box-display-2-660x660.jpg 660w\" sizes=\"(max-width: 1500px) 100vw, 1500px\" \/><\/figure>\n<\/div>\n<\/div>\n\n\n\n<div class=\"wp-block-columns is-layout-flex wp-container-core-columns-is-layout-9d6595d7 wp-block-columns-is-layout-flex\">\n<div class=\"wp-block-column is-layout-flow wp-block-column-is-layout-flow\">\n<figure class=\"wp-block-image size-full\"><img decoding=\"async\" width=\"1500\" height=\"1500\" src=\"https:\/\/moyahousehold.com\/wp-content\/uploads\/2024\/06\/White-round-bento-box.jpg\" alt=\"Caja bento redonda blanca\" class=\"wp-image-8912\" srcset=\"https:\/\/moyahousehold.com\/wp-content\/uploads\/2024\/06\/White-round-bento-box.jpg 1500w, https:\/\/moyahousehold.com\/wp-content\/uploads\/2024\/06\/White-round-bento-box-300x300.jpg 300w, https:\/\/moyahousehold.com\/wp-content\/uploads\/2024\/06\/White-round-bento-box-150x150.jpg 150w, https:\/\/moyahousehold.com\/wp-content\/uploads\/2024\/06\/White-round-bento-box-768x768.jpg 768w, https:\/\/moyahousehold.com\/wp-content\/uploads\/2024\/06\/White-round-bento-box-12x12.jpg 12w, https:\/\/moyahousehold.com\/wp-content\/uploads\/2024\/06\/White-round-bento-box-285x285.jpg 285w, https:\/\/moyahousehold.com\/wp-content\/uploads\/2024\/06\/White-round-bento-box-270x270.jpg 270w, https:\/\/moyahousehold.com\/wp-content\/uploads\/2024\/06\/White-round-bento-box-540x540.jpg 540w, https:\/\/moyahousehold.com\/wp-content\/uploads\/2024\/06\/White-round-bento-box-660x660.jpg 660w\" sizes=\"(max-width: 1500px) 100vw, 1500px\" \/><\/figure>\n<\/div>\n\n\n\n<div class=\"wp-block-column is-layout-flow wp-block-column-is-layout-flow\">\n<figure class=\"wp-block-image size-full\"><img loading=\"lazy\" decoding=\"async\" width=\"1500\" height=\"1500\" src=\"https:\/\/moyahousehold.com\/wp-content\/uploads\/2024\/06\/cute-round-bento-box-display-1.jpg\" alt=\"bonito expositor redondo para cajas bento (1)\" class=\"wp-image-8902\" srcset=\"https:\/\/moyahousehold.com\/wp-content\/uploads\/2024\/06\/cute-round-bento-box-display-1.jpg 1500w, https:\/\/moyahousehold.com\/wp-content\/uploads\/2024\/06\/cute-round-bento-box-display-1-300x300.jpg 300w, https:\/\/moyahousehold.com\/wp-content\/uploads\/2024\/06\/cute-round-bento-box-display-1-150x150.jpg 150w, https:\/\/moyahousehold.com\/wp-content\/uploads\/2024\/06\/cute-round-bento-box-display-1-768x768.jpg 768w, https:\/\/moyahousehold.com\/wp-content\/uploads\/2024\/06\/cute-round-bento-box-display-1-12x12.jpg 12w, https:\/\/moyahousehold.com\/wp-content\/uploads\/2024\/06\/cute-round-bento-box-display-1-285x285.jpg 285w, https:\/\/moyahousehold.com\/wp-content\/uploads\/2024\/06\/cute-round-bento-box-display-1-270x270.jpg 270w, https:\/\/moyahousehold.com\/wp-content\/uploads\/2024\/06\/cute-round-bento-box-display-1-540x540.jpg 540w, https:\/\/moyahousehold.com\/wp-content\/uploads\/2024\/06\/cute-round-bento-box-display-1-660x660.jpg 660w\" sizes=\"(max-width: 1500px) 100vw, 1500px\" \/><\/figure>\n<\/div>\n<\/div>","protected":false},"excerpt":{"rendered":"<p>Fiambrera redonda apilable al por mayor. Esta fiambrera aislante redonda de color macaron no s\u00f3lo tiene un dise\u00f1o elegante, sino tambi\u00e9n un buen efecto de conservaci\u00f3n del calor, que puede mantener la comida caliente hasta 8-10 horas. Est\u00e1 hecha de acero 316 de grado m\u00e9dico, que no s\u00f3lo es m\u00e1s duradero, sino que tambi\u00e9n protege mejor su salud. No s\u00f3lo ofrecemos servicio de venta al por mayor de fiambreras, sino tambi\u00e9n soluciones profesionales de fiambreras personalizadas. P\u00f3ngase en contacto con nosotros.<\/p>\n<h3>Caracter\u00edsticas y ventajas de la fiambrera redonda apilable<\/h3>\n<p><strong>Moderno y bonito<\/strong>: apariencia de color macaron de moda, dise\u00f1o redondo lindo, simple, lleno de vitalidad.<\/p>\n<p><strong>Dise\u00f1o apilable:<\/strong> La fiambrera adopta un dise\u00f1o apilable, que puede apilarse f\u00e1cilmente y ahorra espacio de almacenamiento.<\/p>\n<p><strong>Ligero y c\u00f3modo:<\/strong> Peque\u00f1o y ligero, f\u00e1cil de llevar, adecuado para diversas ocasiones, se puede utilizar al salir, trabajar, fitness, etc.<\/p>\n<p><strong>Forro de alta calidad:<\/strong> El forro de la bonita fiambrera redonda es de acero inoxidable 316 de calidad m\u00e9dica para garantizar la seguridad y la salud de los alimentos.<\/p>\n<p><strong>Carcasa de PP:<\/strong> En la carcasa de la fiambrera redonda se utiliza PP de doble capa, que ser\u00e1 m\u00e1s duradero y mejorar\u00e1 el efecto aislante para evitar que las fluctuaciones de la temperatura exterior afecten a la temperatura interior.<\/p>\n<p><strong>Excelente efecto aislante:<\/strong> Adopta el dise\u00f1o de capa de vac\u00edo que puede hacer que tenga un excelente efecto aislante y bloquear eficazmente la temperatura y la nutrici\u00f3n.<\/p>","protected":false},"featured_media":8910,"comment_status":"closed","ping_status":"closed","template":"","meta":[],"product_cat":[58],"product_tag":[86,91],"class_list":{"0":"post-5360","1":"product","2":"type-product","3":"status-publish","4":"has-post-thumbnail","6":"product_cat-lunch-box-wholesale","7":"product_tag-wholesale-insulated-lunch-box","8":"product_tag-wholesale-round-lunch-box","10":"first","11":"instock","12":"shipping-taxable","13":"product-type-simple"},"_links":{"self":[{"href":"https:\/\/moyahousehold.com\/es\/wp-json\/wp\/v2\/product\/5360","targetHints":{"allow":["GET"]}}],"collection":[{"href":"https:\/\/moyahousehold.com\/es\/wp-json\/wp\/v2\/product"}],"about":[{"href":"https:\/\/moyahousehold.com\/es\/wp-json\/wp\/v2\/types\/product"}],"replies":[{"embeddable":true,"href":"https:\/\/moyahousehold.com\/es\/wp-json\/wp\/v2\/comments?post=5360"}],"version-history":[{"count":0,"href":"https:\/\/moyahousehold.com\/es\/wp-json\/wp\/v2\/product\/5360\/revisions"}],"wp:featuredmedia":[{"embeddable":true,"href":"https:\/\/moyahousehold.com\/es\/wp-json\/wp\/v2\/media\/8910"}],"wp:attachment":[{"href":"https:\/\/moyahousehold.com\/es\/wp-json\/wp\/v2\/media?parent=5360"}],"wp:term":[{"taxonomy":"product_cat","embeddable":true,"href":"https:\/\/moyahousehold.com\/es\/wp-json\/wp\/v2\/product_cat?post=5360"},{"taxonomy":"product_tag","embeddable":true,"href":"https:\/\/moyahousehold.com\/es\/wp-json\/wp\/v2\/product_tag?post=5360"}],"curies":[{"name":"wp","href":"https:\/\/api.w.org\/{rel}","templated":true}]}}