{"id":5390,"date":"2024-06-08T01:41:29","date_gmt":"2024-06-08T01:41:29","guid":{"rendered":"https:\/\/moyahousehold.com\/?post_type=product&#038;p=5390"},"modified":"2025-02-05T10:12:02","modified_gmt":"2025-02-05T10:12:02","slug":"factory-direct-airtight-tea-containers","status":"publish","type":"product","link":"https:\/\/moyahousehold.com\/es\/producto\/factory-direct-airtight-tea-containers\/","title":{"rendered":"Envases herm\u00e9ticos para t\u00e9 directos de f\u00e1brica\u3001Recipientes para caf\u00e9 en grano"},"content":{"rendered":"<h3 class=\"wp-block-heading\">Par\u00e1metros del contenedor herm\u00e9tico de acero inoxidable<\/h3>\n\n\n\n<p><strong>material:<\/strong>304 + PP <strong> color:<\/strong>Rosa\/verde\/beige\/acero<\/p>\n\n\n\n<figure class=\"wp-block-table\"><table><tbody><tr><td>N\u00famero de modelo<\/td><td>capacidad<\/td><td>Tama\u00f1o del producto<\/td><td>Tama\u00f1o de la caja exterior<\/td><td>Cantidad por caja<\/td><td>N.W<\/td><td>G.W\/Caso<\/td><\/tr><tr><td>MYHL001<\/td><td>750 ml<\/td><td>14.3*14.3*9.3<\/td><td>62*35*62<\/td><td>48<\/td><td>0.32<\/td><td>17.36<\/td><\/tr><tr><td>MYHL002<\/td><td>1100 ml<\/td><td>14.3*14.3*11.7<\/td><td>62*41*62<\/td><td>48<\/td><td>0.35<\/td><td>18.8<\/td><\/tr><tr><td>MYHL003<\/td><td>1600 ml<\/td><td>14.3*14.3*14.7<\/td><td>62*49*62<\/td><td>48<\/td><td>0.4<\/td><td>21.2<\/td><\/tr><\/tbody><\/table><\/figure>\n\n\n\n<h3 class=\"wp-block-heading\">Opciones de recipientes herm\u00e9ticos para t\u00e9 personalizados<\/h3>\n\n\n\n<p><strong>Logotipo<\/strong>: personalice el logotipo de su marca en envases y embalajes para alimentos.<br><strong>Opciones de logotipo<\/strong>Logotipo impreso, logotipo grabado con l\u00e1ser, etc.<br><strong>Patr\u00f3n<\/strong>: patrones de impresi\u00f3n <br><strong>Tecnolog\u00eda de impresi\u00f3n<\/strong>Impresi\u00f3n por transferencia de agua, serigraf\u00eda, transferencia de calor, sublimaci\u00f3n, etc.<br><strong>Paquete<\/strong>:caja de color<br><a href=\"https:\/\/moyahousehold.com\/es\/solucion-personalizada\/\"><strong>Descubra m\u00e1s soluciones de envases alimentarios personalizados.<\/strong><\/a><\/p>\n\n\n\n<div class=\"wp-block-columns is-layout-flex wp-container-core-columns-is-layout-9d6595d7 wp-block-columns-is-layout-flex\">\n<div class=\"wp-block-column is-layout-flow wp-block-column-is-layout-flow\">\n<figure class=\"wp-block-image size-full\"><img fetchpriority=\"high\" decoding=\"async\" width=\"1500\" height=\"1500\" src=\"https:\/\/moyahousehold.com\/wp-content\/uploads\/2024\/06\/stainless-steel-airtight-container-display-1.jpg\" alt=\"expositor de recipientes herm\u00e9ticos de acero inoxidable (1)\" class=\"wp-image-9120\" srcset=\"https:\/\/moyahousehold.com\/wp-content\/uploads\/2024\/06\/stainless-steel-airtight-container-display-1.jpg 1500w, https:\/\/moyahousehold.com\/wp-content\/uploads\/2024\/06\/stainless-steel-airtight-container-display-1-300x300.jpg 300w, https:\/\/moyahousehold.com\/wp-content\/uploads\/2024\/06\/stainless-steel-airtight-container-display-1-150x150.jpg 150w, https:\/\/moyahousehold.com\/wp-content\/uploads\/2024\/06\/stainless-steel-airtight-container-display-1-768x768.jpg 768w, https:\/\/moyahousehold.com\/wp-content\/uploads\/2024\/06\/stainless-steel-airtight-container-display-1-12x12.jpg 12w, https:\/\/moyahousehold.com\/wp-content\/uploads\/2024\/06\/stainless-steel-airtight-container-display-1-285x285.jpg 285w, https:\/\/moyahousehold.com\/wp-content\/uploads\/2024\/06\/stainless-steel-airtight-container-display-1-270x270.jpg 270w, https:\/\/moyahousehold.com\/wp-content\/uploads\/2024\/06\/stainless-steel-airtight-container-display-1-540x540.jpg 540w, https:\/\/moyahousehold.com\/wp-content\/uploads\/2024\/06\/stainless-steel-airtight-container-display-1-660x660.jpg 660w\" sizes=\"(max-width: 1500px) 100vw, 1500px\" \/><\/figure>\n<\/div>\n\n\n\n<div class=\"wp-block-column is-layout-flow wp-block-column-is-layout-flow\">\n<figure class=\"wp-block-image size-full\"><img decoding=\"async\" width=\"1500\" height=\"1500\" src=\"https:\/\/moyahousehold.com\/wp-content\/uploads\/2024\/06\/stainless-steel-airtight-container-display-2.jpg\" alt=\"expositor de recipientes herm\u00e9ticos de acero inoxidable (2)\" class=\"wp-image-9121\" srcset=\"https:\/\/moyahousehold.com\/wp-content\/uploads\/2024\/06\/stainless-steel-airtight-container-display-2.jpg 1500w, https:\/\/moyahousehold.com\/wp-content\/uploads\/2024\/06\/stainless-steel-airtight-container-display-2-300x300.jpg 300w, https:\/\/moyahousehold.com\/wp-content\/uploads\/2024\/06\/stainless-steel-airtight-container-display-2-150x150.jpg 150w, https:\/\/moyahousehold.com\/wp-content\/uploads\/2024\/06\/stainless-steel-airtight-container-display-2-768x768.jpg 768w, https:\/\/moyahousehold.com\/wp-content\/uploads\/2024\/06\/stainless-steel-airtight-container-display-2-12x12.jpg 12w, https:\/\/moyahousehold.com\/wp-content\/uploads\/2024\/06\/stainless-steel-airtight-container-display-2-285x285.jpg 285w, https:\/\/moyahousehold.com\/wp-content\/uploads\/2024\/06\/stainless-steel-airtight-container-display-2-270x270.jpg 270w, https:\/\/moyahousehold.com\/wp-content\/uploads\/2024\/06\/stainless-steel-airtight-container-display-2-540x540.jpg 540w, https:\/\/moyahousehold.com\/wp-content\/uploads\/2024\/06\/stainless-steel-airtight-container-display-2-660x660.jpg 660w\" sizes=\"(max-width: 1500px) 100vw, 1500px\" \/><\/figure>\n<\/div>\n<\/div>\n\n\n\n<p><\/p>","protected":false},"excerpt":{"rendered":"<p>Venta directa de f\u00e1brica de recipientes herm\u00e9ticos de acero inoxidable. Pueden utilizarse para almacenar hojas de t\u00e9, granos de caf\u00e9, leche en polvo, etc. El contenedor de t\u00e9 sellado tiene un anillo de silicona incorporado para evitar fugas y garantizar la frescura del t\u00e9. Fabricado en acero inoxidable de calidad alimentaria, tiene una excelente resistencia a los impactos y a la corrosi\u00f3n. Ofrecemos recipientes herm\u00e9ticos de acero inoxidable a precios de f\u00e1brica, p\u00f3ngase en contacto con nosotros para obtener m\u00e1s informaci\u00f3n.<\/p>\n<h3>Caracter\u00edsticas y ventajas del envase herm\u00e9tico de acero inoxidable<\/h3>\n<p><strong>Polivalente:<\/strong> Este recipiente herm\u00e9tico de acero inoxidable puede utilizarse para almacenar t\u00e9, granos de caf\u00e9 y otros alimentos. Es muy adecuado como recipiente herm\u00e9tico para t\u00e9 y para almacenar granos de caf\u00e9.<\/p>\n<p><strong>Buen sellado:<\/strong> Este recipiente de acero inoxidable tiene un buen dise\u00f1o de sellado, que es seguro para el almacenamiento, evita la entrada de polvo y vapor de agua, y mantiene los alimentos limpios y secos.<\/p>\n<p><strong>F\u00e1cil de manejar:<\/strong> Pulse el bot\u00f3n de escape para abrir el almacenamiento, que es conveniente y eficiente, que le da una mejor experiencia.<\/p>\n<p><strong>M\u00faltiples especificaciones:<\/strong> Ofrecemos tres especificaciones de recipientes herm\u00e9ticos: 750 ml, 1100 ml y 1600 ml, para que pueda almacenar distintos tipos de alimentos por separado.<\/p>\n<p><strong>Servicio personalizado:<\/strong> Como fabricante profesional de recipientes para alimentos, MOYA le ofrece una soluci\u00f3n integral de recipientes sellados de acero inoxidable para alimentos.<\/p>","protected":false},"featured_media":9122,"comment_status":"closed","ping_status":"closed","template":"","meta":[],"product_cat":[57],"product_tag":[98],"class_list":{"0":"post-5390","1":"product","2":"type-product","3":"status-publish","4":"has-post-thumbnail","6":"product_cat-food-storage-container-wholesale","7":"product_tag-wholesale-round-food-storage-containers","9":"first","10":"instock","11":"shipping-taxable","12":"product-type-simple"},"_links":{"self":[{"href":"https:\/\/moyahousehold.com\/es\/wp-json\/wp\/v2\/product\/5390","targetHints":{"allow":["GET"]}}],"collection":[{"href":"https:\/\/moyahousehold.com\/es\/wp-json\/wp\/v2\/product"}],"about":[{"href":"https:\/\/moyahousehold.com\/es\/wp-json\/wp\/v2\/types\/product"}],"replies":[{"embeddable":true,"href":"https:\/\/moyahousehold.com\/es\/wp-json\/wp\/v2\/comments?post=5390"}],"version-history":[{"count":0,"href":"https:\/\/moyahousehold.com\/es\/wp-json\/wp\/v2\/product\/5390\/revisions"}],"wp:featuredmedia":[{"embeddable":true,"href":"https:\/\/moyahousehold.com\/es\/wp-json\/wp\/v2\/media\/9122"}],"wp:attachment":[{"href":"https:\/\/moyahousehold.com\/es\/wp-json\/wp\/v2\/media?parent=5390"}],"wp:term":[{"taxonomy":"product_cat","embeddable":true,"href":"https:\/\/moyahousehold.com\/es\/wp-json\/wp\/v2\/product_cat?post=5390"},{"taxonomy":"product_tag","embeddable":true,"href":"https:\/\/moyahousehold.com\/es\/wp-json\/wp\/v2\/product_tag?post=5390"}],"curies":[{"name":"wp","href":"https:\/\/api.w.org\/{rel}","templated":true}]}}