{"id":5425,"date":"2024-06-08T03:10:29","date_gmt":"2024-06-08T03:10:29","guid":{"rendered":"https:\/\/moyahousehold.com\/?post_type=product&#038;p=5425"},"modified":"2025-02-05T08:37:31","modified_gmt":"2025-02-05T08:37:31","slug":"portable-thermal-lunch-box-wholesale","status":"publish","type":"product","link":"https:\/\/moyahousehold.com\/es\/producto\/portable-thermal-lunch-box-wholesale\/","title":{"rendered":"Mayorista Fiambrera t\u00e9rmica port\u00e1til con asa segura para transportarla f\u00e1cilmente"},"content":{"rendered":"<h3 class=\"wp-block-heading\">Par\u00e1metros de la fiambrera t\u00e9rmica port\u00e1til<\/h3>\n\n\n\n<p><strong>material:<\/strong>304 + PP <strong> color:<\/strong>Blanco\/Rosa\/Verde<\/p>\n\n\n\n<figure class=\"wp-block-table\"><table><tbody><tr><td>N\u00famero de modelo<\/td><td>capacidad<\/td><td>Tama\u00f1o del producto<\/td><td>Tama\u00f1o de la caja exterior<\/td><td>Cantidad por caja<\/td><td>N.W<\/td><td>G.W\/Caso<\/td><\/tr><tr><td>MYJJL01<\/td><td>1400 ml<br>con una caja profunda<\/td><td>14.5*14.5*16.3<\/td><td>71*35*36<\/td><td>16<\/td><td>0.78<\/td><td>15.68<\/td><\/tr><tr><td>MYJJL02<\/td><td>1800 ml<br>con caja saperate<br>\uff08una luz&amp;una profundidad\uff09<\/td><td>14.5*14.5*19.3<\/td><td>70.5*35*47.5<\/td><td>16<\/td><td>1.1<\/td><td>20.8<\/td><\/tr><tr><td>MYJJL03<\/td><td>2200 ml<br>con caja saperate<br>\uff08dos claros&amp;uno profundo\uff09<\/td><td>14.5*14.5*22.5<\/td><td>70.5*35*53.5<\/td><td>16<\/td><td>1.3<\/td><td>24<\/td><\/tr><\/tbody><\/table><\/figure>\n\n\n\n<h3 class=\"wp-block-heading\">Opciones de fiambreras personalizadas<\/h3>\n\n\n\n<p><strong>Logotipo<\/strong>Personalice el logotipo de su marca en las fiambreras y el envase.<br><strong>Opciones de logotipo<\/strong>Logotipo impreso, logotipo grabado con l\u00e1ser, etc.<br><strong>Patr\u00f3n<\/strong>Impresi\u00f3n de motivos personalizados en la fiambrera t\u00e9rmica<br><strong>Tecnolog\u00eda de impresi\u00f3n<\/strong>Impresi\u00f3n por transferencia de agua, serigraf\u00eda, transferencia de calor, sublimaci\u00f3n, etc.<br><strong>Paquete<\/strong>:caja de color<br><a href=\"https:\/\/moyahousehold.com\/es\/solucion-personalizada\/\"><strong>M\u00e1s soluciones de fiambreras personalizadas <\/strong><\/a><\/p>\n\n\n\n<div class=\"wp-block-columns is-layout-flex wp-container-core-columns-is-layout-9d6595d7 wp-block-columns-is-layout-flex\">\n<div class=\"wp-block-column is-layout-flow wp-block-column-is-layout-flow\">\n<figure class=\"wp-block-image size-full\"><img fetchpriority=\"high\" decoding=\"async\" width=\"1200\" height=\"1200\" src=\"https:\/\/moyahousehold.com\/wp-content\/uploads\/2024\/06\/Portable-Thermal-Lunch-Box-Display-2.jpg\" alt=\"Expositor Fiambrera T\u00e9rmica Port\u00e1til (2)\" class=\"wp-image-8931\" srcset=\"https:\/\/moyahousehold.com\/wp-content\/uploads\/2024\/06\/Portable-Thermal-Lunch-Box-Display-2.jpg 1200w, https:\/\/moyahousehold.com\/wp-content\/uploads\/2024\/06\/Portable-Thermal-Lunch-Box-Display-2-300x300.jpg 300w, https:\/\/moyahousehold.com\/wp-content\/uploads\/2024\/06\/Portable-Thermal-Lunch-Box-Display-2-150x150.jpg 150w, https:\/\/moyahousehold.com\/wp-content\/uploads\/2024\/06\/Portable-Thermal-Lunch-Box-Display-2-768x768.jpg 768w, https:\/\/moyahousehold.com\/wp-content\/uploads\/2024\/06\/Portable-Thermal-Lunch-Box-Display-2-12x12.jpg 12w, https:\/\/moyahousehold.com\/wp-content\/uploads\/2024\/06\/Portable-Thermal-Lunch-Box-Display-2-285x285.jpg 285w, https:\/\/moyahousehold.com\/wp-content\/uploads\/2024\/06\/Portable-Thermal-Lunch-Box-Display-2-270x270.jpg 270w, https:\/\/moyahousehold.com\/wp-content\/uploads\/2024\/06\/Portable-Thermal-Lunch-Box-Display-2-540x540.jpg 540w, https:\/\/moyahousehold.com\/wp-content\/uploads\/2024\/06\/Portable-Thermal-Lunch-Box-Display-2-660x660.jpg 660w\" sizes=\"(max-width: 1200px) 100vw, 1200px\" \/><\/figure>\n<\/div>\n\n\n\n<div class=\"wp-block-column is-layout-flow wp-block-column-is-layout-flow\">\n<figure class=\"wp-block-image size-full\"><img decoding=\"async\" width=\"1200\" height=\"1200\" src=\"https:\/\/moyahousehold.com\/wp-content\/uploads\/2024\/06\/Portable-Thermal-Lunch-Box-Display-1.jpg\" alt=\"Expositor Fiambrera T\u00e9rmica Port\u00e1til (1)\" class=\"wp-image-8930\" srcset=\"https:\/\/moyahousehold.com\/wp-content\/uploads\/2024\/06\/Portable-Thermal-Lunch-Box-Display-1.jpg 1200w, https:\/\/moyahousehold.com\/wp-content\/uploads\/2024\/06\/Portable-Thermal-Lunch-Box-Display-1-300x300.jpg 300w, https:\/\/moyahousehold.com\/wp-content\/uploads\/2024\/06\/Portable-Thermal-Lunch-Box-Display-1-150x150.jpg 150w, https:\/\/moyahousehold.com\/wp-content\/uploads\/2024\/06\/Portable-Thermal-Lunch-Box-Display-1-768x768.jpg 768w, https:\/\/moyahousehold.com\/wp-content\/uploads\/2024\/06\/Portable-Thermal-Lunch-Box-Display-1-12x12.jpg 12w, https:\/\/moyahousehold.com\/wp-content\/uploads\/2024\/06\/Portable-Thermal-Lunch-Box-Display-1-285x285.jpg 285w, https:\/\/moyahousehold.com\/wp-content\/uploads\/2024\/06\/Portable-Thermal-Lunch-Box-Display-1-270x270.jpg 270w, https:\/\/moyahousehold.com\/wp-content\/uploads\/2024\/06\/Portable-Thermal-Lunch-Box-Display-1-540x540.jpg 540w, https:\/\/moyahousehold.com\/wp-content\/uploads\/2024\/06\/Portable-Thermal-Lunch-Box-Display-1-660x660.jpg 660w\" sizes=\"(max-width: 1200px) 100vw, 1200px\" \/><\/figure>\n<\/div>\n<\/div>","protected":false},"excerpt":{"rendered":"<p>Ofrecemos al por mayor fiambreras t\u00e9rmicas port\u00e1tiles con asas. La fiambrera t\u00e9rmica adopta la tecnolog\u00eda de vac\u00edo de doble capa, tiene una capacidad de conservaci\u00f3n del calor de 8-10 horas, un aspecto moderno y bello, y se puede seleccionar una variedad de colores para satisfacer las preferencias de los diferentes usuarios. Es adecuada para su uso en muchos escenarios, como oficinas, escuelas y actividades al aire libre. Admite servicios personalizados, y puede a\u00f1adir logotipos de marca o elegir colores exclusivos seg\u00fan las necesidades. P\u00f3ngase en contacto con nosotros para solicitar un presupuesto.<\/p>\n<h3>Caracter\u00edsticas de la fiambrera t\u00e9rmica port\u00e1til<\/h3>\n<p><strong>Acero inoxidable 304 de alta calidad:<\/strong> La fiambrera t\u00e9rmica port\u00e1til est\u00e1 fabricada en acero inoxidable 304 de calidad alimentaria, que es duradero, puede utilizarse durante mucho tiempo y no es f\u00e1cil de deformar o da\u00f1ar.<\/p>\n<p><strong>Buen efecto aislante:<\/strong> La fiambrera adopta un dise\u00f1o de estructura de vac\u00edo de doble capa, que puede mantener el calor hasta 8-10 horas. Incluso si participa en largas actividades al aire libre, esta fiambrera puede proporcionarle comidas calientes.<\/p>\n<p><strong>Dise\u00f1o a prueba de fugas:<\/strong> El material de silicona es suave y duradero, y puede ajustarse firmemente a la interfaz entre la tapa y la fiambrera para evitar fugas de olores o que se mezclen los alimentos.<\/p>\n<p><strong>Dise\u00f1o de fondo antideslizante:<\/strong> El fondo de la fiambrera t\u00e9rmica adopta un dise\u00f1o especial antideslizante. Este material puede aumentar significativamente la fricci\u00f3n de la fiambrera sobre diversas superficies, y puede colocarse firmemente incluso sobre una mesa lisa.<\/p>\n<p><strong>Servicio de fiambreras al por mayor:<\/strong> Como fabricante profesional de fiambreras, suministramos fiambreras al por mayor a empresas y comerciantes de todo el mundo. Nuestros servicios abarcan el proceso de personalizaci\u00f3n, producci\u00f3n y transporte para garantizarle la mejor experiencia.<\/p>","protected":false},"featured_media":8920,"comment_status":"closed","ping_status":"closed","template":"","meta":[],"product_cat":[58],"product_tag":[89,90,86,91],"class_list":{"0":"post-5425","1":"product","2":"type-product","3":"status-publish","4":"has-post-thumbnail","6":"product_cat-lunch-box-wholesale","7":"product_tag-wholesale-3-layer-lunch-box","8":"product_tag-wholesale-double-layer-lunch-box","9":"product_tag-wholesale-insulated-lunch-box","10":"product_tag-wholesale-round-lunch-box","12":"first","13":"instock","14":"shipping-taxable","15":"product-type-simple"},"_links":{"self":[{"href":"https:\/\/moyahousehold.com\/es\/wp-json\/wp\/v2\/product\/5425","targetHints":{"allow":["GET"]}}],"collection":[{"href":"https:\/\/moyahousehold.com\/es\/wp-json\/wp\/v2\/product"}],"about":[{"href":"https:\/\/moyahousehold.com\/es\/wp-json\/wp\/v2\/types\/product"}],"replies":[{"embeddable":true,"href":"https:\/\/moyahousehold.com\/es\/wp-json\/wp\/v2\/comments?post=5425"}],"version-history":[{"count":0,"href":"https:\/\/moyahousehold.com\/es\/wp-json\/wp\/v2\/product\/5425\/revisions"}],"wp:featuredmedia":[{"embeddable":true,"href":"https:\/\/moyahousehold.com\/es\/wp-json\/wp\/v2\/media\/8920"}],"wp:attachment":[{"href":"https:\/\/moyahousehold.com\/es\/wp-json\/wp\/v2\/media?parent=5425"}],"wp:term":[{"taxonomy":"product_cat","embeddable":true,"href":"https:\/\/moyahousehold.com\/es\/wp-json\/wp\/v2\/product_cat?post=5425"},{"taxonomy":"product_tag","embeddable":true,"href":"https:\/\/moyahousehold.com\/es\/wp-json\/wp\/v2\/product_tag?post=5425"}],"curies":[{"name":"wp","href":"https:\/\/api.w.org\/{rel}","templated":true}]}}