{"id":5469,"date":"2024-06-08T03:58:35","date_gmt":"2024-06-08T03:58:35","guid":{"rendered":"https:\/\/moyahousehold.com\/?post_type=product&#038;p=5469"},"modified":"2025-02-05T08:37:16","modified_gmt":"2025-02-05T08:37:16","slug":"bulk-insulated-lunch-boxes-wholesale","status":"publish","type":"product","link":"https:\/\/moyahousehold.com\/es\/producto\/bulk-insulated-lunch-boxes-wholesale\/","title":{"rendered":"Fiambrera de acero inoxidable aislante al por mayor"},"content":{"rendered":"<h2 class=\"wp-block-heading\">Par\u00e1metros de la fiambrera aislante de acero inoxidable <\/h2>\n\n\n\n<p><strong>material:<\/strong>304 + PP <strong> color:<\/strong>Acero\/Negro\/Beige<\/p>\n\n\n\n<figure class=\"wp-block-table\"><table><tbody><tr><td>N\u00famero de modelo<\/td><td>capacidad<\/td><td>Tama\u00f1o del producto<\/td><td>Tama\u00f1o de la caja exterior<\/td><td>Cantidad por caja<\/td><td>N.W<\/td><td>G.W\/Caso<\/td><\/tr><tr><td>MYJJL04<\/td><td>1400 ml<br>con una luz y una caja profunda<\/td><td>14.5*14.5*16.3<\/td><td>71*35*36<\/td><td>16<\/td><td>0.78<\/td><td>15.68<\/td><\/tr><tr><td>MYJJL05<\/td><td>1800 ml<br>con caja saperate<br>\uff08dos cajas profundas\uff09<\/td><td>14.5*14.5*19.3<\/td><td>70.5*35*47.5<\/td><td>16<\/td><td>1.1<\/td><td>20.8<\/td><\/tr><tr><td>MYJJL06<\/td><td>2200 ml<br>con caja saperate<br>\uff08dos claros&amp;uno profundo\uff09<\/td><td>14.5*14.5*22.5<\/td><td>70.5*35*53.5<\/td><td>16<\/td><td>1.3<\/td><td>24<\/td><\/tr><\/tbody><\/table><\/figure>\n\n\n\n<h3 class=\"wp-block-heading\">Opciones de fiambreras de acero inoxidable personalizadas<\/h3>\n\n\n\n<p><strong>Logotipo<\/strong>Personalice el logotipo de su marca en fiambreras y envases.<br><strong>Opciones de logotipo<\/strong>Logotipo impreso, logotipo grabado con l\u00e1ser, etc.<br><strong>Patr\u00f3n<\/strong>: Patrones de impresi\u00f3n <br><strong>Tecnolog\u00eda de impresi\u00f3n<\/strong>Impresi\u00f3n por transferencia de agua, serigraf\u00eda, transferencia de calor, sublimaci\u00f3n, etc.<br><strong>Embalaje:<\/strong> caja de color<br><a href=\"https:\/\/moyahousehold.com\/es\/solucion-personalizada\/\"><strong>M\u00e1s informaci\u00f3n sobre las fiambreras personalizadas<\/strong><\/a><\/p>\n\n\n\n<div class=\"wp-block-columns is-layout-flex wp-container-core-columns-is-layout-9d6595d7 wp-block-columns-is-layout-flex\">\n<div class=\"wp-block-column is-layout-flow wp-block-column-is-layout-flow\">\n<figure class=\"wp-block-image size-full\"><img fetchpriority=\"high\" decoding=\"async\" width=\"3284\" height=\"3284\" src=\"https:\/\/moyahousehold.com\/wp-content\/uploads\/2024\/06\/Wholesale-Insulated-Stainless-Steel-Lunch-Box-1.webp\" alt=\"Mayorista Fiambrera aislante de acero inoxidable (1)\" class=\"wp-image-8840\" srcset=\"https:\/\/moyahousehold.com\/wp-content\/uploads\/2024\/06\/Wholesale-Insulated-Stainless-Steel-Lunch-Box-1.webp 3284w, https:\/\/moyahousehold.com\/wp-content\/uploads\/2024\/06\/Wholesale-Insulated-Stainless-Steel-Lunch-Box-1-300x300.webp 300w, https:\/\/moyahousehold.com\/wp-content\/uploads\/2024\/06\/Wholesale-Insulated-Stainless-Steel-Lunch-Box-1-150x150.webp 150w, https:\/\/moyahousehold.com\/wp-content\/uploads\/2024\/06\/Wholesale-Insulated-Stainless-Steel-Lunch-Box-1-768x768.webp 768w, https:\/\/moyahousehold.com\/wp-content\/uploads\/2024\/06\/Wholesale-Insulated-Stainless-Steel-Lunch-Box-1-12x12.webp 12w, https:\/\/moyahousehold.com\/wp-content\/uploads\/2024\/06\/Wholesale-Insulated-Stainless-Steel-Lunch-Box-1-285x285.webp 285w, https:\/\/moyahousehold.com\/wp-content\/uploads\/2024\/06\/Wholesale-Insulated-Stainless-Steel-Lunch-Box-1-1600x1600.webp 1600w, https:\/\/moyahousehold.com\/wp-content\/uploads\/2024\/06\/Wholesale-Insulated-Stainless-Steel-Lunch-Box-1-270x270.webp 270w, https:\/\/moyahousehold.com\/wp-content\/uploads\/2024\/06\/Wholesale-Insulated-Stainless-Steel-Lunch-Box-1-540x540.webp 540w, https:\/\/moyahousehold.com\/wp-content\/uploads\/2024\/06\/Wholesale-Insulated-Stainless-Steel-Lunch-Box-1-660x660.webp 660w\" sizes=\"(max-width: 3284px) 100vw, 3284px\" \/><\/figure>\n<\/div>\n\n\n\n<div class=\"wp-block-column is-layout-flow wp-block-column-is-layout-flow\">\n<figure class=\"wp-block-image size-full\"><img decoding=\"async\" width=\"3284\" height=\"3284\" src=\"https:\/\/moyahousehold.com\/wp-content\/uploads\/2024\/06\/Wholesale-Insulated-Stainless-Steel-Lunch-Box-2.webp\" alt=\"Mayorista Fiambrera aislante de acero inoxidable (2)\" class=\"wp-image-8841\" srcset=\"https:\/\/moyahousehold.com\/wp-content\/uploads\/2024\/06\/Wholesale-Insulated-Stainless-Steel-Lunch-Box-2.webp 3284w, https:\/\/moyahousehold.com\/wp-content\/uploads\/2024\/06\/Wholesale-Insulated-Stainless-Steel-Lunch-Box-2-300x300.webp 300w, https:\/\/moyahousehold.com\/wp-content\/uploads\/2024\/06\/Wholesale-Insulated-Stainless-Steel-Lunch-Box-2-150x150.webp 150w, https:\/\/moyahousehold.com\/wp-content\/uploads\/2024\/06\/Wholesale-Insulated-Stainless-Steel-Lunch-Box-2-768x768.webp 768w, https:\/\/moyahousehold.com\/wp-content\/uploads\/2024\/06\/Wholesale-Insulated-Stainless-Steel-Lunch-Box-2-12x12.webp 12w, https:\/\/moyahousehold.com\/wp-content\/uploads\/2024\/06\/Wholesale-Insulated-Stainless-Steel-Lunch-Box-2-285x285.webp 285w, https:\/\/moyahousehold.com\/wp-content\/uploads\/2024\/06\/Wholesale-Insulated-Stainless-Steel-Lunch-Box-2-1600x1600.webp 1600w, https:\/\/moyahousehold.com\/wp-content\/uploads\/2024\/06\/Wholesale-Insulated-Stainless-Steel-Lunch-Box-2-270x270.webp 270w, https:\/\/moyahousehold.com\/wp-content\/uploads\/2024\/06\/Wholesale-Insulated-Stainless-Steel-Lunch-Box-2-540x540.webp 540w, https:\/\/moyahousehold.com\/wp-content\/uploads\/2024\/06\/Wholesale-Insulated-Stainless-Steel-Lunch-Box-2-660x660.webp 660w\" sizes=\"(max-width: 3284px) 100vw, 3284px\" \/><\/figure>\n<\/div>\n<\/div>\n\n\n\n<div class=\"wp-block-columns is-layout-flex wp-container-core-columns-is-layout-9d6595d7 wp-block-columns-is-layout-flex\">\n<div class=\"wp-block-column is-layout-flow wp-block-column-is-layout-flow\">\n<figure class=\"wp-block-image size-full\"><img decoding=\"async\" width=\"3284\" height=\"3284\" src=\"https:\/\/moyahousehold.com\/wp-content\/uploads\/2024\/06\/Wholesale-Insulated-Stainless-Steel-Lunch-Box-3.webp\" alt=\"Mayorista Fiambrera aislante de acero inoxidable (3)\" class=\"wp-image-8842\" srcset=\"https:\/\/moyahousehold.com\/wp-content\/uploads\/2024\/06\/Wholesale-Insulated-Stainless-Steel-Lunch-Box-3.webp 3284w, https:\/\/moyahousehold.com\/wp-content\/uploads\/2024\/06\/Wholesale-Insulated-Stainless-Steel-Lunch-Box-3-300x300.webp 300w, https:\/\/moyahousehold.com\/wp-content\/uploads\/2024\/06\/Wholesale-Insulated-Stainless-Steel-Lunch-Box-3-150x150.webp 150w, https:\/\/moyahousehold.com\/wp-content\/uploads\/2024\/06\/Wholesale-Insulated-Stainless-Steel-Lunch-Box-3-768x768.webp 768w, https:\/\/moyahousehold.com\/wp-content\/uploads\/2024\/06\/Wholesale-Insulated-Stainless-Steel-Lunch-Box-3-12x12.webp 12w, https:\/\/moyahousehold.com\/wp-content\/uploads\/2024\/06\/Wholesale-Insulated-Stainless-Steel-Lunch-Box-3-285x285.webp 285w, https:\/\/moyahousehold.com\/wp-content\/uploads\/2024\/06\/Wholesale-Insulated-Stainless-Steel-Lunch-Box-3-1600x1600.webp 1600w, https:\/\/moyahousehold.com\/wp-content\/uploads\/2024\/06\/Wholesale-Insulated-Stainless-Steel-Lunch-Box-3-270x270.webp 270w, https:\/\/moyahousehold.com\/wp-content\/uploads\/2024\/06\/Wholesale-Insulated-Stainless-Steel-Lunch-Box-3-540x540.webp 540w, https:\/\/moyahousehold.com\/wp-content\/uploads\/2024\/06\/Wholesale-Insulated-Stainless-Steel-Lunch-Box-3-660x660.webp 660w\" sizes=\"(max-width: 3284px) 100vw, 3284px\" \/><\/figure>\n<\/div>\n\n\n\n<div class=\"wp-block-column is-layout-flow wp-block-column-is-layout-flow\">\n<figure class=\"wp-block-image size-full\"><img loading=\"lazy\" decoding=\"async\" width=\"3284\" height=\"3284\" src=\"https:\/\/moyahousehold.com\/wp-content\/uploads\/2024\/06\/Wholesale-Insulated-Stainless-Steel-Lunch-Box-4.webp\" alt=\"Mayorista Fiambrera aislante de acero inoxidable (4)\" class=\"wp-image-8843\" srcset=\"https:\/\/moyahousehold.com\/wp-content\/uploads\/2024\/06\/Wholesale-Insulated-Stainless-Steel-Lunch-Box-4.webp 3284w, https:\/\/moyahousehold.com\/wp-content\/uploads\/2024\/06\/Wholesale-Insulated-Stainless-Steel-Lunch-Box-4-300x300.webp 300w, https:\/\/moyahousehold.com\/wp-content\/uploads\/2024\/06\/Wholesale-Insulated-Stainless-Steel-Lunch-Box-4-150x150.webp 150w, https:\/\/moyahousehold.com\/wp-content\/uploads\/2024\/06\/Wholesale-Insulated-Stainless-Steel-Lunch-Box-4-768x768.webp 768w, https:\/\/moyahousehold.com\/wp-content\/uploads\/2024\/06\/Wholesale-Insulated-Stainless-Steel-Lunch-Box-4-12x12.webp 12w, https:\/\/moyahousehold.com\/wp-content\/uploads\/2024\/06\/Wholesale-Insulated-Stainless-Steel-Lunch-Box-4-285x285.webp 285w, https:\/\/moyahousehold.com\/wp-content\/uploads\/2024\/06\/Wholesale-Insulated-Stainless-Steel-Lunch-Box-4-1600x1600.webp 1600w, https:\/\/moyahousehold.com\/wp-content\/uploads\/2024\/06\/Wholesale-Insulated-Stainless-Steel-Lunch-Box-4-270x270.webp 270w, https:\/\/moyahousehold.com\/wp-content\/uploads\/2024\/06\/Wholesale-Insulated-Stainless-Steel-Lunch-Box-4-540x540.webp 540w, https:\/\/moyahousehold.com\/wp-content\/uploads\/2024\/06\/Wholesale-Insulated-Stainless-Steel-Lunch-Box-4-660x660.webp 660w\" sizes=\"(max-width: 3284px) 100vw, 3284px\" \/><\/figure>\n<\/div>\n<\/div>\n\n\n\n<p><\/p>","protected":false},"excerpt":{"rendered":"<p>Fiambrera de acero inoxidable aislante a granel Venta directa de f\u00e1brica, nuestras fiambreras al por mayor est\u00e1n dise\u00f1adas con capa de vac\u00edo, que tiene efecto aislante a largo plazo, para que las comidas mantengan la mejor temperatura y sabor, adecuadas para muchas ocasiones como oficina, escuela, actividades al aire libre, etc. Como fabricante de fiambreras, le ofrecemos fiambreras al por mayor a precios de f\u00e1brica, bienvenido a contactarnos.<\/p>\n<h3>Caracter\u00edsticas de la fiambrera aislante de acero inoxidable<\/h3>\n<p><strong>Dise\u00f1o de capa de vac\u00edo:<\/strong> Esta fiambrera aislante de acero inoxidable adopta un dise\u00f1o de capa de vac\u00edo, que tiene un excelente rendimiento de aislamiento y puede mantener eficazmente la temperatura de los alimentos durante 8-10 horas, por lo que los usuarios pueden disfrutar de platos calientes en cualquier momento.<\/p>\n<p><strong>Dise\u00f1o multicapa:<\/strong> Esta fiambrera aislante de acero inoxidable tiene varias capas de almacenamiento independientes, con un dise\u00f1o exquisito, que permite separar f\u00e1cilmente los distintos tipos de alimentos.<\/p>\n<p><strong>Buen sellado:<\/strong> Esta fiambrera aislante de acero inoxidable lleva incorporada una junta de silicona de alta calidad con un excelente rendimiento de sellado. Tambi\u00e9n puede utilizarse con confianza para transportar sopa.<\/p>\n<p><strong>Base antideslizante:<\/strong> La base antideslizante especialmente dise\u00f1ada aumenta la estabilidad de la fiambrera, que puede mantenerse estable incluso cuando se coloca sobre una mesa de cristal.<\/p>\n<p><strong>Mango c\u00f3modo:<\/strong> La configuraci\u00f3n es c\u00f3moda y mango duradero para reducir la carga, por lo que es muy conveniente para que usted pueda llevar a cabo.<\/p>\n<p><strong>Fiambreras al por mayor:<\/strong> Ofrecemos fiambreras al por mayor, adecuadas para que las empresas las personalicen y compren al por mayor.<\/p>\n<p>&nbsp;<\/p>","protected":false},"featured_media":8847,"comment_status":"closed","ping_status":"closed","template":"","meta":[],"product_cat":[58],"product_tag":[89,90,86,91],"class_list":{"0":"post-5469","1":"product","2":"type-product","3":"status-publish","4":"has-post-thumbnail","6":"product_cat-lunch-box-wholesale","7":"product_tag-wholesale-3-layer-lunch-box","8":"product_tag-wholesale-double-layer-lunch-box","9":"product_tag-wholesale-insulated-lunch-box","10":"product_tag-wholesale-round-lunch-box","12":"first","13":"instock","14":"shipping-taxable","15":"product-type-simple"},"_links":{"self":[{"href":"https:\/\/moyahousehold.com\/es\/wp-json\/wp\/v2\/product\/5469","targetHints":{"allow":["GET"]}}],"collection":[{"href":"https:\/\/moyahousehold.com\/es\/wp-json\/wp\/v2\/product"}],"about":[{"href":"https:\/\/moyahousehold.com\/es\/wp-json\/wp\/v2\/types\/product"}],"replies":[{"embeddable":true,"href":"https:\/\/moyahousehold.com\/es\/wp-json\/wp\/v2\/comments?post=5469"}],"version-history":[{"count":0,"href":"https:\/\/moyahousehold.com\/es\/wp-json\/wp\/v2\/product\/5469\/revisions"}],"wp:featuredmedia":[{"embeddable":true,"href":"https:\/\/moyahousehold.com\/es\/wp-json\/wp\/v2\/media\/8847"}],"wp:attachment":[{"href":"https:\/\/moyahousehold.com\/es\/wp-json\/wp\/v2\/media?parent=5469"}],"wp:term":[{"taxonomy":"product_cat","embeddable":true,"href":"https:\/\/moyahousehold.com\/es\/wp-json\/wp\/v2\/product_cat?post=5469"},{"taxonomy":"product_tag","embeddable":true,"href":"https:\/\/moyahousehold.com\/es\/wp-json\/wp\/v2\/product_tag?post=5469"}],"curies":[{"name":"wp","href":"https:\/\/api.w.org\/{rel}","templated":true}]}}