{"id":5511,"date":"2024-06-08T06:46:55","date_gmt":"2024-06-08T06:46:55","guid":{"rendered":"https:\/\/moyahousehold.com\/?post_type=product&#038;p=5511"},"modified":"2025-02-05T08:37:00","modified_gmt":"2025-02-05T08:37:00","slug":"wholesale-insulated-bento-box","status":"publish","type":"product","link":"https:\/\/moyahousehold.com\/es\/producto\/wholesale-insulated-bento-box\/","title":{"rendered":"Mayorista Cajas Bento de Acero Inoxidable Aisladas Aptas para comida caliente y fr\u00eda"},"content":{"rendered":"<h2 class=\"wp-block-heading\">Par\u00e1metros de la caja Bento de acero inoxidable aislante<\/h2>\n\n\n\n<p><strong>material:<\/strong>304 + PP <strong> color:<\/strong>Acero\/beige\/gris<\/p>\n\n\n\n<figure class=\"wp-block-table\"><table><tbody><tr><td>N\u00famero de modelo<\/td><td>capacidad<\/td><td>Tama\u00f1o del producto<\/td><td>Tama\u00f1o de la caja exterior<\/td><td>Cantidad por caja<\/td><td>N.W<\/td><td>G.W\/Caso<\/td><\/tr><tr><td>MYJJL07<\/td><td>1800 ml<br>con caja saperate<br>\uff08dos cajas profundas\uff09<\/td><td>14.5*14.5*19.3<\/td><td>71*35*51<\/td><td>16<\/td><td>1.1<\/td><td>20.8<\/td><\/tr><tr><td>MYJJL08<\/td><td>2200 ml<br>con caja saperate<br>\uff08dos profundidades&amp;una luz\uff09<\/td><td>14.5*14.5*22.5<\/td><td>71*35*58<\/td><td>16<\/td><td>1.3<\/td><td>24<\/td><\/tr><tr><td>MYJJL09<\/td><td>2500 ml<br>con caja saperate<br>\uff08dos deept&amp;two light\uff09<\/td><td>14.5*14.5*28.5<\/td><td>71*35*70<\/td><td>16<\/td><td>1.3<\/td><td>24<\/td><\/tr><\/tbody><\/table><\/figure>\n\n\n\n<h3 class=\"wp-block-heading\">Opciones personalizadas de bueyes Bento aislados<\/h3>\n\n\n\n<p><strong>Logotipo:<\/strong> personalice el logotipo de su marca en cajas y envases bento.<br><strong>Opciones de logotipo:<\/strong> logotipo impreso, logotipo grabado con l\u00e1ser, etc.<br><strong>Patr\u00f3n: <\/strong>Patrones de impresi\u00f3n <br><strong>Tecnolog\u00eda de impresi\u00f3n: <\/strong>impresi\u00f3n por transferencia de agua, serigraf\u00eda, impresi\u00f3n por transferencia de calor, transferencia por sublimaci\u00f3n, etc.<br><strong>Embalaje:<\/strong>caja de color<br><a href=\"https:\/\/moyahousehold.com\/es\/solucion-personalizada\/\"><strong>Descubra m\u00e1s soluciones de cajas bento personalizadas.<\/strong><\/a><br><br><\/p>\n\n\n\n<div class=\"wp-block-columns is-layout-flex wp-container-core-columns-is-layout-9d6595d7 wp-block-columns-is-layout-flex\">\n<div class=\"wp-block-column is-layout-flow wp-block-column-is-layout-flow\">\n<figure class=\"wp-block-image size-full\"><img fetchpriority=\"high\" decoding=\"async\" width=\"2000\" height=\"2000\" src=\"https:\/\/moyahousehold.com\/wp-content\/uploads\/2024\/06\/Insulated-Stainless-Steel-Bento-Box-Display.jpg\" alt=\"Expositor Bento Box de acero inoxidable aislado\" class=\"wp-image-8825\" srcset=\"https:\/\/moyahousehold.com\/wp-content\/uploads\/2024\/06\/Insulated-Stainless-Steel-Bento-Box-Display.jpg 2000w, https:\/\/moyahousehold.com\/wp-content\/uploads\/2024\/06\/Insulated-Stainless-Steel-Bento-Box-Display-300x300.jpg 300w, https:\/\/moyahousehold.com\/wp-content\/uploads\/2024\/06\/Insulated-Stainless-Steel-Bento-Box-Display-150x150.jpg 150w, https:\/\/moyahousehold.com\/wp-content\/uploads\/2024\/06\/Insulated-Stainless-Steel-Bento-Box-Display-768x768.jpg 768w, https:\/\/moyahousehold.com\/wp-content\/uploads\/2024\/06\/Insulated-Stainless-Steel-Bento-Box-Display-12x12.jpg 12w, https:\/\/moyahousehold.com\/wp-content\/uploads\/2024\/06\/Insulated-Stainless-Steel-Bento-Box-Display-285x285.jpg 285w, https:\/\/moyahousehold.com\/wp-content\/uploads\/2024\/06\/Insulated-Stainless-Steel-Bento-Box-Display-1600x1600.jpg 1600w, https:\/\/moyahousehold.com\/wp-content\/uploads\/2024\/06\/Insulated-Stainless-Steel-Bento-Box-Display-270x270.jpg 270w, https:\/\/moyahousehold.com\/wp-content\/uploads\/2024\/06\/Insulated-Stainless-Steel-Bento-Box-Display-540x540.jpg 540w, https:\/\/moyahousehold.com\/wp-content\/uploads\/2024\/06\/Insulated-Stainless-Steel-Bento-Box-Display-660x660.jpg 660w\" sizes=\"(max-width: 2000px) 100vw, 2000px\" \/><\/figure>\n<\/div>\n\n\n\n<div class=\"wp-block-column is-layout-flow wp-block-column-is-layout-flow\">\n<figure class=\"wp-block-image size-full\"><img decoding=\"async\" width=\"2000\" height=\"2000\" src=\"https:\/\/moyahousehold.com\/wp-content\/uploads\/2024\/06\/Insulated-Stainless-Steel-Bento-Box-Display-2.jpg\" alt=\"Expositor de cajas Bento de acero inoxidable aisladas (2)\" class=\"wp-image-8824\" srcset=\"https:\/\/moyahousehold.com\/wp-content\/uploads\/2024\/06\/Insulated-Stainless-Steel-Bento-Box-Display-2.jpg 2000w, https:\/\/moyahousehold.com\/wp-content\/uploads\/2024\/06\/Insulated-Stainless-Steel-Bento-Box-Display-2-300x300.jpg 300w, https:\/\/moyahousehold.com\/wp-content\/uploads\/2024\/06\/Insulated-Stainless-Steel-Bento-Box-Display-2-150x150.jpg 150w, https:\/\/moyahousehold.com\/wp-content\/uploads\/2024\/06\/Insulated-Stainless-Steel-Bento-Box-Display-2-768x768.jpg 768w, https:\/\/moyahousehold.com\/wp-content\/uploads\/2024\/06\/Insulated-Stainless-Steel-Bento-Box-Display-2-12x12.jpg 12w, https:\/\/moyahousehold.com\/wp-content\/uploads\/2024\/06\/Insulated-Stainless-Steel-Bento-Box-Display-2-285x285.jpg 285w, https:\/\/moyahousehold.com\/wp-content\/uploads\/2024\/06\/Insulated-Stainless-Steel-Bento-Box-Display-2-1600x1600.jpg 1600w, https:\/\/moyahousehold.com\/wp-content\/uploads\/2024\/06\/Insulated-Stainless-Steel-Bento-Box-Display-2-270x270.jpg 270w, https:\/\/moyahousehold.com\/wp-content\/uploads\/2024\/06\/Insulated-Stainless-Steel-Bento-Box-Display-2-540x540.jpg 540w, https:\/\/moyahousehold.com\/wp-content\/uploads\/2024\/06\/Insulated-Stainless-Steel-Bento-Box-Display-2-660x660.jpg 660w\" sizes=\"(max-width: 2000px) 100vw, 2000px\" \/><\/figure>\n<\/div>\n<\/div>","protected":false},"excerpt":{"rendered":"<p>Caja bento aislante de acero inoxidable al por mayor. Esta caja bento puede mantener la comida caliente o fr\u00eda de 8 a 10 horas. Adopta un dise\u00f1o de m\u00faltiples capas, adecuado para almacenar diferentes tipos de alimentos. Ofrecemos servicios OEM&amp;ODM, p\u00f3ngase en contacto con nosotros.<\/p>\n<h3>Caracter\u00edsticas de la caja Bento de acero inoxidable aislante<\/h3>\n<p><strong>Material de acero inoxidable de calidad alimentaria:<\/strong> La caja bento isot\u00e9rmica est\u00e1 fabricada en acero inoxidable 304 apto para uso alimentario, lo que permite almacenar los alimentos de forma m\u00e1s sana y segura.<\/p>\n<p><strong>8-10 horas de tiempo de conservaci\u00f3n del calor:<\/strong> El dise\u00f1o de la fiambrera con estructura de capas al vac\u00edo mantiene el calor durante m\u00e1s tiempo, por lo que podr\u00e1 tomar su comida caliente en cualquier momento.<\/p>\n<p><strong>Buen sellado:<\/strong> La fiambrera aislante de acero inoxidable al vac\u00edo lleva incorporado un anillo de sellado de silicona para garantizar que no se filtre l\u00edquido.<\/p>\n<p><strong>Dise\u00f1o multicapa:<\/strong> Las fiambreras est\u00e1n dise\u00f1adas en multicapa y los usuarios pueden elegir entre 1 y 4 capas para mezclarlas o combinarlas libremente.<\/p>\n<p><strong>Mango c\u00f3modo:<\/strong> Equipada con un asa resistente y c\u00f3moda, esta fiambrera es muy c\u00f3moda de transportar y, por tanto, apta para su uso por empleados y estudiantes.<\/p>\n<p><strong>Servicio de personalizaci\u00f3n OEM&amp;ODM:<\/strong> Apoyamos la soluci\u00f3n de fiambrera de personalizaci\u00f3n personalizada, aplicamos la personalizaci\u00f3n corporativa y la compra a granel.<\/p>","protected":false},"featured_media":8823,"comment_status":"closed","ping_status":"closed","template":"","meta":[],"product_cat":[58],"product_tag":[89,86,91],"class_list":{"0":"post-5511","1":"product","2":"type-product","3":"status-publish","4":"has-post-thumbnail","6":"product_cat-lunch-box-wholesale","7":"product_tag-wholesale-3-layer-lunch-box","8":"product_tag-wholesale-insulated-lunch-box","9":"product_tag-wholesale-round-lunch-box","11":"first","12":"instock","13":"shipping-taxable","14":"product-type-simple"},"_links":{"self":[{"href":"https:\/\/moyahousehold.com\/es\/wp-json\/wp\/v2\/product\/5511","targetHints":{"allow":["GET"]}}],"collection":[{"href":"https:\/\/moyahousehold.com\/es\/wp-json\/wp\/v2\/product"}],"about":[{"href":"https:\/\/moyahousehold.com\/es\/wp-json\/wp\/v2\/types\/product"}],"replies":[{"embeddable":true,"href":"https:\/\/moyahousehold.com\/es\/wp-json\/wp\/v2\/comments?post=5511"}],"version-history":[{"count":0,"href":"https:\/\/moyahousehold.com\/es\/wp-json\/wp\/v2\/product\/5511\/revisions"}],"wp:featuredmedia":[{"embeddable":true,"href":"https:\/\/moyahousehold.com\/es\/wp-json\/wp\/v2\/media\/8823"}],"wp:attachment":[{"href":"https:\/\/moyahousehold.com\/es\/wp-json\/wp\/v2\/media?parent=5511"}],"wp:term":[{"taxonomy":"product_cat","embeddable":true,"href":"https:\/\/moyahousehold.com\/es\/wp-json\/wp\/v2\/product_cat?post=5511"},{"taxonomy":"product_tag","embeddable":true,"href":"https:\/\/moyahousehold.com\/es\/wp-json\/wp\/v2\/product_tag?post=5511"}],"curies":[{"name":"wp","href":"https:\/\/api.w.org\/{rel}","templated":true}]}}