{"id":5566,"date":"2024-06-08T08:41:46","date_gmt":"2024-06-08T08:41:46","guid":{"rendered":"https:\/\/moyahousehold.com\/?post_type=product&#038;p=5566"},"modified":"2025-04-12T09:29:34","modified_gmt":"2025-04-12T09:29:34","slug":"wholesale-stainless-steel-coffee-cups-with-handle","status":"publish","type":"product","link":"https:\/\/moyahousehold.com\/es\/producto\/wholesale-stainless-steel-coffee-cups-with-handle\/","title":{"rendered":"Mayorista Tazas de Caf\u00e9 de Acero Inoxidable con Asa, Dise\u00f1o Sencillo, Dos Opciones de Color"},"content":{"rendered":"<h3 class=\"wp-block-heading\">Par\u00e1metros de las tazas de caf\u00e9 de acero inoxidable<\/h3>\n\n\n\n<p><strong>material:<\/strong>304 + 316 + PP <strong> color:<\/strong>Blanco\/Negro<\/p>\n\n\n\n<figure class=\"wp-block-table\"><table><tbody><tr><td>N\u00famero de modelo<\/td><td>capacidad<\/td><td>Tama\u00f1o del producto<\/td><td>Tama\u00f1o de la caja exterior<\/td><td>Cantidad por caja<\/td><td>N.W<\/td><td>G.W\/Caso<\/td><\/tr><tr><td>MYJJL11<\/td><td>400 ml<\/td><td>9*9*10<\/td><td>62*40*37.5<\/td><td>60<\/td><td>0.21<\/td><td>24.6<\/td><\/tr><\/tbody><\/table><\/figure>\n\n\n\n<h3 class=\"wp-block-heading\">Tazas de caf\u00e9 de acero inoxidable personalizadas<\/h3>\n\n\n\n<p><strong>Logotipo:<\/strong> Personalice el logotipo de su marca en el producto y el envase.<br><strong>Opciones de logotipo:<\/strong> logotipo impreso, logotipo grabado con l\u00e1ser, etc.<br><strong>Patr\u00f3n: <\/strong>Patrones de impresi\u00f3n <br><strong>Tecnolog\u00eda de impresi\u00f3n: <\/strong>impresi\u00f3n por transferencia de agua, serigraf\u00eda, impresi\u00f3n por transferencia de calor, transferencia por sublimaci\u00f3n, etc.<br><strong>Embalaje: <\/strong>caja de color<br><a href=\"https:\/\/moyahousehold.com\/es\/solucion-personalizada\/\"><strong>M\u00e1s informaci\u00f3n sobre soluciones personalizadas para tazas de caf\u00e9.<\/strong><\/a><\/p>\n\n\n\n<div class=\"wp-block-columns is-layout-flex wp-container-core-columns-is-layout-9d6595d7 wp-block-columns-is-layout-flex\">\n<div class=\"wp-block-column is-layout-flow wp-block-column-is-layout-flow\">\n<figure class=\"wp-block-image size-full\"><img fetchpriority=\"high\" decoding=\"async\" width=\"2500\" height=\"2437\" src=\"https:\/\/moyahousehold.com\/wp-content\/uploads\/2024\/06\/Wholesale-Stainless-Steel-Coffee-Cups-with-Handle-3.webp\" alt=\"Mayorista Tazas de caf\u00e9 de acero inoxidable con asa (3)\" class=\"wp-image-10900\" srcset=\"https:\/\/moyahousehold.com\/wp-content\/uploads\/2024\/06\/Wholesale-Stainless-Steel-Coffee-Cups-with-Handle-3.webp 2500w, https:\/\/moyahousehold.com\/wp-content\/uploads\/2024\/06\/Wholesale-Stainless-Steel-Coffee-Cups-with-Handle-3-300x292.webp 300w, https:\/\/moyahousehold.com\/wp-content\/uploads\/2024\/06\/Wholesale-Stainless-Steel-Coffee-Cups-with-Handle-3-768x749.webp 768w, https:\/\/moyahousehold.com\/wp-content\/uploads\/2024\/06\/Wholesale-Stainless-Steel-Coffee-Cups-with-Handle-3-12x12.webp 12w, https:\/\/moyahousehold.com\/wp-content\/uploads\/2024\/06\/Wholesale-Stainless-Steel-Coffee-Cups-with-Handle-3-285x278.webp 285w, https:\/\/moyahousehold.com\/wp-content\/uploads\/2024\/06\/Wholesale-Stainless-Steel-Coffee-Cups-with-Handle-3-1600x1560.webp 1600w, https:\/\/moyahousehold.com\/wp-content\/uploads\/2024\/06\/Wholesale-Stainless-Steel-Coffee-Cups-with-Handle-3-660x643.webp 660w, https:\/\/moyahousehold.com\/wp-content\/uploads\/2024\/06\/Wholesale-Stainless-Steel-Coffee-Cups-with-Handle-3-150x146.webp 150w\" sizes=\"(max-width: 2500px) 100vw, 2500px\" \/><\/figure>\n<\/div>\n\n\n\n<div class=\"wp-block-column is-layout-flow wp-block-column-is-layout-flow\">\n<figure class=\"wp-block-image size-full\"><img decoding=\"async\" width=\"2500\" height=\"2437\" src=\"https:\/\/moyahousehold.com\/wp-content\/uploads\/2024\/06\/Wholesale-Stainless-Steel-Coffee-Cups-with-Handle-4.webp\" alt=\"Mayorista Tazas de Caf\u00e9 de Acero Inoxidable con Asa (4)\" class=\"wp-image-10901\" srcset=\"https:\/\/moyahousehold.com\/wp-content\/uploads\/2024\/06\/Wholesale-Stainless-Steel-Coffee-Cups-with-Handle-4.webp 2500w, https:\/\/moyahousehold.com\/wp-content\/uploads\/2024\/06\/Wholesale-Stainless-Steel-Coffee-Cups-with-Handle-4-300x292.webp 300w, https:\/\/moyahousehold.com\/wp-content\/uploads\/2024\/06\/Wholesale-Stainless-Steel-Coffee-Cups-with-Handle-4-768x749.webp 768w, https:\/\/moyahousehold.com\/wp-content\/uploads\/2024\/06\/Wholesale-Stainless-Steel-Coffee-Cups-with-Handle-4-12x12.webp 12w, https:\/\/moyahousehold.com\/wp-content\/uploads\/2024\/06\/Wholesale-Stainless-Steel-Coffee-Cups-with-Handle-4-285x278.webp 285w, https:\/\/moyahousehold.com\/wp-content\/uploads\/2024\/06\/Wholesale-Stainless-Steel-Coffee-Cups-with-Handle-4-1600x1560.webp 1600w, https:\/\/moyahousehold.com\/wp-content\/uploads\/2024\/06\/Wholesale-Stainless-Steel-Coffee-Cups-with-Handle-4-660x643.webp 660w, https:\/\/moyahousehold.com\/wp-content\/uploads\/2024\/06\/Wholesale-Stainless-Steel-Coffee-Cups-with-Handle-4-150x146.webp 150w\" sizes=\"(max-width: 2500px) 100vw, 2500px\" \/><\/figure>\n<\/div>\n<\/div>\n\n\n\n<div class=\"wp-block-columns is-layout-flex wp-container-core-columns-is-layout-9d6595d7 wp-block-columns-is-layout-flex\">\n<div class=\"wp-block-column is-layout-flow wp-block-column-is-layout-flow\">\n<figure class=\"wp-block-image size-full\"><img decoding=\"async\" width=\"2500\" height=\"1666\" src=\"https:\/\/moyahousehold.com\/wp-content\/uploads\/2024\/06\/Stainless-Steel-Coffee-Mug-Series-1-2.webp\" alt=\"Serie de tazas de caf\u00e9 de acero inoxidable (1)\" class=\"wp-image-10896\" srcset=\"https:\/\/moyahousehold.com\/wp-content\/uploads\/2024\/06\/Stainless-Steel-Coffee-Mug-Series-1-2.webp 2500w, https:\/\/moyahousehold.com\/wp-content\/uploads\/2024\/06\/Stainless-Steel-Coffee-Mug-Series-1-2-300x200.webp 300w, https:\/\/moyahousehold.com\/wp-content\/uploads\/2024\/06\/Stainless-Steel-Coffee-Mug-Series-1-2-768x512.webp 768w, https:\/\/moyahousehold.com\/wp-content\/uploads\/2024\/06\/Stainless-Steel-Coffee-Mug-Series-1-2-18x12.webp 18w, https:\/\/moyahousehold.com\/wp-content\/uploads\/2024\/06\/Stainless-Steel-Coffee-Mug-Series-1-2-285x190.webp 285w, https:\/\/moyahousehold.com\/wp-content\/uploads\/2024\/06\/Stainless-Steel-Coffee-Mug-Series-1-2-1600x1066.webp 1600w, https:\/\/moyahousehold.com\/wp-content\/uploads\/2024\/06\/Stainless-Steel-Coffee-Mug-Series-1-2-660x440.webp 660w, https:\/\/moyahousehold.com\/wp-content\/uploads\/2024\/06\/Stainless-Steel-Coffee-Mug-Series-1-2-150x100.webp 150w\" sizes=\"(max-width: 2500px) 100vw, 2500px\" \/><\/figure>\n<\/div>\n\n\n\n<div class=\"wp-block-column is-layout-flow wp-block-column-is-layout-flow\">\n<figure class=\"wp-block-image size-full\"><img loading=\"lazy\" decoding=\"async\" width=\"2500\" height=\"1666\" src=\"https:\/\/moyahousehold.com\/wp-content\/uploads\/2024\/06\/Stainless-Steel-Coffee-Mug-Series-2-2.webp\" alt=\"Serie de tazas de caf\u00e9 de acero inoxidable (2)\" class=\"wp-image-10897\" srcset=\"https:\/\/moyahousehold.com\/wp-content\/uploads\/2024\/06\/Stainless-Steel-Coffee-Mug-Series-2-2.webp 2500w, https:\/\/moyahousehold.com\/wp-content\/uploads\/2024\/06\/Stainless-Steel-Coffee-Mug-Series-2-2-300x200.webp 300w, https:\/\/moyahousehold.com\/wp-content\/uploads\/2024\/06\/Stainless-Steel-Coffee-Mug-Series-2-2-768x512.webp 768w, https:\/\/moyahousehold.com\/wp-content\/uploads\/2024\/06\/Stainless-Steel-Coffee-Mug-Series-2-2-18x12.webp 18w, https:\/\/moyahousehold.com\/wp-content\/uploads\/2024\/06\/Stainless-Steel-Coffee-Mug-Series-2-2-285x190.webp 285w, https:\/\/moyahousehold.com\/wp-content\/uploads\/2024\/06\/Stainless-Steel-Coffee-Mug-Series-2-2-1600x1066.webp 1600w, https:\/\/moyahousehold.com\/wp-content\/uploads\/2024\/06\/Stainless-Steel-Coffee-Mug-Series-2-2-660x440.webp 660w, https:\/\/moyahousehold.com\/wp-content\/uploads\/2024\/06\/Stainless-Steel-Coffee-Mug-Series-2-2-150x100.webp 150w\" sizes=\"(max-width: 2500px) 100vw, 2500px\" \/><\/figure>\n<\/div>\n<\/div>","protected":false},"excerpt":{"rendered":"<p>MOYA al por mayor tazas de caf\u00e9 de acero inoxidable, estas tazas de caf\u00e9 son a la vez elegante y pr\u00e1ctico, con dise\u00f1o de boca ancha y deslizamiento cubierta de polvo. Apoyar la impresi\u00f3n del logotipo, color a juego y dise\u00f1o del paquete, bienvenida a los compradores B2B en contacto con nosotros.<\/p>\n<h3>Caracter\u00edsticas y ventajas de las tazas de caf\u00e9 de acero inoxidable<\/h3>\n<p><strong>Aplicaci\u00f3n pr\u00e1ctica:<\/strong> Las tazas de caf\u00e9 de acero inoxidable MOYA est\u00e1n fabricadas en acero inoxidable 304 de alta calidad y pueden utilizarse tanto para bebidas fr\u00edas como calientes y son perfectas para el hogar, la oficina o para llevar.<\/p>\n<p><strong>Aplicaci\u00f3n amigable:<\/strong> Las tazas de caf\u00e9 de acero inoxidable MOYA est\u00e1n fabricadas con un dise\u00f1o de boca ancha, f\u00e1cil de preparar, verter y limpiar; cuenta con una tapa deslizante antipolvo que se puede abrir y cerrar libremente.<\/p>\n<p><strong>Capacidad Liberal:<\/strong> Con 400 ml de capacidad, es perfecto para caf\u00e9, t\u00e9 u otras bebidas, reduciendo el rellenado.<\/p>\n<p><strong>Servicio mayorista:<\/strong> Apoyamos los servicios de venta al por mayor de tazas de caf\u00e9 de acero inoxidable, abiertos a clientes B2B globales, y podemos ofrecer soluciones personalizadas en funci\u00f3n de las necesidades de su marca:<\/p>\n<ol>\n<li>\n<p>Logotipo de la marca personalizable.<\/p>\n<\/li>\n<li>\n<p>El color del cuerpo de la taza y el estilo del envase son opcionales.<\/p>\n<\/li>\n<li>\n<p>Aplicable a diversos modelos de negocio, como promociones de regalos, plataformas de comercio electr\u00f3nico y canales minoristas.<\/p>\n<\/li>\n<\/ol>","protected":false},"featured_media":10902,"comment_status":"closed","ping_status":"closed","template":"","meta":[],"product_cat":[75],"product_tag":[],"class_list":{"0":"post-5566","1":"product","2":"type-product","3":"status-publish","4":"has-post-thumbnail","6":"product_cat-wholesale-stainless-steel-coffee-mug","8":"first","9":"instock","10":"shipping-taxable","11":"product-type-simple"},"_links":{"self":[{"href":"https:\/\/moyahousehold.com\/es\/wp-json\/wp\/v2\/product\/5566","targetHints":{"allow":["GET"]}}],"collection":[{"href":"https:\/\/moyahousehold.com\/es\/wp-json\/wp\/v2\/product"}],"about":[{"href":"https:\/\/moyahousehold.com\/es\/wp-json\/wp\/v2\/types\/product"}],"replies":[{"embeddable":true,"href":"https:\/\/moyahousehold.com\/es\/wp-json\/wp\/v2\/comments?post=5566"}],"version-history":[{"count":0,"href":"https:\/\/moyahousehold.com\/es\/wp-json\/wp\/v2\/product\/5566\/revisions"}],"wp:featuredmedia":[{"embeddable":true,"href":"https:\/\/moyahousehold.com\/es\/wp-json\/wp\/v2\/media\/10902"}],"wp:attachment":[{"href":"https:\/\/moyahousehold.com\/es\/wp-json\/wp\/v2\/media?parent=5566"}],"wp:term":[{"taxonomy":"product_cat","embeddable":true,"href":"https:\/\/moyahousehold.com\/es\/wp-json\/wp\/v2\/product_cat?post=5566"},{"taxonomy":"product_tag","embeddable":true,"href":"https:\/\/moyahousehold.com\/es\/wp-json\/wp\/v2\/product_tag?post=5566"}],"curies":[{"name":"wp","href":"https:\/\/api.w.org\/{rel}","templated":true}]}}