{"id":5570,"date":"2024-06-08T09:08:03","date_gmt":"2024-06-08T09:08:03","guid":{"rendered":"https:\/\/moyahousehold.com\/?post_type=product&#038;p=5570"},"modified":"2025-04-12T08:50:26","modified_gmt":"2025-04-12T08:50:26","slug":"wholesale-stainless-steel-coffee-travel-mugs","status":"publish","type":"product","link":"https:\/\/moyahousehold.com\/es\/producto\/wholesale-stainless-steel-coffee-travel-mugs\/","title":{"rendered":"Venta al por mayor de tazas de viaje de caf\u00e9 de acero inoxidable, Taza de camping de acero inoxidable"},"content":{"rendered":"<h2 class=\"wp-block-heading\">Par\u00e1metros de las tazas de viaje de caf\u00e9 de acero inoxidable<\/h2>\n\n\n\n<p><strong>material:<\/strong>304 + PP <strong> color:<\/strong>Beige\/caqui<\/p>\n\n\n\n<figure class=\"wp-block-table\"><table><tbody><tr><td>N\u00famero de modelo<\/td><td>capacidad<\/td><td>Tama\u00f1o del producto<\/td><td>Tama\u00f1o de la caja exterior<\/td><td>Cantidad por caja<\/td><td>N.W<\/td><td>G.W\/Caso<\/td><\/tr><tr><td>MYLY016<\/td><td>480 ml<\/td><td>9*7.2*12.3<\/td><td>64*45*53<\/td><td>80<\/td><td>0.16<\/td><td>28.8<\/td><\/tr><tr><td>MYLY017<\/td><td>400 ml<\/td><td>8*9*11<\/td><td>62*40*49.5<\/td><td>80<\/td><td>0.16<\/td><td>28.8<\/td><\/tr><\/tbody><\/table><\/figure>\n\n\n\n<h3 class=\"wp-block-heading\">Opciones de tazas de caf\u00e9 personalizadas<\/h3>\n\n\n\n<p><strong>Logotipo: <\/strong>Personalice el logotipo de su marca en el producto y el envase.<br><strong>Opciones de logotipo:<\/strong> logotipo impreso, logotipo grabado con l\u00e1ser, etc.<br><strong>Patr\u00f3n: <\/strong>Patrones de impresi\u00f3n <br><strong>Tecnolog\u00eda de impresi\u00f3n:<\/strong> impresi\u00f3n por transferencia de agua, serigraf\u00eda, impresi\u00f3n por transferencia de calor, transferencia por sublimaci\u00f3n, etc.<br><strong>Embalaje:<\/strong> caja de color<br><a href=\"https:\/\/moyahousehold.com\/es\/solucion-personalizada\/\"><strong>M\u00e1s informaci\u00f3n sobre soluciones personalizadas para tazas de caf\u00e9.<\/strong><\/a><\/p>\n\n\n\n<div class=\"wp-block-columns is-layout-flex wp-container-core-columns-is-layout-9d6595d7 wp-block-columns-is-layout-flex\">\n<div class=\"wp-block-column is-layout-flow wp-block-column-is-layout-flow\">\n<figure class=\"wp-block-image size-full\"><img fetchpriority=\"high\" decoding=\"async\" width=\"2000\" height=\"2000\" src=\"https:\/\/moyahousehold.com\/wp-content\/uploads\/2024\/06\/Wholesale-Stainless-Steel-Coffee-Travel-Mugs-Display-3.webp\" alt=\"Mayorista Tazas de Viaje de Caf\u00e9 de Acero Inoxidable Display (3)\" class=\"wp-image-10889\" srcset=\"https:\/\/moyahousehold.com\/wp-content\/uploads\/2024\/06\/Wholesale-Stainless-Steel-Coffee-Travel-Mugs-Display-3.webp 2000w, https:\/\/moyahousehold.com\/wp-content\/uploads\/2024\/06\/Wholesale-Stainless-Steel-Coffee-Travel-Mugs-Display-3-300x300.webp 300w, https:\/\/moyahousehold.com\/wp-content\/uploads\/2024\/06\/Wholesale-Stainless-Steel-Coffee-Travel-Mugs-Display-3-150x150.webp 150w, https:\/\/moyahousehold.com\/wp-content\/uploads\/2024\/06\/Wholesale-Stainless-Steel-Coffee-Travel-Mugs-Display-3-768x768.webp 768w, https:\/\/moyahousehold.com\/wp-content\/uploads\/2024\/06\/Wholesale-Stainless-Steel-Coffee-Travel-Mugs-Display-3-12x12.webp 12w, https:\/\/moyahousehold.com\/wp-content\/uploads\/2024\/06\/Wholesale-Stainless-Steel-Coffee-Travel-Mugs-Display-3-285x285.webp 285w, https:\/\/moyahousehold.com\/wp-content\/uploads\/2024\/06\/Wholesale-Stainless-Steel-Coffee-Travel-Mugs-Display-3-1600x1600.webp 1600w, https:\/\/moyahousehold.com\/wp-content\/uploads\/2024\/06\/Wholesale-Stainless-Steel-Coffee-Travel-Mugs-Display-3-270x270.webp 270w, https:\/\/moyahousehold.com\/wp-content\/uploads\/2024\/06\/Wholesale-Stainless-Steel-Coffee-Travel-Mugs-Display-3-540x540.webp 540w, https:\/\/moyahousehold.com\/wp-content\/uploads\/2024\/06\/Wholesale-Stainless-Steel-Coffee-Travel-Mugs-Display-3-660x660.webp 660w\" sizes=\"(max-width: 2000px) 100vw, 2000px\" \/><\/figure>\n<\/div>\n\n\n\n<div class=\"wp-block-column is-layout-flow wp-block-column-is-layout-flow\">\n<figure class=\"wp-block-image size-full\"><img decoding=\"async\" width=\"2000\" height=\"2000\" src=\"https:\/\/moyahousehold.com\/wp-content\/uploads\/2024\/06\/Wholesale-Stainless-Steel-Coffee-Travel-Mugs-Display-4.webp\" alt=\"Mayorista Tazas de Viaje de Caf\u00e9 de Acero Inoxidable Display (4)\" class=\"wp-image-10890\" srcset=\"https:\/\/moyahousehold.com\/wp-content\/uploads\/2024\/06\/Wholesale-Stainless-Steel-Coffee-Travel-Mugs-Display-4.webp 2000w, https:\/\/moyahousehold.com\/wp-content\/uploads\/2024\/06\/Wholesale-Stainless-Steel-Coffee-Travel-Mugs-Display-4-300x300.webp 300w, https:\/\/moyahousehold.com\/wp-content\/uploads\/2024\/06\/Wholesale-Stainless-Steel-Coffee-Travel-Mugs-Display-4-150x150.webp 150w, https:\/\/moyahousehold.com\/wp-content\/uploads\/2024\/06\/Wholesale-Stainless-Steel-Coffee-Travel-Mugs-Display-4-768x768.webp 768w, https:\/\/moyahousehold.com\/wp-content\/uploads\/2024\/06\/Wholesale-Stainless-Steel-Coffee-Travel-Mugs-Display-4-12x12.webp 12w, https:\/\/moyahousehold.com\/wp-content\/uploads\/2024\/06\/Wholesale-Stainless-Steel-Coffee-Travel-Mugs-Display-4-285x285.webp 285w, https:\/\/moyahousehold.com\/wp-content\/uploads\/2024\/06\/Wholesale-Stainless-Steel-Coffee-Travel-Mugs-Display-4-1600x1600.webp 1600w, https:\/\/moyahousehold.com\/wp-content\/uploads\/2024\/06\/Wholesale-Stainless-Steel-Coffee-Travel-Mugs-Display-4-270x270.webp 270w, https:\/\/moyahousehold.com\/wp-content\/uploads\/2024\/06\/Wholesale-Stainless-Steel-Coffee-Travel-Mugs-Display-4-540x540.webp 540w, https:\/\/moyahousehold.com\/wp-content\/uploads\/2024\/06\/Wholesale-Stainless-Steel-Coffee-Travel-Mugs-Display-4-660x660.webp 660w\" sizes=\"(max-width: 2000px) 100vw, 2000px\" \/><\/figure>\n<\/div>\n<\/div>\n\n\n\n<div class=\"wp-block-columns is-layout-flex wp-container-core-columns-is-layout-9d6595d7 wp-block-columns-is-layout-flex\">\n<div class=\"wp-block-column is-layout-flow wp-block-column-is-layout-flow\">\n<figure class=\"wp-block-image size-full\"><img decoding=\"async\" width=\"1024\" height=\"1024\" src=\"https:\/\/moyahousehold.com\/wp-content\/uploads\/2024\/06\/Stainless-Steel-Coffee-Travel-Mug-Details-1.webp\" alt=\"Taza de viaje de caf\u00e9 de acero inoxidable Detalles (1)\" class=\"wp-image-10883\" srcset=\"https:\/\/moyahousehold.com\/wp-content\/uploads\/2024\/06\/Stainless-Steel-Coffee-Travel-Mug-Details-1.webp 1024w, https:\/\/moyahousehold.com\/wp-content\/uploads\/2024\/06\/Stainless-Steel-Coffee-Travel-Mug-Details-1-300x300.webp 300w, https:\/\/moyahousehold.com\/wp-content\/uploads\/2024\/06\/Stainless-Steel-Coffee-Travel-Mug-Details-1-150x150.webp 150w, https:\/\/moyahousehold.com\/wp-content\/uploads\/2024\/06\/Stainless-Steel-Coffee-Travel-Mug-Details-1-768x768.webp 768w, https:\/\/moyahousehold.com\/wp-content\/uploads\/2024\/06\/Stainless-Steel-Coffee-Travel-Mug-Details-1-12x12.webp 12w, https:\/\/moyahousehold.com\/wp-content\/uploads\/2024\/06\/Stainless-Steel-Coffee-Travel-Mug-Details-1-285x285.webp 285w, https:\/\/moyahousehold.com\/wp-content\/uploads\/2024\/06\/Stainless-Steel-Coffee-Travel-Mug-Details-1-270x270.webp 270w, https:\/\/moyahousehold.com\/wp-content\/uploads\/2024\/06\/Stainless-Steel-Coffee-Travel-Mug-Details-1-540x540.webp 540w, https:\/\/moyahousehold.com\/wp-content\/uploads\/2024\/06\/Stainless-Steel-Coffee-Travel-Mug-Details-1-660x660.webp 660w\" sizes=\"(max-width: 1024px) 100vw, 1024px\" \/><\/figure>\n<\/div>\n\n\n\n<div class=\"wp-block-column is-layout-flow wp-block-column-is-layout-flow\">\n<figure class=\"wp-block-image size-full\"><img loading=\"lazy\" decoding=\"async\" width=\"1024\" height=\"1024\" src=\"https:\/\/moyahousehold.com\/wp-content\/uploads\/2024\/06\/Stainless-Steel-Coffee-Travel-Mug-Details-2.webp\" alt=\"Taza de viaje de caf\u00e9 de acero inoxidable Detalles (2)\" class=\"wp-image-10884\" srcset=\"https:\/\/moyahousehold.com\/wp-content\/uploads\/2024\/06\/Stainless-Steel-Coffee-Travel-Mug-Details-2.webp 1024w, https:\/\/moyahousehold.com\/wp-content\/uploads\/2024\/06\/Stainless-Steel-Coffee-Travel-Mug-Details-2-300x300.webp 300w, https:\/\/moyahousehold.com\/wp-content\/uploads\/2024\/06\/Stainless-Steel-Coffee-Travel-Mug-Details-2-150x150.webp 150w, https:\/\/moyahousehold.com\/wp-content\/uploads\/2024\/06\/Stainless-Steel-Coffee-Travel-Mug-Details-2-768x768.webp 768w, https:\/\/moyahousehold.com\/wp-content\/uploads\/2024\/06\/Stainless-Steel-Coffee-Travel-Mug-Details-2-12x12.webp 12w, https:\/\/moyahousehold.com\/wp-content\/uploads\/2024\/06\/Stainless-Steel-Coffee-Travel-Mug-Details-2-285x285.webp 285w, https:\/\/moyahousehold.com\/wp-content\/uploads\/2024\/06\/Stainless-Steel-Coffee-Travel-Mug-Details-2-270x270.webp 270w, https:\/\/moyahousehold.com\/wp-content\/uploads\/2024\/06\/Stainless-Steel-Coffee-Travel-Mug-Details-2-540x540.webp 540w, https:\/\/moyahousehold.com\/wp-content\/uploads\/2024\/06\/Stainless-Steel-Coffee-Travel-Mug-Details-2-660x660.webp 660w\" sizes=\"(max-width: 1024px) 100vw, 1024px\" \/><\/figure>\n<\/div>\n<\/div>\n\n\n\n<div class=\"wp-block-columns is-layout-flex wp-container-core-columns-is-layout-9d6595d7 wp-block-columns-is-layout-flex\">\n<div class=\"wp-block-column is-layout-flow wp-block-column-is-layout-flow\"><\/div>\n\n\n\n<div class=\"wp-block-column is-layout-flow wp-block-column-is-layout-flow\"><\/div>\n<\/div>","protected":false},"excerpt":{"rendered":"<p>Taza de viaje de caf\u00e9 de acero inoxidable al por mayor, con dise\u00f1o minimalista, la capa interior est\u00e1 hecha de acero inoxidable 304 de calidad alimentaria, la capa exterior est\u00e1 hecha de material PP esmerilado, suave al tacto, con protecci\u00f3n antiescaldamiento. Disponible en opciones de capacidad de 400 ml y 480 ml, con colores beige y caqui para elegir. Apoyo OEM y ODM, la bienvenida a los compradores B2B en contacto con nosotros para las cotizaciones.<\/p>\n<h3>Caracter\u00edsticas y ventajas de las tazas de viaje de acero inoxidable para caf\u00e9<\/h3>\n<p><strong>Elegante est\u00e9tica minimalista:<\/strong> La Taza de Viaje de Caf\u00e9 de Acero Inoxidable est\u00e1 dise\u00f1ada con colores confortables y l\u00edneas suaves, con s\u00faper poder curativo, adecuada para la decoraci\u00f3n sencilla del hogar.<\/p>\n<p><strong>Agarre c\u00f3modo con textura esmerilada:<\/strong> La carcasa de la taza de viaje de caf\u00e9 de acero inoxidable est\u00e1 hecha de material PP esmerilado de alta calidad, presenta un delicado aspecto mate y tiene una superficie suave y antideslizante<\/p>\n<p><strong>Aislamiento de doble capa:<\/strong> La Taza de Viaje de Caf\u00e9 de Acero Inoxidable adopta un dise\u00f1o de doble capa para formar una barrera, manteniendo eficazmente el calor y el fr\u00edo, y sus manos no se quemar\u00e1n, sin necesidad de fundas o posavasos adicionales.<\/p>\n<p><strong>F\u00e1cil de limpiar:<\/strong> La taza de viaje de caf\u00e9 de acero inoxidable tiene una amplia abertura y una tapa extra\u00edble, f\u00e1cil de enjuagar y fregar.<\/p>\n<p><strong>Venta al por mayor y personalizaci\u00f3n disponibles:<\/strong> Ofrecemos opciones flexibles de venta al por mayor y servicios completos de OEM\/ODM, con opciones como a\u00f1adir logotipos y cambiar colores.<\/p>","protected":false},"featured_media":10885,"comment_status":"closed","ping_status":"closed","template":"","meta":[],"product_cat":[75],"product_tag":[],"class_list":{"0":"post-5570","1":"product","2":"type-product","3":"status-publish","4":"has-post-thumbnail","6":"product_cat-wholesale-stainless-steel-coffee-mug","8":"first","9":"instock","10":"shipping-taxable","11":"product-type-simple"},"_links":{"self":[{"href":"https:\/\/moyahousehold.com\/es\/wp-json\/wp\/v2\/product\/5570","targetHints":{"allow":["GET"]}}],"collection":[{"href":"https:\/\/moyahousehold.com\/es\/wp-json\/wp\/v2\/product"}],"about":[{"href":"https:\/\/moyahousehold.com\/es\/wp-json\/wp\/v2\/types\/product"}],"replies":[{"embeddable":true,"href":"https:\/\/moyahousehold.com\/es\/wp-json\/wp\/v2\/comments?post=5570"}],"version-history":[{"count":0,"href":"https:\/\/moyahousehold.com\/es\/wp-json\/wp\/v2\/product\/5570\/revisions"}],"wp:featuredmedia":[{"embeddable":true,"href":"https:\/\/moyahousehold.com\/es\/wp-json\/wp\/v2\/media\/10885"}],"wp:attachment":[{"href":"https:\/\/moyahousehold.com\/es\/wp-json\/wp\/v2\/media?parent=5570"}],"wp:term":[{"taxonomy":"product_cat","embeddable":true,"href":"https:\/\/moyahousehold.com\/es\/wp-json\/wp\/v2\/product_cat?post=5570"},{"taxonomy":"product_tag","embeddable":true,"href":"https:\/\/moyahousehold.com\/es\/wp-json\/wp\/v2\/product_tag?post=5570"}],"curies":[{"name":"wp","href":"https:\/\/api.w.org\/{rel}","templated":true}]}}