{"id":5606,"date":"2024-06-10T01:31:40","date_gmt":"2024-06-10T01:31:40","guid":{"rendered":"https:\/\/moyahousehold.com\/?post_type=product&#038;p=5606"},"modified":"2026-04-07T09:46:00","modified_gmt":"2026-04-07T09:46:00","slug":"wholesale-coffee-mugs-for-the-office","status":"publish","type":"product","link":"https:\/\/moyahousehold.com\/es\/producto\/wholesale-coffee-mugs-for-the-office\/","title":{"rendered":"304 Stainless Steel Coffee Mug 400ml | Wholesale Bulk for Office Use, BPA-Free"},"content":{"rendered":"<figure class=\"wp-block-image size-full\"><img fetchpriority=\"high\" decoding=\"async\" width=\"3984\" height=\"2656\" src=\"https:\/\/moyahousehold.com\/wp-content\/uploads\/2024\/06\/LY-\u676f\u5b50\u5408\u96c6\u65e9\u9910\u676f-2.jpg\" alt=\"304 stainless steel insulated coffee mugs in beige and white \u2014 perfect for office, home, or coworker moments. Keeps drinks hot or cold for hours.\" class=\"wp-image-12708\" srcset=\"https:\/\/moyahousehold.com\/wp-content\/uploads\/2024\/06\/LY-\u676f\u5b50\u5408\u96c6\u65e9\u9910\u676f-2.jpg 3984w, https:\/\/moyahousehold.com\/wp-content\/uploads\/2024\/06\/LY-\u676f\u5b50\u5408\u96c6\u65e9\u9910\u676f-2-300x200.jpg 300w, https:\/\/moyahousehold.com\/wp-content\/uploads\/2024\/06\/LY-\u676f\u5b50\u5408\u96c6\u65e9\u9910\u676f-2-768x512.jpg 768w, https:\/\/moyahousehold.com\/wp-content\/uploads\/2024\/06\/LY-\u676f\u5b50\u5408\u96c6\u65e9\u9910\u676f-2-18x12.jpg 18w, https:\/\/moyahousehold.com\/wp-content\/uploads\/2024\/06\/LY-\u676f\u5b50\u5408\u96c6\u65e9\u9910\u676f-2-285x190.jpg 285w, https:\/\/moyahousehold.com\/wp-content\/uploads\/2024\/06\/LY-\u676f\u5b50\u5408\u96c6\u65e9\u9910\u676f-2-1600x1067.jpg 1600w, https:\/\/moyahousehold.com\/wp-content\/uploads\/2024\/06\/LY-\u676f\u5b50\u5408\u96c6\u65e9\u9910\u676f-2-660x440.jpg 660w, https:\/\/moyahousehold.com\/wp-content\/uploads\/2024\/06\/LY-\u676f\u5b50\u5408\u96c6\u65e9\u9910\u676f-2-150x100.jpg 150w\" sizes=\"(max-width: 3984px) 100vw, 3984px\" \/><\/figure>\n\n\n\n<h2 class=\"wp-block-heading\">Par\u00e1metros de tazas de caf\u00e9 para la oficina<\/h2>\n\n\n\n<p><strong>Material:<\/strong> 304 + PP <strong> Color:<\/strong> Beige\/caqui<\/p>\n\n\n\n<figure class=\"wp-block-table\"><table><tbody><tr><td><strong>Art\u00edculo<\/strong><\/td><td><strong>Capacidad<\/strong><\/td><td><strong>Tama\u00f1o del producto<\/strong><\/td><td><strong>PCS\/Caja<\/strong><\/td><td>N<strong>.W\/PCS<\/strong><\/td><td><strong>G.W\/Caso<\/strong><\/td><\/tr><tr><td>MYLY017<\/td><td>400 ml<\/td><td>8*9*11<\/td><td>80<\/td><td>0.16<\/td><td>18.8<\/td><\/tr><\/tbody><\/table><\/figure>\n\n\n\n<h3 class=\"wp-block-heading\">Custom Travel Coffee Mugs<\/h3>\n\n\n\n<p><strong>Logotipo<\/strong>: Custom your brand logo on product and package.<br><strong>Logo Options: <\/strong>Printed logo, laser engraved logo, etc.<br><strong>Patr\u00f3n:<\/strong> Patrones de impresi\u00f3n <br><strong>Printing Technology:<\/strong> Water transfer printing, silk screen printing, heat transfer printing, sublimation transfer, etc.<br><strong>Paquete:<\/strong> Color box<br><a href=\"https:\/\/moyahousehold.com\/es\/solucion-personalizada\/\"><strong>Descubra m\u00e1s detalles sobre tazas de caf\u00e9 personalizadas.<\/strong><\/a><\/p>\n\n\n\n<div class=\"wp-block-columns is-layout-flex wp-container-core-columns-is-layout-9d6595d7 wp-block-columns-is-layout-flex\">\n<div class=\"wp-block-column is-layout-flow wp-block-column-is-layout-flow\">\n<figure class=\"wp-block-image size-full\"><img decoding=\"async\" width=\"2500\" height=\"2437\" src=\"https:\/\/moyahousehold.com\/wp-content\/uploads\/2024\/06\/Coffee-Mugs-for-the-Office-Display-1.webp\" alt=\"Tazas de caf\u00e9 para el expositor de la oficina (1)\" class=\"wp-image-10832\" srcset=\"https:\/\/moyahousehold.com\/wp-content\/uploads\/2024\/06\/Coffee-Mugs-for-the-Office-Display-1.webp 2500w, https:\/\/moyahousehold.com\/wp-content\/uploads\/2024\/06\/Coffee-Mugs-for-the-Office-Display-1-300x292.webp 300w, https:\/\/moyahousehold.com\/wp-content\/uploads\/2024\/06\/Coffee-Mugs-for-the-Office-Display-1-768x749.webp 768w, https:\/\/moyahousehold.com\/wp-content\/uploads\/2024\/06\/Coffee-Mugs-for-the-Office-Display-1-12x12.webp 12w, https:\/\/moyahousehold.com\/wp-content\/uploads\/2024\/06\/Coffee-Mugs-for-the-Office-Display-1-285x278.webp 285w, https:\/\/moyahousehold.com\/wp-content\/uploads\/2024\/06\/Coffee-Mugs-for-the-Office-Display-1-1600x1560.webp 1600w, https:\/\/moyahousehold.com\/wp-content\/uploads\/2024\/06\/Coffee-Mugs-for-the-Office-Display-1-660x643.webp 660w, https:\/\/moyahousehold.com\/wp-content\/uploads\/2024\/06\/Coffee-Mugs-for-the-Office-Display-1-150x146.webp 150w\" sizes=\"(max-width: 2500px) 100vw, 2500px\" \/><\/figure>\n<\/div>\n\n\n\n<div class=\"wp-block-column is-layout-flow wp-block-column-is-layout-flow\">\n<figure class=\"wp-block-image size-full\"><img decoding=\"async\" width=\"2500\" height=\"2437\" src=\"https:\/\/moyahousehold.com\/wp-content\/uploads\/2024\/06\/Coffee-Mugs-for-the-Office-Display-2.webp\" alt=\"Tazas de caf\u00e9 para el expositor de la oficina (2)\" class=\"wp-image-10833\" srcset=\"https:\/\/moyahousehold.com\/wp-content\/uploads\/2024\/06\/Coffee-Mugs-for-the-Office-Display-2.webp 2500w, https:\/\/moyahousehold.com\/wp-content\/uploads\/2024\/06\/Coffee-Mugs-for-the-Office-Display-2-300x292.webp 300w, https:\/\/moyahousehold.com\/wp-content\/uploads\/2024\/06\/Coffee-Mugs-for-the-Office-Display-2-768x749.webp 768w, https:\/\/moyahousehold.com\/wp-content\/uploads\/2024\/06\/Coffee-Mugs-for-the-Office-Display-2-12x12.webp 12w, https:\/\/moyahousehold.com\/wp-content\/uploads\/2024\/06\/Coffee-Mugs-for-the-Office-Display-2-285x278.webp 285w, https:\/\/moyahousehold.com\/wp-content\/uploads\/2024\/06\/Coffee-Mugs-for-the-Office-Display-2-1600x1560.webp 1600w, https:\/\/moyahousehold.com\/wp-content\/uploads\/2024\/06\/Coffee-Mugs-for-the-Office-Display-2-660x643.webp 660w, https:\/\/moyahousehold.com\/wp-content\/uploads\/2024\/06\/Coffee-Mugs-for-the-Office-Display-2-150x146.webp 150w\" sizes=\"(max-width: 2500px) 100vw, 2500px\" \/><\/figure>\n<\/div>\n<\/div>\n\n\n\n<div class=\"wp-block-columns is-layout-flex wp-container-core-columns-is-layout-9d6595d7 wp-block-columns-is-layout-flex\">\n<div class=\"wp-block-column is-layout-flow wp-block-column-is-layout-flow\">\n<figure class=\"wp-block-image size-full\"><img loading=\"lazy\" decoding=\"async\" width=\"1080\" height=\"1620\" src=\"https:\/\/moyahousehold.com\/wp-content\/uploads\/2024\/06\/LY-\u529e\u516c\u676f-28.jpg\" alt=\"304 stainless steel insulated coffee mugs in beige and white \u2014 perfect for office, home, or coworker moments. Keeps drinks hot or cold for hours.\" class=\"wp-image-12706\" srcset=\"https:\/\/moyahousehold.com\/wp-content\/uploads\/2024\/06\/LY-\u529e\u516c\u676f-28.jpg 1080w, https:\/\/moyahousehold.com\/wp-content\/uploads\/2024\/06\/LY-\u529e\u516c\u676f-28-200x300.jpg 200w, https:\/\/moyahousehold.com\/wp-content\/uploads\/2024\/06\/LY-\u529e\u516c\u676f-28-768x1152.jpg 768w, https:\/\/moyahousehold.com\/wp-content\/uploads\/2024\/06\/LY-\u529e\u516c\u676f-28-8x12.jpg 8w, https:\/\/moyahousehold.com\/wp-content\/uploads\/2024\/06\/LY-\u529e\u516c\u676f-28-285x428.jpg 285w, https:\/\/moyahousehold.com\/wp-content\/uploads\/2024\/06\/LY-\u529e\u516c\u676f-28-440x660.jpg 440w, https:\/\/moyahousehold.com\/wp-content\/uploads\/2024\/06\/LY-\u529e\u516c\u676f-28-100x150.jpg 100w\" sizes=\"(max-width: 1080px) 100vw, 1080px\" \/><\/figure>\n<\/div>\n\n\n\n<div class=\"wp-block-column is-layout-flow wp-block-column-is-layout-flow\">\n<figure class=\"wp-block-image size-full\"><img loading=\"lazy\" decoding=\"async\" width=\"1080\" height=\"1620\" src=\"https:\/\/moyahousehold.com\/wp-content\/uploads\/2024\/06\/LY-\u529e\u516c\u676f-31.jpg\" alt=\"304 stainless steel insulated coffee mugs in beige and white \u2014 perfect for office, home, or coworker moments. Keeps drinks hot or cold for hours.\" class=\"wp-image-12707\" srcset=\"https:\/\/moyahousehold.com\/wp-content\/uploads\/2024\/06\/LY-\u529e\u516c\u676f-31.jpg 1080w, https:\/\/moyahousehold.com\/wp-content\/uploads\/2024\/06\/LY-\u529e\u516c\u676f-31-200x300.jpg 200w, https:\/\/moyahousehold.com\/wp-content\/uploads\/2024\/06\/LY-\u529e\u516c\u676f-31-768x1152.jpg 768w, https:\/\/moyahousehold.com\/wp-content\/uploads\/2024\/06\/LY-\u529e\u516c\u676f-31-8x12.jpg 8w, https:\/\/moyahousehold.com\/wp-content\/uploads\/2024\/06\/LY-\u529e\u516c\u676f-31-285x428.jpg 285w, https:\/\/moyahousehold.com\/wp-content\/uploads\/2024\/06\/LY-\u529e\u516c\u676f-31-440x660.jpg 440w, https:\/\/moyahousehold.com\/wp-content\/uploads\/2024\/06\/LY-\u529e\u516c\u676f-31-100x150.jpg 100w\" sizes=\"(max-width: 1080px) 100vw, 1080px\" \/><\/figure>\n<\/div>\n<\/div>\n\n\n\n<p><\/p>","protected":false},"excerpt":{"rendered":"<p>Tazas de caf\u00e9 al por mayor para la oficina, las series de tazas de caf\u00e9 de 400 ml al por mayor est\u00e1n cuidadosamente dise\u00f1adas para el entorno de oficina moderno, logrando el equilibrio perfecto entre estilo, comodidad y funcionalidad. Moya admite tanto la venta al por mayor al por mayor como servicios completos de personalizaci\u00f3n OEM\/ODM, incluido el logotipo y el embalaje personalizados. P\u00f3ngase en contacto con nosotros para solicitar un presupuesto.<\/p>\n<h3>Caracter\u00edsticas y ventajas de las tazas de caf\u00e9 para la oficina<\/h3>\n<p><strong>Bonito dise\u00f1o:<\/strong> Esta taza de caf\u00e9 Office est\u00e1 disponible en suaves y relajantes colores crema y avena, con un dise\u00f1o moderno y sencillo, lo que la convierte en un bonito accesorio para su escritorio.<\/p>\n<p><strong>Seguro y f\u00e1cil de usar:<\/strong> Esta taza de caf\u00e9 Office est\u00e1 revestida de acero inoxidable 304 de calidad alimentaria para garantizar la seguridad e higiene de las bebidas fr\u00edas y calientes. La cubierta exterior est\u00e1 hecha de pl\u00e1stico PP de textura mate de alta calidad, que se siente c\u00f3modo de sostener.<\/p>\n<p><strong>Adecuado para el hogar y la oficina:<\/strong> Esta taza de caf\u00e9 combina belleza y practicidad con un estilo a la moda, lo que la hace perfecta para el ocio en casa o el trabajo en la oficina.<\/p>\n<p><strong>Logotipo de marca personalizado:<\/strong> MOYA fabricante de tazas de caf\u00e9 ofrece servicio de OEM, esta taza de caf\u00e9 es compatible con la impresi\u00f3n de logotipo personalizado, usted puede crear f\u00e1cilmente su propia taza de caf\u00e9.<\/p>\n<p><strong>Servicio mayorista:<\/strong> MOYA fabricante de tazas de caf\u00e9 proporciona un suministro estable de productos para su negocio, y ofrece precios de f\u00e1brica y servicios de consultor\u00eda.<\/p>","protected":false},"featured_media":10836,"comment_status":"closed","ping_status":"closed","template":"","meta":[],"product_cat":[75],"product_tag":[144,145],"class_list":{"0":"post-5606","1":"product","2":"type-product","3":"status-publish","4":"has-post-thumbnail","6":"product_cat-wholesale-stainless-steel-coffee-mug","7":"product_tag-coffee-mug","8":"product_tag-office-mug","10":"first","11":"instock","12":"shipping-taxable","13":"product-type-simple"},"_links":{"self":[{"href":"https:\/\/moyahousehold.com\/es\/wp-json\/wp\/v2\/product\/5606","targetHints":{"allow":["GET"]}}],"collection":[{"href":"https:\/\/moyahousehold.com\/es\/wp-json\/wp\/v2\/product"}],"about":[{"href":"https:\/\/moyahousehold.com\/es\/wp-json\/wp\/v2\/types\/product"}],"replies":[{"embeddable":true,"href":"https:\/\/moyahousehold.com\/es\/wp-json\/wp\/v2\/comments?post=5606"}],"version-history":[{"count":0,"href":"https:\/\/moyahousehold.com\/es\/wp-json\/wp\/v2\/product\/5606\/revisions"}],"wp:featuredmedia":[{"embeddable":true,"href":"https:\/\/moyahousehold.com\/es\/wp-json\/wp\/v2\/media\/10836"}],"wp:attachment":[{"href":"https:\/\/moyahousehold.com\/es\/wp-json\/wp\/v2\/media?parent=5606"}],"wp:term":[{"taxonomy":"product_cat","embeddable":true,"href":"https:\/\/moyahousehold.com\/es\/wp-json\/wp\/v2\/product_cat?post=5606"},{"taxonomy":"product_tag","embeddable":true,"href":"https:\/\/moyahousehold.com\/es\/wp-json\/wp\/v2\/product_tag?post=5606"}],"curies":[{"name":"wp","href":"https:\/\/api.w.org\/{rel}","templated":true}]}}