{"id":5619,"date":"2024-06-10T03:09:01","date_gmt":"2024-06-10T03:09:01","guid":{"rendered":"https:\/\/moyahousehold.com\/?post_type=product&#038;p=5619"},"modified":"2025-04-10T10:08:58","modified_gmt":"2025-04-10T10:08:58","slug":"wholesale-stainless-steel-coffee-cups-280ml-and-550ml","status":"publish","type":"product","link":"https:\/\/moyahousehold.com\/es\/producto\/wholesale-stainless-steel-coffee-cups-280ml-and-550ml\/","title":{"rendered":"Tazas de caf\u00e9 de acero inoxidable al por mayor, 280ml y 550ml"},"content":{"rendered":"<h2 class=\"wp-block-heading\">Par\u00e1metros de las tazas de caf\u00e9 de acero inoxidable<\/h2>\n\n\n\n<p><strong>material:<\/strong>304 + PP <strong> color:<\/strong>Beige\/caqui<\/p>\n\n\n\n<figure class=\"wp-block-table\"><table><tbody><tr><td>N\u00famero de modelo<\/td><td>capacidad<\/td><td>Tama\u00f1o del producto<\/td><td>Tama\u00f1o de la caja exterior<\/td><td>Cantidad por caja<\/td><td>N.W<\/td><td>G.W\/Caso<\/td><\/tr><tr><td>MYLY018<\/td><td>280 ml<\/td><td>10.2*5.5*6.5<\/td><td>64*45*53<\/td><td>80<\/td><td>0.16<\/td><td>28.8<\/td><\/tr><tr><td>MYLY019<\/td><td>550 ml<\/td><td>12.5*6.5*8.2<\/td><td>68*48*56<\/td><td>80<\/td><td>0.2<\/td><td>18<\/td><\/tr><\/tbody><\/table><\/figure>\n\n\n\n<h3 class=\"wp-block-heading\">Tazas de caf\u00e9 personalizadas<\/h3>\n\n\n\n<p><strong>Logotipo: <\/strong>personalice el logotipo de su marca en el producto y el envase.<br><strong>Opciones de logotipo:<\/strong> logotipo impreso, logotipo grabado con l\u00e1ser, etc.<br><strong>Patr\u00f3n:<\/strong> Patrones de impresi\u00f3n <br><strong>Tecnolog\u00eda de impresi\u00f3n:<\/strong> impresi\u00f3n por transferencia de agua, serigraf\u00eda, impresi\u00f3n por transferencia de calor, transferencia por sublimaci\u00f3n, etc.<br><strong>Embalaje: <\/strong>caja de color<br><a href=\"https:\/\/moyahousehold.com\/es\/solucion-personalizada\/\"><strong>M\u00e1s informaci\u00f3n sobre soluciones personalizadas para tazas de caf\u00e9.<\/strong><\/a><\/p>\n\n\n\n<div class=\"wp-block-columns is-layout-flex wp-container-core-columns-is-layout-9d6595d7 wp-block-columns-is-layout-flex\">\n<div class=\"wp-block-column is-layout-flow wp-block-column-is-layout-flow\">\n<figure class=\"wp-block-image size-full\"><img fetchpriority=\"high\" decoding=\"async\" width=\"1024\" height=\"1024\" src=\"https:\/\/moyahousehold.com\/wp-content\/uploads\/2024\/06\/280ml-stainless-steel-cup-details.webp\" alt=\"Detalles de la taza de acero inoxidable de 280 ml\" class=\"wp-image-10728\" srcset=\"https:\/\/moyahousehold.com\/wp-content\/uploads\/2024\/06\/280ml-stainless-steel-cup-details.webp 1024w, https:\/\/moyahousehold.com\/wp-content\/uploads\/2024\/06\/280ml-stainless-steel-cup-details-300x300.webp 300w, https:\/\/moyahousehold.com\/wp-content\/uploads\/2024\/06\/280ml-stainless-steel-cup-details-150x150.webp 150w, https:\/\/moyahousehold.com\/wp-content\/uploads\/2024\/06\/280ml-stainless-steel-cup-details-768x768.webp 768w, https:\/\/moyahousehold.com\/wp-content\/uploads\/2024\/06\/280ml-stainless-steel-cup-details-12x12.webp 12w, https:\/\/moyahousehold.com\/wp-content\/uploads\/2024\/06\/280ml-stainless-steel-cup-details-285x285.webp 285w, https:\/\/moyahousehold.com\/wp-content\/uploads\/2024\/06\/280ml-stainless-steel-cup-details-270x270.webp 270w, https:\/\/moyahousehold.com\/wp-content\/uploads\/2024\/06\/280ml-stainless-steel-cup-details-540x540.webp 540w, https:\/\/moyahousehold.com\/wp-content\/uploads\/2024\/06\/280ml-stainless-steel-cup-details-660x660.webp 660w\" sizes=\"(max-width: 1024px) 100vw, 1024px\" \/><\/figure>\n<\/div>\n\n\n\n<div class=\"wp-block-column is-layout-flow wp-block-column-is-layout-flow\">\n<figure class=\"wp-block-image size-full\"><img decoding=\"async\" width=\"1024\" height=\"1024\" src=\"https:\/\/moyahousehold.com\/wp-content\/uploads\/2024\/06\/550ml-stainless-steel-cup-details.webp\" alt=\"Detalles de la taza de acero inoxidable de 550 ml\" class=\"wp-image-10729\" srcset=\"https:\/\/moyahousehold.com\/wp-content\/uploads\/2024\/06\/550ml-stainless-steel-cup-details.webp 1024w, https:\/\/moyahousehold.com\/wp-content\/uploads\/2024\/06\/550ml-stainless-steel-cup-details-300x300.webp 300w, https:\/\/moyahousehold.com\/wp-content\/uploads\/2024\/06\/550ml-stainless-steel-cup-details-150x150.webp 150w, https:\/\/moyahousehold.com\/wp-content\/uploads\/2024\/06\/550ml-stainless-steel-cup-details-768x768.webp 768w, https:\/\/moyahousehold.com\/wp-content\/uploads\/2024\/06\/550ml-stainless-steel-cup-details-12x12.webp 12w, https:\/\/moyahousehold.com\/wp-content\/uploads\/2024\/06\/550ml-stainless-steel-cup-details-285x285.webp 285w, https:\/\/moyahousehold.com\/wp-content\/uploads\/2024\/06\/550ml-stainless-steel-cup-details-270x270.webp 270w, https:\/\/moyahousehold.com\/wp-content\/uploads\/2024\/06\/550ml-stainless-steel-cup-details-540x540.webp 540w, https:\/\/moyahousehold.com\/wp-content\/uploads\/2024\/06\/550ml-stainless-steel-cup-details-660x660.webp 660w\" sizes=\"(max-width: 1024px) 100vw, 1024px\" \/><\/figure>\n<\/div>\n<\/div>\n\n\n\n<div class=\"wp-block-columns is-layout-flex wp-container-core-columns-is-layout-9d6595d7 wp-block-columns-is-layout-flex\">\n<div class=\"wp-block-column is-layout-flow wp-block-column-is-layout-flow\">\n<figure class=\"wp-block-image size-full\"><img decoding=\"async\" width=\"2000\" height=\"1333\" src=\"https:\/\/moyahousehold.com\/wp-content\/uploads\/2024\/06\/stainless-steel-cup-series-display-1.webp\" alt=\"expositor serie copa de acero inoxidable (1)\" class=\"wp-image-10730\" srcset=\"https:\/\/moyahousehold.com\/wp-content\/uploads\/2024\/06\/stainless-steel-cup-series-display-1.webp 2000w, https:\/\/moyahousehold.com\/wp-content\/uploads\/2024\/06\/stainless-steel-cup-series-display-1-300x200.webp 300w, https:\/\/moyahousehold.com\/wp-content\/uploads\/2024\/06\/stainless-steel-cup-series-display-1-768x512.webp 768w, https:\/\/moyahousehold.com\/wp-content\/uploads\/2024\/06\/stainless-steel-cup-series-display-1-18x12.webp 18w, https:\/\/moyahousehold.com\/wp-content\/uploads\/2024\/06\/stainless-steel-cup-series-display-1-285x190.webp 285w, https:\/\/moyahousehold.com\/wp-content\/uploads\/2024\/06\/stainless-steel-cup-series-display-1-1600x1066.webp 1600w, https:\/\/moyahousehold.com\/wp-content\/uploads\/2024\/06\/stainless-steel-cup-series-display-1-660x440.webp 660w, https:\/\/moyahousehold.com\/wp-content\/uploads\/2024\/06\/stainless-steel-cup-series-display-1-150x100.webp 150w\" sizes=\"(max-width: 2000px) 100vw, 2000px\" \/><\/figure>\n<\/div>\n\n\n\n<div class=\"wp-block-column is-layout-flow wp-block-column-is-layout-flow\">\n<figure class=\"wp-block-image size-full\"><img loading=\"lazy\" decoding=\"async\" width=\"2000\" height=\"1333\" src=\"https:\/\/moyahousehold.com\/wp-content\/uploads\/2024\/06\/stainless-steel-cup-series-display-2.webp\" alt=\"expositor serie copa de acero inoxidable (2)\" class=\"wp-image-10731\" srcset=\"https:\/\/moyahousehold.com\/wp-content\/uploads\/2024\/06\/stainless-steel-cup-series-display-2.webp 2000w, https:\/\/moyahousehold.com\/wp-content\/uploads\/2024\/06\/stainless-steel-cup-series-display-2-300x200.webp 300w, https:\/\/moyahousehold.com\/wp-content\/uploads\/2024\/06\/stainless-steel-cup-series-display-2-768x512.webp 768w, https:\/\/moyahousehold.com\/wp-content\/uploads\/2024\/06\/stainless-steel-cup-series-display-2-18x12.webp 18w, https:\/\/moyahousehold.com\/wp-content\/uploads\/2024\/06\/stainless-steel-cup-series-display-2-285x190.webp 285w, https:\/\/moyahousehold.com\/wp-content\/uploads\/2024\/06\/stainless-steel-cup-series-display-2-1600x1066.webp 1600w, https:\/\/moyahousehold.com\/wp-content\/uploads\/2024\/06\/stainless-steel-cup-series-display-2-660x440.webp 660w, https:\/\/moyahousehold.com\/wp-content\/uploads\/2024\/06\/stainless-steel-cup-series-display-2-150x100.webp 150w\" sizes=\"(max-width: 2000px) 100vw, 2000px\" \/><\/figure>\n<\/div>\n<\/div>\n\n\n\n<div class=\"wp-block-columns is-layout-flex wp-container-core-columns-is-layout-9d6595d7 wp-block-columns-is-layout-flex\">\n<div class=\"wp-block-column is-layout-flow wp-block-column-is-layout-flow\"><\/div>\n\n\n\n<div class=\"wp-block-column is-layout-flow wp-block-column-is-layout-flow\"><\/div>\n<\/div>","protected":false},"excerpt":{"rendered":"<p>Ofrecemos servicios de venta al por mayor de tazas de caf\u00e9 personalizadas a granel con logotipos. Podemos imprimir su logotipo o marca en ella, y usted puede elegir la impresi\u00f3n por transferencia de agua o la impresi\u00f3n l\u00e1ser. Esta taza de caf\u00e9 tiene un revestimiento de acero inoxidable de alta calidad y una cubierta de material PP. Tiene una forma elegante y es adecuada para su uso en casa o en el lugar de trabajo. P\u00f3ngase en contacto con nosotros para obtener soluciones personalizadas para tazas de caf\u00e9.<\/p>\n<h3>Caracter\u00edsticas y ventajas de las tazas de caf\u00e9 de acero inoxidable<\/h3>\n<p><strong>Dise\u00f1o sencillo y bonito:<\/strong> Su dise\u00f1o elegante y moderno es perfecto para los estilos de vida actuales y adecuado para colocarlo en casa o en la oficina.<\/p>\n<p><strong>Dos opciones de color:<\/strong> Ofrecemos dos estilos, beige y caqui. Los tonos relajantes y suaves aportan una sensaci\u00f3n de calma y comodidad, creando un ambiente confortable.<\/p>\n<p><strong>Material de acero inoxidable 304:<\/strong> Fabricado en acero inoxidable 304 de calidad alimentaria, garantiza su durabilidad y mantiene el sabor de las bebidas, adem\u00e1s de tener una excelente resistencia a la corrosi\u00f3n.<\/p>\n<p><strong>Carcasa de PP de textura esmerilada:<\/strong> La carcasa es de material PP y est\u00e1 dise\u00f1ada con una textura esmerilada, que resulta moderna y pr\u00e1ctica, c\u00f3moda de sujetar y reduce el riesgo de quemaduras.<\/p>\n<p><strong>Servicio de impresi\u00f3n de logotipos personalizados:<\/strong> Suministramos al por mayor tazas de caf\u00e9 personalizadas con logotipos de marca, lo que permite a las empresas crear productos \u00fanicos que reflejan su identidad de marca.<\/p>","protected":false},"featured_media":10724,"comment_status":"closed","ping_status":"closed","template":"","meta":[],"product_cat":[75],"product_tag":[],"class_list":{"0":"post-5619","1":"product","2":"type-product","3":"status-publish","4":"has-post-thumbnail","6":"product_cat-wholesale-stainless-steel-coffee-mug","8":"first","9":"instock","10":"shipping-taxable","11":"product-type-simple"},"_links":{"self":[{"href":"https:\/\/moyahousehold.com\/es\/wp-json\/wp\/v2\/product\/5619","targetHints":{"allow":["GET"]}}],"collection":[{"href":"https:\/\/moyahousehold.com\/es\/wp-json\/wp\/v2\/product"}],"about":[{"href":"https:\/\/moyahousehold.com\/es\/wp-json\/wp\/v2\/types\/product"}],"replies":[{"embeddable":true,"href":"https:\/\/moyahousehold.com\/es\/wp-json\/wp\/v2\/comments?post=5619"}],"version-history":[{"count":0,"href":"https:\/\/moyahousehold.com\/es\/wp-json\/wp\/v2\/product\/5619\/revisions"}],"wp:featuredmedia":[{"embeddable":true,"href":"https:\/\/moyahousehold.com\/es\/wp-json\/wp\/v2\/media\/10724"}],"wp:attachment":[{"href":"https:\/\/moyahousehold.com\/es\/wp-json\/wp\/v2\/media?parent=5619"}],"wp:term":[{"taxonomy":"product_cat","embeddable":true,"href":"https:\/\/moyahousehold.com\/es\/wp-json\/wp\/v2\/product_cat?post=5619"},{"taxonomy":"product_tag","embeddable":true,"href":"https:\/\/moyahousehold.com\/es\/wp-json\/wp\/v2\/product_tag?post=5619"}],"curies":[{"name":"wp","href":"https:\/\/api.w.org\/{rel}","templated":true}]}}