{"id":5644,"date":"2024-06-10T03:35:11","date_gmt":"2024-06-10T03:35:11","guid":{"rendered":"https:\/\/moyahousehold.com\/?post_type=product&#038;p=5644"},"modified":"2025-04-12T08:16:54","modified_gmt":"2025-04-12T08:16:54","slug":"wholesale-insulated-coffee-mugs-with-handles","status":"publish","type":"product","link":"https:\/\/moyahousehold.com\/es\/producto\/wholesale-insulated-coffee-mugs-with-handles\/","title":{"rendered":"Mayorista Tazas de Caf\u00e9 Aisladas con Asas, Tazas de Viaje a Granel de Doble Pared"},"content":{"rendered":"<h2 class=\"wp-block-heading\">Par\u00e1metros de las tazas de caf\u00e9 isot\u00e9rmicas con asas<\/h2>\n\n\n\n<p><strong>material:<\/strong>304 + PP <strong> color:<\/strong>Caqui\/Blanco\/Amarillo\/Beige\/Negro<\/p>\n\n\n\n<figure class=\"wp-block-table\"><table><tbody><tr><td>N\u00famero de modelo<\/td><td>capacidad<\/td><td>Tama\u00f1o del producto<\/td><td>Tama\u00f1o de la caja exterior<\/td><td>Cantidad por caja<\/td><td>N.W<\/td><td>G.W\/Caso<\/td><\/tr><tr><td>MYJD106<\/td><td>480ML\/con infusor de t\u00e9<\/td><td>8.5*8.5*14.2<\/td><td>53*42.5*43<\/td><td>60<\/td><td>0.28&nbsp;<\/td><td>28.8<\/td><\/tr><tr><td>MYJD107<\/td><td>600ML\/con infusor de t\u00e9<\/td><td>40*49.5<\/td><td>53*42.5*43<\/td><td>60<\/td><td>0.30&nbsp;<\/td><td>29.8<\/td><\/tr><\/tbody><\/table><\/figure>\n\n\n\n<h3 class=\"wp-block-heading\">Tazas de caf\u00e9 isot\u00e9rmicas personalizadas<\/h3>\n\n\n\n<p><strong>Logotipo: <\/strong>Personalice el logotipo de su marca en el producto y el envase.<br><strong>Opciones de logotipo:<\/strong> logotipo impreso, logotipo grabado con l\u00e1ser, etc.<br><strong>Patr\u00f3n:<\/strong> Patrones de impresi\u00f3n <br><strong>Tecnolog\u00eda de impresi\u00f3n:<\/strong> impresi\u00f3n por transferencia de agua, serigraf\u00eda, impresi\u00f3n por transferencia de calor, transferencia por sublimaci\u00f3n, etc.<br><strong>Embalaje:<\/strong> caja de color<br><a href=\"https:\/\/moyahousehold.com\/es\/solucion-personalizada\/\"><strong>Descubra m\u00e1s detalles sobre tazas de caf\u00e9 personalizadas.<\/strong><\/a><\/p>\n\n\n\n<div class=\"wp-block-columns is-layout-flex wp-container-core-columns-is-layout-9d6595d7 wp-block-columns-is-layout-flex\">\n<div class=\"wp-block-column is-layout-flow wp-block-column-is-layout-flow\">\n<figure class=\"wp-block-image size-full\"><img fetchpriority=\"high\" decoding=\"async\" width=\"2000\" height=\"1999\" src=\"https:\/\/moyahousehold.com\/wp-content\/uploads\/2024\/06\/insulated-coffee-mugs-details-1.webp\" alt=\"tazas de caf\u00e9 aisladas detalles (1)\" class=\"wp-image-10790\" srcset=\"https:\/\/moyahousehold.com\/wp-content\/uploads\/2024\/06\/insulated-coffee-mugs-details-1.webp 2000w, https:\/\/moyahousehold.com\/wp-content\/uploads\/2024\/06\/insulated-coffee-mugs-details-1-300x300.webp 300w, https:\/\/moyahousehold.com\/wp-content\/uploads\/2024\/06\/insulated-coffee-mugs-details-1-150x150.webp 150w, https:\/\/moyahousehold.com\/wp-content\/uploads\/2024\/06\/insulated-coffee-mugs-details-1-768x768.webp 768w, https:\/\/moyahousehold.com\/wp-content\/uploads\/2024\/06\/insulated-coffee-mugs-details-1-12x12.webp 12w, https:\/\/moyahousehold.com\/wp-content\/uploads\/2024\/06\/insulated-coffee-mugs-details-1-285x285.webp 285w, https:\/\/moyahousehold.com\/wp-content\/uploads\/2024\/06\/insulated-coffee-mugs-details-1-1600x1599.webp 1600w, https:\/\/moyahousehold.com\/wp-content\/uploads\/2024\/06\/insulated-coffee-mugs-details-1-270x270.webp 270w, https:\/\/moyahousehold.com\/wp-content\/uploads\/2024\/06\/insulated-coffee-mugs-details-1-540x540.webp 540w, https:\/\/moyahousehold.com\/wp-content\/uploads\/2024\/06\/insulated-coffee-mugs-details-1-660x660.webp 660w\" sizes=\"(max-width: 2000px) 100vw, 2000px\" \/><\/figure>\n<\/div>\n\n\n\n<div class=\"wp-block-column is-layout-flow wp-block-column-is-layout-flow\">\n<figure class=\"wp-block-image size-full\"><img decoding=\"async\" width=\"2000\" height=\"1999\" src=\"https:\/\/moyahousehold.com\/wp-content\/uploads\/2024\/06\/insulated-coffee-mugs-details-2.webp\" alt=\"tazas de caf\u00e9 aisladas detalles (2)\" class=\"wp-image-10791\" srcset=\"https:\/\/moyahousehold.com\/wp-content\/uploads\/2024\/06\/insulated-coffee-mugs-details-2.webp 2000w, https:\/\/moyahousehold.com\/wp-content\/uploads\/2024\/06\/insulated-coffee-mugs-details-2-300x300.webp 300w, https:\/\/moyahousehold.com\/wp-content\/uploads\/2024\/06\/insulated-coffee-mugs-details-2-150x150.webp 150w, https:\/\/moyahousehold.com\/wp-content\/uploads\/2024\/06\/insulated-coffee-mugs-details-2-768x768.webp 768w, https:\/\/moyahousehold.com\/wp-content\/uploads\/2024\/06\/insulated-coffee-mugs-details-2-12x12.webp 12w, https:\/\/moyahousehold.com\/wp-content\/uploads\/2024\/06\/insulated-coffee-mugs-details-2-285x285.webp 285w, https:\/\/moyahousehold.com\/wp-content\/uploads\/2024\/06\/insulated-coffee-mugs-details-2-1600x1599.webp 1600w, https:\/\/moyahousehold.com\/wp-content\/uploads\/2024\/06\/insulated-coffee-mugs-details-2-270x270.webp 270w, https:\/\/moyahousehold.com\/wp-content\/uploads\/2024\/06\/insulated-coffee-mugs-details-2-540x540.webp 540w, https:\/\/moyahousehold.com\/wp-content\/uploads\/2024\/06\/insulated-coffee-mugs-details-2-660x660.webp 660w\" sizes=\"(max-width: 2000px) 100vw, 2000px\" \/><\/figure>\n<\/div>\n<\/div>\n\n\n\n<div class=\"wp-block-columns is-layout-flex wp-container-core-columns-is-layout-9d6595d7 wp-block-columns-is-layout-flex\">\n<div class=\"wp-block-column is-layout-flow wp-block-column-is-layout-flow\">\n<figure class=\"wp-block-image size-full\"><img decoding=\"async\" width=\"1024\" height=\"1024\" src=\"https:\/\/moyahousehold.com\/wp-content\/uploads\/2024\/06\/insulated-coffee-mug-display-1.webp\" alt=\"expositor aislado para tazas de caf\u00e9 (1)\" class=\"wp-image-10788\" srcset=\"https:\/\/moyahousehold.com\/wp-content\/uploads\/2024\/06\/insulated-coffee-mug-display-1.webp 1024w, https:\/\/moyahousehold.com\/wp-content\/uploads\/2024\/06\/insulated-coffee-mug-display-1-300x300.webp 300w, https:\/\/moyahousehold.com\/wp-content\/uploads\/2024\/06\/insulated-coffee-mug-display-1-150x150.webp 150w, https:\/\/moyahousehold.com\/wp-content\/uploads\/2024\/06\/insulated-coffee-mug-display-1-768x768.webp 768w, https:\/\/moyahousehold.com\/wp-content\/uploads\/2024\/06\/insulated-coffee-mug-display-1-12x12.webp 12w, https:\/\/moyahousehold.com\/wp-content\/uploads\/2024\/06\/insulated-coffee-mug-display-1-285x285.webp 285w, https:\/\/moyahousehold.com\/wp-content\/uploads\/2024\/06\/insulated-coffee-mug-display-1-270x270.webp 270w, https:\/\/moyahousehold.com\/wp-content\/uploads\/2024\/06\/insulated-coffee-mug-display-1-540x540.webp 540w, https:\/\/moyahousehold.com\/wp-content\/uploads\/2024\/06\/insulated-coffee-mug-display-1-660x660.webp 660w\" sizes=\"(max-width: 1024px) 100vw, 1024px\" \/><\/figure>\n<\/div>\n\n\n\n<div class=\"wp-block-column is-layout-flow wp-block-column-is-layout-flow\">\n<figure class=\"wp-block-image size-full\"><img loading=\"lazy\" decoding=\"async\" width=\"1024\" height=\"1024\" src=\"https:\/\/moyahousehold.com\/wp-content\/uploads\/2024\/06\/insulated-coffee-mug-display-2.webp\" alt=\"expositor aislado para tazas de caf\u00e9 (2)\" class=\"wp-image-10789\" srcset=\"https:\/\/moyahousehold.com\/wp-content\/uploads\/2024\/06\/insulated-coffee-mug-display-2.webp 1024w, https:\/\/moyahousehold.com\/wp-content\/uploads\/2024\/06\/insulated-coffee-mug-display-2-300x300.webp 300w, https:\/\/moyahousehold.com\/wp-content\/uploads\/2024\/06\/insulated-coffee-mug-display-2-150x150.webp 150w, https:\/\/moyahousehold.com\/wp-content\/uploads\/2024\/06\/insulated-coffee-mug-display-2-768x768.webp 768w, https:\/\/moyahousehold.com\/wp-content\/uploads\/2024\/06\/insulated-coffee-mug-display-2-12x12.webp 12w, https:\/\/moyahousehold.com\/wp-content\/uploads\/2024\/06\/insulated-coffee-mug-display-2-285x285.webp 285w, https:\/\/moyahousehold.com\/wp-content\/uploads\/2024\/06\/insulated-coffee-mug-display-2-270x270.webp 270w, https:\/\/moyahousehold.com\/wp-content\/uploads\/2024\/06\/insulated-coffee-mug-display-2-540x540.webp 540w, https:\/\/moyahousehold.com\/wp-content\/uploads\/2024\/06\/insulated-coffee-mug-display-2-660x660.webp 660w\" sizes=\"(max-width: 1024px) 100vw, 1024px\" \/><\/figure>\n<\/div>\n<\/div>\n\n\n\n<div class=\"wp-block-columns is-layout-flex wp-container-core-columns-is-layout-9d6595d7 wp-block-columns-is-layout-flex\">\n<div class=\"wp-block-column is-layout-flow wp-block-column-is-layout-flow\"><\/div>\n\n\n\n<div class=\"wp-block-column is-layout-flow wp-block-column-is-layout-flow\"><\/div>\n<\/div>\n\n\n\n<div class=\"wp-block-columns is-layout-flex wp-container-core-columns-is-layout-9d6595d7 wp-block-columns-is-layout-flex\">\n<div class=\"wp-block-column is-layout-flow wp-block-column-is-layout-flow\"><\/div>\n\n\n\n<div class=\"wp-block-column is-layout-flow wp-block-column-is-layout-flow\"><\/div>\n<\/div>","protected":false},"excerpt":{"rendered":"<p>Tazas de caf\u00e9 aislantes con asas al por mayor, funcionales, duraderas y con estilo. Estructura aislante de doble pared para mantener su bebida a la temperatura deseada durante mucho tiempo. Disponibles en opciones de 480 ml y 600 ml, cuatro elegantes colores, p\u00f3ngase en contacto con nosotros para solicitar un presupuesto.<\/p>\n<h3>Caracter\u00edsticas y ventajas de las tazas de caf\u00e9 isot\u00e9rmicas con asa<\/h3>\n<p><strong>Acero inoxidable 304 Revestimiento interior:<\/strong> Duradero, resistente a los impactos y a la corrosi\u00f3n, y f\u00e1cil de limpiar.<\/p>\n<p><strong>Caparaz\u00f3n de PP de calidad alimentaria:<\/strong> Material seguro, sin BPA, con fuerte aislamiento de doble capa para bebidas calientes y fr\u00edas.<\/p>\n<p><strong>Aislamiento de doble capa:<\/strong> Mantiene la temperatura durante periodos prolongados: conserva las bebidas calientes o fr\u00edas.<\/p>\n<p><strong>Dise\u00f1o f\u00e1cil de usar:<\/strong> Las tazas de caf\u00e9 isot\u00e9rmicas al por mayor disponen de un asa ensanchada, que resulta c\u00f3moda de sujetar y f\u00e1cil de transportar.<\/p>\n<p><strong>Uso en varias escenas:<\/strong> Perfecto para la oficina, los viajes o el uso al aire libre: Dise\u00f1o compacto y pr\u00e1ctico que se adapta a tu estilo de vida.<\/p>\n<p><strong>Personalizaci\u00f3n y asistencia al mayorista:<\/strong> Nuestras tazas de caf\u00e9 isot\u00e9rmicas al por mayor son ideales para minoristas, marcas o uso promocional.<\/p>","protected":false},"featured_media":10794,"comment_status":"closed","ping_status":"closed","template":"","meta":[],"product_cat":[75],"product_tag":[],"class_list":{"0":"post-5644","1":"product","2":"type-product","3":"status-publish","4":"has-post-thumbnail","6":"product_cat-wholesale-stainless-steel-coffee-mug","8":"first","9":"instock","10":"shipping-taxable","11":"product-type-simple"},"_links":{"self":[{"href":"https:\/\/moyahousehold.com\/es\/wp-json\/wp\/v2\/product\/5644","targetHints":{"allow":["GET"]}}],"collection":[{"href":"https:\/\/moyahousehold.com\/es\/wp-json\/wp\/v2\/product"}],"about":[{"href":"https:\/\/moyahousehold.com\/es\/wp-json\/wp\/v2\/types\/product"}],"replies":[{"embeddable":true,"href":"https:\/\/moyahousehold.com\/es\/wp-json\/wp\/v2\/comments?post=5644"}],"version-history":[{"count":0,"href":"https:\/\/moyahousehold.com\/es\/wp-json\/wp\/v2\/product\/5644\/revisions"}],"wp:featuredmedia":[{"embeddable":true,"href":"https:\/\/moyahousehold.com\/es\/wp-json\/wp\/v2\/media\/10794"}],"wp:attachment":[{"href":"https:\/\/moyahousehold.com\/es\/wp-json\/wp\/v2\/media?parent=5644"}],"wp:term":[{"taxonomy":"product_cat","embeddable":true,"href":"https:\/\/moyahousehold.com\/es\/wp-json\/wp\/v2\/product_cat?post=5644"},{"taxonomy":"product_tag","embeddable":true,"href":"https:\/\/moyahousehold.com\/es\/wp-json\/wp\/v2\/product_tag?post=5644"}],"curies":[{"name":"wp","href":"https:\/\/api.w.org\/{rel}","templated":true}]}}