{"id":5684,"date":"2024-06-10T04:42:54","date_gmt":"2024-06-10T04:42:54","guid":{"rendered":"https:\/\/moyahousehold.com\/?post_type=product&#038;p=5684"},"modified":"2025-04-12T04:08:11","modified_gmt":"2025-04-12T04:08:11","slug":"wholesale-insulated-soup-container","status":"publish","type":"product","link":"https:\/\/moyahousehold.com\/es\/producto\/wholesale-insulated-soup-container\/","title":{"rendered":"Mayorista Contenedor Aislado para Sopa, OEM Elegantes Tarros Aislados para Comida,480ML y 600ML"},"content":{"rendered":"<h3 class=\"wp-block-heading\">Par\u00e1metros del recipiente isot\u00e9rmico para sopa<\/h3>\n\n\n\n<p><strong>material:<\/strong>304 + PP <strong> color:<\/strong>Beige\/caqui<\/p>\n\n\n\n<figure class=\"wp-block-table\"><table><tbody><tr><td>N\u00famero de modelo<\/td><td>Capacidad<\/td><td>Tama\u00f1o del producto<\/td><td>Tama\u00f1o de la caja exterior<\/td><td>Cantidad por caja<\/td><td>N.W<\/td><td>G.W\/Caso<\/td><\/tr><tr><td>MYJD014<\/td><td>480 ml<br>\uff08con cuchara de PP\uff09<\/td><td>8.5*8.9*13.8<\/td><td>53*42.5*43<\/td><td>60<\/td><td>0.37&nbsp;<\/td><td>19<\/td><\/tr><tr><td>MYJD015<\/td><td>600 ml<br>\uff08con cuchara de PP\uff09<\/td><td>8.5*8.9*15<\/td><td>43*42*49<\/td><td>48<\/td><td>0.40&nbsp;<\/td><td>18<\/td><\/tr><\/tbody><\/table><\/figure>\n\n\n\n<h3 class=\"wp-block-heading\">Tazas de caf\u00e9 isot\u00e9rmicas personalizadas <\/h3>\n\n\n\n<p><strong>Logotipo:<\/strong> Personalice el logotipo de su marca en el producto y el envase.<br><strong>Opciones de logotipo:<\/strong> logotipo impreso, logotipo grabado con l\u00e1ser, etc.<br><strong>Patr\u00f3n:<\/strong> Patrones de impresi\u00f3n <br><strong>Tecnolog\u00eda de impresi\u00f3n: <\/strong>impresi\u00f3n por transferencia de agua, serigraf\u00eda, impresi\u00f3n por transferencia de calor, transferencia por sublimaci\u00f3n, etc.<br>Embalaje: caja de color<br><a href=\"https:\/\/moyahousehold.com\/es\/solucion-personalizada\/\"><strong>Descubra m\u00e1s detalles sobre los contenedores isot\u00e9rmicos personalizados.<\/strong><\/a><\/p>\n\n\n\n<div class=\"wp-block-columns is-layout-flex wp-container-core-columns-is-layout-9d6595d7 wp-block-columns-is-layout-flex\">\n<div class=\"wp-block-column is-layout-flow wp-block-column-is-layout-flow\">\n<figure class=\"wp-block-image size-full\"><img fetchpriority=\"high\" decoding=\"async\" width=\"2500\" height=\"2500\" src=\"https:\/\/moyahousehold.com\/wp-content\/uploads\/2024\/06\/Insualted-Soup-Container-Dispaly-1.webp\" alt=\"Contenedor de sopa Insualted Dispaly (1)\" class=\"wp-image-10806\" srcset=\"https:\/\/moyahousehold.com\/wp-content\/uploads\/2024\/06\/Insualted-Soup-Container-Dispaly-1.webp 2500w, https:\/\/moyahousehold.com\/wp-content\/uploads\/2024\/06\/Insualted-Soup-Container-Dispaly-1-300x300.webp 300w, https:\/\/moyahousehold.com\/wp-content\/uploads\/2024\/06\/Insualted-Soup-Container-Dispaly-1-150x150.webp 150w, https:\/\/moyahousehold.com\/wp-content\/uploads\/2024\/06\/Insualted-Soup-Container-Dispaly-1-768x768.webp 768w, https:\/\/moyahousehold.com\/wp-content\/uploads\/2024\/06\/Insualted-Soup-Container-Dispaly-1-12x12.webp 12w, https:\/\/moyahousehold.com\/wp-content\/uploads\/2024\/06\/Insualted-Soup-Container-Dispaly-1-285x285.webp 285w, https:\/\/moyahousehold.com\/wp-content\/uploads\/2024\/06\/Insualted-Soup-Container-Dispaly-1-1600x1600.webp 1600w, https:\/\/moyahousehold.com\/wp-content\/uploads\/2024\/06\/Insualted-Soup-Container-Dispaly-1-270x270.webp 270w, https:\/\/moyahousehold.com\/wp-content\/uploads\/2024\/06\/Insualted-Soup-Container-Dispaly-1-540x540.webp 540w, https:\/\/moyahousehold.com\/wp-content\/uploads\/2024\/06\/Insualted-Soup-Container-Dispaly-1-660x660.webp 660w\" sizes=\"(max-width: 2500px) 100vw, 2500px\" \/><\/figure>\n<\/div>\n\n\n\n<div class=\"wp-block-column is-layout-flow wp-block-column-is-layout-flow\">\n<figure class=\"wp-block-image size-full\"><img decoding=\"async\" width=\"2500\" height=\"2500\" src=\"https:\/\/moyahousehold.com\/wp-content\/uploads\/2024\/06\/Insualted-Soup-Container-Dispaly-2.webp\" alt=\"\" class=\"wp-image-10807\" srcset=\"https:\/\/moyahousehold.com\/wp-content\/uploads\/2024\/06\/Insualted-Soup-Container-Dispaly-2.webp 2500w, https:\/\/moyahousehold.com\/wp-content\/uploads\/2024\/06\/Insualted-Soup-Container-Dispaly-2-300x300.webp 300w, https:\/\/moyahousehold.com\/wp-content\/uploads\/2024\/06\/Insualted-Soup-Container-Dispaly-2-150x150.webp 150w, https:\/\/moyahousehold.com\/wp-content\/uploads\/2024\/06\/Insualted-Soup-Container-Dispaly-2-768x768.webp 768w, https:\/\/moyahousehold.com\/wp-content\/uploads\/2024\/06\/Insualted-Soup-Container-Dispaly-2-12x12.webp 12w, https:\/\/moyahousehold.com\/wp-content\/uploads\/2024\/06\/Insualted-Soup-Container-Dispaly-2-285x285.webp 285w, https:\/\/moyahousehold.com\/wp-content\/uploads\/2024\/06\/Insualted-Soup-Container-Dispaly-2-1600x1600.webp 1600w, https:\/\/moyahousehold.com\/wp-content\/uploads\/2024\/06\/Insualted-Soup-Container-Dispaly-2-270x270.webp 270w, https:\/\/moyahousehold.com\/wp-content\/uploads\/2024\/06\/Insualted-Soup-Container-Dispaly-2-540x540.webp 540w, https:\/\/moyahousehold.com\/wp-content\/uploads\/2024\/06\/Insualted-Soup-Container-Dispaly-2-660x660.webp 660w\" sizes=\"(max-width: 2500px) 100vw, 2500px\" \/><\/figure>\n<\/div>\n<\/div>\n\n\n\n<div class=\"wp-block-columns is-layout-flex wp-container-core-columns-is-layout-9d6595d7 wp-block-columns-is-layout-flex\">\n<div class=\"wp-block-column is-layout-flow wp-block-column-is-layout-flow\">\n<figure class=\"wp-block-image size-full\"><img decoding=\"async\" width=\"1024\" height=\"1024\" src=\"https:\/\/moyahousehold.com\/wp-content\/uploads\/2024\/06\/Insualted-Soup-Container-Details-1.webp\" alt=\"Detalles del contenedor de sopa aislado (1)\" class=\"wp-image-10804\" srcset=\"https:\/\/moyahousehold.com\/wp-content\/uploads\/2024\/06\/Insualted-Soup-Container-Details-1.webp 1024w, https:\/\/moyahousehold.com\/wp-content\/uploads\/2024\/06\/Insualted-Soup-Container-Details-1-300x300.webp 300w, https:\/\/moyahousehold.com\/wp-content\/uploads\/2024\/06\/Insualted-Soup-Container-Details-1-150x150.webp 150w, https:\/\/moyahousehold.com\/wp-content\/uploads\/2024\/06\/Insualted-Soup-Container-Details-1-768x768.webp 768w, https:\/\/moyahousehold.com\/wp-content\/uploads\/2024\/06\/Insualted-Soup-Container-Details-1-12x12.webp 12w, https:\/\/moyahousehold.com\/wp-content\/uploads\/2024\/06\/Insualted-Soup-Container-Details-1-285x285.webp 285w, https:\/\/moyahousehold.com\/wp-content\/uploads\/2024\/06\/Insualted-Soup-Container-Details-1-270x270.webp 270w, https:\/\/moyahousehold.com\/wp-content\/uploads\/2024\/06\/Insualted-Soup-Container-Details-1-540x540.webp 540w, https:\/\/moyahousehold.com\/wp-content\/uploads\/2024\/06\/Insualted-Soup-Container-Details-1-660x660.webp 660w\" sizes=\"(max-width: 1024px) 100vw, 1024px\" \/><\/figure>\n<\/div>\n\n\n\n<div class=\"wp-block-column is-layout-flow wp-block-column-is-layout-flow\">\n<figure class=\"wp-block-image size-full\"><img loading=\"lazy\" decoding=\"async\" width=\"1024\" height=\"1024\" src=\"https:\/\/moyahousehold.com\/wp-content\/uploads\/2024\/06\/Insualted-Soup-Container-Details-2.webp\" alt=\"Detalles de los contenedores de sopa aislados (2)\" class=\"wp-image-10805\" srcset=\"https:\/\/moyahousehold.com\/wp-content\/uploads\/2024\/06\/Insualted-Soup-Container-Details-2.webp 1024w, https:\/\/moyahousehold.com\/wp-content\/uploads\/2024\/06\/Insualted-Soup-Container-Details-2-300x300.webp 300w, https:\/\/moyahousehold.com\/wp-content\/uploads\/2024\/06\/Insualted-Soup-Container-Details-2-150x150.webp 150w, https:\/\/moyahousehold.com\/wp-content\/uploads\/2024\/06\/Insualted-Soup-Container-Details-2-768x768.webp 768w, https:\/\/moyahousehold.com\/wp-content\/uploads\/2024\/06\/Insualted-Soup-Container-Details-2-12x12.webp 12w, https:\/\/moyahousehold.com\/wp-content\/uploads\/2024\/06\/Insualted-Soup-Container-Details-2-285x285.webp 285w, https:\/\/moyahousehold.com\/wp-content\/uploads\/2024\/06\/Insualted-Soup-Container-Details-2-270x270.webp 270w, https:\/\/moyahousehold.com\/wp-content\/uploads\/2024\/06\/Insualted-Soup-Container-Details-2-540x540.webp 540w, https:\/\/moyahousehold.com\/wp-content\/uploads\/2024\/06\/Insualted-Soup-Container-Details-2-660x660.webp 660w\" sizes=\"(max-width: 1024px) 100vw, 1024px\" \/><\/figure>\n<\/div>\n<\/div>\n\n\n\n<p><\/p>","protected":false},"excerpt":{"rendered":"<p>Recipiente aislante para sopa al por mayor, con un excelente rendimiento de aislamiento, puede mantener los alimentos calientes o fr\u00edos durante horas. Apoyamos la personalizaci\u00f3n OEM, incluyendo la adici\u00f3n del logotipo de su marca, color personalizado, embalaje y dise\u00f1o. Mayoristas, minoristas y distribuidores pueden ponerse en contacto con nosotros.<\/p>\n<h3>Caracter\u00edsticas y ventajas del recipiente isot\u00e9rmico para sopa<\/h3>\n<p><strong>F\u00e1cil de usar con una sola mano:<\/strong> El recipiente isot\u00e9rmico para sopa es f\u00e1cil de sujetar con una mano, y tambi\u00e9n es muy c\u00f3modo beber de la propia olla sin cuchara sopera.<\/p>\n<p><strong>Tapa a prueba de fugas:<\/strong> La tapa tiene un anillo de sellado de silicona de primera calidad incluido para una mayor protecci\u00f3n contra fugas.<\/p>\n<p><strong>Accesorios pr\u00e1cticos:<\/strong> El recipiente isot\u00e9rmico para sopa incluye una cuchara plegable de PP integrada, perfecta para remover y disfrutar de la sopa o la comida instant\u00e1nea sobre la marcha.<\/p>\n<p><strong>Elegante estilo inspirado en el caf\u00e9:<\/strong> Su elegante aspecto en tonos caf\u00e9 genera un espacio vital relajante y moderno, perfecto para el uso diario.<\/p>\n<p><strong>Aislamiento t\u00e9rmico superior:<\/strong> El recipiente aislante de doble capa mantiene las bebidas y sopas calientes o fr\u00edas durante mucho tiempo.<\/p>\n<p><strong>Servicio de personalizaci\u00f3n:<\/strong> Disponemos de servicios de personalizaci\u00f3n al por mayor, OEM y ODM para producir sus propias tazas o recipientes isot\u00e9rmicos para caf\u00e9.<\/p>","protected":false},"featured_media":10800,"comment_status":"closed","ping_status":"closed","template":"","meta":[],"product_cat":[75],"product_tag":[],"class_list":{"0":"post-5684","1":"product","2":"type-product","3":"status-publish","4":"has-post-thumbnail","6":"product_cat-wholesale-stainless-steel-coffee-mug","8":"first","9":"instock","10":"shipping-taxable","11":"product-type-simple"},"_links":{"self":[{"href":"https:\/\/moyahousehold.com\/es\/wp-json\/wp\/v2\/product\/5684","targetHints":{"allow":["GET"]}}],"collection":[{"href":"https:\/\/moyahousehold.com\/es\/wp-json\/wp\/v2\/product"}],"about":[{"href":"https:\/\/moyahousehold.com\/es\/wp-json\/wp\/v2\/types\/product"}],"replies":[{"embeddable":true,"href":"https:\/\/moyahousehold.com\/es\/wp-json\/wp\/v2\/comments?post=5684"}],"version-history":[{"count":0,"href":"https:\/\/moyahousehold.com\/es\/wp-json\/wp\/v2\/product\/5684\/revisions"}],"wp:featuredmedia":[{"embeddable":true,"href":"https:\/\/moyahousehold.com\/es\/wp-json\/wp\/v2\/media\/10800"}],"wp:attachment":[{"href":"https:\/\/moyahousehold.com\/es\/wp-json\/wp\/v2\/media?parent=5684"}],"wp:term":[{"taxonomy":"product_cat","embeddable":true,"href":"https:\/\/moyahousehold.com\/es\/wp-json\/wp\/v2\/product_cat?post=5684"},{"taxonomy":"product_tag","embeddable":true,"href":"https:\/\/moyahousehold.com\/es\/wp-json\/wp\/v2\/product_tag?post=5684"}],"curies":[{"name":"wp","href":"https:\/\/api.w.org\/{rel}","templated":true}]}}