{"id":5697,"date":"2024-06-10T04:55:04","date_gmt":"2024-06-10T04:55:04","guid":{"rendered":"https:\/\/moyahousehold.com\/?post_type=product&#038;p=5697"},"modified":"2025-02-05T07:28:28","modified_gmt":"2025-02-05T07:28:28","slug":"wholesale-insulated-stainless-steel-food-jars","status":"publish","type":"product","link":"https:\/\/moyahousehold.com\/es\/producto\/wholesale-insulated-stainless-steel-food-jars\/","title":{"rendered":"Mayorista Tarros aislados de acero inoxidable para alimentos\uff1a Dise\u00f1o compacto, f\u00e1ciles de llevar."},"content":{"rendered":"<h3 class=\"wp-block-heading\">Par\u00e1metros del tarro aislado de acero inoxidable para alimentos<\/h3>\n\n\n\n<p><strong>material:<\/strong>304 + PP <strong> color:<\/strong>Beige\/caqui<\/p>\n\n\n\n<figure class=\"wp-block-table\"><table><tbody><tr><td>N\u00famero de modelo<\/td><td>Capacidad<\/td><td>Tama\u00f1o del producto<\/td><td>Tama\u00f1o de la caja exterior<\/td><td>Cantidad por caja<\/td><td>N.W<\/td><td>G.W\/Caso<\/td><\/tr><tr><td>MYLY001<\/td><td>Monocapa 420ml<\/td><td>8.2*8.2*13<\/td><td>55*44*52<\/td><td>60<\/td><td>0.23<\/td><td>16<\/td><\/tr><tr><td>MYLY002<\/td><td>Doble capa 620ml<\/td><td>8.2*8.2*17<\/td><td>55*44*63<\/td><td>60<\/td><td>0.34<\/td><td>23<\/td><\/tr><\/tbody><\/table><\/figure>\n\n\n\n<h3 class=\"wp-block-heading\">Tarro aislante de acero inoxidable a medida<\/h3>\n\n\n\n<p><strong>Logotipo: <\/strong>Personalice el logotipo de su marca en el tarro y el envase.<br><strong>Opciones de logotipo:<\/strong> logotipo impreso, logotipo grabado con l\u00e1ser, etc.<br><strong>Patr\u00f3n: <\/strong>patrones de impresi\u00f3n <br><strong>Tecnolog\u00eda de impresi\u00f3n:<\/strong> impresi\u00f3n por transferencia de agua, serigraf\u00eda, impresi\u00f3n por transferencia de calor, transferencia por sublimaci\u00f3n, etc.<br><strong>Paquete:<\/strong>caja de color<br><a href=\"https:\/\/moyahousehold.com\/es\/solucion-personalizada\/\" target=\"_blank\" rel=\"noreferrer noopener\"><strong>M\u00e1s informaci\u00f3n sobre soluciones personalizadas para tarros de alimentos<\/strong><\/a> <\/p>\n\n\n\n<div class=\"wp-block-columns is-layout-flex wp-container-core-columns-is-layout-9d6595d7 wp-block-columns-is-layout-flex\">\n<div class=\"wp-block-column is-layout-flow wp-block-column-is-layout-flow\">\n<figure class=\"wp-block-image size-full\"><img fetchpriority=\"high\" decoding=\"async\" width=\"1500\" height=\"1500\" src=\"https:\/\/moyahousehold.com\/wp-content\/uploads\/2024\/06\/insulated-stainless-steel-food-jar-detail-1.jpg\" alt=\"tarro aislado de acero inoxidable para alimentos detalle (1)\" class=\"wp-image-8745\" srcset=\"https:\/\/moyahousehold.com\/wp-content\/uploads\/2024\/06\/insulated-stainless-steel-food-jar-detail-1.jpg 1500w, https:\/\/moyahousehold.com\/wp-content\/uploads\/2024\/06\/insulated-stainless-steel-food-jar-detail-1-300x300.jpg 300w, https:\/\/moyahousehold.com\/wp-content\/uploads\/2024\/06\/insulated-stainless-steel-food-jar-detail-1-150x150.jpg 150w, https:\/\/moyahousehold.com\/wp-content\/uploads\/2024\/06\/insulated-stainless-steel-food-jar-detail-1-768x768.jpg 768w, https:\/\/moyahousehold.com\/wp-content\/uploads\/2024\/06\/insulated-stainless-steel-food-jar-detail-1-12x12.jpg 12w, https:\/\/moyahousehold.com\/wp-content\/uploads\/2024\/06\/insulated-stainless-steel-food-jar-detail-1-285x285.jpg 285w, https:\/\/moyahousehold.com\/wp-content\/uploads\/2024\/06\/insulated-stainless-steel-food-jar-detail-1-270x270.jpg 270w, https:\/\/moyahousehold.com\/wp-content\/uploads\/2024\/06\/insulated-stainless-steel-food-jar-detail-1-540x540.jpg 540w, https:\/\/moyahousehold.com\/wp-content\/uploads\/2024\/06\/insulated-stainless-steel-food-jar-detail-1-660x660.jpg 660w\" sizes=\"(max-width: 1500px) 100vw, 1500px\" \/><\/figure>\n<\/div>\n\n\n\n<div class=\"wp-block-column is-layout-flow wp-block-column-is-layout-flow\">\n<figure class=\"wp-block-image size-full\"><img decoding=\"async\" width=\"1500\" height=\"1500\" src=\"https:\/\/moyahousehold.com\/wp-content\/uploads\/2024\/06\/insulated-stainless-steel-food-jar-detail-2.jpg\" alt=\"tarro aislado de acero inoxidable para alimentos detalle (2)\" class=\"wp-image-8746\" srcset=\"https:\/\/moyahousehold.com\/wp-content\/uploads\/2024\/06\/insulated-stainless-steel-food-jar-detail-2.jpg 1500w, https:\/\/moyahousehold.com\/wp-content\/uploads\/2024\/06\/insulated-stainless-steel-food-jar-detail-2-300x300.jpg 300w, https:\/\/moyahousehold.com\/wp-content\/uploads\/2024\/06\/insulated-stainless-steel-food-jar-detail-2-150x150.jpg 150w, https:\/\/moyahousehold.com\/wp-content\/uploads\/2024\/06\/insulated-stainless-steel-food-jar-detail-2-768x768.jpg 768w, https:\/\/moyahousehold.com\/wp-content\/uploads\/2024\/06\/insulated-stainless-steel-food-jar-detail-2-12x12.jpg 12w, https:\/\/moyahousehold.com\/wp-content\/uploads\/2024\/06\/insulated-stainless-steel-food-jar-detail-2-285x285.jpg 285w, https:\/\/moyahousehold.com\/wp-content\/uploads\/2024\/06\/insulated-stainless-steel-food-jar-detail-2-270x270.jpg 270w, https:\/\/moyahousehold.com\/wp-content\/uploads\/2024\/06\/insulated-stainless-steel-food-jar-detail-2-540x540.jpg 540w, https:\/\/moyahousehold.com\/wp-content\/uploads\/2024\/06\/insulated-stainless-steel-food-jar-detail-2-660x660.jpg 660w\" sizes=\"(max-width: 1500px) 100vw, 1500px\" \/><\/figure>\n<\/div>\n<\/div>\n\n\n\n<div class=\"wp-block-columns is-layout-flex wp-container-core-columns-is-layout-9d6595d7 wp-block-columns-is-layout-flex\">\n<div class=\"wp-block-column is-layout-flow wp-block-column-is-layout-flow\">\n<figure class=\"wp-block-image size-full\"><img decoding=\"async\" width=\"1500\" height=\"1500\" src=\"https:\/\/moyahousehold.com\/wp-content\/uploads\/2024\/06\/insulated-stainless-steel-food-jar-detail-3.jpg\" alt=\"tarro aislado de acero inoxidable para alimentos detalle (3)\" class=\"wp-image-8747\" srcset=\"https:\/\/moyahousehold.com\/wp-content\/uploads\/2024\/06\/insulated-stainless-steel-food-jar-detail-3.jpg 1500w, https:\/\/moyahousehold.com\/wp-content\/uploads\/2024\/06\/insulated-stainless-steel-food-jar-detail-3-300x300.jpg 300w, https:\/\/moyahousehold.com\/wp-content\/uploads\/2024\/06\/insulated-stainless-steel-food-jar-detail-3-150x150.jpg 150w, https:\/\/moyahousehold.com\/wp-content\/uploads\/2024\/06\/insulated-stainless-steel-food-jar-detail-3-768x768.jpg 768w, https:\/\/moyahousehold.com\/wp-content\/uploads\/2024\/06\/insulated-stainless-steel-food-jar-detail-3-12x12.jpg 12w, https:\/\/moyahousehold.com\/wp-content\/uploads\/2024\/06\/insulated-stainless-steel-food-jar-detail-3-285x285.jpg 285w, https:\/\/moyahousehold.com\/wp-content\/uploads\/2024\/06\/insulated-stainless-steel-food-jar-detail-3-270x270.jpg 270w, https:\/\/moyahousehold.com\/wp-content\/uploads\/2024\/06\/insulated-stainless-steel-food-jar-detail-3-540x540.jpg 540w, https:\/\/moyahousehold.com\/wp-content\/uploads\/2024\/06\/insulated-stainless-steel-food-jar-detail-3-660x660.jpg 660w\" sizes=\"(max-width: 1500px) 100vw, 1500px\" \/><\/figure>\n<\/div>\n\n\n\n<div class=\"wp-block-column is-layout-flow wp-block-column-is-layout-flow\">\n<figure class=\"wp-block-image size-full\"><img loading=\"lazy\" decoding=\"async\" width=\"1500\" height=\"1500\" src=\"https:\/\/moyahousehold.com\/wp-content\/uploads\/2024\/06\/insulated-stainless-steel-food-jar-detail-4.jpg\" alt=\"tarro aislado de acero inoxidable para alimentos detalle (4)\" class=\"wp-image-8748\" srcset=\"https:\/\/moyahousehold.com\/wp-content\/uploads\/2024\/06\/insulated-stainless-steel-food-jar-detail-4.jpg 1500w, https:\/\/moyahousehold.com\/wp-content\/uploads\/2024\/06\/insulated-stainless-steel-food-jar-detail-4-300x300.jpg 300w, https:\/\/moyahousehold.com\/wp-content\/uploads\/2024\/06\/insulated-stainless-steel-food-jar-detail-4-150x150.jpg 150w, https:\/\/moyahousehold.com\/wp-content\/uploads\/2024\/06\/insulated-stainless-steel-food-jar-detail-4-768x768.jpg 768w, https:\/\/moyahousehold.com\/wp-content\/uploads\/2024\/06\/insulated-stainless-steel-food-jar-detail-4-12x12.jpg 12w, https:\/\/moyahousehold.com\/wp-content\/uploads\/2024\/06\/insulated-stainless-steel-food-jar-detail-4-285x285.jpg 285w, https:\/\/moyahousehold.com\/wp-content\/uploads\/2024\/06\/insulated-stainless-steel-food-jar-detail-4-270x270.jpg 270w, https:\/\/moyahousehold.com\/wp-content\/uploads\/2024\/06\/insulated-stainless-steel-food-jar-detail-4-540x540.jpg 540w, https:\/\/moyahousehold.com\/wp-content\/uploads\/2024\/06\/insulated-stainless-steel-food-jar-detail-4-660x660.jpg 660w\" sizes=\"(max-width: 1500px) 100vw, 1500px\" \/><\/figure>\n<\/div>\n<\/div>","protected":false},"excerpt":{"rendered":"<p>Mayorista de tarros aislados de acero inoxidable para alimentos. Con forma bonita y a la moda. Combinaci\u00f3n perfecta de funcionalidad y est\u00e9tica. Est\u00e1 hecho de acero inoxidable de alta calidad, y la capa intermedia est\u00e1 rellena de espuma de PU, que tiene un buen efecto de conservaci\u00f3n del calor. Adecuado para llevar. P\u00f3ngase en contacto con nosotros para solicitar presupuesto.<\/p>\n<h3>Caracter\u00edsticas de la jarra aislante de acero inoxidable<\/h3>\n<p><strong>Revestimiento de acero inoxidable de calidad alimentaria:<\/strong> El revestimiento del tarro para alimentos est\u00e1 fabricado en acero inoxidable 304 apto para alimentos para garantizar un almacenamiento seguro de los alimentos y un uso m\u00e1s seguro.<\/p>\n<p><strong>Capa intermedia de relleno de espuma de PU:<\/strong> Este tarro aislante para alimentos utiliza una capa intermedia de relleno de espuma de PU en el interior para mejorar eficazmente el efecto aislante, adecuado para salidas diarias, trabajo, viajes y otras ocasiones.<\/p>\n<p><strong>Sellado y a prueba de fugas:<\/strong> La tapa se ajusta firmemente al cuerpo del tarro para evitar eficazmente las fugas de alimentos y es f\u00e1cil de transportar.<\/p>\n<p><strong>Dise\u00f1o ligero:<\/strong> Este tarro de alimentos de acero inoxidable tiene un dise\u00f1o compacto y un peso ligero, adecuado para viajes, picnics y otras salidas.<\/p>\n<p><strong>Servicios mayoristas y personalizados:<\/strong> Ofrecemos servicios de venta al por mayor y soluciones personalizadas para tarros de alimentos, adecuados para la personalizaci\u00f3n corporativa y las compras al por mayor.<\/p>","protected":false},"featured_media":8736,"comment_status":"closed","ping_status":"closed","template":"","meta":[],"product_cat":[58],"product_tag":[90,86],"class_list":{"0":"post-5697","1":"product","2":"type-product","3":"status-publish","4":"has-post-thumbnail","6":"product_cat-lunch-box-wholesale","7":"product_tag-wholesale-double-layer-lunch-box","8":"product_tag-wholesale-insulated-lunch-box","10":"first","11":"instock","12":"shipping-taxable","13":"product-type-simple"},"_links":{"self":[{"href":"https:\/\/moyahousehold.com\/es\/wp-json\/wp\/v2\/product\/5697","targetHints":{"allow":["GET"]}}],"collection":[{"href":"https:\/\/moyahousehold.com\/es\/wp-json\/wp\/v2\/product"}],"about":[{"href":"https:\/\/moyahousehold.com\/es\/wp-json\/wp\/v2\/types\/product"}],"replies":[{"embeddable":true,"href":"https:\/\/moyahousehold.com\/es\/wp-json\/wp\/v2\/comments?post=5697"}],"version-history":[{"count":0,"href":"https:\/\/moyahousehold.com\/es\/wp-json\/wp\/v2\/product\/5697\/revisions"}],"wp:featuredmedia":[{"embeddable":true,"href":"https:\/\/moyahousehold.com\/es\/wp-json\/wp\/v2\/media\/8736"}],"wp:attachment":[{"href":"https:\/\/moyahousehold.com\/es\/wp-json\/wp\/v2\/media?parent=5697"}],"wp:term":[{"taxonomy":"product_cat","embeddable":true,"href":"https:\/\/moyahousehold.com\/es\/wp-json\/wp\/v2\/product_cat?post=5697"},{"taxonomy":"product_tag","embeddable":true,"href":"https:\/\/moyahousehold.com\/es\/wp-json\/wp\/v2\/product_tag?post=5697"}],"curies":[{"name":"wp","href":"https:\/\/api.w.org\/{rel}","templated":true}]}}