{"id":5711,"date":"2024-06-10T05:12:46","date_gmt":"2024-06-10T05:12:46","guid":{"rendered":"https:\/\/moyahousehold.com\/?post_type=product&#038;p=5711"},"modified":"2025-02-05T07:27:25","modified_gmt":"2025-02-05T07:27:25","slug":"thermos-stainless-steel-food-jar-wholesale","status":"publish","type":"product","link":"https:\/\/moyahousehold.com\/es\/producto\/thermos-stainless-steel-food-jar-wholesale\/","title":{"rendered":"Mayorista de Tarros de Acero Inoxidable para Alimentos - Perfectos para Comidas sobre la Marcha, Viajes y Uso en la Oficina"},"content":{"rendered":"<h3 class=\"wp-block-heading\">Par\u00e1metros del tarro de acero inoxidable para alimentos<\/h3>\n\n\n\n<p><strong>material:<\/strong>304 + PP <strong> color:<\/strong>Beige\/caqui<\/p>\n\n\n\n<figure class=\"wp-block-table\"><table><tbody><tr><td>N\u00famero de modelo<\/td><td>Capacidad<\/td><td>Tama\u00f1o del producto<\/td><td>Tama\u00f1o de la caja exterior<\/td><td>Cantidad por caja<\/td><td>N.W<\/td><td>G.W\/Caso<\/td><\/tr><tr><td>MYLY021<\/td><td>Una capa&nbsp;<br>&nbsp;800 ml<\/td><td>12*12*9.5<\/td><td>63*51*52<\/td><td>60<\/td><td>0.33<\/td><td>19.8<\/td><\/tr><tr><td>MYLY022<\/td><td>Capas dobles&nbsp;<br>&nbsp;1200 ml<\/td><td>12*12*18.5<\/td><td>63*51*47<\/td><td>40<\/td><td>0.52<\/td><td>20.8<\/td><\/tr><tr><td>MYLY023<\/td><td>Tres capas<br>1600 ml<\/td><td>12*12*24<\/td><td>51*51*58<\/td><td>32<\/td><td>0.72<\/td><td>23.04<\/td><\/tr><tr><td>MYLY024<\/td><td>Cuatro capas<br>2000 ml<\/td><td>12*12*30<\/td><td>51*38*70<\/td><td>24<\/td><td>0.91<\/td><td>21.84<\/td><\/tr><\/tbody><\/table><\/figure>\n\n\n\n<h3 class=\"wp-block-heading\">Tarro de acero inoxidable a medida<\/h3>\n\n\n\n<p><strong>Logotipo<\/strong>Personalice el logotipo de su marca en tarros y envases alimentarios.<br><strong>Opciones de logotipo<\/strong>Logotipo impreso, logotipo grabado con l\u00e1ser, etc.<br><strong>Patr\u00f3n<\/strong>: patrones de impresi\u00f3n <br><strong>Tecnolog\u00eda de impresi\u00f3n<\/strong>Impresi\u00f3n por transferencia de agua, serigraf\u00eda, transferencia de calor, sublimaci\u00f3n, etc.<br><strong>Paquete<\/strong>:caja de color<br><a href=\"https:\/\/moyahousehold.com\/es\/solucion-personalizada\/\"><strong>M\u00e1s informaci\u00f3n sobre la soluci\u00f3n personalizada para tarros de alimentos<\/strong><\/a><\/p>\n\n\n\n<div class=\"wp-block-columns is-layout-flex wp-container-core-columns-is-layout-9d6595d7 wp-block-columns-is-layout-flex\">\n<div class=\"wp-block-column is-layout-flow wp-block-column-is-layout-flow\">\n<figure class=\"wp-block-image size-full\"><img fetchpriority=\"high\" decoding=\"async\" width=\"620\" height=\"622\" src=\"https:\/\/moyahousehold.com\/wp-content\/uploads\/2024\/06\/stainless-steel-food-jar-display-2.png\" alt=\"expositor de acero inoxidable para tarros de comida (2)\" class=\"wp-image-8775\" srcset=\"https:\/\/moyahousehold.com\/wp-content\/uploads\/2024\/06\/stainless-steel-food-jar-display-2.png 620w, https:\/\/moyahousehold.com\/wp-content\/uploads\/2024\/06\/stainless-steel-food-jar-display-2-300x300.png 300w, https:\/\/moyahousehold.com\/wp-content\/uploads\/2024\/06\/stainless-steel-food-jar-display-2-150x150.png 150w, https:\/\/moyahousehold.com\/wp-content\/uploads\/2024\/06\/stainless-steel-food-jar-display-2-12x12.png 12w, https:\/\/moyahousehold.com\/wp-content\/uploads\/2024\/06\/stainless-steel-food-jar-display-2-285x286.png 285w, https:\/\/moyahousehold.com\/wp-content\/uploads\/2024\/06\/stainless-steel-food-jar-display-2-270x270.png 270w\" sizes=\"(max-width: 620px) 100vw, 620px\" \/><\/figure>\n<\/div>\n\n\n\n<div class=\"wp-block-column is-layout-flow wp-block-column-is-layout-flow\">\n<figure class=\"wp-block-image size-full\"><img decoding=\"async\" width=\"627\" height=\"626\" src=\"https:\/\/moyahousehold.com\/wp-content\/uploads\/2024\/06\/stainless-steel-food-jar-display-3.png\" alt=\"expositor de acero inoxidable (3)\" class=\"wp-image-8776\" srcset=\"https:\/\/moyahousehold.com\/wp-content\/uploads\/2024\/06\/stainless-steel-food-jar-display-3.png 627w, https:\/\/moyahousehold.com\/wp-content\/uploads\/2024\/06\/stainless-steel-food-jar-display-3-300x300.png 300w, https:\/\/moyahousehold.com\/wp-content\/uploads\/2024\/06\/stainless-steel-food-jar-display-3-150x150.png 150w, https:\/\/moyahousehold.com\/wp-content\/uploads\/2024\/06\/stainless-steel-food-jar-display-3-12x12.png 12w, https:\/\/moyahousehold.com\/wp-content\/uploads\/2024\/06\/stainless-steel-food-jar-display-3-285x285.png 285w, https:\/\/moyahousehold.com\/wp-content\/uploads\/2024\/06\/stainless-steel-food-jar-display-3-270x270.png 270w, https:\/\/moyahousehold.com\/wp-content\/uploads\/2024\/06\/stainless-steel-food-jar-display-3-540x540.png 540w\" sizes=\"(max-width: 627px) 100vw, 627px\" \/><\/figure>\n<\/div>\n<\/div>","protected":false},"excerpt":{"rendered":"<p>Venta al por mayor de tarros de acero inoxidable para alimentos. Los tarros de acero inoxidable est\u00e1n recubiertos de espuma de poliuretano, que tiene un efecto de conservaci\u00f3n del calor y es adecuado para almacenar alimentos calientes o fr\u00edos durante mucho tiempo. Es muy adecuado para la escuela, el trabajo o los picnics. Ofrecemos servicios personalizados de tarros para alimentos, que incluyen tama\u00f1o, envasado, capacidad y mucho m\u00e1s. P\u00f3ngase en contacto con nosotros si desea soluciones personalizadas y m\u00e1s informaci\u00f3n sobre nuestros productos.<\/p>\n<h3>Caracter\u00edsticas y ventajas de la jarra aislante de acero inoxidable para alimentos<\/h3>\n<p><strong>Acero inoxidable 304 de alta calidad:<\/strong> El revestimiento interior del tarro para alimentos est\u00e1 hecho de acero inoxidable 304 de alta calidad apto para alimentos, que puede mantener un buen estado incluso despu\u00e9s de un uso prolongado.<\/p>\n<p><strong>Buen efecto aislante:<\/strong> El tarro de alimentos de acero inoxidable adopta la tecnolog\u00eda de relleno de espuma de PU, y la capa intermedia de relleno de espuma de PU puede evitar eficazmente la p\u00e9rdida de calor y mejorar en gran medida el efecto aislante.<\/p>\n<p><strong>Buen sellado:<\/strong> El dise\u00f1o del tarro para alimentos se centra en el sellado, y adopta un proceso de ajuste preciso para garantizar que el tarro aislado para alimentos no tenga fugas en diversas circunstancias.<\/p>\n<p><strong>Servicio mayorista:<\/strong> Proporcionamos servicio al por mayor de tarros de comida, ofrecemos precios competitivos para pedidos al por mayor, haciendo que sus productos sean m\u00e1s competitivos en el mercado.<\/p>\n<p><strong>Soluci\u00f3n a medida:<\/strong> Podemos personalizar el tarro de comida seg\u00fan la imagen de marca, usted elige diferentes tama\u00f1os, colores, dibujos y logotipos. Cree su propio tarro aislado para alimentos<\/p>","protected":false},"featured_media":8763,"comment_status":"closed","ping_status":"closed","template":"","meta":[],"product_cat":[58],"product_tag":[89,86],"class_list":{"0":"post-5711","1":"product","2":"type-product","3":"status-publish","4":"has-post-thumbnail","6":"product_cat-lunch-box-wholesale","7":"product_tag-wholesale-3-layer-lunch-box","8":"product_tag-wholesale-insulated-lunch-box","10":"first","11":"instock","12":"shipping-taxable","13":"product-type-simple"},"_links":{"self":[{"href":"https:\/\/moyahousehold.com\/es\/wp-json\/wp\/v2\/product\/5711","targetHints":{"allow":["GET"]}}],"collection":[{"href":"https:\/\/moyahousehold.com\/es\/wp-json\/wp\/v2\/product"}],"about":[{"href":"https:\/\/moyahousehold.com\/es\/wp-json\/wp\/v2\/types\/product"}],"replies":[{"embeddable":true,"href":"https:\/\/moyahousehold.com\/es\/wp-json\/wp\/v2\/comments?post=5711"}],"version-history":[{"count":0,"href":"https:\/\/moyahousehold.com\/es\/wp-json\/wp\/v2\/product\/5711\/revisions"}],"wp:featuredmedia":[{"embeddable":true,"href":"https:\/\/moyahousehold.com\/es\/wp-json\/wp\/v2\/media\/8763"}],"wp:attachment":[{"href":"https:\/\/moyahousehold.com\/es\/wp-json\/wp\/v2\/media?parent=5711"}],"wp:term":[{"taxonomy":"product_cat","embeddable":true,"href":"https:\/\/moyahousehold.com\/es\/wp-json\/wp\/v2\/product_cat?post=5711"},{"taxonomy":"product_tag","embeddable":true,"href":"https:\/\/moyahousehold.com\/es\/wp-json\/wp\/v2\/product_tag?post=5711"}],"curies":[{"name":"wp","href":"https:\/\/api.w.org\/{rel}","templated":true}]}}