{"id":5721,"date":"2024-06-10T11:14:03","date_gmt":"2024-06-10T11:14:03","guid":{"rendered":"https:\/\/moyahousehold.com\/?post_type=product&#038;p=5721"},"modified":"2025-04-19T09:18:54","modified_gmt":"2025-04-19T09:18:54","slug":"wholesale-danish-style-insulated-thermal-carafe","status":"publish","type":"product","link":"https:\/\/moyahousehold.com\/es\/producto\/wholesale-danish-style-insulated-thermal-carafe\/","title":{"rendered":"Mayorista Jarra de Caf\u00e9 Aislada, Estilo Dan\u00e9s, 1.0L, Mantiene el Calor M\u00e1s de 24 Horas"},"content":{"rendered":"<h3 class=\"wp-block-heading\">Par\u00e1metros de la jarra t\u00e9rmica aislada de 1,0 l<\/h3>\n\n\n\n<figure class=\"wp-block-table\"><table class=\"has-fixed-layout\"><tbody><tr><td>Producto&nbsp;<\/td><td>Capacidad<\/td><td>Color<\/td><td>Material<\/td><td>Dimensiones<\/td><td>Peso bruto<\/td><\/tr><tr><td>Jarra termo con forro de vidrio de 1.0L<\/td><td>1.0L<\/td><td>Negro, Blanco roto, Camel, Verde<\/td><td>ABS, vidrio borosilicato, PP, silicona.<\/td><td>19,7\u00d712,3\u00d724,5 cm<\/td><td>0,5 kg<\/td><\/tr><\/tbody><\/table><\/figure>\n\n\n\n<h3 class=\"wp-block-heading\">Opciones de jarra t\u00e9rmica personalizadas<\/h3>\n\n\n\n<p><strong>Logotipo<\/strong>: Personalice el logotipo de su marca en la jarra t\u00e9rmica y en el envase.<br><strong>Opciones de logotipo<\/strong>Logotipo impreso, logotipo grabado con l\u00e1ser, etc.<br><strong>Patr\u00f3n<\/strong>: patrones de impresi\u00f3n <br><strong>Tecnolog\u00eda de impresi\u00f3n<\/strong>Impresi\u00f3n por transferencia de agua, serigraf\u00eda, transferencia de calor, sublimaci\u00f3n, etc.<br><strong>Embalaje<\/strong>: caja de color<br><a href=\"https:\/\/moyahousehold.com\/es\/solucion-personalizada\/\"><strong>Explore m\u00e1s opciones de garrafas t\u00e9rmicas personalizadas.<\/strong><\/a><\/p>\n\n\n\n<div class=\"wp-block-columns is-layout-flex wp-container-core-columns-is-layout-9d6595d7 wp-block-columns-is-layout-flex\">\n<div class=\"wp-block-column is-layout-flow wp-block-column-is-layout-flow\">\n<figure class=\"wp-block-image size-full\"><img fetchpriority=\"high\" decoding=\"async\" width=\"1500\" height=\"1500\" src=\"https:\/\/moyahousehold.com\/wp-content\/uploads\/2024\/06\/Wholesale-Danish-Style-Insulated-Thermal-Carafe-3.jpg\" alt=\"Mayorista Jarra T\u00e9rmica Aislada Estilo Dan\u00e9s (3)\" class=\"wp-image-9779\" srcset=\"https:\/\/moyahousehold.com\/wp-content\/uploads\/2024\/06\/Wholesale-Danish-Style-Insulated-Thermal-Carafe-3.jpg 1500w, https:\/\/moyahousehold.com\/wp-content\/uploads\/2024\/06\/Wholesale-Danish-Style-Insulated-Thermal-Carafe-3-300x300.jpg 300w, https:\/\/moyahousehold.com\/wp-content\/uploads\/2024\/06\/Wholesale-Danish-Style-Insulated-Thermal-Carafe-3-150x150.jpg 150w, https:\/\/moyahousehold.com\/wp-content\/uploads\/2024\/06\/Wholesale-Danish-Style-Insulated-Thermal-Carafe-3-768x768.jpg 768w, https:\/\/moyahousehold.com\/wp-content\/uploads\/2024\/06\/Wholesale-Danish-Style-Insulated-Thermal-Carafe-3-12x12.jpg 12w, https:\/\/moyahousehold.com\/wp-content\/uploads\/2024\/06\/Wholesale-Danish-Style-Insulated-Thermal-Carafe-3-285x285.jpg 285w, https:\/\/moyahousehold.com\/wp-content\/uploads\/2024\/06\/Wholesale-Danish-Style-Insulated-Thermal-Carafe-3-270x270.jpg 270w, https:\/\/moyahousehold.com\/wp-content\/uploads\/2024\/06\/Wholesale-Danish-Style-Insulated-Thermal-Carafe-3-540x540.jpg 540w, https:\/\/moyahousehold.com\/wp-content\/uploads\/2024\/06\/Wholesale-Danish-Style-Insulated-Thermal-Carafe-3-660x660.jpg 660w\" sizes=\"(max-width: 1500px) 100vw, 1500px\" \/><\/figure>\n<\/div>\n\n\n\n<div class=\"wp-block-column is-layout-flow wp-block-column-is-layout-flow\">\n<figure class=\"wp-block-image size-full\"><img decoding=\"async\" width=\"1500\" height=\"1500\" src=\"https:\/\/moyahousehold.com\/wp-content\/uploads\/2024\/06\/Wholesale-Danish-Style-Insulated-Thermal-Carafe-4.jpg\" alt=\"Mayorista Jarra T\u00e9rmica Aislada Estilo Dan\u00e9s (4)\" class=\"wp-image-9780\" srcset=\"https:\/\/moyahousehold.com\/wp-content\/uploads\/2024\/06\/Wholesale-Danish-Style-Insulated-Thermal-Carafe-4.jpg 1500w, https:\/\/moyahousehold.com\/wp-content\/uploads\/2024\/06\/Wholesale-Danish-Style-Insulated-Thermal-Carafe-4-300x300.jpg 300w, https:\/\/moyahousehold.com\/wp-content\/uploads\/2024\/06\/Wholesale-Danish-Style-Insulated-Thermal-Carafe-4-150x150.jpg 150w, https:\/\/moyahousehold.com\/wp-content\/uploads\/2024\/06\/Wholesale-Danish-Style-Insulated-Thermal-Carafe-4-768x768.jpg 768w, https:\/\/moyahousehold.com\/wp-content\/uploads\/2024\/06\/Wholesale-Danish-Style-Insulated-Thermal-Carafe-4-12x12.jpg 12w, https:\/\/moyahousehold.com\/wp-content\/uploads\/2024\/06\/Wholesale-Danish-Style-Insulated-Thermal-Carafe-4-285x285.jpg 285w, https:\/\/moyahousehold.com\/wp-content\/uploads\/2024\/06\/Wholesale-Danish-Style-Insulated-Thermal-Carafe-4-270x270.jpg 270w, https:\/\/moyahousehold.com\/wp-content\/uploads\/2024\/06\/Wholesale-Danish-Style-Insulated-Thermal-Carafe-4-540x540.jpg 540w, https:\/\/moyahousehold.com\/wp-content\/uploads\/2024\/06\/Wholesale-Danish-Style-Insulated-Thermal-Carafe-4-660x660.jpg 660w\" sizes=\"(max-width: 1500px) 100vw, 1500px\" \/><\/figure>\n<\/div>\n<\/div>","protected":false},"excerpt":{"rendered":"<p>Jarra de caf\u00e9 aislada al por mayor, 1.0L, esta jarra de caf\u00e9 adopta el estilo de dise\u00f1o n\u00f3rdico, tiene una bella apariencia, y es un producto ideal para la decoraci\u00f3n del hogar. El tanque interior est\u00e1 hecho de vidrio de borosilicato, y el tiempo de conservaci\u00f3n del calor es de m\u00e1s de 24 horas. Disponemos de 4 colores para elegir: negro, blanco roto, camel y verde. P\u00f3ngase en contacto con nosotros para solicitar un presupuesto.<\/p>\n<h3>Caracter\u00edsticas de la Jarra T\u00e9rmica Aislante Estilo Dan\u00e9s<\/h3>\n<p><strong>Dise\u00f1o minimalista:<\/strong> Las claras l\u00edneas geom\u00e9tricas de esta jarra t\u00e9rmica aislante le confieren un aspecto moderno, elegante y sencillo, que puede integrarse en diversos ambientes dom\u00e9sticos y satisfacer las necesidades est\u00e9ticas de los clientes.<\/p>\n<p><strong>Dise\u00f1o especial de la boquilla:<\/strong> La jarra de caf\u00e9 aislada adopta un dise\u00f1o de boquilla \u00fanico, que puede controlar con precisi\u00f3n el flujo de agua, evitar salpicaduras o vertidos excesivos y mejorar la experiencia de uso.<\/p>\n<p><strong>Excelente rendimiento aislante:<\/strong> Esta jarra t\u00e9rmica aislante puede mantener el agua caliente o fr\u00eda durante m\u00e1s de 24 horas, lo que resulta muy adecuado para salidas prolongadas o para su uso en la oficina.<\/p>\n<p><strong>Revestimiento de cristal:<\/strong> Gracias a su revestimiento de vidrio de borosilicato de alta calidad, tiene una resistencia al calor extremadamente alta, resistencia a la corrosi\u00f3n y un gran rendimiento de aislamiento.<\/p>\n<p><strong>Soluciones personalizadas OEM y ODM<\/strong>: Como fabricante de garrafas t\u00e9rmicas, ofrecemos servicios personalizados OEM y ODM, incluyendo apariencia personalizada, funci\u00f3n, capacidad y otros aspectos de dise\u00f1o.<\/p>","protected":false},"featured_media":9776,"comment_status":"closed","ping_status":"closed","template":"","meta":[],"product_cat":[54],"product_tag":[66,84],"class_list":{"0":"post-5721","1":"product","2":"type-product","3":"status-publish","4":"has-post-thumbnail","6":"product_cat-thermal-carafe-wholesale","7":"product_tag-wholesale-1000ml-thermos-carafe","8":"product_tag-wholesale-glass-liner-thermos-carafe","10":"first","11":"instock","12":"shipping-taxable","13":"product-type-simple"},"_links":{"self":[{"href":"https:\/\/moyahousehold.com\/es\/wp-json\/wp\/v2\/product\/5721","targetHints":{"allow":["GET"]}}],"collection":[{"href":"https:\/\/moyahousehold.com\/es\/wp-json\/wp\/v2\/product"}],"about":[{"href":"https:\/\/moyahousehold.com\/es\/wp-json\/wp\/v2\/types\/product"}],"replies":[{"embeddable":true,"href":"https:\/\/moyahousehold.com\/es\/wp-json\/wp\/v2\/comments?post=5721"}],"version-history":[{"count":0,"href":"https:\/\/moyahousehold.com\/es\/wp-json\/wp\/v2\/product\/5721\/revisions"}],"wp:featuredmedia":[{"embeddable":true,"href":"https:\/\/moyahousehold.com\/es\/wp-json\/wp\/v2\/media\/9776"}],"wp:attachment":[{"href":"https:\/\/moyahousehold.com\/es\/wp-json\/wp\/v2\/media?parent=5721"}],"wp:term":[{"taxonomy":"product_cat","embeddable":true,"href":"https:\/\/moyahousehold.com\/es\/wp-json\/wp\/v2\/product_cat?post=5721"},{"taxonomy":"product_tag","embeddable":true,"href":"https:\/\/moyahousehold.com\/es\/wp-json\/wp\/v2\/product_tag?post=5721"}],"curies":[{"name":"wp","href":"https:\/\/api.w.org\/{rel}","templated":true}]}}