{"id":5737,"date":"2024-06-10T11:51:12","date_gmt":"2024-06-10T11:51:12","guid":{"rendered":"https:\/\/moyahousehold.com\/?post_type=product&#038;p=5737"},"modified":"2026-04-04T07:02:59","modified_gmt":"2026-04-04T07:02:59","slug":"double-wall-insulated-coffee-carafe-wholesale","status":"publish","type":"product","link":"https:\/\/moyahousehold.com\/es\/producto\/double-wall-insulated-coffee-carafe-wholesale\/","title":{"rendered":"Wholesale Vacuum Pisa Style Insulated Coffee Carafe 1.0L &amp; 1.5L \u2014 MOYA Thermal Carafe Manufacturer"},"content":{"rendered":"<figure class=\"wp-block-image size-full\"><img fetchpriority=\"high\" decoding=\"async\" width=\"3984\" height=\"2346\" src=\"https:\/\/moyahousehold.com\/wp-content\/uploads\/2024\/06\/\u8be6\u60c5logo1.jpg\" alt=\"\" class=\"wp-image-12592\" srcset=\"https:\/\/moyahousehold.com\/wp-content\/uploads\/2024\/06\/\u8be6\u60c5logo1.jpg 3984w, https:\/\/moyahousehold.com\/wp-content\/uploads\/2024\/06\/\u8be6\u60c5logo1-300x177.jpg 300w, https:\/\/moyahousehold.com\/wp-content\/uploads\/2024\/06\/\u8be6\u60c5logo1-768x452.jpg 768w, https:\/\/moyahousehold.com\/wp-content\/uploads\/2024\/06\/\u8be6\u60c5logo1-18x12.jpg 18w, https:\/\/moyahousehold.com\/wp-content\/uploads\/2024\/06\/\u8be6\u60c5logo1-285x168.jpg 285w, https:\/\/moyahousehold.com\/wp-content\/uploads\/2024\/06\/\u8be6\u60c5logo1-1600x942.jpg 1600w, https:\/\/moyahousehold.com\/wp-content\/uploads\/2024\/06\/\u8be6\u60c5logo1-660x389.jpg 660w, https:\/\/moyahousehold.com\/wp-content\/uploads\/2024\/06\/\u8be6\u60c5logo1-150x88.jpg 150w\" sizes=\"(max-width: 3984px) 100vw, 3984px\" \/><\/figure>\n\n\n\n<h3 class=\"wp-block-heading\">Par\u00e1metros de la jarra de caf\u00e9 aislada al vac\u00edo<\/h3>\n\n\n\n<figure class=\"wp-block-table\"><table><tbody><tr><td>Capacidad<\/td><td>Material<\/td><td>Tama\u00f1o del producto<\/td><td>Cantidad por caja<\/td><td>Color<\/td><\/tr><tr><td>1.0L<\/td><td rowspan=\"2\">Madera,Acero inoxidable<br>304\uff0cSilicona<\/td><td>19*12,5*19,5cm<\/td><td>12<\/td><td>Black\/Beige\/Nature<\/td><\/tr><tr><td>1.5L<\/td><td>19.3*13*24cm<\/td><td>12<\/td><td>Black\/Beige\/Nature<\/td><\/tr><\/tbody><\/table><\/figure>\n\n\n\n<h3 class=\"wp-block-heading\">Opciones de jarra de caf\u00e9 personalizadas<\/h3>\n\n\n\n<p><strong>Tapas: <\/strong>Stainless steel pressure lid<br><strong>Logotipo:<\/strong> Custom your brand logo on product and package.<br><strong>Opciones de logotipo:<\/strong> Printed logo, laser engraved logo, etc.<br><strong>Patr\u00f3n: <\/strong>Printing patterns on thermos bottles.<br><strong>Tecnolog\u00eda de impresi\u00f3n: <\/strong>Water transfer printing, silk screen printing, heat transfer printing, sublimation transfer and more.<br><strong>Embalaje:<\/strong> Color box<br><a href=\"https:\/\/moyahousehold.com\/es\/solucion-personalizada\/\"><strong>Explore m\u00e1s soluciones de garrafas de caf\u00e9 personalizadas.<\/strong><\/a><\/p>\n\n\n\n<div class=\"wp-block-columns is-layout-flex wp-container-core-columns-is-layout-9d6595d7 wp-block-columns-is-layout-flex\">\n<div class=\"wp-block-column is-layout-flow wp-block-column-is-layout-flow\">\n<figure class=\"wp-block-image size-full\"><img decoding=\"async\" width=\"2583\" height=\"2583\" src=\"https:\/\/moyahousehold.com\/wp-content\/uploads\/2024\/06\/Insulated-Coffee-Carafe-Wholesale-8.webp\" alt=\"Jarra de caf\u00e9 aislada al por mayor\" class=\"wp-image-5741\" srcset=\"https:\/\/moyahousehold.com\/wp-content\/uploads\/2024\/06\/Insulated-Coffee-Carafe-Wholesale-8.webp 2583w, https:\/\/moyahousehold.com\/wp-content\/uploads\/2024\/06\/Insulated-Coffee-Carafe-Wholesale-8-300x300.webp 300w, https:\/\/moyahousehold.com\/wp-content\/uploads\/2024\/06\/Insulated-Coffee-Carafe-Wholesale-8-150x150.webp 150w, https:\/\/moyahousehold.com\/wp-content\/uploads\/2024\/06\/Insulated-Coffee-Carafe-Wholesale-8-768x768.webp 768w, https:\/\/moyahousehold.com\/wp-content\/uploads\/2024\/06\/Insulated-Coffee-Carafe-Wholesale-8-285x285.webp 285w, https:\/\/moyahousehold.com\/wp-content\/uploads\/2024\/06\/Insulated-Coffee-Carafe-Wholesale-8-1600x1600.webp 1600w, https:\/\/moyahousehold.com\/wp-content\/uploads\/2024\/06\/Insulated-Coffee-Carafe-Wholesale-8-270x270.webp 270w, https:\/\/moyahousehold.com\/wp-content\/uploads\/2024\/06\/Insulated-Coffee-Carafe-Wholesale-8-540x540.webp 540w, https:\/\/moyahousehold.com\/wp-content\/uploads\/2024\/06\/Insulated-Coffee-Carafe-Wholesale-8-660x660.webp 660w\" sizes=\"(max-width: 2583px) 100vw, 2583px\" \/><\/figure>\n<\/div>\n\n\n\n<div class=\"wp-block-column is-layout-flow wp-block-column-is-layout-flow\">\n<figure class=\"wp-block-image size-full\"><img decoding=\"async\" width=\"2610\" height=\"2610\" src=\"https:\/\/moyahousehold.com\/wp-content\/uploads\/2024\/06\/Insulated-Coffee-Carafe-Wholesale-8-1.webp\" alt=\"Jarra de caf\u00e9 aislada al por mayor \" class=\"wp-image-5749\" srcset=\"https:\/\/moyahousehold.com\/wp-content\/uploads\/2024\/06\/Insulated-Coffee-Carafe-Wholesale-8-1.webp 2610w, https:\/\/moyahousehold.com\/wp-content\/uploads\/2024\/06\/Insulated-Coffee-Carafe-Wholesale-8-1-300x300.webp 300w, https:\/\/moyahousehold.com\/wp-content\/uploads\/2024\/06\/Insulated-Coffee-Carafe-Wholesale-8-1-150x150.webp 150w, https:\/\/moyahousehold.com\/wp-content\/uploads\/2024\/06\/Insulated-Coffee-Carafe-Wholesale-8-1-768x768.webp 768w, https:\/\/moyahousehold.com\/wp-content\/uploads\/2024\/06\/Insulated-Coffee-Carafe-Wholesale-8-1-285x285.webp 285w, https:\/\/moyahousehold.com\/wp-content\/uploads\/2024\/06\/Insulated-Coffee-Carafe-Wholesale-8-1-1600x1600.webp 1600w, https:\/\/moyahousehold.com\/wp-content\/uploads\/2024\/06\/Insulated-Coffee-Carafe-Wholesale-8-1-270x270.webp 270w, https:\/\/moyahousehold.com\/wp-content\/uploads\/2024\/06\/Insulated-Coffee-Carafe-Wholesale-8-1-540x540.webp 540w, https:\/\/moyahousehold.com\/wp-content\/uploads\/2024\/06\/Insulated-Coffee-Carafe-Wholesale-8-1-660x660.webp 660w\" sizes=\"(max-width: 2610px) 100vw, 2610px\" \/><\/figure>\n<\/div>\n<\/div>\n\n\n\n<div class=\"wp-block-columns is-layout-flex wp-container-core-columns-is-layout-9d6595d7 wp-block-columns-is-layout-flex\">\n<div class=\"wp-block-column is-layout-flow wp-block-column-is-layout-flow\">\n<figure class=\"wp-block-image size-full\"><img loading=\"lazy\" decoding=\"async\" width=\"800\" height=\"800\" src=\"https:\/\/moyahousehold.com\/wp-content\/uploads\/2024\/06\/13.jpg\" alt=\"MOYA Pisa Style Stainless Steel Thermal Coffee Carafe with Wooden Handle, Vacuum Insulated Tea Pot\" class=\"wp-image-12583\" srcset=\"https:\/\/moyahousehold.com\/wp-content\/uploads\/2024\/06\/13.jpg 800w, https:\/\/moyahousehold.com\/wp-content\/uploads\/2024\/06\/13-300x300.jpg 300w, https:\/\/moyahousehold.com\/wp-content\/uploads\/2024\/06\/13-150x150.jpg 150w, https:\/\/moyahousehold.com\/wp-content\/uploads\/2024\/06\/13-768x768.jpg 768w, https:\/\/moyahousehold.com\/wp-content\/uploads\/2024\/06\/13-12x12.jpg 12w, https:\/\/moyahousehold.com\/wp-content\/uploads\/2024\/06\/13-285x285.jpg 285w, https:\/\/moyahousehold.com\/wp-content\/uploads\/2024\/06\/13-270x270.jpg 270w, https:\/\/moyahousehold.com\/wp-content\/uploads\/2024\/06\/13-540x540.jpg 540w, https:\/\/moyahousehold.com\/wp-content\/uploads\/2024\/06\/13-660x660.jpg 660w\" sizes=\"(max-width: 800px) 100vw, 800px\" \/><\/figure>\n<\/div>\n\n\n\n<div class=\"wp-block-column is-layout-flow wp-block-column-is-layout-flow\">\n<figure class=\"wp-block-image size-full\"><img loading=\"lazy\" decoding=\"async\" width=\"800\" height=\"800\" src=\"https:\/\/moyahousehold.com\/wp-content\/uploads\/2024\/06\/15.jpg\" alt=\"MOYA Pisa Style Stainless Steel Thermal Coffee Carafe with Wooden Handle, Vacuum Insulated Tea Pot\" class=\"wp-image-12584\" srcset=\"https:\/\/moyahousehold.com\/wp-content\/uploads\/2024\/06\/15.jpg 800w, https:\/\/moyahousehold.com\/wp-content\/uploads\/2024\/06\/15-300x300.jpg 300w, https:\/\/moyahousehold.com\/wp-content\/uploads\/2024\/06\/15-150x150.jpg 150w, https:\/\/moyahousehold.com\/wp-content\/uploads\/2024\/06\/15-768x768.jpg 768w, https:\/\/moyahousehold.com\/wp-content\/uploads\/2024\/06\/15-12x12.jpg 12w, https:\/\/moyahousehold.com\/wp-content\/uploads\/2024\/06\/15-285x285.jpg 285w, https:\/\/moyahousehold.com\/wp-content\/uploads\/2024\/06\/15-270x270.jpg 270w, https:\/\/moyahousehold.com\/wp-content\/uploads\/2024\/06\/15-540x540.jpg 540w, https:\/\/moyahousehold.com\/wp-content\/uploads\/2024\/06\/15-660x660.jpg 660w\" sizes=\"(max-width: 800px) 100vw, 800px\" \/><\/figure>\n<\/div>\n<\/div>\n\n\n\n<p><\/p>","protected":false},"excerpt":{"rendered":"<p>Jarra de caf\u00e9 aislada al por mayor, esta jarra de caf\u00e9 tiene un excelente efecto de conservaci\u00f3n del calor, y puede dispensar agua f\u00e1cilmente con s\u00f3lo pulsar un bot\u00f3n. La apariencia es simple y elegante, adecuado para el hogar y la oficina. Ofrecemos servicios al por mayor de jarra de caf\u00e9 aislada y soluciones personalizadas, por favor no dude en contactar con nosotros.<\/p>\n<h3>Caracter\u00edsticas de la jarra aislante para caf\u00e9<\/h3>\n<p><strong>Aspecto sencillo y elegante:<\/strong> Esta Jarra Aislante para Caf\u00e9 tiene un dise\u00f1o sencillo, con los cl\u00e1sicos colores negro y beige, y un bonito aspecto que puede integrarse f\u00e1cilmente en diversos entornos dom\u00e9sticos, de oficina o comerciales.<\/p>\n<p><strong>Revestimiento de acero inoxidable 304:<\/strong> El revestimiento de acero inoxidable SUS304 de alta calidad garantiza la durabilidad y la resistencia a la corrosi\u00f3n, asegurando la seguridad y el sabor puro del agua potable y el caf\u00e9.<\/p>\n<p><strong>Dise\u00f1o de un solo bot\u00f3n:<\/strong> Esta Jarra de Caf\u00e9 Aislada adopta un innovador dise\u00f1o de un solo bot\u00f3n de presi\u00f3n, que evita el complicado funcionamiento de la jarra t\u00e9rmica tradicional y resulta m\u00e1s c\u00f3modo.<\/p>\n<p><strong>Efecto aislante de larga duraci\u00f3n:<\/strong> La tecnolog\u00eda de aislamiento al vac\u00edo utilizada en esta Jarra Aislante para Caf\u00e9 puede mantener el l\u00edquido caliente durante mucho tiempo, garantizando que el caf\u00e9, el t\u00e9 y otras bebidas mantengan la temperatura \u00f3ptima de consumo durante mucho tiempo.<\/p>\n<p><strong>Precio al por mayor:<\/strong> Los fabricantes de Moya ofrecen precios al por mayor muy competitivos, adecuados para minoristas, distribuidores y compras al por mayor en el sector de la restauraci\u00f3n.<\/p>\n<p><strong>Servicios personalizados OEM&amp;ODM:<\/strong> A trav\u00e9s de nuestros servicios OEM y ODM, puede personalizar el aspecto, la capacidad y el logotipo de la marca de la jarra de caf\u00e9 para crear un producto personalizado \u00fanico.<\/p>","protected":false},"featured_media":12589,"comment_status":"open","ping_status":"closed","template":"","meta":[],"product_cat":[54],"product_tag":[66,78,85],"class_list":{"0":"post-5737","1":"product","2":"type-product","3":"status-publish","4":"has-post-thumbnail","6":"product_cat-thermal-carafe-wholesale","7":"product_tag-wholesale-1000ml-thermos-carafe","8":"product_tag-wholesale-1500ml-thermos-carafe","9":"product_tag-wholesale-stainless-steel-liner-thermos-carafe","11":"first","12":"instock","13":"shipping-taxable","14":"product-type-simple"},"_links":{"self":[{"href":"https:\/\/moyahousehold.com\/es\/wp-json\/wp\/v2\/product\/5737","targetHints":{"allow":["GET"]}}],"collection":[{"href":"https:\/\/moyahousehold.com\/es\/wp-json\/wp\/v2\/product"}],"about":[{"href":"https:\/\/moyahousehold.com\/es\/wp-json\/wp\/v2\/types\/product"}],"replies":[{"embeddable":true,"href":"https:\/\/moyahousehold.com\/es\/wp-json\/wp\/v2\/comments?post=5737"}],"version-history":[{"count":3,"href":"https:\/\/moyahousehold.com\/es\/wp-json\/wp\/v2\/product\/5737\/revisions"}],"predecessor-version":[{"id":12599,"href":"https:\/\/moyahousehold.com\/es\/wp-json\/wp\/v2\/product\/5737\/revisions\/12599"}],"wp:featuredmedia":[{"embeddable":true,"href":"https:\/\/moyahousehold.com\/es\/wp-json\/wp\/v2\/media\/12589"}],"wp:attachment":[{"href":"https:\/\/moyahousehold.com\/es\/wp-json\/wp\/v2\/media?parent=5737"}],"wp:term":[{"taxonomy":"product_cat","embeddable":true,"href":"https:\/\/moyahousehold.com\/es\/wp-json\/wp\/v2\/product_cat?post=5737"},{"taxonomy":"product_tag","embeddable":true,"href":"https:\/\/moyahousehold.com\/es\/wp-json\/wp\/v2\/product_tag?post=5737"}],"curies":[{"name":"wp","href":"https:\/\/api.w.org\/{rel}","templated":true}]}}